{"id":909,"date":"2025-10-14T17:59:13","date_gmt":"2025-10-14T15:59:13","guid":{"rendered":"https:\/\/ent2d.ac-bordeaux.fr\/disciplines\/sei\/?page_id=909"},"modified":"2025-10-14T17:59:13","modified_gmt":"2025-10-14T15:59:13","slug":"digipad-ressources-numeriques","status":"publish","type":"page","link":"https:\/\/ent2d.ac-bordeaux.fr\/disciplines\/sei\/enseigner\/outils-numeriques\/digipad-ressources-numeriques\/","title":{"rendered":"Digipad &#8211; Ressources num\u00e9riques"},"content":{"rendered":"\n<p>\u00ab&nbsp; Les outils num\u00e9riques proposent des r\u00e9ponses personnalis\u00e9es et efficaces aux besoins \u00e9ducatifs particuliers des \u00e9l\u00e8ves en situation de handicap, leur permettant de suivre une scolarit\u00e9 la plus proche possible de celles des autres \u00e9l\u00e8ves.&nbsp;\u00bb <a href=\"https:\/\/www.education.gouv.fr\/la-scolarisation-des-eleves-en-situation-de-handicap-1022\">Eduscol<\/a>.<\/p>\n\n\n\n<p>Vous trouverez ci-dessous un lien vers le Digipad&nbsp;: <em>Ressources num\u00e9riques pour l\u2019\u00e9cole inclusive &#8211; SDEI33<\/em>.<br>Ce Digipad a pour vocation de proposer un ensemble d&rsquo;outils num\u00e9riques, qu\u2019il s\u2019agisse de mat\u00e9riel, d\u2019applications, des ressources &#8230;, avec une entr\u00e9e th\u00e9matique.<\/p>\n\n\n\n<p><a href=\"https:\/\/digipad.app\/p\/739837\/50e6dd78ee3a2\" target=\"_blank\" rel=\"noreferrer noopener\">Lien vers le Digipad <\/a><\/p>\n\n\n\n<figure class=\"wp-block-image size-full is-resized\"><img loading=\"lazy\" decoding=\"async\" width=\"360\" height=\"360\" src=\"https:\/\/ent2d.ac-bordeaux.fr\/disciplines\/sei\/wp-content\/uploads\/sites\/78\/2024\/04\/qr-code-digipad-.png\" alt=\"\" class=\"wp-image-471\" style=\"width:125px;height:auto\" srcset=\"https:\/\/ent2d.ac-bordeaux.fr\/disciplines\/sei\/wp-content\/uploads\/sites\/78\/2024\/04\/qr-code-digipad-.png 360w, https:\/\/ent2d.ac-bordeaux.fr\/disciplines\/sei\/wp-content\/uploads\/sites\/78\/2024\/04\/qr-code-digipad--300x300.png 300w, https:\/\/ent2d.ac-bordeaux.fr\/disciplines\/sei\/wp-content\/uploads\/sites\/78\/2024\/04\/qr-code-digipad--150x150.png 150w\" sizes=\"auto, (max-width: 360px) 100vw, 360px\" \/><\/figure>\n\n\n\n<figure class=\"wp-block-image size-full\"><a href=\"https:\/\/digipad.app\/p\/739837\/50e6dd78ee3a2\" target=\"_blank\" rel=\"noreferrer noopener\"><img loading=\"lazy\" decoding=\"async\" width=\"1024\" height=\"462\" src=\"https:\/\/ent2d.ac-bordeaux.fr\/disciplines\/sei\/wp-content\/uploads\/sites\/78\/2024\/04\/logo-digipad.png\" alt=\"\" class=\"wp-image-468\" srcset=\"https:\/\/ent2d.ac-bordeaux.fr\/disciplines\/sei\/wp-content\/uploads\/sites\/78\/2024\/04\/logo-digipad.png 1024w, https:\/\/ent2d.ac-bordeaux.fr\/disciplines\/sei\/wp-content\/uploads\/sites\/78\/2024\/04\/logo-digipad-300x135.png 300w, https:\/\/ent2d.ac-bordeaux.fr\/disciplines\/sei\/wp-content\/uploads\/sites\/78\/2024\/04\/logo-digipad-768x346.png 768w\" sizes=\"auto, (max-width: 1024px) 100vw, 1024px\" \/><\/a><\/figure>\n","protected":false},"excerpt":{"rendered":"<p>\u00ab&nbsp; Les outils num\u00e9riques proposent des r\u00e9ponses personnalis\u00e9es et efficaces aux besoins \u00e9ducatifs particuliers des \u00e9l\u00e8ves en situation de handicap, leur permettant de suivre une scolarit\u00e9 la plus proche possible de celles des autres \u00e9l\u00e8ves.&nbsp;\u00bb Eduscol. Vous trouverez ci-dessous un<\/p>\n","protected":false},"author":2489,"featured_media":0,"parent":737,"menu_order":1,"comment_status":"closed","ping_status":"closed","template":"","meta":{"footnotes":""},"class_list":["post-909","page","type-page","status-publish","hentry"],"_links":{"self":[{"href":"https:\/\/ent2d.ac-bordeaux.fr\/disciplines\/sei\/wp-json\/wp\/v2\/pages\/909","targetHints":{"allow":["GET"]}}],"collection":[{"href":"https:\/\/ent2d.ac-bordeaux.fr\/disciplines\/sei\/wp-json\/wp\/v2\/pages"}],"about":[{"href":"https:\/\/ent2d.ac-bordeaux.fr\/disciplines\/sei\/wp-json\/wp\/v2\/types\/page"}],"author":[{"embeddable":true,"href":"https:\/\/ent2d.ac-bordeaux.fr\/disciplines\/sei\/wp-json\/wp\/v2\/users\/2489"}],"replies":[{"embeddable":true,"href":"https:\/\/ent2d.ac-bordeaux.fr\/disciplines\/sei\/wp-json\/wp\/v2\/comments?post=909"}],"version-history":[{"count":2,"href":"https:\/\/ent2d.ac-bordeaux.fr\/disciplines\/sei\/wp-json\/wp\/v2\/pages\/909\/revisions"}],"predecessor-version":[{"id":911,"href":"https:\/\/ent2d.ac-bordeaux.fr\/disciplines\/sei\/wp-json\/wp\/v2\/pages\/909\/revisions\/911"}],"up":[{"embeddable":true,"href":"https:\/\/ent2d.ac-bordeaux.fr\/disciplines\/sei\/wp-json\/wp\/v2\/pages\/737"}],"wp:attachment":[{"href":"https:\/\/ent2d.ac-bordeaux.fr\/disciplines\/sei\/wp-json\/wp\/v2\/media?parent=909"}],"curies":[{"name":"wp","href":"https:\/\/api.w.org\/{rel}","templated":true}]}}