{"id":89,"date":"2023-06-09T15:16:42","date_gmt":"2023-06-09T13:16:42","guid":{"rendered":"https:\/\/ent2d.ac-bordeaux.fr\/disciplines\/sei\/?page_id=89"},"modified":"2025-11-18T15:24:12","modified_gmt":"2025-11-18T14:24:12","slug":"ersh","status":"publish","type":"page","link":"https:\/\/ent2d.ac-bordeaux.fr\/disciplines\/sei\/lecole-inclusive-en-gironde\/ersh\/","title":{"rendered":"Les ERESH"},"content":{"rendered":"\n<div class=\"wp-block-media-text alignwide has-media-on-the-right is-stacked-on-mobile\" style=\"grid-template-columns:auto 36%\"><div class=\"wp-block-media-text__content\">\n<p><mark style=\"background-color:#ffffff\" class=\"has-inline-color has-vivid-cyan-blue-color\"><strong>L\u2019<\/strong><\/mark><strong><mark style=\"background-color:#ffffff;color:#034166\" class=\"has-inline-color\">E<\/mark><\/strong><mark style=\"background-color:#ffffff\" class=\"has-inline-color has-vivid-cyan-blue-color\"><strong>nseignant <\/strong><\/mark><strong><mark style=\"background-color:#ffffff;color:#034166\" class=\"has-inline-color\">R<\/mark><\/strong><mark style=\"background-color:#ffffff\" class=\"has-inline-color has-vivid-cyan-blue-color\"><strong>\u00e9f\u00e9rent pour les <\/strong><\/mark><strong><mark style=\"background-color:#ffffff;color:#034166\" class=\"has-inline-color\">\u00c9<\/mark><\/strong><mark style=\"background-color:#ffffff\" class=\"has-inline-color has-vivid-cyan-blue-color\"><strong>l\u00e8ves en <\/strong><\/mark><strong><mark style=\"background-color:#ffffff;color:#034166\" class=\"has-inline-color\">S<\/mark><\/strong><mark style=\"background-color:#ffffff\" class=\"has-inline-color has-vivid-cyan-blue-color\"><strong>ituation de <\/strong><\/mark><strong><mark style=\"background-color:#ffffff;color:#034166\" class=\"has-inline-color\">H<\/mark><\/strong><mark style=\"background-color:#ffffff\" class=\"has-inline-color has-vivid-cyan-blue-color\"><strong>andicap est un enseignant sp\u00e9cialis\u00e9 du premier ou du second degr\u00e9 charg\u00e9 du suivi de la mise en \u0153uvre du projet personnalis\u00e9 de scolarisation tout au long du parcours de l\u2019\u00e9l\u00e8ve. Il n\u2019est d\u00e9positaire d\u2019aucune autorit\u00e9 hi\u00e9rarchique ou administrative, mais il est la premi\u00e8re personne qu\u2019un enseignant doit pouvoir contacter chaque fois qu\u2019il le juge utile.<\/strong><\/mark><\/p>\n<\/div><figure class=\"wp-block-media-text__media\"><a href=\"http:\/\/umap.openstreetmap.fr\/fr\/map\/les-enseignants-referents-a-la-scolarisation-des-e_960439#8\/44.265\/-0.170\" target=\"_blank\" rel=\"noreferrer noopener\"><img loading=\"lazy\" decoding=\"async\" width=\"713\" height=\"798\" src=\"https:\/\/ent2d.ac-bordeaux.fr\/disciplines\/sei\/wp-content\/uploads\/sites\/78\/2023\/10\/ersh.jpg\" alt=\"\" class=\"wp-image-283 size-full\" srcset=\"https:\/\/ent2d.ac-bordeaux.fr\/disciplines\/sei\/wp-content\/uploads\/sites\/78\/2023\/10\/ersh.jpg 713w, https:\/\/ent2d.ac-bordeaux.fr\/disciplines\/sei\/wp-content\/uploads\/sites\/78\/2023\/10\/ersh-268x300.jpg 268w\" sizes=\"auto, (max-width: 713px) 100vw, 713px\" \/><\/a><\/figure><\/div>\n\n\n\n<h3 class=\"wp-block-heading\"><strong><mark style=\"background-color:#ffffff\" class=\"has-inline-color has-luminous-vivid-orange-color\">Coordonn\u00e9es des ERESH de Gironde<\/mark><\/strong><\/h3>\n\n\n\n<div data-wp-interactive=\"core\/file\" class=\"wp-block-file\"><object data-wp-bind--hidden=\"!state.hasPdfPreview\" hidden class=\"wp-block-file__embed\" data=\"https:\/\/ent2d.ac-bordeaux.fr\/disciplines\/sei\/wp-content\/uploads\/sites\/78\/2025\/11\/Liste-ERSH-Rentree-2025-secteur-MAJ-18.11.25.pdf\" type=\"application\/pdf\" style=\"width:100%;height:600px\" aria-label=\"Contenu embarqu\u00e9 Liste ERSH Rentr\u00e9e 2025 (secteur) - MAJ 18.11.25.\"><\/object><a id=\"wp-block-file--media-a08c4a8a-0070-4ad0-8883-de1dfdc1ce89\" href=\"https:\/\/ent2d.ac-bordeaux.fr\/disciplines\/sei\/wp-content\/uploads\/sites\/78\/2025\/11\/Liste-ERSH-Rentree-2025-secteur-MAJ-18.11.25.pdf\" target=\"_blank\" rel=\"noreferrer noopener\">Liste ERSH Rentr\u00e9e 2025 (secteur) &#8211; MAJ 18.11.25<\/a><a href=\"https:\/\/ent2d.ac-bordeaux.fr\/disciplines\/sei\/wp-content\/uploads\/sites\/78\/2025\/11\/Liste-ERSH-Rentree-2025-secteur-MAJ-18.11.25.pdf\" class=\"wp-block-file__button wp-element-button\" download aria-describedby=\"wp-block-file--media-a08c4a8a-0070-4ad0-8883-de1dfdc1ce89\">T\u00e9l\u00e9charger<\/a><\/div>\n\n\n\n<h3 class=\"wp-block-heading\"><mark style=\"background-color:#ffffff\" class=\"has-inline-color has-luminous-vivid-orange-color\"><strong>Secteurs des ERESH de Gironde<\/strong><\/mark><\/h3>\n\n\n\n<figure class=\"wp-block-image size-full\"><img loading=\"lazy\" decoding=\"async\" width=\"1024\" height=\"400\" src=\"https:\/\/ent2d.ac-bordeaux.fr\/disciplines\/sei\/wp-content\/uploads\/sites\/78\/2023\/11\/tableau-ersh.png\" alt=\"\" class=\"wp-image-339\" srcset=\"https:\/\/ent2d.ac-bordeaux.fr\/disciplines\/sei\/wp-content\/uploads\/sites\/78\/2023\/11\/tableau-ersh.png 1024w, https:\/\/ent2d.ac-bordeaux.fr\/disciplines\/sei\/wp-content\/uploads\/sites\/78\/2023\/11\/tableau-ersh-300x117.png 300w, https:\/\/ent2d.ac-bordeaux.fr\/disciplines\/sei\/wp-content\/uploads\/sites\/78\/2023\/11\/tableau-ersh-768x300.png 768w, https:\/\/ent2d.ac-bordeaux.fr\/disciplines\/sei\/wp-content\/uploads\/sites\/78\/2023\/11\/tableau-ersh-1536x600.png 1536w\" sizes=\"auto, (max-width: 1024px) 100vw, 1024px\" \/><\/figure>\n\n\n\n<div class=\"wp-block-file\"><a id=\"wp-block-file--media-e745ad77-35f8-4c00-9d81-a1dcd579b382\" href=\"https:\/\/ent2d.ac-bordeaux.fr\/disciplines\/sei\/wp-content\/uploads\/sites\/78\/2023\/11\/Tableau-des-secteurs-ERSH.xlsx\">Tableau des secteurs ERSH<\/a><a href=\"https:\/\/ent2d.ac-bordeaux.fr\/disciplines\/sei\/wp-content\/uploads\/sites\/78\/2023\/11\/Tableau-des-secteurs-ERSH.xlsx\" class=\"wp-block-file__button wp-element-button\" download aria-describedby=\"wp-block-file--media-e745ad77-35f8-4c00-9d81-a1dcd579b382\">T\u00e9l\u00e9charger<\/a><\/div>\n","protected":false},"excerpt":{"rendered":"<p>L\u2019Enseignant R\u00e9f\u00e9rent pour les \u00c9l\u00e8ves en Situation de Handicap est un enseignant sp\u00e9cialis\u00e9 du premier ou du second degr\u00e9 charg\u00e9 du suivi de la mise en \u0153uvre du projet personnalis\u00e9 de scolarisation tout au long du parcours de l\u2019\u00e9l\u00e8ve. Il<\/p>\n","protected":false},"author":1380,"featured_media":0,"parent":677,"menu_order":0,"comment_status":"closed","ping_status":"closed","template":"","meta":{"footnotes":""},"class_list":["post-89","page","type-page","status-publish","hentry"],"_links":{"self":[{"href":"https:\/\/ent2d.ac-bordeaux.fr\/disciplines\/sei\/wp-json\/wp\/v2\/pages\/89","targetHints":{"allow":["GET"]}}],"collection":[{"href":"https:\/\/ent2d.ac-bordeaux.fr\/disciplines\/sei\/wp-json\/wp\/v2\/pages"}],"about":[{"href":"https:\/\/ent2d.ac-bordeaux.fr\/disciplines\/sei\/wp-json\/wp\/v2\/types\/page"}],"author":[{"embeddable":true,"href":"https:\/\/ent2d.ac-bordeaux.fr\/disciplines\/sei\/wp-json\/wp\/v2\/users\/1380"}],"replies":[{"embeddable":true,"href":"https:\/\/ent2d.ac-bordeaux.fr\/disciplines\/sei\/wp-json\/wp\/v2\/comments?post=89"}],"version-history":[{"count":24,"href":"https:\/\/ent2d.ac-bordeaux.fr\/disciplines\/sei\/wp-json\/wp\/v2\/pages\/89\/revisions"}],"predecessor-version":[{"id":942,"href":"https:\/\/ent2d.ac-bordeaux.fr\/disciplines\/sei\/wp-json\/wp\/v2\/pages\/89\/revisions\/942"}],"up":[{"embeddable":true,"href":"https:\/\/ent2d.ac-bordeaux.fr\/disciplines\/sei\/wp-json\/wp\/v2\/pages\/677"}],"wp:attachment":[{"href":"https:\/\/ent2d.ac-bordeaux.fr\/disciplines\/sei\/wp-json\/wp\/v2\/media?parent=89"}],"curies":[{"name":"wp","href":"https:\/\/api.w.org\/{rel}","templated":true}]}}