{"id":859,"date":"2025-09-09T11:37:38","date_gmt":"2025-09-09T09:37:38","guid":{"rendered":"https:\/\/ent2d.ac-bordeaux.fr\/disciplines\/sei\/?page_id=859"},"modified":"2025-09-09T11:54:58","modified_gmt":"2025-09-09T09:54:58","slug":"859-2","status":"publish","type":"page","link":"https:\/\/ent2d.ac-bordeaux.fr\/disciplines\/sei\/lecole-inclusive-en-gironde\/documents-et-textes-de-reference\/textes-de-reference-2\/859-2\/","title":{"rendered":"Textes de r\u00e9f\u00e9rence \u00c9cole Inclusive : \u00c9duscol"},"content":{"rendered":"\n<p class=\"has-black-color has-text-color has-link-color wp-elements-070f85813a40022401870bf53b012447\">Vous trouverez ci-dessous le lien vers la page \u00c9duscol d\u00e9di\u00e9e aux textes de r\u00e9f\u00e9rence relatifs \u00e0 l&rsquo;\u00c9cole Inclusive :<\/p>\n\n\n\n<figure class=\"wp-block-image size-full is-resized\"><a href=\"https:\/\/eduscol.education.fr\/1137\/ecole-inclusive\"><img loading=\"lazy\" decoding=\"async\" width=\"798\" height=\"615\" src=\"https:\/\/ent2d.ac-bordeaux.fr\/disciplines\/sei\/wp-content\/uploads\/sites\/78\/2025\/09\/image.png\" alt=\"\" class=\"wp-image-866\" style=\"width:560px;height:auto\" srcset=\"https:\/\/ent2d.ac-bordeaux.fr\/disciplines\/sei\/wp-content\/uploads\/sites\/78\/2025\/09\/image.png 798w, https:\/\/ent2d.ac-bordeaux.fr\/disciplines\/sei\/wp-content\/uploads\/sites\/78\/2025\/09\/image-300x231.png 300w, https:\/\/ent2d.ac-bordeaux.fr\/disciplines\/sei\/wp-content\/uploads\/sites\/78\/2025\/09\/image-768x592.png 768w\" sizes=\"auto, (max-width: 798px) 100vw, 798px\" \/><\/a><\/figure>\n\n\n\n<p class=\"has-vivid-cyan-blue-color has-text-color has-link-color wp-elements-b0d470d7ed077b0e8498170f20167bb6\" style=\"text-decoration:underline\">Lien vers : <strong><a href=\"https:\/\/eduscol.education.fr\/1137\/ecole-inclusive\">\u00c9duscol : \u00c9cole Inclusive<\/a><\/strong><\/p>\n\n\n\n<p><\/p>\n","protected":false},"excerpt":{"rendered":"<p>Vous trouverez ci-dessous le lien vers la page \u00c9duscol d\u00e9di\u00e9e aux textes de r\u00e9f\u00e9rence relatifs \u00e0 l&rsquo;\u00c9cole Inclusive : Lien vers : \u00c9duscol : \u00c9cole Inclusive<\/p>\n","protected":false},"author":2489,"featured_media":0,"parent":688,"menu_order":1,"comment_status":"closed","ping_status":"closed","template":"","meta":{"footnotes":""},"class_list":["post-859","page","type-page","status-publish","hentry"],"_links":{"self":[{"href":"https:\/\/ent2d.ac-bordeaux.fr\/disciplines\/sei\/wp-json\/wp\/v2\/pages\/859","targetHints":{"allow":["GET"]}}],"collection":[{"href":"https:\/\/ent2d.ac-bordeaux.fr\/disciplines\/sei\/wp-json\/wp\/v2\/pages"}],"about":[{"href":"https:\/\/ent2d.ac-bordeaux.fr\/disciplines\/sei\/wp-json\/wp\/v2\/types\/page"}],"author":[{"embeddable":true,"href":"https:\/\/ent2d.ac-bordeaux.fr\/disciplines\/sei\/wp-json\/wp\/v2\/users\/2489"}],"replies":[{"embeddable":true,"href":"https:\/\/ent2d.ac-bordeaux.fr\/disciplines\/sei\/wp-json\/wp\/v2\/comments?post=859"}],"version-history":[{"count":5,"href":"https:\/\/ent2d.ac-bordeaux.fr\/disciplines\/sei\/wp-json\/wp\/v2\/pages\/859\/revisions"}],"predecessor-version":[{"id":869,"href":"https:\/\/ent2d.ac-bordeaux.fr\/disciplines\/sei\/wp-json\/wp\/v2\/pages\/859\/revisions\/869"}],"up":[{"embeddable":true,"href":"https:\/\/ent2d.ac-bordeaux.fr\/disciplines\/sei\/wp-json\/wp\/v2\/pages\/688"}],"wp:attachment":[{"href":"https:\/\/ent2d.ac-bordeaux.fr\/disciplines\/sei\/wp-json\/wp\/v2\/media?parent=859"}],"curies":[{"name":"wp","href":"https:\/\/api.w.org\/{rel}","templated":true}]}}