{"id":80,"date":"2023-06-09T15:15:22","date_gmt":"2023-06-09T13:15:22","guid":{"rendered":"https:\/\/ent2d.ac-bordeaux.fr\/disciplines\/sei\/?page_id=80"},"modified":"2025-07-25T12:27:43","modified_gmt":"2025-07-25T10:27:43","slug":"segpa","status":"publish","type":"page","link":"https:\/\/ent2d.ac-bordeaux.fr\/disciplines\/sei\/la-scolarisation-des-eleves\/dispositifs-et-structures\/segpa\/","title":{"rendered":"SEGPA"},"content":{"rendered":"\n<p><strong>S<\/strong>ection d&rsquo;<strong>E<\/strong>nseignement <strong>G<\/strong>\u00e9n\u00e9ral et <strong>P<\/strong>rofessionnel <strong>A<\/strong>dapt\u00e9&nbsp;accueille les jeunes de la 6<sup>e<\/sup>&nbsp;\u00e0 la 3<sup>e<\/sup>&nbsp;pr\u00e9sentant des difficult\u00e9s scolaires importantes.<\/p>\n\n\n\n<p> Il s&rsquo;agit de difficult\u00e9s ne pouvant pas \u00eatre r\u00e9solues par des actions d&rsquo;aide scolaire et de soutien.<\/p>\n\n\n\n<p>La classe est int\u00e9gr\u00e9e dans un coll\u00e8ge. Elle regroupe un petit groupe d&rsquo;\u00e9l\u00e8ves (16 maximum) pour individualiser le parcours de chacun.<\/p>\n\n\n\n<p>La Segpa doit permettre \u00e0 votre enfant d&rsquo;acc\u00e9der \u00e0 une formation professionnelle dipl\u00f4mante ou \u00e0 la poursuite de leurs \u00e9tudes apr\u00e8s la 3<sup>e<\/sup>.<\/p>\n\n\n\n<blockquote class=\"wp-block-quote is-layout-flow wp-block-quote-is-layout-flow\">\n<p><strong>Carte dynamique des SEGPA<\/strong><\/p>\n<\/blockquote>\n\n\n<div class=\"wp-block-image\">\n<figure class=\"aligncenter size-full is-resized\"><a href=\"http:\/\/umap.openstreetmap.fr\/fr\/map\/les-segpa-et-les-erea-dans-dans-lacademie-de-borde_969370#8\/44.241\/0.242\" target=\"_blank\" rel=\"noreferrer noopener\"><img loading=\"lazy\" decoding=\"async\" width=\"656\" height=\"764\" src=\"https:\/\/ent2d.ac-bordeaux.fr\/disciplines\/sei\/wp-content\/uploads\/sites\/78\/2023\/10\/carte-segpa-dyn.jpg\" alt=\"\" class=\"wp-image-220\" style=\"width:471px;height:548px\" srcset=\"https:\/\/ent2d.ac-bordeaux.fr\/disciplines\/sei\/wp-content\/uploads\/sites\/78\/2023\/10\/carte-segpa-dyn.jpg 656w, https:\/\/ent2d.ac-bordeaux.fr\/disciplines\/sei\/wp-content\/uploads\/sites\/78\/2023\/10\/carte-segpa-dyn-258x300.jpg 258w\" sizes=\"auto, (max-width: 656px) 100vw, 656px\" \/><\/a><\/figure>\n<\/div>\n\n\n<blockquote class=\"wp-block-quote is-layout-flow wp-block-quote-is-layout-flow\">\n<p>Carte imprimable<\/p>\n<\/blockquote>\n\n\n\n<div data-wp-interactive=\"core\/file\" class=\"wp-block-file\"><object data-wp-bind--hidden=\"!state.hasPdfPreview\" hidden class=\"wp-block-file__embed\" data=\"https:\/\/ent2d.ac-bordeaux.fr\/disciplines\/sei\/wp-content\/uploads\/sites\/78\/2023\/10\/t-l-charger-la-carte-des-segpa-et-erea-dans-l-acad-mie-de-bordeaux-33136.pdf\" type=\"application\/pdf\" style=\"width:100%;height:600px\" aria-label=\"Contenu embarqu\u00e9 t-l-charger-la-carte-des-segpa-et-erea-dans-l-acad-mie-de-bordeaux-33136.\"><\/object><a id=\"wp-block-file--media-9e0680d8-9364-485d-a5e6-1b0ed5870dcd\" href=\"https:\/\/ent2d.ac-bordeaux.fr\/disciplines\/sei\/wp-content\/uploads\/sites\/78\/2023\/10\/t-l-charger-la-carte-des-segpa-et-erea-dans-l-acad-mie-de-bordeaux-33136.pdf\">t-l-charger-la-carte-des-segpa-et-erea-dans-l-acad-mie-de-bordeaux-33136<\/a><a href=\"https:\/\/ent2d.ac-bordeaux.fr\/disciplines\/sei\/wp-content\/uploads\/sites\/78\/2023\/10\/t-l-charger-la-carte-des-segpa-et-erea-dans-l-acad-mie-de-bordeaux-33136.pdf\" class=\"wp-block-file__button wp-element-button\" download aria-describedby=\"wp-block-file--media-9e0680d8-9364-485d-a5e6-1b0ed5870dcd\">T\u00e9l\u00e9charger<\/a><\/div>\n\n\n\n<p class=\"has-white-color has-vivid-cyan-blue-background-color has-text-color has-background has-link-color has-medium-font-size wp-elements-30822dcfe2f0ee1b8d85dbf2e8c34991\">Liste des DACS<\/p>\n\n\n\n<div data-wp-interactive=\"core\/file\" class=\"wp-block-file\"><object data-wp-bind--hidden=\"!state.hasPdfPreview\" hidden class=\"wp-block-file__embed\" data=\"https:\/\/ent2d.ac-bordeaux.fr\/disciplines\/sei\/wp-content\/uploads\/sites\/78\/2025\/01\/Liste-DACS-24-25-1.pdf\" type=\"application\/pdf\" style=\"width:100%;height:600px\" aria-label=\"Contenu embarqu\u00e9 Liste DACS 24-25.\"><\/object><a id=\"wp-block-file--media-d6d448c4-c5f4-4933-ba4e-d3dec085576f\" href=\"https:\/\/ent2d.ac-bordeaux.fr\/disciplines\/sei\/wp-content\/uploads\/sites\/78\/2025\/01\/Liste-DACS-24-25-1.pdf\" target=\"_blank\" rel=\"noreferrer noopener\">Liste DACS 24-25<\/a><a href=\"https:\/\/ent2d.ac-bordeaux.fr\/disciplines\/sei\/wp-content\/uploads\/sites\/78\/2025\/01\/Liste-DACS-24-25-1.pdf\" class=\"wp-block-file__button wp-element-button\" download aria-describedby=\"wp-block-file--media-d6d448c4-c5f4-4933-ba4e-d3dec085576f\">T\u00e9l\u00e9charger<\/a><\/div>\n","protected":false},"excerpt":{"rendered":"<p>Section d&rsquo;Enseignement G\u00e9n\u00e9ral et Professionnel Adapt\u00e9&nbsp;accueille les jeunes de la 6e&nbsp;\u00e0 la 3e&nbsp;pr\u00e9sentant des difficult\u00e9s scolaires importantes. Il s&rsquo;agit de difficult\u00e9s ne pouvant pas \u00eatre r\u00e9solues par des actions d&rsquo;aide scolaire et de soutien. La classe est int\u00e9gr\u00e9e dans un<\/p>\n","protected":false},"author":1380,"featured_media":0,"parent":706,"menu_order":0,"comment_status":"closed","ping_status":"closed","template":"","meta":{"footnotes":""},"class_list":["post-80","page","type-page","status-publish","hentry"],"_links":{"self":[{"href":"https:\/\/ent2d.ac-bordeaux.fr\/disciplines\/sei\/wp-json\/wp\/v2\/pages\/80","targetHints":{"allow":["GET"]}}],"collection":[{"href":"https:\/\/ent2d.ac-bordeaux.fr\/disciplines\/sei\/wp-json\/wp\/v2\/pages"}],"about":[{"href":"https:\/\/ent2d.ac-bordeaux.fr\/disciplines\/sei\/wp-json\/wp\/v2\/types\/page"}],"author":[{"embeddable":true,"href":"https:\/\/ent2d.ac-bordeaux.fr\/disciplines\/sei\/wp-json\/wp\/v2\/users\/1380"}],"replies":[{"embeddable":true,"href":"https:\/\/ent2d.ac-bordeaux.fr\/disciplines\/sei\/wp-json\/wp\/v2\/comments?post=80"}],"version-history":[{"count":11,"href":"https:\/\/ent2d.ac-bordeaux.fr\/disciplines\/sei\/wp-json\/wp\/v2\/pages\/80\/revisions"}],"predecessor-version":[{"id":599,"href":"https:\/\/ent2d.ac-bordeaux.fr\/disciplines\/sei\/wp-json\/wp\/v2\/pages\/80\/revisions\/599"}],"up":[{"embeddable":true,"href":"https:\/\/ent2d.ac-bordeaux.fr\/disciplines\/sei\/wp-json\/wp\/v2\/pages\/706"}],"wp:attachment":[{"href":"https:\/\/ent2d.ac-bordeaux.fr\/disciplines\/sei\/wp-json\/wp\/v2\/media?parent=80"}],"curies":[{"name":"wp","href":"https:\/\/api.w.org\/{rel}","templated":true}]}}