{"id":776,"date":"2025-07-25T13:33:38","date_gmt":"2025-07-25T11:33:38","guid":{"rendered":"https:\/\/ent2d.ac-bordeaux.fr\/disciplines\/sei\/?page_id=776"},"modified":"2025-10-06T16:09:26","modified_gmt":"2025-10-06T14:09:26","slug":"directeur-et-directrice","status":"publish","type":"page","link":"https:\/\/ent2d.ac-bordeaux.fr\/disciplines\/sei\/accompagner\/directeur-et-directrice\/","title":{"rendered":"Directeur et directrice"},"content":{"rendered":"\n<blockquote class=\"wp-block-quote is-layout-flow wp-block-quote-is-layout-flow\">\n<p class=\"has-vivid-cyan-blue-color has-text-color has-link-color has-medium-font-size wp-elements-00b4e015779e3bba9d62c12e87e56131\"><em>AM\u00c9NAGER L\u2019\u00c9COLE POUR TOUS<\/em><\/p>\n<\/blockquote>\n\n\n\n<p class=\"has-black-color has-text-color has-link-color wp-elements-2dd0746db1004c9e70287b2003c255b0\">Le Cahier pratique \u00ab\u00a0B\u00e2tir l\u2019\u00e9cole\u00a0\u00bb <em>Am\u00e9nager l\u2019\u00e9cole pour tous<\/em> propose une aide concr\u00e8te pour adapter les espaces scolaires afin d\u2019accueillir au mieux tous les usagers : \u00e9l\u00e8ves, personnels, parents et autres usagers en situation de handicap ou pr\u00e9sentant des besoins particuliers.<\/p>\n\n\n\n<p class=\"has-black-color has-text-color has-link-color wp-elements-0fa0cfa7f8e4ab77d0841b845030c016\">\u00c0 retrouver \u00e0 cette adresse : <a href=\"https:\/\/batiscolaire.education.gouv.fr\/cahier-pratique-amenager-l-ecole-pour-tous-240768\" target=\"_blank\" rel=\"noreferrer noopener\">https:\/\/batiscolaire.education.gouv.fr\/cahier-pratique-amenager-l-ecole-pour-tous-240768<\/a> ou \u00e0 t\u00e9l\u00e9charger directement ci-dessous : <\/p>\n\n\n\n<div data-wp-interactive=\"core\/file\" class=\"wp-block-file\"><object data-wp-bind--hidden=\"!state.hasPdfPreview\" hidden class=\"wp-block-file__embed\" data=\"https:\/\/ent2d.ac-bordeaux.fr\/disciplines\/sei\/wp-content\/uploads\/sites\/78\/2025\/10\/Amenager-lecole-pour-tous.pdf\" type=\"application\/pdf\" style=\"width:100%;height:600px\" aria-label=\"Contenu embarqu\u00e9 Amenager-lecole-pour-tous.\"><\/object><a id=\"wp-block-file--media-f712cf47-f87e-4cf2-a28e-699b3cc7488c\" href=\"https:\/\/ent2d.ac-bordeaux.fr\/disciplines\/sei\/wp-content\/uploads\/sites\/78\/2025\/10\/Amenager-lecole-pour-tous.pdf\" target=\"_blank\" rel=\"noreferrer noopener\">Amenager-lecole-pour-tous<\/a><a href=\"https:\/\/ent2d.ac-bordeaux.fr\/disciplines\/sei\/wp-content\/uploads\/sites\/78\/2025\/10\/Amenager-lecole-pour-tous.pdf\" class=\"wp-block-file__button wp-element-button\" download aria-describedby=\"wp-block-file--media-f712cf47-f87e-4cf2-a28e-699b3cc7488c\">T\u00e9l\u00e9charger<\/a><\/div>\n","protected":false},"excerpt":{"rendered":"<p>AM\u00c9NAGER L\u2019\u00c9COLE POUR TOUS Le Cahier pratique \u00ab\u00a0B\u00e2tir l\u2019\u00e9cole\u00a0\u00bb Am\u00e9nager l\u2019\u00e9cole pour tous propose une aide concr\u00e8te pour adapter les espaces scolaires afin d\u2019accueillir au mieux tous les usagers : \u00e9l\u00e8ves, personnels, parents et autres usagers en situation de handicap<\/p>\n","protected":false},"author":1380,"featured_media":0,"parent":772,"menu_order":0,"comment_status":"closed","ping_status":"closed","template":"","meta":{"footnotes":""},"class_list":["post-776","page","type-page","status-publish","hentry"],"_links":{"self":[{"href":"https:\/\/ent2d.ac-bordeaux.fr\/disciplines\/sei\/wp-json\/wp\/v2\/pages\/776","targetHints":{"allow":["GET"]}}],"collection":[{"href":"https:\/\/ent2d.ac-bordeaux.fr\/disciplines\/sei\/wp-json\/wp\/v2\/pages"}],"about":[{"href":"https:\/\/ent2d.ac-bordeaux.fr\/disciplines\/sei\/wp-json\/wp\/v2\/types\/page"}],"author":[{"embeddable":true,"href":"https:\/\/ent2d.ac-bordeaux.fr\/disciplines\/sei\/wp-json\/wp\/v2\/users\/1380"}],"replies":[{"embeddable":true,"href":"https:\/\/ent2d.ac-bordeaux.fr\/disciplines\/sei\/wp-json\/wp\/v2\/comments?post=776"}],"version-history":[{"count":2,"href":"https:\/\/ent2d.ac-bordeaux.fr\/disciplines\/sei\/wp-json\/wp\/v2\/pages\/776\/revisions"}],"predecessor-version":[{"id":905,"href":"https:\/\/ent2d.ac-bordeaux.fr\/disciplines\/sei\/wp-json\/wp\/v2\/pages\/776\/revisions\/905"}],"up":[{"embeddable":true,"href":"https:\/\/ent2d.ac-bordeaux.fr\/disciplines\/sei\/wp-json\/wp\/v2\/pages\/772"}],"wp:attachment":[{"href":"https:\/\/ent2d.ac-bordeaux.fr\/disciplines\/sei\/wp-json\/wp\/v2\/media?parent=776"}],"curies":[{"name":"wp","href":"https:\/\/api.w.org\/{rel}","templated":true}]}}