{"id":754,"date":"2025-07-25T13:07:41","date_gmt":"2025-07-25T11:07:41","guid":{"rendered":"https:\/\/ent2d.ac-bordeaux.fr\/disciplines\/sei\/?page_id=754"},"modified":"2025-12-07T14:47:40","modified_gmt":"2025-12-07T13:47:40","slug":"francais","status":"publish","type":"page","link":"https:\/\/ent2d.ac-bordeaux.fr\/disciplines\/sei\/enseigner\/ressources-disciplinaires\/francais\/","title":{"rendered":"Fran\u00e7ais"},"content":{"rendered":"\n<p><\/p>\n\n\n\n<blockquote class=\"wp-block-quote is-layout-flow wp-block-quote-is-layout-flow\">\n<p class=\"has-vivid-cyan-blue-color has-text-color has-link-color has-medium-font-size wp-elements-8bce7f160083c83f1f2579cca4ca8860\"><em>Cycle 1 <\/em><\/p>\n<\/blockquote>\n\n\n\n<p class=\"has-black-color has-text-color has-link-color wp-elements-95047738c832db4f4b9af235cae1b53a\">Le&nbsp;<a href=\"https:\/\/ent2d.ac-bordeaux.fr\/disciplines\/sei\/wp-content\/uploads\/sites\/78\/2025\/12\/Programme-francais-cycle-1-.pdf\" data-type=\"attachment\" data-id=\"944\" target=\"_blank\" rel=\"noreferrer noopener\"><mark style=\"background-color:#ffffff\" class=\"has-inline-color has-vivid-cyan-blue-color\">programme d\u2018enseignement pour le d\u00e9veloppement et la structuration du langage oral et \u00e9crit du cycle 1<\/mark><\/a>&nbsp;a \u00e9t\u00e9 publi\u00e9 au BO du 31 octobre 2024.&nbsp;Il entre en application \u00e0 la rentr\u00e9e 2025.<\/p>\n\n\n\n<p class=\"has-black-color has-text-color has-link-color wp-elements-dc8b2952ef847b3b8b200d2c57ca8497\">Il est accompagn\u00e9 de&nbsp;<strong>livrets&nbsp;<\/strong>organis\u00e9s par \u00e2ge et destin\u00e9s \u00e0 proposer des exemples de mise en \u0153uvre du programme (s\u00e9quences, activit\u00e9s, etc.) :<\/p>\n\n\n\n<ul class=\"wp-block-list\">\n<li class=\"has-black-color has-text-color has-link-color wp-elements-0e98c5cdd7b841df6ffe28a98e2f5d75\"><a href=\"https:\/\/ent2d.ac-bordeaux.fr\/disciplines\/sei\/wp-content\/uploads\/sites\/78\/2025\/12\/a2dMIr-2025_livretaccompagnement_francais_avant4ans_v3.pdf\" data-type=\"attachment\" data-id=\"947\" target=\"_blank\" rel=\"noreferrer noopener\"><mark style=\"background-color:#ffffff\" class=\"has-inline-color has-vivid-cyan-blue-color\">Le livret pour enseigner aux \u00e9l\u00e8ves avant quatre ans<\/mark><\/a><\/li>\n\n\n\n<li class=\"has-black-color has-text-color has-link-color wp-elements-4927921d27f6547c580a89d18de3fcaf\"><a href=\"https:\/\/ent2d.ac-bordeaux.fr\/disciplines\/sei\/wp-content\/uploads\/sites\/78\/2025\/12\/2025_livretaccompagnement_fra_apartirde4ans.pdf\" data-type=\"attachment\" data-id=\"945\" target=\"_blank\" rel=\"noreferrer noopener\"><mark style=\"background-color:#ffffff\" class=\"has-inline-color has-vivid-cyan-blue-color\">Le livret pour enseigner aux \u00e9l\u00e8ves \u00e0 partir de quatre ans<\/mark><\/a><\/li>\n\n\n\n<li class=\"has-black-color has-text-color has-link-color wp-elements-44ce92b23e1ceae191df0c04bfeb3f87\"><a href=\"https:\/\/ent2d.ac-bordeaux.fr\/disciplines\/sei\/wp-content\/uploads\/sites\/78\/2025\/12\/2025_livretaccompagnement_fra_apartirde5ans.pdf\" data-type=\"attachment\" data-id=\"946\" target=\"_blank\" rel=\"noreferrer noopener\"><mark style=\"background-color:#ffffff\" class=\"has-inline-color has-vivid-cyan-blue-color\">Le livret pour enseigner aux \u00e9l\u00e8ves \u00e0 partir de cinq ans<\/mark><\/a><mark style=\"background-color:#ffffff\" class=\"has-inline-color has-white-color\">.<\/mark><\/li>\n<\/ul>\n\n\n\n<p class=\"has-black-color has-text-color has-link-color wp-elements-9caa47a70701bac07348a5361562eac7\">Lien vers <a href=\"https:\/\/eduscol.education.fr\/105\/developpement-et-structuration-du-langage-oral-et-ecrit-cycle-1\" target=\"_blank\" rel=\"noreferrer noopener\"><mark style=\"background-color:#ffffff\" class=\"has-inline-color has-vivid-purple-color\">\u00c9duscol<\/mark><\/a>. <\/p>\n\n\n\n<div style=\"height:9px\" aria-hidden=\"true\" class=\"wp-block-spacer\"><\/div>\n\n\n\n<blockquote class=\"wp-block-quote is-layout-flow wp-block-quote-is-layout-flow\">\n<p class=\"has-vivid-cyan-blue-color has-text-color has-link-color has-medium-font-size wp-elements-acb340718e1f9245e6c1e75379e977e0\"><em>Cycle 2<\/em><\/p>\n<\/blockquote>\n\n\n\n<p class=\"has-black-color has-text-color has-link-color wp-elements-3fb657abc269f3290b54a4193333f19b\">Le&nbsp;<a href=\"https:\/\/ent2d.ac-bordeaux.fr\/disciplines\/sei\/wp-content\/uploads\/sites\/78\/2025\/12\/Programme-francais-cycle-2.pdf\" data-type=\"attachment\" data-id=\"954\" target=\"_blank\" rel=\"noreferrer noopener\"><mark style=\"background-color:#ffffff\" class=\"has-inline-color has-vivid-cyan-blue-color\">nouveau programme de fran\u00e7ais du cycle 2<\/mark><\/a>&nbsp;a \u00e9t\u00e9 publi\u00e9 au BO du 31 octobre 2024. Il entre en application \u00e0 la rentr\u00e9e scolaire 2025-2026 pour les classes de CP, de CE1 et de CE2.<\/p>\n\n\n\n<p class=\"has-black-color has-text-color has-link-color wp-elements-345ad5185c496f5eb7830113f478c625\">Il est accompagn\u00e9 de&nbsp;<strong>livrets<\/strong>&nbsp;organis\u00e9s par niveau et destin\u00e9s \u00e0 proposer des exemples de mise en \u0153uvre du programme (s\u00e9quences, activit\u00e9s, etc.).<\/p>\n\n\n\n<p class=\"has-black-color has-text-color has-link-color wp-elements-7e6bef44ad48799b9114deec500964ed\">Vous pouvez t\u00e9l\u00e9charger&nbsp;<a href=\"https:\/\/ent2d.ac-bordeaux.fr\/disciplines\/sei\/wp-content\/uploads\/sites\/78\/2025\/12\/5GGHKY-2025_livretaccompagnement_francais_cp_v2.pdf\" data-type=\"attachment\" data-id=\"955\" target=\"_blank\" rel=\"noreferrer noopener\"><mark style=\"background-color:#ffffff\" class=\"has-inline-color has-vivid-cyan-blue-color\">le livret d&rsquo;accompagnement en fran\u00e7ais pour la classe de CP<\/mark><\/a>.<\/p>\n\n\n\n<p class=\"has-black-color has-text-color has-link-color wp-elements-eb662b9eb634ddd498b29e586a6106e8\">Les autres livrets sont en cours de production.<\/p>\n\n\n\n<p class=\"has-black-color has-text-color has-link-color wp-elements-79e5ac10bff56c26d71ad90d8305399c\">Lien vers <a href=\"https:\/\/eduscol.education.fr\/3830\/francais-cycle-2\" target=\"_blank\" rel=\"noreferrer noopener\"><mark class=\"has-inline-color has-vivid-purple-color\">\u00c9duscol<\/mark><\/a>. <\/p>\n\n\n\n<p><\/p>\n","protected":false},"excerpt":{"rendered":"<p>Cycle 1 Le&nbsp;programme d\u2018enseignement pour le d\u00e9veloppement et la structuration du langage oral et \u00e9crit du cycle 1&nbsp;a \u00e9t\u00e9 publi\u00e9 au BO du 31 octobre 2024.&nbsp;Il entre en application \u00e0 la rentr\u00e9e 2025. Il est accompagn\u00e9 de&nbsp;livrets&nbsp;organis\u00e9s par \u00e2ge et<\/p>\n","protected":false},"author":1380,"featured_media":0,"parent":727,"menu_order":0,"comment_status":"closed","ping_status":"closed","template":"","meta":{"footnotes":""},"class_list":["post-754","page","type-page","status-publish","hentry"],"_links":{"self":[{"href":"https:\/\/ent2d.ac-bordeaux.fr\/disciplines\/sei\/wp-json\/wp\/v2\/pages\/754","targetHints":{"allow":["GET"]}}],"collection":[{"href":"https:\/\/ent2d.ac-bordeaux.fr\/disciplines\/sei\/wp-json\/wp\/v2\/pages"}],"about":[{"href":"https:\/\/ent2d.ac-bordeaux.fr\/disciplines\/sei\/wp-json\/wp\/v2\/types\/page"}],"author":[{"embeddable":true,"href":"https:\/\/ent2d.ac-bordeaux.fr\/disciplines\/sei\/wp-json\/wp\/v2\/users\/1380"}],"replies":[{"embeddable":true,"href":"https:\/\/ent2d.ac-bordeaux.fr\/disciplines\/sei\/wp-json\/wp\/v2\/comments?post=754"}],"version-history":[{"count":7,"href":"https:\/\/ent2d.ac-bordeaux.fr\/disciplines\/sei\/wp-json\/wp\/v2\/pages\/754\/revisions"}],"predecessor-version":[{"id":977,"href":"https:\/\/ent2d.ac-bordeaux.fr\/disciplines\/sei\/wp-json\/wp\/v2\/pages\/754\/revisions\/977"}],"up":[{"embeddable":true,"href":"https:\/\/ent2d.ac-bordeaux.fr\/disciplines\/sei\/wp-json\/wp\/v2\/pages\/727"}],"wp:attachment":[{"href":"https:\/\/ent2d.ac-bordeaux.fr\/disciplines\/sei\/wp-json\/wp\/v2\/media?parent=754"}],"curies":[{"name":"wp","href":"https:\/\/api.w.org\/{rel}","templated":true}]}}