{"id":703,"date":"2025-07-25T12:22:49","date_gmt":"2025-07-25T10:22:49","guid":{"rendered":"https:\/\/ent2d.ac-bordeaux.fr\/disciplines\/sei\/?page_id=703"},"modified":"2025-10-14T18:16:45","modified_gmt":"2025-10-14T16:16:45","slug":"les-uema-et-ueea","status":"publish","type":"page","link":"https:\/\/ent2d.ac-bordeaux.fr\/disciplines\/sei\/la-scolarisation-des-eleves\/dispositifs-et-structures\/les-uema-et-ueea\/","title":{"rendered":"Les UEMA et UEEA"},"content":{"rendered":"\n<h3 class=\"wp-block-heading\"><strong>Pr\u00e9sentation des dispositifs: UEMA, UEEA, DAR&nbsp;<\/strong>:<\/h3>\n\n\n\n<p>Dans le cadre de la Strat\u00e9gie nationale pour l\u2019autisme au sein des troubles du neuro-d\u00e9veloppement 2018-2022, ont \u00e9t\u00e9 cr\u00e9\u00e9s 325 dispositifs sp\u00e9cifiques de scolarisation des \u00e9l\u00e8ves autistes \u00e0 l\u2019\u00e9cole. 110 dispositifs suppl\u00e9mentaires ouvrent \u00e0 la rentr\u00e9e 2023:&nbsp;&nbsp;<a rel=\"noreferrer noopener\" href=\"https:\/\/eduscol.education.fr\/3634\/ueea-uema-dispositifs-integres\" target=\"_blank\">https:\/\/eduscol.education.fr\/3634\/ueea-uema-dispositifs-integres<\/a><\/p>\n\n\n\n<p><strong>Carte des UEMA, UEEA et dispositifs DAR en Gironde (rentr\u00e9e 2024)\u00a0<\/strong><\/p>\n\n\n\n<div data-wp-interactive=\"core\/file\" class=\"wp-block-file\"><object data-wp-bind--hidden=\"!state.hasPdfPreview\" hidden class=\"wp-block-file__embed\" data=\"https:\/\/ent2d.ac-bordeaux.fr\/disciplines\/sei\/wp-content\/uploads\/sites\/78\/2025\/01\/Dispositifs-ULIS-DAR-UEEA-UEMA-R24.pdf\" type=\"application\/pdf\" style=\"width:100%;height:430px\" aria-label=\"Contenu embarqu\u00e9 Dispositifs ULIS DAR UEEA UEMA R24.\"><\/object><a id=\"wp-block-file--media-affbee9c-3344-4999-b54e-5718a2ee74b5\" href=\"https:\/\/ent2d.ac-bordeaux.fr\/disciplines\/sei\/wp-content\/uploads\/sites\/78\/2025\/01\/Dispositifs-ULIS-DAR-UEEA-UEMA-R24.pdf\" target=\"_blank\" rel=\"noreferrer noopener\">Dispositifs ULIS DAR UEEA UEMA R24<\/a><a href=\"https:\/\/ent2d.ac-bordeaux.fr\/disciplines\/sei\/wp-content\/uploads\/sites\/78\/2025\/01\/Dispositifs-ULIS-DAR-UEEA-UEMA-R24.pdf\" class=\"wp-block-file__button wp-element-button\" download aria-describedby=\"wp-block-file--media-affbee9c-3344-4999-b54e-5718a2ee74b5\">T\u00e9l\u00e9charger<\/a><\/div>\n","protected":false},"excerpt":{"rendered":"<p>Pr\u00e9sentation des dispositifs: UEMA, UEEA, DAR&nbsp;: Dans le cadre de la Strat\u00e9gie nationale pour l\u2019autisme au sein des troubles du neuro-d\u00e9veloppement 2018-2022, ont \u00e9t\u00e9 cr\u00e9\u00e9s 325 dispositifs sp\u00e9cifiques de scolarisation des \u00e9l\u00e8ves autistes \u00e0 l\u2019\u00e9cole. 110 dispositifs suppl\u00e9mentaires ouvrent \u00e0<\/p>\n","protected":false},"author":1380,"featured_media":0,"parent":706,"menu_order":0,"comment_status":"closed","ping_status":"closed","template":"","meta":{"footnotes":""},"class_list":["post-703","page","type-page","status-publish","hentry"],"_links":{"self":[{"href":"https:\/\/ent2d.ac-bordeaux.fr\/disciplines\/sei\/wp-json\/wp\/v2\/pages\/703","targetHints":{"allow":["GET"]}}],"collection":[{"href":"https:\/\/ent2d.ac-bordeaux.fr\/disciplines\/sei\/wp-json\/wp\/v2\/pages"}],"about":[{"href":"https:\/\/ent2d.ac-bordeaux.fr\/disciplines\/sei\/wp-json\/wp\/v2\/types\/page"}],"author":[{"embeddable":true,"href":"https:\/\/ent2d.ac-bordeaux.fr\/disciplines\/sei\/wp-json\/wp\/v2\/users\/1380"}],"replies":[{"embeddable":true,"href":"https:\/\/ent2d.ac-bordeaux.fr\/disciplines\/sei\/wp-json\/wp\/v2\/comments?post=703"}],"version-history":[{"count":2,"href":"https:\/\/ent2d.ac-bordeaux.fr\/disciplines\/sei\/wp-json\/wp\/v2\/pages\/703\/revisions"}],"predecessor-version":[{"id":918,"href":"https:\/\/ent2d.ac-bordeaux.fr\/disciplines\/sei\/wp-json\/wp\/v2\/pages\/703\/revisions\/918"}],"up":[{"embeddable":true,"href":"https:\/\/ent2d.ac-bordeaux.fr\/disciplines\/sei\/wp-json\/wp\/v2\/pages\/706"}],"wp:attachment":[{"href":"https:\/\/ent2d.ac-bordeaux.fr\/disciplines\/sei\/wp-json\/wp\/v2\/media?parent=703"}],"curies":[{"name":"wp","href":"https:\/\/api.w.org\/{rel}","templated":true}]}}