{"id":69,"date":"2023-06-09T15:12:40","date_gmt":"2023-06-09T13:12:40","guid":{"rendered":"https:\/\/ent2d.ac-bordeaux.fr\/disciplines\/sei\/?page_id=69"},"modified":"2025-09-23T18:01:31","modified_gmt":"2025-09-23T16:01:31","slug":"les-pials","status":"publish","type":"page","link":"https:\/\/ent2d.ac-bordeaux.fr\/disciplines\/sei\/lecole-inclusive-en-gironde\/les-pials\/","title":{"rendered":"LES PIAL"},"content":{"rendered":"\n<p>Les p\u00f4les inclusifs d\u2019accompagnement localis\u00e9s (<strong>PIAL<\/strong>) sont une nouvelle forme d\u2019organisation. Ils favorisent la coordination des ressources au plus pr\u00e8s des \u00e9l\u00e8ves en situation de handicap (les aides humaines, p\u00e9dagogiques, \u00e9ducatives, et, \u00e0 terme, th\u00e9rapeutiques) pour une meilleure prise en compte de leurs besoins. (<em>education.gouv.fr \u2013 Le PIAL<\/em>)<\/p>\n\n\n\n<figure class=\"wp-block-image size-full is-resized\"><a href=\"http:\/\/umap.openstreetmap.fr\/fr\/map\/implantation-des-pial-en-gironde-rentree-scolaire-_520768#9\/44.9687\/-0.4752\" target=\"_blank\" rel=\"noreferrer noopener\"><img loading=\"lazy\" decoding=\"async\" width=\"659\" height=\"768\" src=\"https:\/\/ent2d.ac-bordeaux.fr\/disciplines\/sei\/wp-content\/uploads\/sites\/78\/2023\/11\/carte-pial.jpg\" alt=\"\" class=\"wp-image-387\" style=\"width:340px;height:auto\" srcset=\"https:\/\/ent2d.ac-bordeaux.fr\/disciplines\/sei\/wp-content\/uploads\/sites\/78\/2023\/11\/carte-pial.jpg 659w, https:\/\/ent2d.ac-bordeaux.fr\/disciplines\/sei\/wp-content\/uploads\/sites\/78\/2023\/11\/carte-pial-257x300.jpg 257w\" sizes=\"auto, (max-width: 659px) 100vw, 659px\" \/><\/a><\/figure>\n\n\n\n<blockquote class=\"wp-block-quote is-layout-flow wp-block-quote-is-layout-flow\">\n<p class=\"has-vivid-cyan-blue-color has-text-color has-link-color has-medium-font-size wp-elements-ed93abd60e9d6825b5f6b8372bfc0544\"><em>COORDONN\u00c9ES DES PIAL R25<\/em><\/p>\n<\/blockquote>\n\n\n\n<div data-wp-interactive=\"core\/file\" class=\"wp-block-file\"><object data-wp-bind--hidden=\"!state.hasPdfPreview\" hidden class=\"wp-block-file__embed\" data=\"https:\/\/ent2d.ac-bordeaux.fr\/disciplines\/sei\/wp-content\/uploads\/sites\/78\/2025\/09\/mails-pial-pas-R25.pdf\" type=\"application\/pdf\" style=\"width:100%;height:600px\" aria-label=\"Contenu embarqu\u00e9 mails-pial-pas-R25.\"><\/object><a id=\"wp-block-file--media-c0a5e8ec-a451-49df-8a99-a1bc0b223812\" href=\"https:\/\/ent2d.ac-bordeaux.fr\/disciplines\/sei\/wp-content\/uploads\/sites\/78\/2025\/09\/mails-pial-pas-R25.pdf\" target=\"_blank\" rel=\"noreferrer noopener\">mails-pial-pas-R25<\/a><a href=\"https:\/\/ent2d.ac-bordeaux.fr\/disciplines\/sei\/wp-content\/uploads\/sites\/78\/2025\/09\/mails-pial-pas-R25.pdf\" class=\"wp-block-file__button wp-element-button\" download aria-describedby=\"wp-block-file--media-c0a5e8ec-a451-49df-8a99-a1bc0b223812\">T\u00e9l\u00e9charger<\/a><\/div>\n","protected":false},"excerpt":{"rendered":"<p>Les p\u00f4les inclusifs d\u2019accompagnement localis\u00e9s (PIAL) sont une nouvelle forme d\u2019organisation. Ils favorisent la coordination des ressources au plus pr\u00e8s des \u00e9l\u00e8ves en situation de handicap (les aides humaines, p\u00e9dagogiques, \u00e9ducatives, et, \u00e0 terme, th\u00e9rapeutiques) pour une meilleure prise en<\/p>\n","protected":false},"author":1380,"featured_media":0,"parent":677,"menu_order":0,"comment_status":"closed","ping_status":"closed","template":"","meta":{"footnotes":""},"class_list":["post-69","page","type-page","status-publish","hentry"],"_links":{"self":[{"href":"https:\/\/ent2d.ac-bordeaux.fr\/disciplines\/sei\/wp-json\/wp\/v2\/pages\/69","targetHints":{"allow":["GET"]}}],"collection":[{"href":"https:\/\/ent2d.ac-bordeaux.fr\/disciplines\/sei\/wp-json\/wp\/v2\/pages"}],"about":[{"href":"https:\/\/ent2d.ac-bordeaux.fr\/disciplines\/sei\/wp-json\/wp\/v2\/types\/page"}],"author":[{"embeddable":true,"href":"https:\/\/ent2d.ac-bordeaux.fr\/disciplines\/sei\/wp-json\/wp\/v2\/users\/1380"}],"replies":[{"embeddable":true,"href":"https:\/\/ent2d.ac-bordeaux.fr\/disciplines\/sei\/wp-json\/wp\/v2\/comments?post=69"}],"version-history":[{"count":9,"href":"https:\/\/ent2d.ac-bordeaux.fr\/disciplines\/sei\/wp-json\/wp\/v2\/pages\/69\/revisions"}],"predecessor-version":[{"id":900,"href":"https:\/\/ent2d.ac-bordeaux.fr\/disciplines\/sei\/wp-json\/wp\/v2\/pages\/69\/revisions\/900"}],"up":[{"embeddable":true,"href":"https:\/\/ent2d.ac-bordeaux.fr\/disciplines\/sei\/wp-json\/wp\/v2\/pages\/677"}],"wp:attachment":[{"href":"https:\/\/ent2d.ac-bordeaux.fr\/disciplines\/sei\/wp-json\/wp\/v2\/media?parent=69"}],"curies":[{"name":"wp","href":"https:\/\/api.w.org\/{rel}","templated":true}]}}