{"id":688,"date":"2025-07-25T10:54:23","date_gmt":"2025-07-25T08:54:23","guid":{"rendered":"https:\/\/ent2d.ac-bordeaux.fr\/disciplines\/sei\/?page_id=688"},"modified":"2025-09-09T15:19:51","modified_gmt":"2025-09-09T13:19:51","slug":"textes-de-reference-2","status":"publish","type":"page","link":"https:\/\/ent2d.ac-bordeaux.fr\/disciplines\/sei\/lecole-inclusive-en-gironde\/documents-et-textes-de-reference\/textes-de-reference-2\/","title":{"rendered":"Textes de r\u00e9f\u00e9rence"},"content":{"rendered":"\n<blockquote class=\"wp-block-quote is-layout-flow wp-block-quote-is-layout-flow\">\n<p class=\"has-black-color has-text-color has-link-color has-medium-font-size wp-elements-9fe75ffc643cbf8f82bacc94c133dc2a\" style=\"text-transform:uppercase\"><em><a href=\"https:\/\/ent2d.ac-bordeaux.fr\/disciplines\/sei\/lecole-inclusive-en-gironde\/documents-et-textes-de-reference\/textes-de-reference-2\/circulaire-de-rentree-2025\/\">CIRCULAIRE DE rentr\u00e9e 2025<\/a><\/em><\/p>\n<\/blockquote>\n\n\n\n<blockquote class=\"wp-block-quote is-layout-flow wp-block-quote-is-layout-flow\">\n<p class=\"has-black-color has-text-color has-link-color has-medium-font-size wp-elements-92820c492e61ef40fe17d04fb910a036\" style=\"text-transform:uppercase\"><em><em><a href=\"https:\/\/ent2d.ac-bordeaux.fr\/disciplines\/sei\/lecole-inclusive-en-gironde\/documents-et-textes-de-reference\/textes-de-reference-2\/859-2\/\">TEXTES DE R\u00e9f\u00e9rence \u00e9cole inclusive : \u00e9duscol<\/a><\/em><\/em><\/p>\n<\/blockquote>\n\n\n\n<blockquote class=\"wp-block-quote is-layout-flow wp-block-quote-is-layout-flow\">\n<p class=\"has-black-color has-text-color has-link-color has-medium-font-size wp-elements-09419c466e3a057132b0e5b26b72e7b8\"><em><a href=\"https:\/\/ent2d.ac-bordeaux.fr\/disciplines\/sei\/wp-admin\/post.php?post=617&amp;action=edit\">ACTE II DE L\u2019\u00c9COLE INCLUSIVE<\/a><\/em><\/p>\n<\/blockquote>\n\n\n\n<blockquote class=\"wp-block-quote is-layout-flow wp-block-quote-is-layout-flow\">\n<p class=\"has-black-color has-text-color has-link-color has-medium-font-size wp-elements-a7fc6ad19bd69d24dbf933e4a7a45f2e\" style=\"text-transform:uppercase\"><em><a href=\"https:\/\/ent2d.ac-bordeaux.fr\/disciplines\/sei\/lecole-inclusive-en-gironde\/documents-et-textes-de-reference\/textes-de-reference-2\/testes-officiels-et-nds\/\">am\u00e9nagement des examens<\/a><\/em><\/p>\n<\/blockquote>\n","protected":false},"excerpt":{"rendered":"<p>CIRCULAIRE DE rentr\u00e9e 2025 TEXTES DE R\u00e9f\u00e9rence \u00e9cole inclusive : \u00e9duscol ACTE II DE L\u2019\u00c9COLE INCLUSIVE am\u00e9nagement des examens<\/p>\n","protected":false},"author":1380,"featured_media":0,"parent":684,"menu_order":-1,"comment_status":"closed","ping_status":"closed","template":"","meta":{"footnotes":""},"class_list":["post-688","page","type-page","status-publish","hentry"],"_links":{"self":[{"href":"https:\/\/ent2d.ac-bordeaux.fr\/disciplines\/sei\/wp-json\/wp\/v2\/pages\/688","targetHints":{"allow":["GET"]}}],"collection":[{"href":"https:\/\/ent2d.ac-bordeaux.fr\/disciplines\/sei\/wp-json\/wp\/v2\/pages"}],"about":[{"href":"https:\/\/ent2d.ac-bordeaux.fr\/disciplines\/sei\/wp-json\/wp\/v2\/types\/page"}],"author":[{"embeddable":true,"href":"https:\/\/ent2d.ac-bordeaux.fr\/disciplines\/sei\/wp-json\/wp\/v2\/users\/1380"}],"replies":[{"embeddable":true,"href":"https:\/\/ent2d.ac-bordeaux.fr\/disciplines\/sei\/wp-json\/wp\/v2\/comments?post=688"}],"version-history":[{"count":8,"href":"https:\/\/ent2d.ac-bordeaux.fr\/disciplines\/sei\/wp-json\/wp\/v2\/pages\/688\/revisions"}],"predecessor-version":[{"id":891,"href":"https:\/\/ent2d.ac-bordeaux.fr\/disciplines\/sei\/wp-json\/wp\/v2\/pages\/688\/revisions\/891"}],"up":[{"embeddable":true,"href":"https:\/\/ent2d.ac-bordeaux.fr\/disciplines\/sei\/wp-json\/wp\/v2\/pages\/684"}],"wp:attachment":[{"href":"https:\/\/ent2d.ac-bordeaux.fr\/disciplines\/sei\/wp-json\/wp\/v2\/media?parent=688"}],"curies":[{"name":"wp","href":"https:\/\/api.w.org\/{rel}","templated":true}]}}