{"id":684,"date":"2025-07-25T10:48:32","date_gmt":"2025-07-25T08:48:32","guid":{"rendered":"https:\/\/ent2d.ac-bordeaux.fr\/disciplines\/sei\/?page_id=684"},"modified":"2025-09-09T11:28:44","modified_gmt":"2025-09-09T09:28:44","slug":"documents-et-textes-de-reference","status":"publish","type":"page","link":"https:\/\/ent2d.ac-bordeaux.fr\/disciplines\/sei\/lecole-inclusive-en-gironde\/documents-et-textes-de-reference\/","title":{"rendered":"Documents et textes de r\u00e9f\u00e9rence"},"content":{"rendered":"\n<blockquote class=\"wp-block-quote is-layout-flow wp-block-quote-is-layout-flow\">\n<p class=\"has-black-color has-text-color has-link-color has-medium-font-size wp-elements-d8ca2fc9703d8830957518ec602c45bd\" style=\"text-transform:uppercase\"><em>TEXTES DE r\u00e9f\u00e9rence RELATIFS \u00e0 l&rsquo;\u00e9cole inclusive<\/em><p class=\"has-black-color has-text-color has-link-color has-medium-font-size\"><\/p><\/p>\n<\/blockquote>\n\n\n\n<p class=\"has-black-color has-text-color has-link-color wp-elements-f9b2600278f8b2b99306dcc93255bf03\"><a href=\"https:\/\/eduscol.education.fr\/1137\/ecole-inclusive\" target=\"_blank\" rel=\"noreferrer noopener\"><strong>Lien vers la page Eduscol : Ecole inclusive <\/strong><\/a><\/p>\n","protected":false},"excerpt":{"rendered":"<p>TEXTES DE r\u00e9f\u00e9rence RELATIFS \u00e0 l&rsquo;\u00e9cole inclusive Lien vers la page Eduscol : Ecole inclusive<\/p>\n","protected":false},"author":1380,"featured_media":0,"parent":677,"menu_order":0,"comment_status":"closed","ping_status":"closed","template":"","meta":{"footnotes":""},"class_list":["post-684","page","type-page","status-publish","hentry"],"_links":{"self":[{"href":"https:\/\/ent2d.ac-bordeaux.fr\/disciplines\/sei\/wp-json\/wp\/v2\/pages\/684","targetHints":{"allow":["GET"]}}],"collection":[{"href":"https:\/\/ent2d.ac-bordeaux.fr\/disciplines\/sei\/wp-json\/wp\/v2\/pages"}],"about":[{"href":"https:\/\/ent2d.ac-bordeaux.fr\/disciplines\/sei\/wp-json\/wp\/v2\/types\/page"}],"author":[{"embeddable":true,"href":"https:\/\/ent2d.ac-bordeaux.fr\/disciplines\/sei\/wp-json\/wp\/v2\/users\/1380"}],"replies":[{"embeddable":true,"href":"https:\/\/ent2d.ac-bordeaux.fr\/disciplines\/sei\/wp-json\/wp\/v2\/comments?post=684"}],"version-history":[{"count":5,"href":"https:\/\/ent2d.ac-bordeaux.fr\/disciplines\/sei\/wp-json\/wp\/v2\/pages\/684\/revisions"}],"predecessor-version":[{"id":857,"href":"https:\/\/ent2d.ac-bordeaux.fr\/disciplines\/sei\/wp-json\/wp\/v2\/pages\/684\/revisions\/857"}],"up":[{"embeddable":true,"href":"https:\/\/ent2d.ac-bordeaux.fr\/disciplines\/sei\/wp-json\/wp\/v2\/pages\/677"}],"wp:attachment":[{"href":"https:\/\/ent2d.ac-bordeaux.fr\/disciplines\/sei\/wp-json\/wp\/v2\/media?parent=684"}],"curies":[{"name":"wp","href":"https:\/\/api.w.org\/{rel}","templated":true}]}}