{"id":67,"date":"2023-06-09T15:12:25","date_gmt":"2023-06-09T13:12:25","guid":{"rendered":"https:\/\/ent2d.ac-bordeaux.fr\/disciplines\/sei\/?page_id=67"},"modified":"2025-09-09T14:10:57","modified_gmt":"2025-09-09T12:10:57","slug":"testes-officiels-et-nds","status":"publish","type":"page","link":"https:\/\/ent2d.ac-bordeaux.fr\/disciplines\/sei\/lecole-inclusive-en-gironde\/documents-et-textes-de-reference\/textes-de-reference-2\/testes-officiels-et-nds\/","title":{"rendered":"Am\u00e9nagement aux examens"},"content":{"rendered":"\n<blockquote class=\"wp-block-quote is-layout-flow wp-block-quote-is-layout-flow\">\n<p class=\"has-black-color has-text-color has-link-color has-medium-font-size wp-elements-3cf8505c4338692849a104984cf1e0b2\" style=\"text-transform:uppercase\"><em>PAGE \u00e9duscol<\/em><\/p>\n<\/blockquote>\n\n\n\n<p class=\"has-black-color has-text-color has-link-color wp-elements-58d351cc5b38589d081324444063e489\">Vous trouverez ci-dessous le lien vers la page \u00e9duscol \u00ab\u00a0Les am\u00e9nagements d&rsquo;examens pour les \u00e9l\u00e8ves en situation de handicap\u00a0\u00bb :<\/p>\n\n\n\n<p class=\"has-vivid-cyan-blue-color has-text-color has-link-color wp-elements-e28b952a660241ec97e11232ef70b3e1\">Lien vers : <strong><a href=\"https:\/\/eduscol.education.fr\/1224\/les-amenagements-d-examens-pour-les-eleves-en-situation-de-handicap\">Les am\u00e9nagements d&rsquo;examens pour les \u00e9l\u00e8ves en situation de handicap<\/a><\/strong><\/p>\n\n\n\n<hr class=\"wp-block-separator has-alpha-channel-opacity\" \/>\n\n\n\n<blockquote class=\"wp-block-quote is-layout-flow wp-block-quote-is-layout-flow\">\n<p class=\"has-black-color has-text-color has-link-color has-medium-font-size wp-elements-cb8250e15abbd43b157e7e59fd3d56ca\"><em>GUIDE D&rsquo;ACCOMPAGNEMENT <\/em><\/p>\n<\/blockquote>\n\n\n\n<p class=\"has-black-color has-text-color has-link-color wp-elements-07d140df897be638cc44f1d88b972dbe\">Vous trouverez ci-dessous le Guide d&rsquo;accompagnement \u00ab\u00a0Demandes d&rsquo;am\u00e9nagement aux examens 2024-2025\u00a0\u00bb (Acad\u00e9mie de Dijon) :<\/p>\n\n\n\n<div data-wp-interactive=\"core\/file\" class=\"wp-block-file\"><object data-wp-bind--hidden=\"!state.hasPdfPreview\" hidden class=\"wp-block-file__embed\" data=\"https:\/\/ent2d.ac-bordeaux.fr\/disciplines\/sei\/wp-content\/uploads\/sites\/78\/2025\/02\/Guide-amenagement-examens_-academie-Dijon-6.pdf\" type=\"application\/pdf\" style=\"width:100%;height:600px\" aria-label=\"Contenu embarqu\u00e9 Guide-amenagement-examens_-academie-Dijon-6.\"><\/object><a id=\"wp-block-file--media-0622fb44-0d6c-4cd3-a4c2-791087703e2b\" href=\"https:\/\/ent2d.ac-bordeaux.fr\/disciplines\/sei\/wp-content\/uploads\/sites\/78\/2025\/02\/Guide-amenagement-examens_-academie-Dijon-6.pdf\" target=\"_blank\" rel=\"noreferrer noopener\">Guide-amenagement-examens_-academie-Dijon-6<\/a><a href=\"https:\/\/ent2d.ac-bordeaux.fr\/disciplines\/sei\/wp-content\/uploads\/sites\/78\/2025\/02\/Guide-amenagement-examens_-academie-Dijon-6.pdf\" class=\"wp-block-file__button wp-element-button\" download aria-describedby=\"wp-block-file--media-0622fb44-0d6c-4cd3-a4c2-791087703e2b\">T\u00e9l\u00e9charger<\/a><\/div>\n","protected":false},"excerpt":{"rendered":"<p>PAGE \u00e9duscol Vous trouverez ci-dessous le lien vers la page \u00e9duscol \u00ab\u00a0Les am\u00e9nagements d&rsquo;examens pour les \u00e9l\u00e8ves en situation de handicap\u00a0\u00bb : Lien vers : Les am\u00e9nagements d&rsquo;examens pour les \u00e9l\u00e8ves en situation de handicap GUIDE D&rsquo;ACCOMPAGNEMENT Vous trouverez ci-dessous<\/p>\n","protected":false},"author":1380,"featured_media":0,"parent":688,"menu_order":2,"comment_status":"closed","ping_status":"closed","template":"","meta":{"footnotes":""},"class_list":["post-67","page","type-page","status-publish","hentry"],"_links":{"self":[{"href":"https:\/\/ent2d.ac-bordeaux.fr\/disciplines\/sei\/wp-json\/wp\/v2\/pages\/67","targetHints":{"allow":["GET"]}}],"collection":[{"href":"https:\/\/ent2d.ac-bordeaux.fr\/disciplines\/sei\/wp-json\/wp\/v2\/pages"}],"about":[{"href":"https:\/\/ent2d.ac-bordeaux.fr\/disciplines\/sei\/wp-json\/wp\/v2\/types\/page"}],"author":[{"embeddable":true,"href":"https:\/\/ent2d.ac-bordeaux.fr\/disciplines\/sei\/wp-json\/wp\/v2\/users\/1380"}],"replies":[{"embeddable":true,"href":"https:\/\/ent2d.ac-bordeaux.fr\/disciplines\/sei\/wp-json\/wp\/v2\/comments?post=67"}],"version-history":[{"count":4,"href":"https:\/\/ent2d.ac-bordeaux.fr\/disciplines\/sei\/wp-json\/wp\/v2\/pages\/67\/revisions"}],"predecessor-version":[{"id":878,"href":"https:\/\/ent2d.ac-bordeaux.fr\/disciplines\/sei\/wp-json\/wp\/v2\/pages\/67\/revisions\/878"}],"up":[{"embeddable":true,"href":"https:\/\/ent2d.ac-bordeaux.fr\/disciplines\/sei\/wp-json\/wp\/v2\/pages\/688"}],"wp:attachment":[{"href":"https:\/\/ent2d.ac-bordeaux.fr\/disciplines\/sei\/wp-json\/wp\/v2\/media?parent=67"}],"curies":[{"name":"wp","href":"https:\/\/api.w.org\/{rel}","templated":true}]}}