{"id":627,"date":"2025-04-07T09:47:07","date_gmt":"2025-04-07T07:47:07","guid":{"rendered":"https:\/\/ent2d.ac-bordeaux.fr\/disciplines\/sei\/?page_id=627"},"modified":"2025-09-09T14:52:16","modified_gmt":"2025-09-09T12:52:16","slug":"mopps","status":"publish","type":"page","link":"https:\/\/ent2d.ac-bordeaux.fr\/disciplines\/sei\/lecole-inclusive-en-gironde\/documents-et-textes-de-reference\/documents-institutionnels\/mopps\/","title":{"rendered":"Les documents de mise en \u0153uvre du PPS (MOPPS)"},"content":{"rendered":"\n<blockquote class=\"wp-block-quote is-layout-flow wp-block-quote-is-layout-flow\">\n<p class=\"has-black-color has-text-color has-link-color has-medium-font-size wp-elements-52d8ccbe20c07f3d93d0023289c5830e\"><em>DOCUMENTS DE MISE EN \u0152UVRE DU PPS : MOPPS 1ER ET 2ND DEGR\u00c9 <\/em><\/p>\n<\/blockquote>\n\n\n\n<p class=\"has-black-color has-text-color has-link-color wp-elements-07f363d0063cfc1ac26e23ac944920c7\">Le document de mise en \u0153uvre du PPS a vocation \u00e0 formaliser la mise en \u0153uvre des d\u00e9cisions, pr\u00e9conisations, priorit\u00e9s et objectifs inscrits dans le PPS dont il reprend la trame. Il est renseign\u00e9 par l\u2019enseignant ou l\u2019\u00e9quipe enseignante de l\u2019\u00e9l\u00e8ve et traduit les d\u00e9cisions et pr\u00e9conisations du PPS en am\u00e9nagements et adaptations p\u00e9dagogiques.<\/p>\n\n\n\n<p class=\"has-vivid-cyan-blue-color has-text-color has-link-color wp-elements-b2ce550bd1a3cfef2017f4db8bb282b7\">La <a href=\"https:\/\/www.education.gouv.fr\/bo\/16\/Hebdo30\/MENE%201612034C.htm\"><strong>circulaire n\u00b0<\/strong><\/a><a href=\"https:\/\/www.education.gouv.fr\/bo\/16\/Hebdo30\/MENE%201612034C.htm\" target=\"_blank\" rel=\"noreferrer noopener\"><strong>2016<\/strong><\/a><a href=\"https:\/\/www.education.gouv.fr\/bo\/16\/Hebdo30\/MENE%201612034C.htm\"><strong>&#8211;<\/strong><\/a><a href=\"https:\/\/www.education.gouv.fr\/bo\/16\/Hebdo30\/MENE%201612034C.htm\" target=\"_blank\" rel=\"noreferrer noopener\"><strong>117<\/strong><\/a> propose un document de mise en \u0153uvre des pr\u00e9conisations du PPS en terme d\u2019am\u00e9nagement et d\u2019adaptations p\u00e9dagogiques.<\/p>\n\n\n\n<div class=\"wp-block-file\"><a id=\"wp-block-file--media-691059ca-7c79-46ba-90ae-71c41672fafa\" href=\"https:\/\/ent2d.ac-bordeaux.fr\/disciplines\/sei\/wp-content\/uploads\/sites\/78\/2024\/06\/mopps_maternelle-modifiable.pdf\" target=\"_blank\" rel=\"noreferrer noopener\"><strong>MOPPS Maternelle<\/strong><\/a><a href=\"https:\/\/ent2d.ac-bordeaux.fr\/disciplines\/sei\/wp-content\/uploads\/sites\/78\/2024\/06\/mopps_maternelle-modifiable.pdf\" class=\"wp-block-file__button wp-element-button\" download aria-describedby=\"wp-block-file--media-691059ca-7c79-46ba-90ae-71c41672fafa\">T\u00e9l\u00e9charger<\/a><\/div>\n\n\n\n<hr class=\"wp-block-separator has-alpha-channel-opacity\" \/>\n\n\n\n<div class=\"wp-block-file has-white-background-color has-background\"><a id=\"wp-block-file--media-531d1208-d6d9-4185-a767-420f283079be\" href=\"https:\/\/ent2d.ac-bordeaux.fr\/disciplines\/sei\/wp-content\/uploads\/sites\/78\/2024\/06\/mopps_elementaire-modifiable.pdf\" target=\"_blank\" rel=\"noreferrer noopener\"><strong>MOPPS El\u00e9mentaire<\/strong><\/a><a href=\"https:\/\/ent2d.ac-bordeaux.fr\/disciplines\/sei\/wp-content\/uploads\/sites\/78\/2024\/06\/mopps_elementaire-modifiable.pdf\" class=\"wp-block-file__button wp-element-button\" download aria-describedby=\"wp-block-file--media-531d1208-d6d9-4185-a767-420f283079be\">T\u00e9l\u00e9charger<\/a><\/div>\n\n\n\n<hr class=\"wp-block-separator has-alpha-channel-opacity\" \/>\n\n\n\n<div class=\"wp-block-file\"><a id=\"wp-block-file--media-72fd81be-4c5c-4f76-92dc-2355790fbc04\" href=\"https:\/\/ent2d.ac-bordeaux.fr\/disciplines\/sei\/wp-content\/uploads\/sites\/78\/2024\/06\/mopps_2nd_degre-modifiable.pdf\" target=\"_blank\" rel=\"noreferrer noopener\"><strong>MOPPS 2nd degr\u00e9<\/strong><\/a><a href=\"https:\/\/ent2d.ac-bordeaux.fr\/disciplines\/sei\/wp-content\/uploads\/sites\/78\/2024\/06\/mopps_2nd_degre-modifiable.pdf\" class=\"wp-block-file__button wp-element-button\" download aria-describedby=\"wp-block-file--media-72fd81be-4c5c-4f76-92dc-2355790fbc04\">T\u00e9l\u00e9charger<\/a><\/div>\n","protected":false},"excerpt":{"rendered":"<p>DOCUMENTS DE MISE EN \u0152UVRE DU PPS : MOPPS 1ER ET 2ND DEGR\u00c9 Le document de mise en \u0153uvre du PPS a vocation \u00e0 formaliser la mise en \u0153uvre des d\u00e9cisions, pr\u00e9conisations, priorit\u00e9s et objectifs inscrits dans le PPS dont<\/p>\n","protected":false},"author":2489,"featured_media":0,"parent":496,"menu_order":0,"comment_status":"closed","ping_status":"closed","template":"","meta":{"footnotes":""},"class_list":["post-627","page","type-page","status-publish","hentry"],"_links":{"self":[{"href":"https:\/\/ent2d.ac-bordeaux.fr\/disciplines\/sei\/wp-json\/wp\/v2\/pages\/627","targetHints":{"allow":["GET"]}}],"collection":[{"href":"https:\/\/ent2d.ac-bordeaux.fr\/disciplines\/sei\/wp-json\/wp\/v2\/pages"}],"about":[{"href":"https:\/\/ent2d.ac-bordeaux.fr\/disciplines\/sei\/wp-json\/wp\/v2\/types\/page"}],"author":[{"embeddable":true,"href":"https:\/\/ent2d.ac-bordeaux.fr\/disciplines\/sei\/wp-json\/wp\/v2\/users\/2489"}],"replies":[{"embeddable":true,"href":"https:\/\/ent2d.ac-bordeaux.fr\/disciplines\/sei\/wp-json\/wp\/v2\/comments?post=627"}],"version-history":[{"count":3,"href":"https:\/\/ent2d.ac-bordeaux.fr\/disciplines\/sei\/wp-json\/wp\/v2\/pages\/627\/revisions"}],"predecessor-version":[{"id":886,"href":"https:\/\/ent2d.ac-bordeaux.fr\/disciplines\/sei\/wp-json\/wp\/v2\/pages\/627\/revisions\/886"}],"up":[{"embeddable":true,"href":"https:\/\/ent2d.ac-bordeaux.fr\/disciplines\/sei\/wp-json\/wp\/v2\/pages\/496"}],"wp:attachment":[{"href":"https:\/\/ent2d.ac-bordeaux.fr\/disciplines\/sei\/wp-json\/wp\/v2\/media?parent=627"}],"curies":[{"name":"wp","href":"https:\/\/api.w.org\/{rel}","templated":true}]}}