{"id":617,"date":"2025-04-07T09:16:47","date_gmt":"2025-04-07T07:16:47","guid":{"rendered":"https:\/\/ent2d.ac-bordeaux.fr\/disciplines\/sei\/?page_id=617"},"modified":"2025-09-09T15:21:32","modified_gmt":"2025-09-09T13:21:32","slug":"acte-ii-de-lecole-inclusive","status":"publish","type":"page","link":"https:\/\/ent2d.ac-bordeaux.fr\/disciplines\/sei\/lecole-inclusive-en-gironde\/documents-et-textes-de-reference\/textes-de-reference-2\/acte-ii-de-lecole-inclusive\/","title":{"rendered":"Acte II de l\u2019\u00c9cole Inclusive"},"content":{"rendered":"\n<p>La Conf\u00e9rence nationale du handicap (CNH) d\u2019avril 2023 a annonc\u00e9 douze mesures pour am\u00e9liorer la scolarit\u00e9 des enfants en situation de handicap. Le rapport, apr\u00e8s avoir fait le constat de r\u00e9elles avanc\u00e9es de l\u2019\u00e9cole inclusive, met en exergue de nouveaux enjeux.<\/p>\n\n\n\n<div data-wp-interactive=\"core\/file\" class=\"wp-block-file\"><object data-wp-bind--hidden=\"!state.hasPdfPreview\" hidden class=\"wp-block-file__embed\" data=\"https:\/\/ent2d.ac-bordeaux.fr\/disciplines\/sei\/wp-content\/uploads\/sites\/78\/2025\/03\/Rapport-Igas-IGESR-acte-II-ecole-inclusive-2025.pdf\" type=\"application\/pdf\" style=\"width:100%;height:600px\" aria-label=\"Contenu embarqu\u00e9 Rapport Igas-IG\u00c9SR acte II-\u00e9cole inclusive (2025).\"><\/object><a id=\"wp-block-file--media-9fee747f-29c5-4d2e-a513-fb42121f5491\" href=\"https:\/\/ent2d.ac-bordeaux.fr\/disciplines\/sei\/wp-content\/uploads\/sites\/78\/2025\/03\/Rapport-Igas-IGESR-acte-II-ecole-inclusive-2025.pdf\" target=\"_blank\" rel=\"noreferrer noopener\">Rapport Igas-IG\u00c9SR acte II-\u00e9cole inclusive (2025)<\/a><a href=\"https:\/\/ent2d.ac-bordeaux.fr\/disciplines\/sei\/wp-content\/uploads\/sites\/78\/2025\/03\/Rapport-Igas-IGESR-acte-II-ecole-inclusive-2025.pdf\" class=\"wp-block-file__button wp-element-button\" download aria-describedby=\"wp-block-file--media-9fee747f-29c5-4d2e-a513-fb42121f5491\">T\u00e9l\u00e9charger<\/a><\/div>\n","protected":false},"excerpt":{"rendered":"<p>La Conf\u00e9rence nationale du handicap (CNH) d\u2019avril 2023 a annonc\u00e9 douze mesures pour am\u00e9liorer la scolarit\u00e9 des enfants en situation de handicap. Le rapport, apr\u00e8s avoir fait le constat de r\u00e9elles avanc\u00e9es de l\u2019\u00e9cole inclusive, met en exergue de nouveaux<\/p>\n","protected":false},"author":2489,"featured_media":0,"parent":688,"menu_order":2,"comment_status":"closed","ping_status":"closed","template":"","meta":{"footnotes":""},"class_list":["post-617","page","type-page","status-publish","hentry"],"_links":{"self":[{"href":"https:\/\/ent2d.ac-bordeaux.fr\/disciplines\/sei\/wp-json\/wp\/v2\/pages\/617","targetHints":{"allow":["GET"]}}],"collection":[{"href":"https:\/\/ent2d.ac-bordeaux.fr\/disciplines\/sei\/wp-json\/wp\/v2\/pages"}],"about":[{"href":"https:\/\/ent2d.ac-bordeaux.fr\/disciplines\/sei\/wp-json\/wp\/v2\/types\/page"}],"author":[{"embeddable":true,"href":"https:\/\/ent2d.ac-bordeaux.fr\/disciplines\/sei\/wp-json\/wp\/v2\/users\/2489"}],"replies":[{"embeddable":true,"href":"https:\/\/ent2d.ac-bordeaux.fr\/disciplines\/sei\/wp-json\/wp\/v2\/comments?post=617"}],"version-history":[{"count":1,"href":"https:\/\/ent2d.ac-bordeaux.fr\/disciplines\/sei\/wp-json\/wp\/v2\/pages\/617\/revisions"}],"predecessor-version":[{"id":618,"href":"https:\/\/ent2d.ac-bordeaux.fr\/disciplines\/sei\/wp-json\/wp\/v2\/pages\/617\/revisions\/618"}],"up":[{"embeddable":true,"href":"https:\/\/ent2d.ac-bordeaux.fr\/disciplines\/sei\/wp-json\/wp\/v2\/pages\/688"}],"wp:attachment":[{"href":"https:\/\/ent2d.ac-bordeaux.fr\/disciplines\/sei\/wp-json\/wp\/v2\/media?parent=617"}],"curies":[{"name":"wp","href":"https:\/\/api.w.org\/{rel}","templated":true}]}}