{"id":539,"date":"2024-09-17T19:26:44","date_gmt":"2024-09-17T17:26:44","guid":{"rendered":"https:\/\/ent2d.ac-bordeaux.fr\/disciplines\/sei\/?page_id=539"},"modified":"2025-10-14T18:25:18","modified_gmt":"2025-10-14T16:25:18","slug":"livret-parcours-inclusif-lpi","status":"publish","type":"page","link":"https:\/\/ent2d.ac-bordeaux.fr\/disciplines\/sei\/lecole-inclusive-en-gironde\/documents-et-textes-de-reference\/documents-institutionnels\/livret-parcours-inclusif-lpi\/","title":{"rendered":"Livret Parcours Inclusif (LPI)"},"content":{"rendered":"\n<div class=\"wp-block-columns is-layout-flex wp-container-core-columns-is-layout-9d6595d7 wp-block-columns-is-layout-flex\">\n<div class=\"wp-block-column is-layout-flow wp-block-column-is-layout-flow\" style=\"flex-basis:100%\">\n\n<p><span style=\"font-size: 11.0pt;line-height: 115%\">Con\u00e7u pour tous les professionnels qui accompagnent l\u2019\u00e9l\u00e8ve dans sa scolarit\u00e9 (enseignants, directeurs et chefs d\u2019\u00e9tablissement, m\u00e9decins de l\u2019\u00e9ducation nationale, professionnels des MDPH\u2026) le livret de parcours inclusif est une application num\u00e9rique accessible, depuis un ordinateur, qui vise \u00e0 faciliter :<\/span><\/p>\n<ul>\n<li class=\"Cartable\" style=\"text-align: left;text-indent: -18pt;line-height: normal\"><span style=\"font-size: 11.0pt;font-family: Symbol\"><span>\u00b7<span style=\"font: 7.0pt 'Times New Roman'\">\u00a0\u00a0\u00a0\u00a0\u00a0\u00a0\u00a0 <\/span><\/span><\/span><span style=\"font-size: 11.0pt\">La mise en place rapide et effective des am\u00e9nagements et adaptations ;<\/span><\/li>\n<li class=\"Cartable\" style=\"text-align: left;text-indent: -18pt;line-height: normal\"><span style=\"font-size: 11.0pt;font-family: Symbol\"><span>\u00b7<span style=\"font: 7.0pt 'Times New Roman'\">\u00a0\u00a0\u00a0\u00a0\u00a0\u00a0\u00a0 <\/span><\/span><\/span><span style=\"font-size: 11.0pt\">\n\n\nLa simplification des proc\u00e9dures de renseignement et d\u2019\u00e9dition des plans et projets par l\u2019\u00e9quipe p\u00e9dagogique :<\/span><\/li>\n<li class=\"Cartable\" style=\"text-align: left;text-indent: -18pt;line-height: normal\"><span style=\"font-size: 11.0pt;font-family: Symbol\"><span>\u00b7<span style=\"font: 7.0pt 'Times New Roman'\">\u00a0\u00a0\u00a0\u00a0\u00a0\u00a0\u00a0 <\/span><\/span><\/span><span style=\"font-size: 11.0pt\">\n\n\nLa formalisation de ces diff\u00e9rents plans et projets ;<\/span><\/li>\n<li class=\"Cartable\" style=\"text-align: left;text-indent: -18pt;line-height: normal\"><span style=\"font-size: 11.0pt;font-family: Symbol\"><span>\u00b7<span style=\"font: 7.0pt 'Times New Roman'\">\u00a0\u00a0\u00a0\u00a0\u00a0\u00a0\u00a0 <\/span><\/span><\/span><span style=\"font-size: 11.0pt\">\n\n\nLa circulation d\u2019information entre l\u2019\u00e9cole et la MDPH via une interface d\u00e9di\u00e9e<\/span><\/li>\n<\/ul>\n<p>\n\n<\/div>\n\n\n<p><!-- \/wp:post-content --><\/p>\n<p><!-- \/wp:columns --><\/p>\n<p><!-- wp:paragraph --><\/p>\n<p>Vous trouverez des guides utilisateurs et des fiches m\u00e9tiers afin de vous aider \u00e0 la prise en main de l\u2019application.<\/p>\n<p><!-- \/wp:paragraph --><\/p>\n<p><!-- wp:paragraph --><\/p>\n<p>Ces documents sont mis \u00e0 jour au fur et \u00e0 mesure des \u00e9volutions de l\u2019application.<\/p>\n<p><!-- \/wp:paragraph --><\/p>\n<p><!-- wp:paragraph {\"style\":{\"elements\":{\"link\":{\"color\":{\"text\":\"var:preset|color|vivid-cyan-blue\"}}}},\"textColor\":\"vivid-cyan-blue\"} --><\/p>\n<p class=\"has-vivid-cyan-blue-color has-text-color has-link-color\"><a href=\"https:\/\/eduscol.education.fr\/2506\/le-livret-de-parcours-inclusif-lpi#guides\" target=\"_blank\" rel=\"noreferrer noopener\" data-type=\"link\" data-id=\"https:\/\/eduscol.education.fr\/2506\/le-livret-de-parcours-inclusif-lpi#guides\">Lien vers la page Eduscol :<\/a> <strong><a href=\"https:\/\/eduscol.education.fr\/2506\/le-livret-de-parcours-inclusif-lpi#guides\" data-wplink-edit=\"true\">Le livret de parcours inclusif (LPI)<\/a><\/strong><\/p>\n<p><!-- \/wp:paragraph --><\/p>","protected":false},"excerpt":{"rendered":"<p>Con\u00e7u pour tous les professionnels qui accompagnent l\u2019\u00e9l\u00e8ve dans sa scolarit\u00e9 (enseignants, directeurs et chefs d\u2019\u00e9tablissement, m\u00e9decins de l\u2019\u00e9ducation nationale, professionnels des MDPH\u2026) le livret de parcours inclusif est une application num\u00e9rique accessible, depuis un ordinateur, qui vise \u00e0 faciliter<\/p>\n","protected":false},"author":2489,"featured_media":0,"parent":496,"menu_order":1,"comment_status":"closed","ping_status":"closed","template":"","meta":{"footnotes":""},"class_list":["post-539","page","type-page","status-publish","hentry"],"_links":{"self":[{"href":"https:\/\/ent2d.ac-bordeaux.fr\/disciplines\/sei\/wp-json\/wp\/v2\/pages\/539","targetHints":{"allow":["GET"]}}],"collection":[{"href":"https:\/\/ent2d.ac-bordeaux.fr\/disciplines\/sei\/wp-json\/wp\/v2\/pages"}],"about":[{"href":"https:\/\/ent2d.ac-bordeaux.fr\/disciplines\/sei\/wp-json\/wp\/v2\/types\/page"}],"author":[{"embeddable":true,"href":"https:\/\/ent2d.ac-bordeaux.fr\/disciplines\/sei\/wp-json\/wp\/v2\/users\/2489"}],"replies":[{"embeddable":true,"href":"https:\/\/ent2d.ac-bordeaux.fr\/disciplines\/sei\/wp-json\/wp\/v2\/comments?post=539"}],"version-history":[{"count":3,"href":"https:\/\/ent2d.ac-bordeaux.fr\/disciplines\/sei\/wp-json\/wp\/v2\/pages\/539\/revisions"}],"predecessor-version":[{"id":882,"href":"https:\/\/ent2d.ac-bordeaux.fr\/disciplines\/sei\/wp-json\/wp\/v2\/pages\/539\/revisions\/882"}],"up":[{"embeddable":true,"href":"https:\/\/ent2d.ac-bordeaux.fr\/disciplines\/sei\/wp-json\/wp\/v2\/pages\/496"}],"wp:attachment":[{"href":"https:\/\/ent2d.ac-bordeaux.fr\/disciplines\/sei\/wp-json\/wp\/v2\/media?parent=539"}],"curies":[{"name":"wp","href":"https:\/\/api.w.org\/{rel}","templated":true}]}}