{"id":476,"date":"2025-01-12T17:21:16","date_gmt":"2025-01-12T16:21:16","guid":{"rendered":"https:\/\/ent2d.ac-bordeaux.fr\/disciplines\/sei\/?page_id=476"},"modified":"2025-07-25T12:24:56","modified_gmt":"2025-07-25T10:24:56","slug":"apadhe-2","status":"publish","type":"page","link":"https:\/\/ent2d.ac-bordeaux.fr\/disciplines\/sei\/la-scolarisation-des-eleves\/dispositifs-et-structures\/apadhe-2\/","title":{"rendered":"APADHE"},"content":{"rendered":"\n<p class=\"has-vivid-red-color has-text-color has-link-color has-medium-font-size wp-elements-3e4162d0947212099857aa8a4af6f055\"><strong>Accompagnement P\u00e9dagogique \u00e0 Domicile \u00e0 l&rsquo;H\u00f4pital ou \u00e0 l\u2019\u00c9cole&nbsp;(APADHE)<\/strong><\/p>\n\n\n\n<p>Tout \u00e9l\u00e8ve malade ou accident\u00e9 avec une interruption de sa scolarit\u00e9 sup\u00e9rieure \u00e0 2 semaines, peut, sous certaines conditions, b\u00e9n\u00e9ficier d\u2019une aide p\u00e9dagogique, dispens\u00e9e en priorit\u00e9 par ses enseignants, pour poursuivre ses apprentissages, maintenir le lien avec l\u2019\u00e9tablissement scolaire et pr\u00e9parer son retour en classe.<\/p>\n\n\n\n<p>Ce service s\u2019adresse aux \u00e9l\u00e8ves de la maternelle jusqu&rsquo;au lyc\u00e9e et est gratuit pour les familles. La Direction des Services D\u00e9partementaux de l\u2019\u00c9ducation Nationale r\u00e9mun\u00e8re les heures d\u2019enseignement.<\/p>\n\n\n\n<p>Chaque ann\u00e9e, les services d\u00e9partementaux de l\u2019\u00c9ducation Nationale de la Gironde accompagnent les \u00e9l\u00e8ves fragilis\u00e9s par la maladie par un soutien p\u00e9dagogique adapt\u00e9. Au cours de l\u2019ann\u00e9e scolaire 2023-2024, 164 \u00e9l\u00e8ves ont \u00e9t\u00e9 concern\u00e9s.<\/p>\n\n\n\n<div class=\"wp-block-file\"><a id=\"wp-block-file--media-873cef64-6896-4641-899b-5e0cde8847d7\" href=\"https:\/\/ent2d.ac-bordeaux.fr\/disciplines\/sei\/wp-content\/uploads\/sites\/78\/2025\/01\/PLAQUETTE_Information-aux-familles-2024.pdf\" target=\"_blank\" rel=\"noreferrer noopener\">PLAQUETTE_Information aux familles 2024<\/a><a href=\"https:\/\/ent2d.ac-bordeaux.fr\/disciplines\/sei\/wp-content\/uploads\/sites\/78\/2025\/01\/PLAQUETTE_Information-aux-familles-2024.pdf\" class=\"wp-block-file__button wp-element-button\" download aria-describedby=\"wp-block-file--media-873cef64-6896-4641-899b-5e0cde8847d7\">T\u00e9l\u00e9charger<\/a><\/div>\n\n\n\n<div style=\"height:39px\" aria-hidden=\"true\" class=\"wp-block-spacer\"><\/div>\n\n\n\n<p class=\"has-vivid-red-color has-text-color has-link-color has-medium-font-size wp-elements-763bd3ae46949913692bd4f90e407e16\"><strong>Les documents utiles&nbsp;<\/strong><\/p>\n\n\n\n<div class=\"wp-block-file\"><a id=\"wp-block-file--media-578c3ffc-e89d-4fa2-8a61-0a5f0f32b8d5\" href=\"https:\/\/ent2d.ac-bordeaux.fr\/disciplines\/sei\/wp-content\/uploads\/sites\/78\/2025\/01\/Annexe-1-Formulaire-demande-APADHE-R24.pdf\" target=\"_blank\" rel=\"noreferrer noopener\">Annexe 1 &#8211; Formulaire demande APADHE R24<\/a><a href=\"https:\/\/ent2d.ac-bordeaux.fr\/disciplines\/sei\/wp-content\/uploads\/sites\/78\/2025\/01\/Annexe-1-Formulaire-demande-APADHE-R24.pdf\" class=\"wp-block-file__button wp-element-button\" download aria-describedby=\"wp-block-file--media-578c3ffc-e89d-4fa2-8a61-0a5f0f32b8d5\">T\u00e9l\u00e9charger<\/a><\/div>\n\n\n\n<div style=\"height:13px\" aria-hidden=\"true\" class=\"wp-block-spacer\"><\/div>\n\n\n\n<div class=\"wp-block-file\"><a id=\"wp-block-file--media-3503238c-ccc0-4595-8d4b-fea0da37e111\" href=\"https:\/\/ent2d.ac-bordeaux.fr\/disciplines\/sei\/wp-content\/uploads\/sites\/78\/2025\/01\/Annexe-2-Projet-pedagogique-de-leleve-malade-R24.pdf\" target=\"_blank\" rel=\"noreferrer noopener\">Annexe 2 &#8211; Projet p\u00e9dagogique de l&rsquo;\u00e9l\u00e8ve malade R24<\/a><a href=\"https:\/\/ent2d.ac-bordeaux.fr\/disciplines\/sei\/wp-content\/uploads\/sites\/78\/2025\/01\/Annexe-2-Projet-pedagogique-de-leleve-malade-R24.pdf\" class=\"wp-block-file__button wp-element-button\" download aria-describedby=\"wp-block-file--media-3503238c-ccc0-4595-8d4b-fea0da37e111\">T\u00e9l\u00e9charger<\/a><\/div>\n\n\n\n<div style=\"height:16px\" aria-hidden=\"true\" class=\"wp-block-spacer\"><\/div>\n\n\n\n<div class=\"wp-block-file\"><a id=\"wp-block-file--media-c46eee92-bbd0-4cc4-960b-d2b3bcbe5ca2\" href=\"https:\/\/ent2d.ac-bordeaux.fr\/disciplines\/sei\/wp-content\/uploads\/sites\/78\/2025\/01\/Annexe-3-Procedures-de-mise-en-oeuvre-du-dispositif-APADHE-R24.pdf\" target=\"_blank\" rel=\"noreferrer noopener\">Annexe 3 &#8211; Proc\u00e9dures de mise en oeuvre du dispositif APADHE R24<\/a><a href=\"https:\/\/ent2d.ac-bordeaux.fr\/disciplines\/sei\/wp-content\/uploads\/sites\/78\/2025\/01\/Annexe-3-Procedures-de-mise-en-oeuvre-du-dispositif-APADHE-R24.pdf\" class=\"wp-block-file__button wp-element-button\" download aria-describedby=\"wp-block-file--media-c46eee92-bbd0-4cc4-960b-d2b3bcbe5ca2\">T\u00e9l\u00e9charger<\/a><\/div>\n\n\n\n<div style=\"height:49px\" aria-hidden=\"true\" class=\"wp-block-spacer\"><\/div>\n\n\n\n<p class=\"has-vivid-red-color has-text-color has-link-color has-medium-font-size wp-elements-ea3d1f3477fe4b720b204fbe93f1d5ef\"><strong>Instruction de la demande<\/strong><\/p>\n\n\n\n<p>La famille adresse au chef de l\u2019\u00e9tablissement scolaire ou au directeur d\u2019\u00e9cole o\u00f9 est scolaris\u00e9 l&rsquo;enfant, le formulaire de demande d\u2019Assistance P\u00e9dagogique et joint un certificat m\u00e9dical circonstanci\u00e9 \u00e0 l\u2019attention du m\u00e9decin scolaire.<\/p>\n\n\n\n<p>Le projet p\u00e9dagogique est \u00e0 compl\u00e9ter par l\u2019\u00e9tablissement.<\/p>\n\n\n\n<p>Les \u00e9tablissements peuvent se r\u00e9f\u00e9rer \u00e0 la Note de Service APADHE 2024-2025.&nbsp;<\/p>\n\n\n\n<div style=\"height:35px\" aria-hidden=\"true\" class=\"wp-block-spacer\"><\/div>\n\n\n\n<p class=\"has-vivid-red-color has-text-color has-link-color has-medium-font-size wp-elements-b402219ef4e73f77f3f227ad67c29d5b\"><strong>Contact<\/strong><\/p>\n\n\n\n<p>Mme PAPEGHIN, enseignante coordonnatrice de l\u2019APADHE&nbsp;:<\/p>\n\n\n\n<p>T\u00e9l\u00e9phone : 05 56 56 36 15<\/p>\n\n\n\n<p>Mail : <a href=\"dsden33-apadhe@ac-bordeaux.fr\">dsden33-apadhe@ac-bordeaux.fr <\/a><\/p>\n","protected":false},"excerpt":{"rendered":"<p>Accompagnement P\u00e9dagogique \u00e0 Domicile \u00e0 l&rsquo;H\u00f4pital ou \u00e0 l\u2019\u00c9cole&nbsp;(APADHE) Tout \u00e9l\u00e8ve malade ou accident\u00e9 avec une interruption de sa scolarit\u00e9 sup\u00e9rieure \u00e0 2 semaines, peut, sous certaines conditions, b\u00e9n\u00e9ficier d\u2019une aide p\u00e9dagogique, dispens\u00e9e en priorit\u00e9 par ses enseignants, pour poursuivre<\/p>\n","protected":false},"author":2489,"featured_media":0,"parent":706,"menu_order":0,"comment_status":"closed","ping_status":"closed","template":"","meta":{"footnotes":""},"class_list":["post-476","page","type-page","status-publish","hentry"],"_links":{"self":[{"href":"https:\/\/ent2d.ac-bordeaux.fr\/disciplines\/sei\/wp-json\/wp\/v2\/pages\/476","targetHints":{"allow":["GET"]}}],"collection":[{"href":"https:\/\/ent2d.ac-bordeaux.fr\/disciplines\/sei\/wp-json\/wp\/v2\/pages"}],"about":[{"href":"https:\/\/ent2d.ac-bordeaux.fr\/disciplines\/sei\/wp-json\/wp\/v2\/types\/page"}],"author":[{"embeddable":true,"href":"https:\/\/ent2d.ac-bordeaux.fr\/disciplines\/sei\/wp-json\/wp\/v2\/users\/2489"}],"replies":[{"embeddable":true,"href":"https:\/\/ent2d.ac-bordeaux.fr\/disciplines\/sei\/wp-json\/wp\/v2\/comments?post=476"}],"version-history":[{"count":5,"href":"https:\/\/ent2d.ac-bordeaux.fr\/disciplines\/sei\/wp-json\/wp\/v2\/pages\/476\/revisions"}],"predecessor-version":[{"id":584,"href":"https:\/\/ent2d.ac-bordeaux.fr\/disciplines\/sei\/wp-json\/wp\/v2\/pages\/476\/revisions\/584"}],"up":[{"embeddable":true,"href":"https:\/\/ent2d.ac-bordeaux.fr\/disciplines\/sei\/wp-json\/wp\/v2\/pages\/706"}],"wp:attachment":[{"href":"https:\/\/ent2d.ac-bordeaux.fr\/disciplines\/sei\/wp-json\/wp\/v2\/media?parent=476"}],"curies":[{"name":"wp","href":"https:\/\/api.w.org\/{rel}","templated":true}]}}