{"id":36,"date":"2023-05-05T08:49:49","date_gmt":"2023-05-05T06:49:49","guid":{"rendered":"https:\/\/ent2d.ac-bordeaux.fr\/disciplines\/sei\/?page_id=36"},"modified":"2023-06-09T13:53:23","modified_gmt":"2023-06-09T11:53:23","slug":"plan-departemental-de-formation","status":"publish","type":"page","link":"https:\/\/ent2d.ac-bordeaux.fr\/disciplines\/sei\/la-formation\/plan-departemental-de-formation\/","title":{"rendered":"D\u00e9clinaison d\u00e9partementale du plan acad\u00e9mique de formation"},"content":{"rendered":"","protected":false},"excerpt":{"rendered":"","protected":false},"author":1380,"featured_media":0,"parent":16,"menu_order":-1,"comment_status":"closed","ping_status":"closed","template":"","meta":{"footnotes":""},"class_list":["post-36","page","type-page","status-publish","hentry"],"_links":{"self":[{"href":"https:\/\/ent2d.ac-bordeaux.fr\/disciplines\/sei\/wp-json\/wp\/v2\/pages\/36","targetHints":{"allow":["GET"]}}],"collection":[{"href":"https:\/\/ent2d.ac-bordeaux.fr\/disciplines\/sei\/wp-json\/wp\/v2\/pages"}],"about":[{"href":"https:\/\/ent2d.ac-bordeaux.fr\/disciplines\/sei\/wp-json\/wp\/v2\/types\/page"}],"author":[{"embeddable":true,"href":"https:\/\/ent2d.ac-bordeaux.fr\/disciplines\/sei\/wp-json\/wp\/v2\/users\/1380"}],"replies":[{"embeddable":true,"href":"https:\/\/ent2d.ac-bordeaux.fr\/disciplines\/sei\/wp-json\/wp\/v2\/comments?post=36"}],"version-history":[{"count":2,"href":"https:\/\/ent2d.ac-bordeaux.fr\/disciplines\/sei\/wp-json\/wp\/v2\/pages\/36\/revisions"}],"predecessor-version":[{"id":57,"href":"https:\/\/ent2d.ac-bordeaux.fr\/disciplines\/sei\/wp-json\/wp\/v2\/pages\/36\/revisions\/57"}],"up":[{"embeddable":true,"href":"https:\/\/ent2d.ac-bordeaux.fr\/disciplines\/sei\/wp-json\/wp\/v2\/pages\/16"}],"wp:attachment":[{"href":"https:\/\/ent2d.ac-bordeaux.fr\/disciplines\/sei\/wp-json\/wp\/v2\/media?parent=36"}],"curies":[{"name":"wp","href":"https:\/\/api.w.org\/{rel}","templated":true}]}}