{"id":302,"date":"2023-10-14T11:14:38","date_gmt":"2023-10-14T09:14:38","guid":{"rendered":"https:\/\/ent2d.ac-bordeaux.fr\/disciplines\/sei\/?page_id=302"},"modified":"2025-07-25T12:49:26","modified_gmt":"2025-07-25T10:49:26","slug":"le-pejs-pole-denseignement-des-jeunes-sourds","status":"publish","type":"page","link":"https:\/\/ent2d.ac-bordeaux.fr\/disciplines\/sei\/la-scolarisation-des-eleves\/dispositifs-et-structures\/le-pejs-pole-denseignement-des-jeunes-sourds\/","title":{"rendered":"Le PEJS"},"content":{"rendered":"\n<h2 class=\"wp-block-heading\"><strong>Qu\u2019est-ce qu\u2019un PEJS&nbsp;?<\/strong><\/h2>\n\n\n\n<p>Le PEJS facilite la scolarisation de jeunes sourds dans un \u00e9tablissement scolaire ordinaire. Ceux-ci re\u00e7oivent un enseignement bilingue LSF (langue des signes fran\u00e7aise) \/ fran\u00e7ais \u00e9crit, ou en langue fran\u00e7aise, \u00e9crite et orale, avec ou sans un soutien en LfPC (langue fran\u00e7aise parl\u00e9e compl\u00e9t\u00e9e) ou LSF. Une <strong><a rel=\"noreferrer noopener\" href=\"https:\/\/www.education.gouv.fr\/bo\/17\/Hebdo8\/MENE1701591C.htm?cid_bo=112344\" target=\"_blank\">circulaire<\/a><\/strong> du minist\u00e8re de l\u2019\u00c9ducation nationale pr\u00e9cise l\u2019organisation de ce dispositif.<\/p>\n\n\n\n<div style=\"height:34px\" aria-hidden=\"true\" class=\"wp-block-spacer\"><\/div>\n\n\n\n<h2 class=\"wp-block-heading\"><strong>Le PEJS en Gironde<\/strong><\/h2>\n\n\n\n<p>En Gironde, le <strong><a href=\"https:\/\/www.collegeleseyquems.fr\/spip.php?article2555\" target=\"_blank\" rel=\"noreferrer noopener\">coll\u00e8ge Les Eyquems<\/a><\/strong> \u00e0 M\u00e9rignac a inaugur\u00e9 le p\u00f4le \u00e0 la rentr\u00e9e 2022.<\/p>\n\n\n\n<p>Il accueille actuellement trois \u00e9l\u00e8ves en classe de sixi\u00e8me et quatre \u00e9l\u00e8ves en classe de cinqui\u00e8me. Ces \u00e9l\u00e8ves b\u00e9n\u00e9ficient d\u2019un encadrement sp\u00e9cifique assur\u00e9 par trois enseignants sp\u00e9cialis\u00e9s en LSF et sont accompagn\u00e9s par deux AESH. Cette \u00e9quipe travaille en synergie avec le corps enseignant du coll\u00e8ge, compos\u00e9 de professeurs volontaires sensibilis\u00e9s \u00e0 la surdit\u00e9.<\/p>\n\n\n\n<p>L\u2019objectif \u00e0 moyen terme de ce p\u00f4le est d\u2019ouvrir progressivement une nouvelle section chaque ann\u00e9e, afin de couvrir tous les niveaux de scolarit\u00e9 d\u2019ici la rentr\u00e9e 2025.<\/p>\n\n\n\n<div style=\"height:17px\" aria-hidden=\"true\" class=\"wp-block-spacer\"><\/div>\n\n\n\n<h3 class=\"wp-block-heading\"><strong>A lire aussi<\/strong><\/h3>\n\n\n\n<div class=\"wp-block-columns is-layout-flex wp-container-core-columns-is-layout-9d6595d7 wp-block-columns-is-layout-flex\">\n<div class=\"wp-block-column is-layout-flow wp-block-column-is-layout-flow\"><div class=\"wp-block-image\">\n<figure class=\"alignright size-full\"><a href=\"https:\/\/ent2d.ac-bordeaux.fr\/disciplines\/sei\/wp-content\/uploads\/sites\/78\/2023\/10\/OWeptw-La_scolarisation_des_eleves_sourds_en_France.pdf\" target=\"_blank\" rel=\"noreferrer noopener\"><img loading=\"lazy\" decoding=\"async\" width=\"211\" height=\"298\" src=\"https:\/\/ent2d.ac-bordeaux.fr\/disciplines\/sei\/wp-content\/uploads\/sites\/78\/2023\/10\/Image1-2.png\" alt=\"\" class=\"wp-image-300\" \/><\/a><\/figure>\n<\/div><\/div>\n\n\n\n<div class=\"wp-block-column is-layout-flow wp-block-column-is-layout-flow\"><div class=\"wp-block-image\">\n<figure class=\"alignleft size-full\"><a href=\"https:\/\/ent2d.ac-bordeaux.fr\/disciplines\/sei\/wp-content\/uploads\/sites\/78\/2023\/10\/guide_scolariser_eleves_sourds_et_malentendants_142904.pdf\" target=\"_blank\" rel=\"noreferrer noopener\"><img loading=\"lazy\" decoding=\"async\" width=\"212\" height=\"298\" src=\"https:\/\/ent2d.ac-bordeaux.fr\/disciplines\/sei\/wp-content\/uploads\/sites\/78\/2023\/10\/Image2-1.png\" alt=\"\" class=\"wp-image-299\" \/><\/a><\/figure>\n<\/div><\/div>\n<\/div>\n\n\n\n<div class=\"wp-block-columns is-layout-flex wp-container-core-columns-is-layout-9d6595d7 wp-block-columns-is-layout-flex\"><\/div>\n","protected":false},"excerpt":{"rendered":"<p>Qu\u2019est-ce qu\u2019un PEJS&nbsp;? Le PEJS facilite la scolarisation de jeunes sourds dans un \u00e9tablissement scolaire ordinaire. Ceux-ci re\u00e7oivent un enseignement bilingue LSF (langue des signes fran\u00e7aise) \/ fran\u00e7ais \u00e9crit, ou en langue fran\u00e7aise, \u00e9crite et orale, avec ou sans un<\/p>\n","protected":false},"author":2489,"featured_media":0,"parent":706,"menu_order":0,"comment_status":"closed","ping_status":"closed","template":"","meta":{"footnotes":""},"class_list":["post-302","page","type-page","status-publish","hentry"],"_links":{"self":[{"href":"https:\/\/ent2d.ac-bordeaux.fr\/disciplines\/sei\/wp-json\/wp\/v2\/pages\/302","targetHints":{"allow":["GET"]}}],"collection":[{"href":"https:\/\/ent2d.ac-bordeaux.fr\/disciplines\/sei\/wp-json\/wp\/v2\/pages"}],"about":[{"href":"https:\/\/ent2d.ac-bordeaux.fr\/disciplines\/sei\/wp-json\/wp\/v2\/types\/page"}],"author":[{"embeddable":true,"href":"https:\/\/ent2d.ac-bordeaux.fr\/disciplines\/sei\/wp-json\/wp\/v2\/users\/2489"}],"replies":[{"embeddable":true,"href":"https:\/\/ent2d.ac-bordeaux.fr\/disciplines\/sei\/wp-json\/wp\/v2\/comments?post=302"}],"version-history":[{"count":7,"href":"https:\/\/ent2d.ac-bordeaux.fr\/disciplines\/sei\/wp-json\/wp\/v2\/pages\/302\/revisions"}],"predecessor-version":[{"id":722,"href":"https:\/\/ent2d.ac-bordeaux.fr\/disciplines\/sei\/wp-json\/wp\/v2\/pages\/302\/revisions\/722"}],"up":[{"embeddable":true,"href":"https:\/\/ent2d.ac-bordeaux.fr\/disciplines\/sei\/wp-json\/wp\/v2\/pages\/706"}],"wp:attachment":[{"href":"https:\/\/ent2d.ac-bordeaux.fr\/disciplines\/sei\/wp-json\/wp\/v2\/media?parent=302"}],"curies":[{"name":"wp","href":"https:\/\/api.w.org\/{rel}","templated":true}]}}