{"id":247,"date":"2023-10-06T13:50:02","date_gmt":"2023-10-06T11:50:02","guid":{"rendered":"https:\/\/ent2d.ac-bordeaux.fr\/disciplines\/sei\/?page_id=247"},"modified":"2023-10-06T14:06:39","modified_gmt":"2023-10-06T12:06:39","slug":"les-aesh","status":"publish","type":"page","link":"https:\/\/ent2d.ac-bordeaux.fr\/disciplines\/sei\/lecole-inclusive-en-gironde\/les-pials\/les-aesh\/","title":{"rendered":"Les AESH"},"content":{"rendered":"\n<div class=\"wp-block-media-text alignwide has-media-on-the-right is-stacked-on-mobile\" style=\"grid-template-columns:auto 41%\"><div class=\"wp-block-media-text__content\">\n<h4 class=\"wp-block-heading\"><mark style=\"background-color:#ffffff\" class=\"has-inline-color has-luminous-vivid-orange-color\"><strong>L\u2019 affectation<\/strong><\/mark><\/h4>\n\n\n\n<p>L\u2019affectation est effectu\u00e9e au niveau du PIAL (p\u00f4le inclusif et d\u2019accompagnement localis\u00e9). Elle est g\u00e9r\u00e9e administrativement par les DSDEN.<\/p>\n\n\n\n<p>Pour postuler au poste d\u2019AESH, il faut soit :<\/p>\n\n\n\n<ul class=\"wp-block-list\">\n<li>\u00catre titulaire d\u2019un baccalaur\u00e9at ou d\u2019un dipl\u00f4me de niveau 4,<\/li>\n\n\n\n<li>\u00catre titulaire d\u2019un dipl\u00f4me dans le domaine de l\u2019aide \u00e0 la personne,<\/li>\n\n\n\n<li>Avoir une exp\u00e9rience d\u2019accompagnement de personne en situation de handicap d\u2019au moins 9 mois.<\/li>\n<\/ul>\n\n\n\n<h4 class=\"wp-block-heading\"><mark style=\"background-color:#ffffff\" class=\"has-inline-color has-vivid-cyan-blue-color\"><strong>Activit\u00e9s majeures<\/strong><\/mark><\/h4>\n\n\n\n<ul class=\"wp-block-list\">\n<li>Accompagne les \u00e9l\u00e8ves dans l\u2019acc\u00e8s aux activit\u00e9s d\u2019apprentissage (sous la responsabilit\u00e9 de l\u2019enseignant),<\/li>\n\n\n\n<li>Accompagne les \u00e9l\u00e8ves dans les actes de la vie quotidienne,<\/li>\n\n\n\n<li>Accompagne les \u00e9l\u00e8ves dans les activit\u00e9s de la vie sociale et relationnelle,<\/li>\n\n\n\n<li>Participe de fait aux \u00c9quipes de Suivi de Scolarisation (ESS),<\/li>\n\n\n\n<li>Aide \u00e0 la prise de m\u00e9dicaments et aux gestes techniques sp\u00e9cifiques (<strong>Dans le cadre du projet d\u2019accueil individualis\u00e9 \u2013 PAI<\/strong>)<\/li>\n<\/ul>\n<\/div><figure class=\"wp-block-media-text__media\"><a href=\"https:\/\/ent2d.ac-bordeaux.fr\/disciplines\/sei\/wp-content\/uploads\/sites\/78\/2023\/10\/Fiche-AESH.pdf\" target=\"_blank\" rel=\"noreferrer noopener\"><img loading=\"lazy\" decoding=\"async\" width=\"384\" height=\"555\" src=\"https:\/\/ent2d.ac-bordeaux.fr\/disciplines\/sei\/wp-content\/uploads\/sites\/78\/2023\/10\/aesh-im.jpg\" alt=\"\" class=\"wp-image-249 size-full\" srcset=\"https:\/\/ent2d.ac-bordeaux.fr\/disciplines\/sei\/wp-content\/uploads\/sites\/78\/2023\/10\/aesh-im.jpg 384w, https:\/\/ent2d.ac-bordeaux.fr\/disciplines\/sei\/wp-content\/uploads\/sites\/78\/2023\/10\/aesh-im-208x300.jpg 208w\" sizes=\"auto, (max-width: 384px) 100vw, 384px\" \/><\/a><\/figure><\/div>\n\n\n\n<p><strong><mark style=\"background-color:#ffffff\" class=\"has-inline-color has-luminous-vivid-amber-color\"><a href=\"https:\/\/ent2d.ac-bordeaux.fr\/disciplines\/sei\/wp-content\/uploads\/sites\/78\/2023\/10\/guide-de-l-accompagnant-des-l-ves-en-situation-de-handicap-aesh-17230_0.pdf\" data-type=\"URL\" data-id=\"https:\/\/ent2d.ac-bordeaux.fr\/disciplines\/sei\/wp-content\/uploads\/sites\/78\/2023\/10\/guide-de-l-accompagnant-des-l-ves-en-situation-de-handicap-aesh-17230_0.pdf\" target=\"_blank\" rel=\"noreferrer noopener\">Guide de l\u2019Accompagnant des \u00c9l\u00e8ves en Situation de Handicap<\/a><\/mark><\/strong><\/p>\n\n\n\n<p><\/p>\n","protected":false},"excerpt":{"rendered":"<p>Guide de l\u2019Accompagnant des \u00c9l\u00e8ves en Situation de Handicap<\/p>\n","protected":false},"author":1380,"featured_media":0,"parent":69,"menu_order":-1,"comment_status":"closed","ping_status":"closed","template":"","meta":{"footnotes":""},"class_list":["post-247","page","type-page","status-publish","hentry"],"_links":{"self":[{"href":"https:\/\/ent2d.ac-bordeaux.fr\/disciplines\/sei\/wp-json\/wp\/v2\/pages\/247","targetHints":{"allow":["GET"]}}],"collection":[{"href":"https:\/\/ent2d.ac-bordeaux.fr\/disciplines\/sei\/wp-json\/wp\/v2\/pages"}],"about":[{"href":"https:\/\/ent2d.ac-bordeaux.fr\/disciplines\/sei\/wp-json\/wp\/v2\/types\/page"}],"author":[{"embeddable":true,"href":"https:\/\/ent2d.ac-bordeaux.fr\/disciplines\/sei\/wp-json\/wp\/v2\/users\/1380"}],"replies":[{"embeddable":true,"href":"https:\/\/ent2d.ac-bordeaux.fr\/disciplines\/sei\/wp-json\/wp\/v2\/comments?post=247"}],"version-history":[{"count":9,"href":"https:\/\/ent2d.ac-bordeaux.fr\/disciplines\/sei\/wp-json\/wp\/v2\/pages\/247\/revisions"}],"predecessor-version":[{"id":263,"href":"https:\/\/ent2d.ac-bordeaux.fr\/disciplines\/sei\/wp-json\/wp\/v2\/pages\/247\/revisions\/263"}],"up":[{"embeddable":true,"href":"https:\/\/ent2d.ac-bordeaux.fr\/disciplines\/sei\/wp-json\/wp\/v2\/pages\/69"}],"wp:attachment":[{"href":"https:\/\/ent2d.ac-bordeaux.fr\/disciplines\/sei\/wp-json\/wp\/v2\/media?parent=247"}],"curies":[{"name":"wp","href":"https:\/\/api.w.org\/{rel}","templated":true}]}}