{"id":232,"date":"2023-10-06T12:02:02","date_gmt":"2023-10-06T10:02:02","guid":{"rendered":"https:\/\/ent2d.ac-bordeaux.fr\/disciplines\/sei\/?page_id=232"},"modified":"2025-09-23T17:51:46","modified_gmt":"2025-09-23T15:51:46","slug":"le-coordonnateur-de-pial","status":"publish","type":"page","link":"https:\/\/ent2d.ac-bordeaux.fr\/disciplines\/sei\/lecole-inclusive-en-gironde\/les-pials\/le-coordonnateur-de-pial\/","title":{"rendered":"Le coordonnateur de PIAL"},"content":{"rendered":"\n<p><mark style=\"background-color:#ffffff;color:#023f59\" class=\"has-inline-color\">Organiser et coordonner l&rsquo;accompagnement humain sur un ou plusieurs PIAL.<\/mark><\/p>\n\n\n\n<h2 class=\"wp-block-heading\"><strong><mark style=\"background-color:#ffffff\" class=\"has-inline-color has-vivid-cyan-blue-color\">Mission 1<\/mark><\/strong><\/h2>\n\n\n\n<p><mark style=\"background-color:#ffffff;color:#035375\" class=\"has-inline-color\">Organiser les moyens disponibles pour op\u00e9rationnaliser l&rsquo;accompagnement de mani\u00e8re adapt\u00e9e au profil de chaque \u00e9l\u00e8ve.<\/mark><\/p>\n\n\n\n<ul class=\"wp-block-list\">\n<li><mark style=\"background-color:#ffffff;color:#035375\" class=\"has-inline-color\">Recueillir les nouvelles notifications et suivre les changements de notification,<\/mark><\/li>\n\n\n\n<li><mark style=\"background-color:#ffffff;color:#035375\" class=\"has-inline-color\">Recueillir les renseignements remontant des \u00e9quipes p\u00e9dagogiques via l&rsquo;enseignant r\u00e9f\u00e9rent du secteur,<\/mark><\/li>\n\n\n\n<li><mark style=\"background-color:#ffffff;color:#035375\" class=\"has-inline-color\">Analyser et suivre la gestion des moyens d&rsquo;accompagnement disponibles sur le PIAL.<\/mark><\/li>\n<\/ul>\n\n\n\n<h2 class=\"wp-block-heading\"><strong><mark style=\"background-color:#ffffff\" class=\"has-inline-color has-vivid-cyan-blue-color\">Mission 2<\/mark><\/strong><\/h2>\n\n\n\n<p><mark style=\"background-color:#ffffff\" class=\"has-inline-color has-black-color\">G\u00e9rer, coordonner et moduler les affections des AESH.<\/mark><\/p>\n\n\n\n<ul class=\"wp-block-list\">\n<li><mark style=\"background-color:#ffffff;color:#035375\" class=\"has-inline-color\">Adapter et v\u00e9rifier la faisabilit\u00e9 des affectations en fonction des besoins,<\/mark><\/li>\n\n\n\n<li><mark style=\"background-color:#ffffff;color:#035375\" class=\"has-inline-color\">S&rsquo;appuyer sur l&rsquo;expertise des agents en termes de niveau, situation g\u00e9ographique et besoins,<\/mark><\/li>\n\n\n\n<li><mark style=\"background-color:#ffffff;color:#035375\" class=\"has-inline-color\">Rep\u00e9rer les comp\u00e9tences professionnelles pour le suivi RH (formation et affectation).<\/mark><\/li>\n<\/ul>\n\n\n\n<h2 class=\"wp-block-heading\"><strong><mark style=\"background-color:#ffffff\" class=\"has-inline-color has-vivid-cyan-blue-color\">Mission 3<\/mark><\/strong><\/h2>\n\n\n\n<p><mark style=\"background-color:#ffffff;color:#035375\" class=\"has-inline-color\">Recruter et \u00e9valuer les AESH<\/mark><\/p>\n\n\n\n<ul class=\"wp-block-list\">\n<li><mark style=\"background-color:#ffffff;color:#035375\" class=\"has-inline-color\">Recueillir les candidatures spontan\u00e9es et constituer un vivier local,<\/mark><\/li>\n\n\n\n<li><mark style=\"background-color:#ffffff;color:#035375\" class=\"has-inline-color\">Participer le cas \u00e9ch\u00e9ant au recrutement,<\/mark><\/li>\n\n\n\n<li><mark style=\"background-color:#ffffff;color:#035375\" class=\"has-inline-color\">Participer le cas \u00e9ch\u00e9ant aux rendez-vous de carri\u00e8re (<em>premi\u00e8re ann\u00e9e et quatri\u00e8me ann\u00e9e d\u2019exercice).<\/em><\/mark><\/li>\n<\/ul>\n\n\n\n<h2 class=\"wp-block-heading\"><strong><mark style=\"background-color:#ffffff\" class=\"has-inline-color has-vivid-cyan-blue-color\">Mission 4<\/mark><\/strong><\/h2>\n\n\n\n<p><mark style=\"background-color:#ffffff\" class=\"has-inline-color has-black-color\">Assurer le suivi du PIAL<\/mark><\/p>\n\n\n\n<ul class=\"wp-block-list\">\n<li><mark style=\"background-color:#ffffff;color:#035375\" class=\"has-inline-color\">G\u00e9rer mensuellement les \u00e9volutions des notifications et des besoins,<\/mark><\/li>\n\n\n\n<li><mark style=\"background-color:#ffffff;color:#035375\" class=\"has-inline-color\">Anticiper les besoins en recrutement, en fonction des notifications \u00e0 venir et en informer r\u00e9guli\u00e8rement le pilote du PIAL<\/mark>.<\/li>\n<\/ul>\n\n\n\n<div data-wp-interactive=\"core\/file\" class=\"wp-block-file\"><object data-wp-bind--hidden=\"!state.hasPdfPreview\" hidden class=\"wp-block-file__embed\" data=\"https:\/\/ent2d.ac-bordeaux.fr\/disciplines\/sei\/wp-content\/uploads\/sites\/78\/2023\/10\/Fiche-Coordo.pdf\" type=\"application\/pdf\" style=\"width:100%;height:600px\" aria-label=\"Contenu embarqu\u00e9 Fiche Coordo.\"><\/object><a id=\"wp-block-file--media-14083bf2-4108-4479-bf06-ebe8a4ff4403\" href=\"https:\/\/ent2d.ac-bordeaux.fr\/disciplines\/sei\/wp-content\/uploads\/sites\/78\/2023\/10\/Fiche-Coordo.pdf\">Fiche Coordo<\/a><a href=\"https:\/\/ent2d.ac-bordeaux.fr\/disciplines\/sei\/wp-content\/uploads\/sites\/78\/2023\/10\/Fiche-Coordo.pdf\" class=\"wp-block-file__button wp-element-button\" download aria-describedby=\"wp-block-file--media-14083bf2-4108-4479-bf06-ebe8a4ff4403\">T\u00e9l\u00e9charger<\/a><\/div>\n","protected":false},"excerpt":{"rendered":"<p>Organiser et coordonner l&rsquo;accompagnement humain sur un ou plusieurs PIAL. Mission 1 Organiser les moyens disponibles pour op\u00e9rationnaliser l&rsquo;accompagnement de mani\u00e8re adapt\u00e9e au profil de chaque \u00e9l\u00e8ve. Mission 2 G\u00e9rer, coordonner et moduler les affections des AESH. Mission 3 Recruter<\/p>\n","protected":false},"author":1380,"featured_media":0,"parent":69,"menu_order":0,"comment_status":"closed","ping_status":"closed","template":"","meta":{"footnotes":""},"class_list":["post-232","page","type-page","status-publish","hentry"],"_links":{"self":[{"href":"https:\/\/ent2d.ac-bordeaux.fr\/disciplines\/sei\/wp-json\/wp\/v2\/pages\/232","targetHints":{"allow":["GET"]}}],"collection":[{"href":"https:\/\/ent2d.ac-bordeaux.fr\/disciplines\/sei\/wp-json\/wp\/v2\/pages"}],"about":[{"href":"https:\/\/ent2d.ac-bordeaux.fr\/disciplines\/sei\/wp-json\/wp\/v2\/types\/page"}],"author":[{"embeddable":true,"href":"https:\/\/ent2d.ac-bordeaux.fr\/disciplines\/sei\/wp-json\/wp\/v2\/users\/1380"}],"replies":[{"embeddable":true,"href":"https:\/\/ent2d.ac-bordeaux.fr\/disciplines\/sei\/wp-json\/wp\/v2\/comments?post=232"}],"version-history":[{"count":10,"href":"https:\/\/ent2d.ac-bordeaux.fr\/disciplines\/sei\/wp-json\/wp\/v2\/pages\/232\/revisions"}],"predecessor-version":[{"id":898,"href":"https:\/\/ent2d.ac-bordeaux.fr\/disciplines\/sei\/wp-json\/wp\/v2\/pages\/232\/revisions\/898"}],"up":[{"embeddable":true,"href":"https:\/\/ent2d.ac-bordeaux.fr\/disciplines\/sei\/wp-json\/wp\/v2\/pages\/69"}],"wp:attachment":[{"href":"https:\/\/ent2d.ac-bordeaux.fr\/disciplines\/sei\/wp-json\/wp\/v2\/media?parent=232"}],"curies":[{"name":"wp","href":"https:\/\/api.w.org\/{rel}","templated":true}]}}