{"id":194,"date":"2023-09-22T15:33:43","date_gmt":"2023-09-22T13:33:43","guid":{"rendered":"https:\/\/ent2d.ac-bordeaux.fr\/disciplines\/sei\/?page_id=194"},"modified":"2025-07-25T12:36:22","modified_gmt":"2025-07-25T10:36:22","slug":"fiches-daides-a-lorientation","status":"publish","type":"page","link":"https:\/\/ent2d.ac-bordeaux.fr\/disciplines\/sei\/la-scolarisation-des-eleves\/lorientation\/fiches-daides-a-lorientation\/","title":{"rendered":"Fiches d&rsquo;aides \u00e0 l&rsquo;orientation"},"content":{"rendered":"\n<p>Fiche d&rsquo;aide \u00e0 l&rsquo;orientation et descriptions g\u00e9n\u00e9rales des profils des \u00e9l\u00e8ves pour : ULIS, IME, ITEP, SEGPA,  MPA<\/p>\n\n\n\n<div data-wp-interactive=\"core\/file\" class=\"wp-block-file\"><object data-wp-bind--hidden=\"!state.hasPdfPreview\" hidden class=\"wp-block-file__embed\" data=\"https:\/\/ent2d.ac-bordeaux.fr\/disciplines\/sei\/wp-content\/uploads\/sites\/78\/2023\/09\/Fiche-daide-a-la-decision-dorientation-ULIS-1-1.pdf\" type=\"application\/pdf\" style=\"width:100%;height:240px\" aria-label=\"Contenu embarqu\u00e9 Fiche d&apos;aide \u00e0 l&apos;orientation ULIS.\"><\/object><a id=\"wp-block-file--media-cf4ff63d-49d4-4b33-a0eb-20205c9c2264\" href=\"https:\/\/ent2d.ac-bordeaux.fr\/disciplines\/sei\/wp-content\/uploads\/sites\/78\/2023\/09\/Fiche-daide-a-la-decision-dorientation-ULIS-1-1.pdf\">Fiche d&rsquo;aide \u00e0 l&rsquo;orientation ULIS<\/a><a href=\"https:\/\/ent2d.ac-bordeaux.fr\/disciplines\/sei\/wp-content\/uploads\/sites\/78\/2023\/09\/Fiche-daide-a-la-decision-dorientation-ULIS-1-1.pdf\" class=\"wp-block-file__button wp-element-button\" download aria-describedby=\"wp-block-file--media-cf4ff63d-49d4-4b33-a0eb-20205c9c2264\">T\u00e9l\u00e9charger<\/a><\/div>\n\n\n\n<div data-wp-interactive=\"core\/file\" class=\"wp-block-file\"><object data-wp-bind--hidden=\"!state.hasPdfPreview\" hidden class=\"wp-block-file__embed\" data=\"https:\/\/ent2d.ac-bordeaux.fr\/disciplines\/sei\/wp-content\/uploads\/sites\/78\/2023\/09\/Fiche-daide-a-la-decision-dorientation-IME.pdf\" type=\"application\/pdf\" style=\"width:100%;height:270px\" aria-label=\"Contenu embarqu\u00e9 Fiche-daide-\u00e0-la-d\u00e9cision-dorientation-IME.\"><\/object><a id=\"wp-block-file--media-8ffa69d2-87de-4c91-a5ad-0470ec344b17\" href=\"https:\/\/ent2d.ac-bordeaux.fr\/disciplines\/sei\/wp-content\/uploads\/sites\/78\/2023\/09\/Fiche-daide-a-la-decision-dorientation-IME.pdf\">Fiche-daide-\u00e0-la-d\u00e9cision-dorientation-IME<\/a><a href=\"https:\/\/ent2d.ac-bordeaux.fr\/disciplines\/sei\/wp-content\/uploads\/sites\/78\/2023\/09\/Fiche-daide-a-la-decision-dorientation-IME.pdf\" class=\"wp-block-file__button wp-element-button\" download aria-describedby=\"wp-block-file--media-8ffa69d2-87de-4c91-a5ad-0470ec344b17\">T\u00e9l\u00e9charger<\/a><\/div>\n\n\n\n<div data-wp-interactive=\"core\/file\" class=\"wp-block-file aligncenter\"><object data-wp-bind--hidden=\"!state.hasPdfPreview\" hidden class=\"wp-block-file__embed\" data=\"https:\/\/ent2d.ac-bordeaux.fr\/disciplines\/sei\/wp-content\/uploads\/sites\/78\/2023\/09\/Fiche-daide-a-la-decision-dorientation-ITEP.pdf\" type=\"application\/pdf\" style=\"width:100%;height:290px\" aria-label=\"Contenu embarqu\u00e9 Fiche-daide-\u00e0-la-d\u00e9cision-dorientation-ITEP.\"><\/object><a id=\"wp-block-file--media-1b4ccd7f-bf93-46a4-aee9-1da2ab3c4c00\" href=\"https:\/\/ent2d.ac-bordeaux.fr\/disciplines\/sei\/wp-content\/uploads\/sites\/78\/2023\/09\/Fiche-daide-a-la-decision-dorientation-ITEP.pdf\">Fiche-daide-\u00e0-la-d\u00e9cision-dorientation-ITEP<\/a><a href=\"https:\/\/ent2d.ac-bordeaux.fr\/disciplines\/sei\/wp-content\/uploads\/sites\/78\/2023\/09\/Fiche-daide-a-la-decision-dorientation-ITEP.pdf\" class=\"wp-block-file__button wp-element-button\" download aria-describedby=\"wp-block-file--media-1b4ccd7f-bf93-46a4-aee9-1da2ab3c4c00\">T\u00e9l\u00e9charger<\/a><\/div>\n\n\n\n<div data-wp-interactive=\"core\/file\" class=\"wp-block-file aligncenter\"><object data-wp-bind--hidden=\"!state.hasPdfPreview\" hidden class=\"wp-block-file__embed\" data=\"https:\/\/ent2d.ac-bordeaux.fr\/disciplines\/sei\/wp-content\/uploads\/sites\/78\/2023\/09\/Fiche-daide-a-la-decision-dorientation-SEGPA.pdf\" type=\"application\/pdf\" style=\"width:100%;height:290px\" aria-label=\"Contenu embarqu\u00e9 Fiche-daide-\u00e0-la-d\u00e9cision-dorientation-SEGPA.\"><\/object><a id=\"wp-block-file--media-0ef31a6f-6ef7-464b-af22-9754ac9da833\" href=\"https:\/\/ent2d.ac-bordeaux.fr\/disciplines\/sei\/wp-content\/uploads\/sites\/78\/2023\/09\/Fiche-daide-a-la-decision-dorientation-SEGPA.pdf\">Fiche-daide-\u00e0-la-d\u00e9cision-dorientation-SEGPA<\/a><a href=\"https:\/\/ent2d.ac-bordeaux.fr\/disciplines\/sei\/wp-content\/uploads\/sites\/78\/2023\/09\/Fiche-daide-a-la-decision-dorientation-SEGPA.pdf\" class=\"wp-block-file__button wp-element-button\" download aria-describedby=\"wp-block-file--media-0ef31a6f-6ef7-464b-af22-9754ac9da833\">T\u00e9l\u00e9charger<\/a><\/div>\n\n\n\n<div data-wp-interactive=\"core\/file\" class=\"wp-block-file aligncenter\"><object data-wp-bind--hidden=\"!state.hasPdfPreview\" hidden class=\"wp-block-file__embed\" data=\"https:\/\/ent2d.ac-bordeaux.fr\/disciplines\/sei\/wp-content\/uploads\/sites\/78\/2023\/09\/Fiche-daide-a-la-decision-MPA.pdf\" type=\"application\/pdf\" style=\"width:100%;height:360px\" aria-label=\"Contenu embarqu\u00e9 Fiche d&apos;aide \u00e0 l&apos;orientation MPA.\"><\/object><a id=\"wp-block-file--media-20e4cd7d-402c-46b7-8c91-bef2b0ca4b95\" href=\"https:\/\/ent2d.ac-bordeaux.fr\/disciplines\/sei\/wp-content\/uploads\/sites\/78\/2023\/09\/Fiche-daide-a-la-decision-MPA.pdf\">Fiche d&rsquo;aide \u00e0 l&rsquo;orientation MPA<\/a><a href=\"https:\/\/ent2d.ac-bordeaux.fr\/disciplines\/sei\/wp-content\/uploads\/sites\/78\/2023\/09\/Fiche-daide-a-la-decision-MPA.pdf\" class=\"wp-block-file__button wp-element-button\" download aria-describedby=\"wp-block-file--media-20e4cd7d-402c-46b7-8c91-bef2b0ca4b95\">T\u00e9l\u00e9charger<\/a><\/div>\n","protected":false},"excerpt":{"rendered":"<p>Fiche d&rsquo;aide \u00e0 l&rsquo;orientation et descriptions g\u00e9n\u00e9rales des profils des \u00e9l\u00e8ves pour : ULIS, IME, ITEP, SEGPA, MPA<\/p>\n","protected":false},"author":2328,"featured_media":0,"parent":711,"menu_order":0,"comment_status":"closed","ping_status":"closed","template":"","meta":{"footnotes":""},"class_list":["post-194","page","type-page","status-publish","hentry"],"_links":{"self":[{"href":"https:\/\/ent2d.ac-bordeaux.fr\/disciplines\/sei\/wp-json\/wp\/v2\/pages\/194","targetHints":{"allow":["GET"]}}],"collection":[{"href":"https:\/\/ent2d.ac-bordeaux.fr\/disciplines\/sei\/wp-json\/wp\/v2\/pages"}],"about":[{"href":"https:\/\/ent2d.ac-bordeaux.fr\/disciplines\/sei\/wp-json\/wp\/v2\/types\/page"}],"author":[{"embeddable":true,"href":"https:\/\/ent2d.ac-bordeaux.fr\/disciplines\/sei\/wp-json\/wp\/v2\/users\/2328"}],"replies":[{"embeddable":true,"href":"https:\/\/ent2d.ac-bordeaux.fr\/disciplines\/sei\/wp-json\/wp\/v2\/comments?post=194"}],"version-history":[{"count":8,"href":"https:\/\/ent2d.ac-bordeaux.fr\/disciplines\/sei\/wp-json\/wp\/v2\/pages\/194\/revisions"}],"predecessor-version":[{"id":375,"href":"https:\/\/ent2d.ac-bordeaux.fr\/disciplines\/sei\/wp-json\/wp\/v2\/pages\/194\/revisions\/375"}],"up":[{"embeddable":true,"href":"https:\/\/ent2d.ac-bordeaux.fr\/disciplines\/sei\/wp-json\/wp\/v2\/pages\/711"}],"wp:attachment":[{"href":"https:\/\/ent2d.ac-bordeaux.fr\/disciplines\/sei\/wp-json\/wp\/v2\/media?parent=194"}],"curies":[{"name":"wp","href":"https:\/\/api.w.org\/{rel}","templated":true}]}}