{"id":127,"date":"2023-06-28T11:44:00","date_gmt":"2023-06-28T09:44:00","guid":{"rendered":"https:\/\/ent2d.ac-bordeaux.fr\/disciplines\/sei\/?page_id=127"},"modified":"2025-07-25T13:13:43","modified_gmt":"2025-07-25T11:13:43","slug":"guide-daide-a-la-prise-en-compte-de-la-perturbation-scolaire","status":"publish","type":"page","link":"https:\/\/ent2d.ac-bordeaux.fr\/disciplines\/sei\/enseigner\/gestion-des-comportements\/guide-daide-a-la-prise-en-compte-de-la-perturbation-scolaire\/","title":{"rendered":"Guide d&rsquo;aide \u00e0 la prise en compte de la perturbation scolaire"},"content":{"rendered":"\n<h2 class=\"wp-block-heading has-pale-cyan-blue-color has-text-color has-medium-font-size\"><strong>LE GUIDE :<\/strong><\/h2>\n\n\n\n<div data-wp-interactive=\"core\/file\" class=\"wp-block-file\"><object data-wp-bind--hidden=\"!state.hasPdfPreview\" hidden class=\"wp-block-file__embed\" data=\"https:\/\/ent2d.ac-bordeaux.fr\/disciplines\/sei\/wp-content\/uploads\/sites\/78\/2023\/06\/GUIDE-PCPS.pdf\" type=\"application\/pdf\" style=\"width:100%;height:600px\" aria-label=\"Contenu embarqu\u00e9 GUIDE PCPS.\"><\/object><a id=\"wp-block-file--media-603a990c-09b3-44e2-8d84-93d5aa87b3c0\" href=\"https:\/\/ent2d.ac-bordeaux.fr\/disciplines\/sei\/wp-content\/uploads\/sites\/78\/2023\/06\/GUIDE-PCPS.pdf\">GUIDE PCPS<\/a><a href=\"https:\/\/ent2d.ac-bordeaux.fr\/disciplines\/sei\/wp-content\/uploads\/sites\/78\/2023\/06\/GUIDE-PCPS.pdf\" class=\"wp-block-file__button wp-element-button\" download aria-describedby=\"wp-block-file--media-603a990c-09b3-44e2-8d84-93d5aa87b3c0\">T\u00e9l\u00e9charger<\/a><\/div>\n\n\n\n<blockquote class=\"wp-block-quote is-layout-flow wp-block-quote-is-layout-flow\">\n<p><strong>LES FICHES DU GUIDE<\/strong><\/p>\n<\/blockquote>\n\n\n\n<ul class=\"wp-block-list\">\n<li><a rel=\"noreferrer noopener\" href=\"https:\/\/ent2d.ac-bordeaux.fr\/disciplines\/sei\/wp-content\/uploads\/sites\/78\/2023\/06\/F00-SOMMAIRE.pdf\" data-type=\"URL\" data-id=\"https:\/\/ent2d.ac-bordeaux.fr\/disciplines\/sei\/wp-content\/uploads\/sites\/78\/2023\/06\/F00-SOMMAIRE.pdf\" target=\"_blank\"><strong>F00 <\/strong>&#8211;<strong> <\/strong>SOMMAIRE<\/a><\/li>\n<\/ul>\n\n\n\n<ul class=\"wp-block-list\">\n<li><a rel=\"noreferrer noopener\" href=\"https:\/\/ent2d.ac-bordeaux.fr\/disciplines\/sei\/wp-content\/uploads\/sites\/78\/2023\/06\/F1-LES-DIFFICULTES-DE-COMPORTEMENT.pdf\" target=\"_blank\"><strong>F01<\/strong> &#8211; LES DIFFICULT\u00c9S DE COMPORTEMENT<\/a><\/li>\n<\/ul>\n\n\n\n<ul class=\"wp-block-list\">\n<li><a rel=\"noreferrer noopener\" href=\"https:\/\/ent2d.ac-bordeaux.fr\/disciplines\/sei\/wp-content\/uploads\/sites\/78\/2023\/06\/F2-LE-TROUBLE-DU-COMPORTEMENT.pdf\" target=\"_blank\"><strong>F02<\/strong> &#8211; LES TROUBLES DU COMPORTEMENT<\/a> <\/li>\n<\/ul>\n\n\n\n<ul class=\"wp-block-list\">\n<li><a rel=\"noreferrer noopener\" href=\"https:\/\/ent2d.ac-bordeaux.fr\/disciplines\/sei\/wp-content\/uploads\/sites\/78\/2023\/06\/F3-SOUFFRANCE-PROFESSIONNELLE.pdf\" data-type=\"attachment\" data-id=\"103\" target=\"_blank\"><strong>F03<\/strong> &#8211; LA SOUFFRANCE PROFESSIONNELLE<\/a><\/li>\n<\/ul>\n\n\n\n<ul class=\"wp-block-list\">\n<li><a rel=\"noreferrer noopener\" href=\"https:\/\/ent2d.ac-bordeaux.fr\/disciplines\/sei\/wp-content\/uploads\/sites\/78\/2023\/06\/F4-LES-BESOINS-FONDAMENTAUX-DE-LENFANT.pdf\" data-type=\"attachment\" data-id=\"104\" target=\"_blank\"><strong>F04<\/strong> &#8211; LES BESOINS FONDAMENTAUX DE L&rsquo;\u00c9L\u00c8VE<\/a><\/li>\n<\/ul>\n\n\n\n<ul class=\"wp-block-list\">\n<li><a rel=\"noreferrer noopener\" href=\"https:\/\/ent2d.ac-bordeaux.fr\/disciplines\/sei\/wp-content\/uploads\/sites\/78\/2023\/06\/F5-LES-GESTES-PROFESSIONNELS.pdf\" data-type=\"attachment\" data-id=\"105\" target=\"_blank\"><strong>F05<\/strong> &#8211; LES GESTES PROFESSIONNELS<\/a><\/li>\n<\/ul>\n\n\n\n<ul class=\"wp-block-list\">\n<li><a rel=\"noreferrer noopener\" href=\"https:\/\/ent2d.ac-bordeaux.fr\/disciplines\/sei\/wp-content\/uploads\/sites\/78\/2023\/06\/F6-GRILLE-DOBSERVATION-DE-LELEVE.pdf\" target=\"_blank\"><strong>F06<\/strong> &#8211; CONSTRUIRE UNE GRILLE D&rsquo;OBSERVATION<\/a><\/li>\n<\/ul>\n\n\n\n<ul class=\"wp-block-list\">\n<li><a rel=\"noreferrer noopener\" href=\"https:\/\/ent2d.ac-bordeaux.fr\/disciplines\/sei\/wp-content\/uploads\/sites\/78\/2023\/06\/F7-VOUS-N-ETES-PAS-SEULS.pdf\" data-type=\"attachment\" data-id=\"107\" target=\"_blank\"><strong>F07<\/strong> &#8211; VOUS N&rsquo;\u00caTES PAS SEUL.E<\/a><\/li>\n<\/ul>\n\n\n\n<ul class=\"wp-block-list\">\n<li><a rel=\"noreferrer noopener\" href=\"https:\/\/ent2d.ac-bordeaux.fr\/disciplines\/sei\/les-pial\/\" data-type=\"page\" data-id=\"18\" target=\"_blank\"><strong>F08<\/strong> &#8211; UNSTITUTION &#8211; GLOSSAIRE<\/a><\/li>\n<\/ul>\n\n\n\n<ul class=\"wp-block-list\">\n<li><a href=\"https:\/\/ent2d.ac-bordeaux.fr\/disciplines\/sei\/wp-content\/uploads\/sites\/78\/2023\/06\/F9-L-EQUIPE-EDUCATIVE.pdf\" data-type=\"attachment\" data-id=\"109\"><strong>F09<\/strong> &#8211; L&rsquo;\u00c9QUIPE \u00c9DUCATIVE<\/a><\/li>\n<\/ul>\n\n\n\n<ul class=\"wp-block-list\">\n<li><a rel=\"noreferrer noopener\" href=\"https:\/\/ent2d.ac-bordeaux.fr\/disciplines\/sei\/wp-content\/uploads\/sites\/78\/2023\/06\/F10-L-ESS.pdf\" data-type=\"attachment\" data-id=\"110\" target=\"_blank\"><strong>F10<\/strong> &#8211; L&rsquo;ESS<\/a><\/li>\n<\/ul>\n\n\n\n<ul class=\"wp-block-list\">\n<li><a rel=\"noreferrer noopener\" href=\"https:\/\/ent2d.ac-bordeaux.fr\/disciplines\/sei\/wp-content\/uploads\/sites\/78\/2023\/06\/F11-LE-POLE-RESSOURCE.pdf\" data-type=\"attachment\" data-id=\"111\" target=\"_blank\"><strong>F11<\/strong> &#8211; LE P\u00d4LE RESSOURCE<\/a><\/li>\n<\/ul>\n\n\n\n<ul class=\"wp-block-list\">\n<li><a rel=\"noreferrer noopener\" href=\"https:\/\/ent2d.ac-bordeaux.fr\/disciplines\/sei\/wp-content\/uploads\/sites\/78\/2023\/06\/F12-CELLULE-DEPARTEMENTALE.pdf\" data-type=\"attachment\" data-id=\"112\" target=\"_blank\"><strong>F12<\/strong> &#8211; LE P\u00d4LE RESSOURCE D\u00c9PARTEMENTAL<\/a><\/li>\n<\/ul>\n\n\n\n<ul class=\"wp-block-list\">\n<li><a rel=\"noreferrer noopener\" href=\"https:\/\/ent2d.ac-bordeaux.fr\/disciplines\/sei\/wp-content\/uploads\/sites\/78\/2023\/06\/F13-PROJET-DAMENAGEMENT-DE-LA-SCOLARITE.pdf\" data-type=\"attachment\" data-id=\"113\" target=\"_blank\"><strong>F13<\/strong> &#8211; PROJET D&rsquo;AM\u00c9NAGEMENT DE LA SCOLARIT\u00c9<\/a><\/li>\n<\/ul>\n\n\n\n<ul class=\"wp-block-list\">\n<li><a rel=\"noreferrer noopener\" href=\"https:\/\/ent2d.ac-bordeaux.fr\/disciplines\/sei\/wp-content\/uploads\/sites\/78\/2023\/06\/F14-COOPERER-AVEC-LES-PARENTS.pdf\" data-type=\"attachment\" data-id=\"114\" target=\"_blank\"><strong>F14<\/strong> &#8211; COOP\u00c9RER AVEC LES PARENTS<\/a><\/li>\n<\/ul>\n\n\n\n<ul class=\"wp-block-list\">\n<li><a rel=\"noreferrer noopener\" href=\"https:\/\/ent2d.ac-bordeaux.fr\/disciplines\/sei\/wp-content\/uploads\/sites\/78\/2023\/06\/F15-UN-OUTIL-DE-PREVENTION.pdf\" data-type=\"attachment\" data-id=\"115\" target=\"_blank\"><strong>F15<\/strong> &#8211; OUTIL D&rsquo;AIDE \u00c0 L&rsquo;ANALYSE D&rsquo;UNE SITUATION<\/a><\/li>\n<\/ul>\n\n\n\n<ul class=\"wp-block-list\">\n<li><a rel=\"noreferrer noopener\" href=\"https:\/\/ent2d.ac-bordeaux.fr\/disciplines\/sei\/wp-content\/uploads\/sites\/78\/2023\/06\/F16-TRAVAILLER-QUALINCLUS.pdf\" data-type=\"attachment\" data-id=\"116\" target=\"_blank\"><strong>F16 <\/strong>&#8211; QUALINCLUS<\/a><\/li>\n<\/ul>\n\n\n\n<ul class=\"wp-block-list\">\n<li><a rel=\"noreferrer noopener\" href=\"https:\/\/ent2d.ac-bordeaux.fr\/disciplines\/sei\/wp-content\/uploads\/sites\/78\/2023\/06\/F17-AGIR-POUR-LAMELIORATION-DU-CLIMAT-SCOLAIRE.pdf\" data-type=\"attachment\" data-id=\"117\" target=\"_blank\"><strong>F17<\/strong> &#8211; AGIR POUR L&rsquo;AM\u00c9LIORATION DU CLIMAT SCOLAIRE<\/a><\/li>\n<\/ul>\n\n\n\n<ul class=\"wp-block-list\">\n<li><a rel=\"noreferrer noopener\" href=\"https:\/\/ent2d.ac-bordeaux.fr\/disciplines\/sei\/wp-content\/uploads\/sites\/78\/2023\/06\/F18-AGIR-EN-DIDACTIQUE-SITOGRAPHIE.pdf\" data-type=\"attachment\" data-id=\"118\" target=\"_blank\"><strong>F18<\/strong> &#8211; AGIR EN DIDACTIQUE : SITOGRAPHIE<\/a><\/li>\n<\/ul>\n\n\n\n<ul class=\"wp-block-list\">\n<li><a rel=\"noreferrer noopener\" href=\"https:\/\/ent2d.ac-bordeaux.fr\/disciplines\/sei\/wp-content\/uploads\/sites\/78\/2023\/06\/F19-LA-PEDAGOGIE-EXPLICITE.pdf\" data-type=\"attachment\" data-id=\"119\" target=\"_blank\"><strong>F19<\/strong> &#8211; LA P\u00c9DAGOGIE DE L&rsquo;EXPLICITE<\/a><\/li>\n<\/ul>\n\n\n\n<ul class=\"wp-block-list\">\n<li><a rel=\"noreferrer noopener\" href=\"https:\/\/ent2d.ac-bordeaux.fr\/disciplines\/sei\/wp-content\/uploads\/sites\/78\/2023\/06\/F20-LES-FACTEURS-FACILITANT-L-ATTENTION.pdf\" data-type=\"attachment\" data-id=\"120\" target=\"_blank\"><strong>F20<\/strong> &#8211; LES FACTEURS FACILITANT L&rsquo;ATTENTION<\/a><\/li>\n<\/ul>\n\n\n\n<ul class=\"wp-block-list\">\n<li><a rel=\"noreferrer noopener\" href=\"https:\/\/ent2d.ac-bordeaux.fr\/disciplines\/sei\/wp-content\/uploads\/sites\/78\/2023\/06\/F21-LA-DEPERSONNALISATION-DE-LA-REGLE.pdf\" data-type=\"attachment\" data-id=\"121\" target=\"_blank\"><strong>F21<\/strong> &#8211; D\u00c9PERSONNALISER LA R\u00c9GLE<\/a><\/li>\n<\/ul>\n\n\n\n<ul class=\"wp-block-list\">\n<li><a rel=\"noreferrer noopener\" href=\"https:\/\/ent2d.ac-bordeaux.fr\/disciplines\/sei\/wp-content\/uploads\/sites\/78\/2023\/06\/F22-REGLEMENT-INTERIEUR.pdf\" data-type=\"attachment\" data-id=\"122\" target=\"_blank\"><strong>F22<\/strong> &#8211; R\u00c9GLEMENT INT\u00c9RIEUR<\/a><\/li>\n<\/ul>\n\n\n\n<ul class=\"wp-block-list\">\n<li><a rel=\"noreferrer noopener\" href=\"https:\/\/ent2d.ac-bordeaux.fr\/disciplines\/sei\/wp-content\/uploads\/sites\/78\/2023\/06\/F23-DEVELOPPER-LEMPATHIE.pdf\" data-type=\"attachment\" data-id=\"123\" target=\"_blank\"><strong>F23<\/strong> &#8211; D\u00c9VELOPPER L&rsquo;EMPATHIE \u00c0 L&rsquo;\u00c9COLE<\/a><\/li>\n<\/ul>\n\n\n\n<ul class=\"wp-block-list\">\n<li><a rel=\"noreferrer noopener\" href=\"https:\/\/ent2d.ac-bordeaux.fr\/disciplines\/sei\/wp-content\/uploads\/sites\/78\/2023\/06\/F24-NOURISSAGE-CULTUREL.pdf\" data-type=\"attachment\" data-id=\"124\" target=\"_blank\"><strong>F24<\/strong> &#8211; LE \u00ab\u00a0NOURRISSAGE CULTUREL\u00a0\u00bb<\/a><\/li>\n<\/ul>\n\n\n\n<ul class=\"wp-block-list\">\n<li><a rel=\"noreferrer noopener\" href=\"https:\/\/ent2d.ac-bordeaux.fr\/disciplines\/sei\/wp-content\/uploads\/sites\/78\/2023\/06\/F25-PROTOCOLE-DE-CRISE.pdf\" data-type=\"attachment\" data-id=\"125\" target=\"_blank\"><strong>F25<\/strong> &#8211; PROTOCOLE DE CRISE<\/a><\/li>\n<\/ul>\n","protected":false},"excerpt":{"rendered":"<p>LE GUIDE : LES FICHES DU GUIDE<\/p>\n","protected":false},"author":1380,"featured_media":0,"parent":199,"menu_order":0,"comment_status":"closed","ping_status":"closed","template":"","meta":{"footnotes":""},"class_list":["post-127","page","type-page","status-publish","hentry"],"_links":{"self":[{"href":"https:\/\/ent2d.ac-bordeaux.fr\/disciplines\/sei\/wp-json\/wp\/v2\/pages\/127","targetHints":{"allow":["GET"]}}],"collection":[{"href":"https:\/\/ent2d.ac-bordeaux.fr\/disciplines\/sei\/wp-json\/wp\/v2\/pages"}],"about":[{"href":"https:\/\/ent2d.ac-bordeaux.fr\/disciplines\/sei\/wp-json\/wp\/v2\/types\/page"}],"author":[{"embeddable":true,"href":"https:\/\/ent2d.ac-bordeaux.fr\/disciplines\/sei\/wp-json\/wp\/v2\/users\/1380"}],"replies":[{"embeddable":true,"href":"https:\/\/ent2d.ac-bordeaux.fr\/disciplines\/sei\/wp-json\/wp\/v2\/comments?post=127"}],"version-history":[{"count":20,"href":"https:\/\/ent2d.ac-bordeaux.fr\/disciplines\/sei\/wp-json\/wp\/v2\/pages\/127\/revisions"}],"predecessor-version":[{"id":762,"href":"https:\/\/ent2d.ac-bordeaux.fr\/disciplines\/sei\/wp-json\/wp\/v2\/pages\/127\/revisions\/762"}],"up":[{"embeddable":true,"href":"https:\/\/ent2d.ac-bordeaux.fr\/disciplines\/sei\/wp-json\/wp\/v2\/pages\/199"}],"wp:attachment":[{"href":"https:\/\/ent2d.ac-bordeaux.fr\/disciplines\/sei\/wp-json\/wp\/v2\/media?parent=127"}],"curies":[{"name":"wp","href":"https:\/\/api.w.org\/{rel}","templated":true}]}}