{"id":912,"date":"2018-01-03T17:41:27","date_gmt":"2018-01-03T16:41:27","guid":{"rendered":"https:\/\/ent2d.ac-bordeaux.fr\/disciplines\/sbssa\/?page_id=912"},"modified":"2018-09-30T18:39:31","modified_gmt":"2018-09-30T16:39:31","slug":"les-referentiels-des-sciences-appliquees","status":"publish","type":"page","link":"https:\/\/ent2d.ac-bordeaux.fr\/disciplines\/sbssa\/les-referentiels-des-sciences-appliquees\/","title":{"rendered":"Les r\u00e9f\u00e9rentiels des Sciences Appliqu\u00e9es"},"content":{"rendered":"<p><span style=\"text-decoration: underline;color: #008000;font-size: 14pt\"><strong>LES M\u00c9TIERS DE LA RESTAURATION:<\/strong><\/span><\/p>\n<table class=\"alignleft\" style=\"height: 121px;border-color: #000000\" border=\"2\">\n<tbody>\n<tr style=\"height: 24px\">\n<td style=\"width: 431px;height: 24px\"><span id=\"ctl00_cphContentLeft_ViewRubrique1_lblRubriqueContent\"><u><b>BAC PRO RESTAURATION 3 ans <a href=\"https:\/\/ent2d.ac-bordeaux.fr\/disciplines\/sbssa\/wp-content\/uploads\/sites\/38\/2018\/01\/REFERENTIEL-BacPro-restaurant-3-ans1.pdf\" target=\"_blank\" rel=\"noopener\"><img loading=\"lazy\" decoding=\"async\" src=\"https:\/\/ent2d.ac-bordeaux.fr\/disciplines\/sbssa\/wp-content\/uploads\/sites\/38\/2018\/09\/PDF.jpg\" alt=\"\" width=\"25\" height=\"25\" \/><\/a><br \/>\n<\/b><\/u><\/span><\/td>\n<td style=\"width: 440.217px;height: 24px\"><span id=\"ctl00_cphContentLeft_ViewRubrique1_lblRubriqueContent\"><u><b>CAP RESTAURANT <a href=\"https:\/\/ent2d.ac-bordeaux.fr\/disciplines\/sbssa\/wp-content\/uploads\/sites\/38\/2018\/01\/cap-restaurant.pdf\" target=\"_blank\" rel=\"noopener\"><img loading=\"lazy\" decoding=\"async\" src=\"https:\/\/ent2d.ac-bordeaux.fr\/disciplines\/sbssa\/wp-content\/uploads\/sites\/38\/2018\/09\/PDF.jpg\" alt=\"\" width=\"25\" height=\"25\" \/><\/a><br \/>\n<\/b><\/u><\/span><\/td>\n<\/tr>\n<tr style=\"height: 26px\">\n<td style=\"width: 431px;height: 26px\"><span id=\"ctl00_cphContentLeft_ViewRubrique1_lblRubriqueContent\"><u><b>CAP SERVICE EN BRASSERIE-CAF\u00c9 <a href=\"http:\/\/www2.cndp.fr\/archivage\/valid\/brochadmin\/bouton\/b186.htm\" target=\"_blank\" rel=\"noopener\"><img loading=\"lazy\" decoding=\"async\" class=\"alignnone wp-image-522\" src=\"https:\/\/ent2d.ac-bordeaux.fr\/disciplines\/sbssa\/wp-content\/uploads\/sites\/38\/2017\/10\/icone-actualite-2.png\" alt=\"\" width=\"32\" height=\"32\" \/><\/a><br \/>\n<\/b><\/u><\/span><\/td>\n<td style=\"width: 440.217px;height: 26px\"><span id=\"ctl00_cphContentLeft_ViewRubrique1_lblRubriqueContent\"><u><b>CAP SERVICES H\u00d4TELIERS <a href=\"http:\/\/www2.cndp.fr\/archivage\/valid\/brochadmin\/bouton\/b149.htm\" target=\"_blank\" rel=\"noopener\"><img loading=\"lazy\" decoding=\"async\" class=\"alignnone wp-image-522\" src=\"https:\/\/ent2d.ac-bordeaux.fr\/disciplines\/sbssa\/wp-content\/uploads\/sites\/38\/2017\/10\/icone-actualite-2.png\" alt=\"\" width=\"32\" height=\"32\" \/><\/a><br \/>\n<\/b><\/u><\/span><\/td>\n<\/tr>\n<tr style=\"height: 24px\">\n<td style=\"width: 431px;height: 24px\"><span id=\"ctl00_cphContentLeft_ViewRubrique1_lblRubriqueContent\"><u><b>MC ACCUEIL-R\u00c9CEPTION <a href=\"https:\/\/ent2d.ac-bordeaux.fr\/disciplines\/sbssa\/wp-content\/uploads\/sites\/38\/2018\/01\/Referentiel_MC_AR.pdf\" target=\"_blank\" rel=\"noopener\"><img loading=\"lazy\" decoding=\"async\" src=\"https:\/\/ent2d.ac-bordeaux.fr\/disciplines\/sbssa\/wp-content\/uploads\/sites\/38\/2018\/09\/PDF.jpg\" alt=\"\" width=\"25\" height=\"25\" \/><\/a><br \/>\n<\/b><\/u><\/span><\/td>\n<td style=\"width: 440.217px;height: 24px\"><span id=\"ctl00_cphContentLeft_ViewRubrique1_lblRubriqueContent\"><u><b>MC ORGANISATEUR DE R\u00c9CEPTION <a href=\"http:\/\/eduscol.education.fr\/referentiels-professionnels\/d079.html\" target=\"_blank\" rel=\"noopener\"><img loading=\"lazy\" decoding=\"async\" class=\"alignnone wp-image-522\" src=\"https:\/\/ent2d.ac-bordeaux.fr\/disciplines\/sbssa\/wp-content\/uploads\/sites\/38\/2017\/10\/icone-actualite-2.png\" alt=\"\" width=\"32\" height=\"32\" \/><\/a><br \/>\n<\/b><\/u><\/span><\/td>\n<\/tr>\n<tr style=\"height: 24px\">\n<td style=\"width: 431px;height: 24px\"><span id=\"ctl00_cphContentLeft_ViewRubrique1_lblRubriqueContent\"><u><b>MC EMPLOY\u00c9 BARMAN <a href=\"https:\/\/ent2d.ac-bordeaux.fr\/disciplines\/sbssa\/wp-content\/uploads\/sites\/38\/2018\/01\/MC-Employe-Barman.pdf\" target=\"_blank\" rel=\"noopener\"><img loading=\"lazy\" decoding=\"async\" src=\"https:\/\/ent2d.ac-bordeaux.fr\/disciplines\/sbssa\/wp-content\/uploads\/sites\/38\/2018\/09\/PDF.jpg\" alt=\"\" width=\"25\" height=\"25\" \/><\/a><br \/>\n<\/b><\/u><\/span><\/td>\n<td style=\"width: 440.217px;height: 24px\"><span id=\"ctl00_cphContentLeft_ViewRubrique1_lblRubriqueContent\"><u><b>MC SOMMELLERIE <a href=\"https:\/\/ent2d.ac-bordeaux.fr\/disciplines\/sbssa\/wp-content\/uploads\/sites\/38\/2018\/01\/mc-sommellerie.pdf\" target=\"_blank\" rel=\"noopener\"><img loading=\"lazy\" decoding=\"async\" src=\"https:\/\/ent2d.ac-bordeaux.fr\/disciplines\/sbssa\/wp-content\/uploads\/sites\/38\/2018\/09\/PDF.jpg\" alt=\"\" width=\"25\" height=\"25\" \/><\/a><br \/>\n<\/b><\/u><\/span><\/td>\n<\/tr>\n<\/tbody>\n<\/table>\n<p>&nbsp;<\/p>\n<p>&nbsp;<\/p>\n<p>&nbsp;<\/p>\n<p>&nbsp;<\/p>\n<p>&nbsp;<\/p>\n<p><span style=\"text-decoration: underline;font-size: 14pt;color: #008000\"><strong>LES M\u00c9TIERS DE L&#8217;ALIMENTATION:<\/strong><\/span><\/p>\n<table class=\"alignleft\" border=\"2\">\n<tbody>\n<tr>\n<td style=\"width: 431px\"><span style=\"color: #000000\"><strong><span id=\"ctl00_cphContentLeft_ViewRubrique1_lblRubriqueContent\">BAC PRO BOUCHER CHARCUTIER TRAITEUR <a href=\"https:\/\/ent2d.ac-bordeaux.fr\/disciplines\/sbssa\/wp-content\/uploads\/sites\/38\/2018\/01\/Referentiel_BCT_integral.pdf\" target=\"_blank\" rel=\"noopener\"><img loading=\"lazy\" decoding=\"async\" src=\"https:\/\/ent2d.ac-bordeaux.fr\/disciplines\/sbssa\/wp-content\/uploads\/sites\/38\/2018\/09\/PDF.jpg\" alt=\"\" width=\"25\" height=\"25\" \/><\/a><\/span><\/strong><\/span><\/td>\n<td style=\"width: 435.217px\"><span style=\"color: #000000\"><strong>\u00a0<span id=\"ctl00_cphContentLeft_ViewRubrique1_lblRubriqueContent\">BAC PRO BOULANGER-P\u00c2TISSIER <a href=\"http:\/\/www2.cndp.fr\/archivage\/valid\/brochadmin\/bouton\/a096.htm\" target=\"_blank\" rel=\"noopener\"><img loading=\"lazy\" decoding=\"async\" class=\"alignnone wp-image-522\" src=\"https:\/\/ent2d.ac-bordeaux.fr\/disciplines\/sbssa\/wp-content\/uploads\/sites\/38\/2017\/10\/icone-actualite-2.png\" alt=\"\" width=\"32\" height=\"32\" \/><\/a><\/span><\/strong><\/span><\/td>\n<\/tr>\n<tr>\n<td style=\"width: 431px\"><span style=\"color: #000000\"><strong>\u00a0<span id=\"ctl00_cphContentLeft_ViewRubrique1_lblRubriqueContent\">BAC PRO CUISINE\u00a0<a href=\"https:\/\/ent2d.ac-bordeaux.fr\/disciplines\/sbssa\/wp-content\/uploads\/sites\/38\/2018\/01\/REFERENTIEL-BacPro-Cuisine.pdf\" target=\"_blank\" rel=\"noopener\"><img loading=\"lazy\" decoding=\"async\" src=\"https:\/\/ent2d.ac-bordeaux.fr\/disciplines\/sbssa\/wp-content\/uploads\/sites\/38\/2018\/09\/PDF.jpg\" alt=\"\" width=\"25\" height=\"25\" \/><\/a><\/span><\/strong><\/span><\/td>\n<td style=\"width: 435.217px\"><span style=\"color: #000000\"><strong>\u00a0<span id=\"ctl00_cphContentLeft_ViewRubrique1_lblRubriqueContent\">CAP APR\u00a0<a href=\"https:\/\/ent2d.ac-bordeaux.fr\/disciplines\/sbssa\/wp-content\/uploads\/sites\/38\/2018\/01\/REFERENTIEL-CAP-APR.pdf\" target=\"_blank\" rel=\"noopener\"><img loading=\"lazy\" decoding=\"async\" src=\"https:\/\/ent2d.ac-bordeaux.fr\/disciplines\/sbssa\/wp-content\/uploads\/sites\/38\/2018\/09\/PDF.jpg\" alt=\"\" width=\"25\" height=\"25\" \/><\/a><\/span><\/strong><\/span><\/td>\n<\/tr>\n<tr>\n<td style=\"width: 431px\"><span style=\"color: #000000\"><strong>\u00a0<span id=\"ctl00_cphContentLeft_ViewRubrique1_lblRubriqueContent\">CAP CUISINE\u00a0<a href=\"https:\/\/ent2d.ac-bordeaux.fr\/disciplines\/sbssa\/wp-content\/uploads\/sites\/38\/2018\/01\/referentiel-cap-cuisine2004.pdf\" target=\"_blank\" rel=\"noopener\"><img loading=\"lazy\" decoding=\"async\" src=\"https:\/\/ent2d.ac-bordeaux.fr\/disciplines\/sbssa\/wp-content\/uploads\/sites\/38\/2018\/09\/PDF.jpg\" alt=\"\" width=\"25\" height=\"25\" \/><\/a><\/span><\/strong><\/span><\/td>\n<td style=\"width: 435.217px\"><span style=\"color: #000000\"><strong>\u00a0<span id=\"ctl00_cphContentLeft_ViewRubrique1_lblRubriqueContent\">CAP P\u00c2TISSIER\u00a0<a href=\"https:\/\/ent2d.ac-bordeaux.fr\/disciplines\/sbssa\/wp-content\/uploads\/sites\/38\/2018\/01\/cap-patissier.pdf\" target=\"_blank\" rel=\"noopener\"><img loading=\"lazy\" decoding=\"async\" src=\"https:\/\/ent2d.ac-bordeaux.fr\/disciplines\/sbssa\/wp-content\/uploads\/sites\/38\/2018\/09\/PDF.jpg\" alt=\"\" width=\"25\" height=\"25\" \/><\/a><\/span><\/strong><\/span><\/td>\n<\/tr>\n<tr>\n<td style=\"width: 431px\"><span style=\"color: #000000\"><strong>\u00a0<span id=\"ctl00_cphContentLeft_ViewRubrique1_lblRubriqueContent\">MC CHARCUTIER-TRAITEUR\u00a0<a href=\"https:\/\/ent2d.ac-bordeaux.fr\/disciplines\/sbssa\/wp-content\/uploads\/sites\/38\/2018\/01\/MC-employetraiteur.pdf\" target=\"_blank\" rel=\"noopener\"><img loading=\"lazy\" decoding=\"async\" src=\"https:\/\/ent2d.ac-bordeaux.fr\/disciplines\/sbssa\/wp-content\/uploads\/sites\/38\/2018\/09\/PDF.jpg\" alt=\"\" width=\"25\" height=\"25\" \/><\/a><\/span><\/strong><\/span><\/td>\n<td style=\"width: 435.217px\"><span style=\"color: #000000\"><strong>\u00a0<span id=\"ctl00_cphContentLeft_ViewRubrique1_lblRubriqueContent\">MC ART DE LA CUISINE ALL\u00c9G\u00c9E\u00a0<a href=\"https:\/\/ent2d.ac-bordeaux.fr\/disciplines\/sbssa\/wp-content\/uploads\/sites\/38\/2018\/01\/mc-art-cuisine-all\u00e9g\u00e9e.pdf\" target=\"_blank\" rel=\"noopener\"><img loading=\"lazy\" decoding=\"async\" src=\"https:\/\/ent2d.ac-bordeaux.fr\/disciplines\/sbssa\/wp-content\/uploads\/sites\/38\/2018\/09\/PDF.jpg\" alt=\"\" width=\"25\" height=\"25\" \/><\/a><\/span><\/strong><\/span><\/td>\n<\/tr>\n<tr>\n<td style=\"width: 431px\"><span style=\"color: #000000\"><strong><span id=\"ctl00_cphContentLeft_ViewRubrique1_lblRubriqueContent\">MC CUISINIER DESSERTS DE RESTAURANT\u00a0 <a href=\"https:\/\/ent2d.ac-bordeaux.fr\/disciplines\/sbssa\/wp-content\/uploads\/sites\/38\/2018\/01\/MC-Cuisinier-en-Desserts-de-Restaurant.pdf\" target=\"_blank\" rel=\"noopener\"><img loading=\"lazy\" decoding=\"async\" src=\"https:\/\/ent2d.ac-bordeaux.fr\/disciplines\/sbssa\/wp-content\/uploads\/sites\/38\/2018\/09\/PDF.jpg\" alt=\"\" width=\"25\" height=\"25\" \/><\/a><br \/>\n<\/span><\/strong><\/span><\/td>\n<td style=\"width: 435.217px\"><span style=\"color: #000000\"><strong><span id=\"ctl00_cphContentLeft_ViewRubrique1_lblRubriqueContent\">CAP BOULANGER <a href=\"http:\/\/www2.cndp.fr\/archivage\/valid\/brochadmin\/bouton\/b169.htm\" target=\"_blank\" rel=\"noopener\"><img loading=\"lazy\" decoding=\"async\" class=\"alignnone wp-image-522\" src=\"https:\/\/ent2d.ac-bordeaux.fr\/disciplines\/sbssa\/wp-content\/uploads\/sites\/38\/2017\/10\/icone-actualite-2.png\" alt=\"\" width=\"32\" height=\"32\" \/><\/a><\/span><\/strong><\/span><\/td>\n<\/tr>\n<\/tbody>\n<\/table>\n<p><span id=\"ctl00_cphContentLeft_ViewRubrique1_lblRubriqueContent\">\u00a0<\/span><\/p>\n","protected":false},"excerpt":{"rendered":"<p>LES M\u00c9TIERS DE LA RESTAURATION: BAC PRO RESTAURATION 3 ans CAP RESTAURANT CAP SERVICE EN BRASSERIE-CAF\u00c9 CAP SERVICES H\u00d4TELIERS MC<\/p>\n","protected":false},"author":171,"featured_media":0,"parent":0,"menu_order":0,"comment_status":"closed","ping_status":"closed","template":"","meta":{"footnotes":""},"class_list":["post-912","page","type-page","status-publish","hentry"],"_links":{"self":[{"href":"https:\/\/ent2d.ac-bordeaux.fr\/disciplines\/sbssa\/wp-json\/wp\/v2\/pages\/912","targetHints":{"allow":["GET"]}}],"collection":[{"href":"https:\/\/ent2d.ac-bordeaux.fr\/disciplines\/sbssa\/wp-json\/wp\/v2\/pages"}],"about":[{"href":"https:\/\/ent2d.ac-bordeaux.fr\/disciplines\/sbssa\/wp-json\/wp\/v2\/types\/page"}],"author":[{"embeddable":true,"href":"https:\/\/ent2d.ac-bordeaux.fr\/disciplines\/sbssa\/wp-json\/wp\/v2\/users\/171"}],"replies":[{"embeddable":true,"href":"https:\/\/ent2d.ac-bordeaux.fr\/disciplines\/sbssa\/wp-json\/wp\/v2\/comments?post=912"}],"version-history":[{"count":18,"href":"https:\/\/ent2d.ac-bordeaux.fr\/disciplines\/sbssa\/wp-json\/wp\/v2\/pages\/912\/revisions"}],"predecessor-version":[{"id":1497,"href":"https:\/\/ent2d.ac-bordeaux.fr\/disciplines\/sbssa\/wp-json\/wp\/v2\/pages\/912\/revisions\/1497"}],"wp:attachment":[{"href":"https:\/\/ent2d.ac-bordeaux.fr\/disciplines\/sbssa\/wp-json\/wp\/v2\/media?parent=912"}],"curies":[{"name":"wp","href":"https:\/\/api.w.org\/{rel}","templated":true}]}}