{"id":890,"date":"2018-01-03T16:44:58","date_gmt":"2018-01-03T15:44:58","guid":{"rendered":"https:\/\/ent2d.ac-bordeaux.fr\/disciplines\/sbssa\/?page_id=890"},"modified":"2019-09-24T18:09:42","modified_gmt":"2019-09-24T16:09:42","slug":"3eme-prepa-pro","status":"publish","type":"page","link":"https:\/\/ent2d.ac-bordeaux.fr\/disciplines\/sbssa\/3eme-prepa-pro\/","title":{"rendered":"Accueil 3\u00e8me Pr\u00e9pa Pro"},"content":{"rendered":"<table border=\"4\" width=\"800\">\n<tbody>\n<tr>\n<td><img loading=\"lazy\" decoding=\"async\" class=\"wp-image-515 aligncenter\" src=\"https:\/\/ent2d.ac-bordeaux.fr\/disciplines\/sbssa\/wp-content\/uploads\/sites\/38\/2017\/10\/EDUCATION-NATIONALE-300x143.png\" alt=\"\" width=\"139\" height=\"66\" srcset=\"https:\/\/ent2d.ac-bordeaux.fr\/disciplines\/sbssa\/wp-content\/uploads\/sites\/38\/2017\/10\/EDUCATION-NATIONALE-300x143.png 300w, https:\/\/ent2d.ac-bordeaux.fr\/disciplines\/sbssa\/wp-content\/uploads\/sites\/38\/2017\/10\/EDUCATION-NATIONALE.png 325w\" sizes=\"auto, (max-width: 139px) 100vw, 139px\" \/><\/p>\n<ul style=\"list-style-type: disc\">\n<li>Fiche 16 page 40 du vade-mecum &#8220;la classe de 3\u00e8me pr\u00e9pa-m\u00e9tiers&#8221; : aborder en concertation l&#8217;enseignement des sciences et de la technologie<a href=\"https:\/\/ent2d.ac-bordeaux.fr\/disciplines\/sbssa\/wp-content\/uploads\/sites\/38\/2019\/09\/VM_Prepa_metiers_1128461.pdf\" target=\"_blank\" rel=\"noopener noreferrer\"><img loading=\"lazy\" decoding=\"async\" class=\"wp-image-1462 alignnone\" src=\"https:\/\/ent2d.ac-bordeaux.fr\/disciplines\/sbssa\/wp-content\/uploads\/sites\/38\/2018\/09\/PDF.jpg\" alt=\"\" width=\"34\" height=\"34\" srcset=\"https:\/\/ent2d.ac-bordeaux.fr\/disciplines\/sbssa\/wp-content\/uploads\/sites\/38\/2018\/09\/PDF.jpg 225w, https:\/\/ent2d.ac-bordeaux.fr\/disciplines\/sbssa\/wp-content\/uploads\/sites\/38\/2018\/09\/PDF-150x150.jpg 150w\" sizes=\"auto, (max-width: 34px) 100vw, 34px\" \/><\/a><\/li>\n<li>\u00a0<span id=\"ctl00_cphContentLeft_ViewRubrique1_lblRubriqueContent\" style=\"font-size: 12pt\"><big>Le r\u00e9f\u00e9rentiel de SVT en\u00a0 3\u00e8me pr\u00e9pa pro. <a href=\"https:\/\/ent2d.ac-bordeaux.fr\/disciplines\/sbssa\/wp-content\/uploads\/sites\/38\/2018\/01\/referentiel-SVT-3eme-prepa-pro.pdf\" target=\"_blank\" rel=\"noopener noreferrer\"><img loading=\"lazy\" decoding=\"async\" src=\"http:\/\/disciplines.ac-bordeaux.fr\/sbssa\/uploads\/rubriques\/83\/image\/acroread.png\" alt=\"\" width=\"25\" height=\"25\" \/><\/a><\/big><br \/>\n<\/span><\/li>\n<li><span id=\"ctl00_cphContentLeft_ViewRubrique1_lblRubriqueContent\" style=\"font-size: 12pt\"><big>Diaporama de pr\u00e9sentation de la r\u00e9formedu coll\u00e8ge: \u00a0 <a href=\"https:\/\/ent2d.ac-bordeaux.fr\/disciplines\/sbssa\/wp-content\/uploads\/sites\/38\/2018\/01\/1_Diaporama-refcol-equipedago-572337.pdf\" target=\"_blank\" rel=\"noopener noreferrer\"><img loading=\"lazy\" decoding=\"async\" src=\"http:\/\/disciplines.ac-bordeaux.fr\/sbssa\/uploads\/rubriques\/83\/image\/acroread.png\" alt=\"\" width=\"25\" height=\"25\" \/><\/a><\/big><br \/>\n<\/span><\/li>\n<li><span id=\"ctl00_cphContentLeft_ViewRubrique1_lblRubriqueContent\" style=\"font-size: 12pt\"><big>Affiche &#8220;Le socle 4C&#8221;:\u00a0<a href=\"https:\/\/ent2d.ac-bordeaux.fr\/disciplines\/sbssa\/wp-content\/uploads\/sites\/38\/2018\/01\/4_SOCLE-presentation-affiche.pdf\" target=\"_blank\" rel=\"noopener noreferrer\"><img loading=\"lazy\" decoding=\"async\" src=\"http:\/\/disciplines.ac-bordeaux.fr\/sbssa\/uploads\/rubriques\/83\/image\/acroread.png\" alt=\"\" width=\"25\" height=\"25\" \/><\/a><\/big>\u00a0 <\/span><\/li>\n<li><span id=\"ctl00_cphContentLeft_ViewRubrique1_lblRubriqueContent\" style=\"font-size: 12pt\"><big>Programmes pour les cycles 2,3 et 4 (cf SVTpour le cycle 4):<\/big><a href=\"https:\/\/ent2d.ac-bordeaux.fr\/disciplines\/sbssa\/wp-content\/uploads\/sites\/38\/2018\/01\/7_BO-Cycles-2-3-4-et-reperes-prog-24_12_2015.pdf\" target=\"_blank\" rel=\"noopener noreferrer\"><big><img loading=\"lazy\" decoding=\"async\" src=\"http:\/\/disciplines.ac-bordeaux.fr\/sbssa\/uploads\/rubriques\/83\/image\/acroread.png\" alt=\"\" width=\"25\" height=\"25\" \/><\/big><\/a><big><br \/>\n<\/big><\/span><\/li>\n<li><span id=\"ctl00_cphContentLeft_ViewRubrique1_lblRubriqueContent\" style=\"font-size: 12pt\"><big>Fiche ONISEP sur &#8220;le parcours avenir&#8221;: <a href=\"https:\/\/ent2d.ac-bordeaux.fr\/disciplines\/sbssa\/wp-content\/uploads\/sites\/38\/2018\/01\/9_BIS_parcours-avenir-def.pdf\" target=\"_blank\" rel=\"noopener noreferrer\"><img loading=\"lazy\" decoding=\"async\" src=\"http:\/\/disciplines.ac-bordeaux.fr\/sbssa\/uploads\/rubriques\/83\/image\/acroread.png\" alt=\"\" width=\"25\" height=\"25\" \/><\/a><\/big><big><br \/>\n<\/big><\/span><\/li>\n<li><span id=\"ctl00_cphContentLeft_ViewRubrique1_lblRubriqueContent\" style=\"font-size: 12pt\"><big>Affiche sur &#8220;le parcours citoyen&#8221;: <a href=\"https:\/\/ent2d.ac-bordeaux.fr\/disciplines\/sbssa\/wp-content\/uploads\/sites\/38\/2018\/01\/10_affiche_parcours-CITOYEN.pdf\" target=\"_blank\" rel=\"noopener noreferrer\"><img loading=\"lazy\" decoding=\"async\" src=\"http:\/\/disciplines.ac-bordeaux.fr\/sbssa\/uploads\/rubriques\/83\/image\/acroread.png\" alt=\"\" width=\"25\" height=\"25\" \/><\/a><\/big><big><br \/>\n<\/big><\/span><\/li>\n<li><span id=\"ctl00_cphContentLeft_ViewRubrique1_lblRubriqueContent\" style=\"font-size: 12pt\"><big>Le nouveau livret scolaire: du CP \u00e0 la 3\u00e8me\u00a0 <a href=\"https:\/\/ent2d.ac-bordeaux.fr\/disciplines\/sbssa\/wp-content\/uploads\/sites\/38\/2018\/01\/11_nouveau-LIVRET-scolaire.pdf\" target=\"_blank\" rel=\"noopener noreferrer\"><img loading=\"lazy\" decoding=\"async\" src=\"http:\/\/disciplines.ac-bordeaux.fr\/sbssa\/uploads\/rubriques\/83\/image\/acroread.png\" alt=\"\" width=\"25\" height=\"25\" \/><\/a><\/big><br \/>\n<\/span><\/li>\n<li><span id=\"ctl00_cphContentLeft_ViewRubrique1_lblRubriqueContent\" style=\"font-size: 12pt\"><big>Lyc\u00e9e professionnel: ce qui change \u00e0 larentr\u00e9e (mesures) <a href=\"https:\/\/ent2d.ac-bordeaux.fr\/disciplines\/sbssa\/wp-content\/uploads\/sites\/38\/2018\/01\/12_2016-lyceepro-ce-qui-chang_-mesures_604607.pdf\" target=\"_blank\" rel=\"noopener noreferrer\"><img loading=\"lazy\" decoding=\"async\" src=\"http:\/\/disciplines.ac-bordeaux.fr\/sbssa\/uploads\/rubriques\/83\/image\/acroread.png\" alt=\"\" width=\"25\" height=\"25\" \/><\/a><\/big><br \/>\n<\/span><\/li>\n<li><span id=\"ctl00_cphContentLeft_ViewRubrique1_lblRubriqueContent\"><big><big><span style=\"font-size: 12pt\">Lyc\u00e9e professionnel: ce qui change \u00e0 la rentr\u00e9e (faq)<\/span>\u00a0 <a href=\"https:\/\/ent2d.ac-bordeaux.fr\/disciplines\/sbssa\/wp-content\/uploads\/sites\/38\/2018\/01\/12_BIS_2016-lyceepro-ce-qui-change_faq_604605.pdf\" target=\"_blank\" rel=\"noopener noreferrer\"><img loading=\"lazy\" decoding=\"async\" src=\"http:\/\/disciplines.ac-bordeaux.fr\/sbssa\/uploads\/rubriques\/83\/image\/acroread.png\" alt=\"\" width=\"25\" height=\"25\" \/><\/a><\/big><\/big><br \/>\n<\/span><\/li>\n<\/ul>\n<\/td>\n<\/tr>\n<tr>\n<td><img loading=\"lazy\" decoding=\"async\" class=\"wp-image-514 aligncenter\" src=\"https:\/\/ent2d.ac-bordeaux.fr\/disciplines\/sbssa\/wp-content\/uploads\/sites\/38\/2017\/10\/BO-300x109.png\" alt=\"\" width=\"108\" height=\"39\" srcset=\"https:\/\/ent2d.ac-bordeaux.fr\/disciplines\/sbssa\/wp-content\/uploads\/sites\/38\/2017\/10\/BO-300x109.png 300w, https:\/\/ent2d.ac-bordeaux.fr\/disciplines\/sbssa\/wp-content\/uploads\/sites\/38\/2017\/10\/BO.png 370w\" sizes=\"auto, (max-width: 108px) 100vw, 108px\" \/><\/p>\n<ul style=\"list-style-type: disc\">\n<li>\u00a0Premiers arr\u00eat\u00e9s sur la 3\u00e8me &#8220;pr\u00e9pa m\u00e9tiers&#8221; <a href=\"https:\/\/ent2d.ac-bordeaux.fr\/disciplines\/sbssa\/wp-content\/uploads\/sites\/38\/2019\/03\/joe_20190309_0058_0018.pdf\" target=\"_blank\" rel=\"noopener noreferrer\"><img loading=\"lazy\" decoding=\"async\" class=\"wp-image-1462 alignnone\" src=\"https:\/\/ent2d.ac-bordeaux.fr\/disciplines\/sbssa\/wp-content\/uploads\/sites\/38\/2018\/09\/PDF.jpg\" alt=\"\" width=\"35\" height=\"35\" srcset=\"https:\/\/ent2d.ac-bordeaux.fr\/disciplines\/sbssa\/wp-content\/uploads\/sites\/38\/2018\/09\/PDF.jpg 225w, https:\/\/ent2d.ac-bordeaux.fr\/disciplines\/sbssa\/wp-content\/uploads\/sites\/38\/2018\/09\/PDF-150x150.jpg 150w\" sizes=\"auto, (max-width: 35px) 100vw, 35px\" \/><\/a><\/li>\n<li>DBN, modalit\u00e9s d&#8217;attribution \u00e0 partir de la session 2017: <strong>BO n\u00b014 du 8 avril 2016. <a href=\"http:\/\/www.education.gouv.fr\/pid285\/bulletin_officiel.html?cid_bo=100848\" target=\"_blank\" rel=\"noopener noreferrer\"><img loading=\"lazy\" decoding=\"async\" class=\"alignnone wp-image-522\" src=\"https:\/\/ent2d.ac-bordeaux.fr\/disciplines\/sbssa\/wp-content\/uploads\/sites\/38\/2017\/10\/icone-actualite-2.png\" alt=\"\" width=\"35\" height=\"35\" \/><\/a><\/strong><\/li>\n<li>R\u00e9ussir l&#8217;entr\u00e9e au lyc\u00e9e professionnel: <strong>BO n\u00b013 du 31 mars 2016. <a href=\"http:\/\/www.education.gouv.fr\/pid285\/bulletin_officiel.html?cid_bo=100538\" target=\"_blank\" rel=\"noopener noreferrer\"><img loading=\"lazy\" decoding=\"async\" class=\"alignnone wp-image-522\" src=\"https:\/\/ent2d.ac-bordeaux.fr\/disciplines\/sbssa\/wp-content\/uploads\/sites\/38\/2017\/10\/icone-actualite-2.png\" alt=\"\" width=\"35\" height=\"35\" \/><\/a><br \/>\n<\/strong><\/li>\n<li>Les nouvelles modalit\u00e9s entrant en vigueur \u00e0 compter de la rentr\u00e9e scolaire 2016 relatif \u00e0 la classe de 3e pr\u00e9paratoire \u00e0 l&#8217;enseignement professionnel: <strong>BO n\u00b06 du 11 f\u00e9vrier 2016.\u00a0<a href=\"http:\/\/www.education.gouv.fr\/pid285\/bulletin_officiel.html?cid_bo=98461\" target=\"_blank\" rel=\"noopener noreferrer\"><img loading=\"lazy\" decoding=\"async\" class=\"alignnone wp-image-522\" src=\"https:\/\/ent2d.ac-bordeaux.fr\/disciplines\/sbssa\/wp-content\/uploads\/sites\/38\/2017\/10\/icone-actualite-2.png\" alt=\"\" width=\"35\" height=\"35\" \/> <\/a><\/strong><\/li>\n<li>\u00a0\u00a0\u00a0 DNB, modalit\u00e9 d&#8217;attribution: <strong>BO n\u00b03 du 21 janvier 2016.<a href=\"http:\/\/www.education.gouv.fr\/pid285\/bulletin_officiel.html?cid_bo=97271\" target=\"_blank\" rel=\"noopener noreferrer\"><img loading=\"lazy\" decoding=\"async\" class=\"alignnone wp-image-522\" src=\"https:\/\/ent2d.ac-bordeaux.fr\/disciplines\/sbssa\/wp-content\/uploads\/sites\/38\/2017\/10\/icone-actualite-2.png\" alt=\"\" width=\"35\" height=\"35\" \/><\/a><br \/>\n<\/strong><\/li>\n<li>Le parcours avenir: <strong>BO n\u00b028 du 9 juillet 2015. <a href=\"http:\/\/www.education.gouv.fr\/pid25535\/bulletin_officiel.html?cid_bo=91137\" target=\"_blank\" rel=\"noopener noreferrer\"><img loading=\"lazy\" decoding=\"async\" class=\"alignnone wp-image-522\" src=\"https:\/\/ent2d.ac-bordeaux.fr\/disciplines\/sbssa\/wp-content\/uploads\/sites\/38\/2017\/10\/icone-actualite-2.png\" alt=\"\" width=\"35\" height=\"35\" \/><\/a><\/strong><\/li>\n<li>Le socle commun de connaissances, de comp\u00e9tences et de culture: <strong>BO n\u00b017 du 23 avril 2015. <a href=\"http:\/\/www.education.gouv.fr\/pid25535\/bulletin_officiel.html?cid_bo=87834\" target=\"_blank\" rel=\"noopener noreferrer\"><img loading=\"lazy\" decoding=\"async\" class=\"alignnone wp-image-522\" src=\"https:\/\/ent2d.ac-bordeaux.fr\/disciplines\/sbssa\/wp-content\/uploads\/sites\/38\/2017\/10\/icone-actualite-2.png\" alt=\"\" width=\"35\" height=\"35\" \/><\/a><\/strong><\/li>\n<\/ul>\n<\/td>\n<\/tr>\n<tr>\n<td><img loading=\"lazy\" decoding=\"async\" class=\"wp-image-516 aligncenter\" src=\"https:\/\/ent2d.ac-bordeaux.fr\/disciplines\/sbssa\/wp-content\/uploads\/sites\/38\/2017\/10\/RECTORAT-BORDEAUX.png\" alt=\"\" width=\"108\" height=\"58\" \/><\/p>\n<ul style=\"list-style-type: disc\">\n<li>\u00a0<span id=\"ctl00_cphContentLeft_ViewRubrique1_lblRubriqueContent\" style=\"font-size: 12pt\"><strong><u>SVT en 3\u00e8me pr\u00e9pa pro<\/u><\/strong><u> <\/u>: en attendant la publication d&#8217;un document officiel, l&#8217;inspection g\u00e9n\u00e9rale recommande de prendre appui sur le programme du cycle 4 en ciblant pour ce d\u00e9but d\u2019ann\u00e9e un th\u00e8me se rapprochant d\u2019un item de la PSE,\u00a0la th\u00e8me \u00a0\u00ab\u00a0 le corps humain et la sant\u00e9\u00a0\u00bb notamment la partie consacr\u00e9e \u00e0 l\u2019alimentation devrait \u00eatre en grande partie retenue dans le programme adapt\u00e9 aux besoins particuliers des \u00e9l\u00e8ves pr\u00e9parant le DNBpro.<big> <\/big><big><br \/>\n<\/big><br \/>\n<\/span><\/li>\n<li><span id=\"ctl00_cphContentLeft_ViewRubrique1_lblRubriqueContent\" style=\"font-size: 12pt\"><big>Diaporama sur la formation du 06\/07\/2016: &#8221; <span style=\"text-decoration: line-through\">PSE<\/span> SVT en 3\u00e8me pr\u00e9pa pro&#8221;par Mmes Nadine Couture et Mich\u00e8le Terret.\u00a0 <a href=\"https:\/\/ent2d.ac-bordeaux.fr\/disciplines\/sbssa\/wp-content\/uploads\/sites\/38\/2018\/01\/0_-ppt-SVT-3-prepa-PRO-REVU.pdf\" target=\"_blank\" rel=\"noopener noreferrer\"><img loading=\"lazy\" decoding=\"async\" src=\"http:\/\/disciplines.ac-bordeaux.fr\/sbssa\/uploads\/rubriques\/83\/image\/acroread.png\" alt=\"\" width=\"25\" height=\"25\" \/><\/a><\/big><br \/>\n<\/span><\/li>\n<\/ul>\n<\/td>\n<\/tr>\n<tr>\n<td><img loading=\"lazy\" decoding=\"async\" class=\"wp-image-517 aligncenter\" src=\"https:\/\/ent2d.ac-bordeaux.fr\/disciplines\/sbssa\/wp-content\/uploads\/sites\/38\/2017\/10\/RESSOURCES-300x122.png\" alt=\"\" width=\"111\" height=\"45\" srcset=\"https:\/\/ent2d.ac-bordeaux.fr\/disciplines\/sbssa\/wp-content\/uploads\/sites\/38\/2017\/10\/RESSOURCES-300x122.png 300w, https:\/\/ent2d.ac-bordeaux.fr\/disciplines\/sbssa\/wp-content\/uploads\/sites\/38\/2017\/10\/RESSOURCES.png 351w\" sizes=\"auto, (max-width: 111px) 100vw, 111px\" \/><\/p>\n<ul style=\"list-style-type: disc\">\n<li>\u00a0 Le sujet 0 (2016) de SVT pour le DNB s\u00e9rie professionnelle: <a href=\"https:\/\/ent2d.ac-bordeaux.fr\/disciplines\/sbssa\/wp-content\/uploads\/sites\/38\/2018\/01\/sujet-Zero-_-serie-pro-_-partie-SVT.doc\" target=\"_blank\" rel=\"noopener noreferrer\"><img loading=\"lazy\" decoding=\"async\" src=\"http:\/\/disciplines.ac-bordeaux.fr\/sbssa\/uploads\/rubriques\/83\/image\/WORD%203.jpg\" alt=\"\" width=\"25\" height=\"25\" \/><\/a><\/li>\n<\/ul>\n<\/td>\n<\/tr>\n<\/tbody>\n<\/table>\n","protected":false},"excerpt":{"rendered":"<p>Fiche 16 page 40 du vade-mecum &#8220;la classe de 3\u00e8me pr\u00e9pa-m\u00e9tiers&#8221; : aborder en concertation l&#8217;enseignement des sciences et de<\/p>\n","protected":false},"author":171,"featured_media":0,"parent":0,"menu_order":0,"comment_status":"closed","ping_status":"closed","template":"","meta":{"footnotes":""},"class_list":["post-890","page","type-page","status-publish","hentry"],"_links":{"self":[{"href":"https:\/\/ent2d.ac-bordeaux.fr\/disciplines\/sbssa\/wp-json\/wp\/v2\/pages\/890","targetHints":{"allow":["GET"]}}],"collection":[{"href":"https:\/\/ent2d.ac-bordeaux.fr\/disciplines\/sbssa\/wp-json\/wp\/v2\/pages"}],"about":[{"href":"https:\/\/ent2d.ac-bordeaux.fr\/disciplines\/sbssa\/wp-json\/wp\/v2\/types\/page"}],"author":[{"embeddable":true,"href":"https:\/\/ent2d.ac-bordeaux.fr\/disciplines\/sbssa\/wp-json\/wp\/v2\/users\/171"}],"replies":[{"embeddable":true,"href":"https:\/\/ent2d.ac-bordeaux.fr\/disciplines\/sbssa\/wp-json\/wp\/v2\/comments?post=890"}],"version-history":[{"count":10,"href":"https:\/\/ent2d.ac-bordeaux.fr\/disciplines\/sbssa\/wp-json\/wp\/v2\/pages\/890\/revisions"}],"predecessor-version":[{"id":1964,"href":"https:\/\/ent2d.ac-bordeaux.fr\/disciplines\/sbssa\/wp-json\/wp\/v2\/pages\/890\/revisions\/1964"}],"wp:attachment":[{"href":"https:\/\/ent2d.ac-bordeaux.fr\/disciplines\/sbssa\/wp-json\/wp\/v2\/media?parent=890"}],"curies":[{"name":"wp","href":"https:\/\/api.w.org\/{rel}","templated":true}]}}