{"id":844,"date":"2018-01-03T15:28:29","date_gmt":"2018-01-03T14:28:29","guid":{"rendered":"https:\/\/ent2d.ac-bordeaux.fr\/disciplines\/sbssa\/?page_id=844"},"modified":"2021-03-30T16:07:29","modified_gmt":"2021-03-30T14:07:29","slug":"pse-en-cap","status":"publish","type":"page","link":"https:\/\/ent2d.ac-bordeaux.fr\/disciplines\/sbssa\/pse-en-cap\/","title":{"rendered":"PSE en CAP"},"content":{"rendered":"<table border=\"4\" width=\"800\">\n<tbody>\n<tr>\n<td><img loading=\"lazy\" decoding=\"async\" class=\"wp-image-515 aligncenter\" src=\"https:\/\/ent2d.ac-bordeaux.fr\/disciplines\/sbssa\/wp-content\/uploads\/sites\/38\/2017\/10\/EDUCATION-NATIONALE-300x143.png\" alt=\"\" width=\"139\" height=\"66\" srcset=\"https:\/\/ent2d.ac-bordeaux.fr\/disciplines\/sbssa\/wp-content\/uploads\/sites\/38\/2017\/10\/EDUCATION-NATIONALE-300x143.png 300w, https:\/\/ent2d.ac-bordeaux.fr\/disciplines\/sbssa\/wp-content\/uploads\/sites\/38\/2017\/10\/EDUCATION-NATIONALE.png 325w\" sizes=\"auto, (max-width: 139px) 100vw, 139px\" \/><\/td>\n<\/tr>\n<tr>\n<td><img loading=\"lazy\" decoding=\"async\" class=\"wp-image-514 aligncenter\" src=\"https:\/\/ent2d.ac-bordeaux.fr\/disciplines\/sbssa\/wp-content\/uploads\/sites\/38\/2017\/10\/BO-300x109.png\" alt=\"\" width=\"108\" height=\"39\" srcset=\"https:\/\/ent2d.ac-bordeaux.fr\/disciplines\/sbssa\/wp-content\/uploads\/sites\/38\/2017\/10\/BO-300x109.png 300w, https:\/\/ent2d.ac-bordeaux.fr\/disciplines\/sbssa\/wp-content\/uploads\/sites\/38\/2017\/10\/BO.png 370w\" sizes=\"auto, (max-width: 108px) 100vw, 108px\" \/><span id=\"ctl00_cphContentLeft_ViewPage1_lblContentPage\"><\/span><\/p>\n<ul>\n<li>Programme PSE\u00a0\u00a0en\u00a0\u00a0CAP<strong><strong>:\u00a0 <\/strong>Bo sp\u00e9cial n\u00b05 du 11 avril 2019<a href=\"https:\/\/www.education.gouv.fr\/bo\/19\/Special5\/MENE1908641A.htm\" target=\"_blank\" rel=\"noopener noreferrer\"><img loading=\"lazy\" decoding=\"async\" class=\"alignnone wp-image-522\" src=\"https:\/\/ent2d.ac-bordeaux.fr\/disciplines\/sbssa\/wp-content\/uploads\/sites\/38\/2017\/10\/icone-actualite-2.png\" alt=\"\" width=\"36\" height=\"36\" \/><\/a>et \u00a0 \u00a0 <\/strong><a href=\"https:\/\/ent2d.ac-bordeaux.fr\/disciplines\/sbssa\/cap-programme\/\" target=\"_blank\" rel=\"noopener noreferrer\"><img loading=\"lazy\" decoding=\"async\" src=\"https:\/\/ent2d.ac-bordeaux.fr\/disciplines\/sbssa\/wp-content\/uploads\/sites\/38\/2018\/09\/PDF.jpg\" alt=\"\" width=\"30\" height=\"30\" \/><\/a><\/li>\n<\/ul>\n<\/td>\n<\/tr>\n<tr>\n<td><img loading=\"lazy\" decoding=\"async\" class=\"wp-image-516 aligncenter\" src=\"https:\/\/ent2d.ac-bordeaux.fr\/disciplines\/sbssa\/wp-content\/uploads\/sites\/38\/2017\/10\/RECTORAT-BORDEAUX.png\" alt=\"\" width=\"108\" height=\"58\" \/><\/p>\n<p><span style=\"text-decoration: underline;color: #008000;font-size: 18pt\"><strong><big>CONSIGNES &amp; OUTILS POUR LES CCF:<\/big><\/strong><\/span><big><br \/>\n<\/big><strong><br \/>\n1) <\/strong>Evaluation de la PSE au CAP en CCF: textes, recommandations et cahier des charges <a href=\"https:\/\/ent2d.ac-bordeaux.fr\/disciplines\/sbssa\/wp-content\/uploads\/sites\/38\/2018\/01\/cahier-des-charges-sujet-CCF-PSE-CAP.pdf\" target=\"_blank\" rel=\"noopener noreferrer\"><img loading=\"lazy\" decoding=\"async\" src=\"https:\/\/ent2d.ac-bordeaux.fr\/disciplines\/sbssa\/wp-content\/uploads\/sites\/38\/2018\/09\/PDF.jpg\" alt=\"\" width=\"25\" height=\"25\" \/><\/a><br \/>\n2) Document 1: maquette sujet CCF-PSE-CAP \u00a0 <a href=\"https:\/\/ent2d.ac-bordeaux.fr\/disciplines\/sbssa\/wp-content\/uploads\/sites\/38\/2018\/01\/DOC-1-maquette-sujet-ecrit-CCF-CAP.doc\" target=\"_blank\" rel=\"noopener noreferrer\"><img loading=\"lazy\" decoding=\"async\" src=\"https:\/\/ent2d.ac-bordeaux.fr\/disciplines\/sbssa\/wp-content\/uploads\/sites\/38\/2018\/09\/WORD-3.jpg\" alt=\"\" width=\"20\" height=\"20\" \/><\/a><br \/>\n3) Document 2: grille de suivi des connaissances et comp\u00e9tences \u00e9valu\u00e9es <a href=\"https:\/\/ent2d.ac-bordeaux.fr\/disciplines\/sbssa\/wp-content\/uploads\/sites\/38\/2018\/01\/DOC-2-grille-suivi-competences-evaluees.doc\" target=\"_blank\" rel=\"noopener noreferrer\"><img loading=\"lazy\" decoding=\"async\" src=\"https:\/\/ent2d.ac-bordeaux.fr\/disciplines\/sbssa\/wp-content\/uploads\/sites\/38\/2018\/09\/WORD-3.jpg\" alt=\"\" width=\"20\" height=\"20\" \/><\/a><br \/>\n4) Grille de notation du SST pour le CCF de PSE en cas de SST non valid\u00e9 <a href=\"https:\/\/ent2d.ac-bordeaux.fr\/disciplines\/sbssa\/wp-content\/uploads\/sites\/38\/2018\/10\/grille-NOTE-SST-si-echec-pour-CFF.doc\" target=\"_blank\" rel=\"noopener noreferrer\"><img loading=\"lazy\" decoding=\"async\" src=\"https:\/\/ent2d.ac-bordeaux.fr\/disciplines\/sbssa\/wp-content\/uploads\/sites\/38\/2018\/09\/WORD-3.jpg\" alt=\"\" width=\"20\" height=\"20\" \/><\/a><br \/>\n5) Grille de notation du SST pour le CCF de PSE en cas de SST non valid\u00e9 (candidat en<br \/>\nsituation de handicap) <a href=\"https:\/\/ent2d.ac-bordeaux.fr\/disciplines\/sbssa\/wp-content\/uploads\/sites\/38\/2018\/10\/grille-NOTE-SST-si-echec-pour-CCF-candidat-handicape.doc\" target=\"_blank\" rel=\"noopener noreferrer\"><img loading=\"lazy\" decoding=\"async\" src=\"https:\/\/ent2d.ac-bordeaux.fr\/disciplines\/sbssa\/wp-content\/uploads\/sites\/38\/2018\/09\/WORD-3.jpg\" alt=\"\" width=\"20\" height=\"20\" \/><\/a><\/p>\n<p><span style=\"color: #008000;font-size: 18pt\"><strong>\u00a0 <\/strong><u><\/u><\/span><\/td>\n<\/tr>\n<tr>\n<td><img loading=\"lazy\" decoding=\"async\" class=\"wp-image-517 aligncenter\" src=\"https:\/\/ent2d.ac-bordeaux.fr\/disciplines\/sbssa\/wp-content\/uploads\/sites\/38\/2017\/10\/RESSOURCES-300x122.png\" alt=\"\" width=\"111\" height=\"45\" srcset=\"https:\/\/ent2d.ac-bordeaux.fr\/disciplines\/sbssa\/wp-content\/uploads\/sites\/38\/2017\/10\/RESSOURCES-300x122.png 300w, https:\/\/ent2d.ac-bordeaux.fr\/disciplines\/sbssa\/wp-content\/uploads\/sites\/38\/2017\/10\/RESSOURCES.png 351w\" sizes=\"auto, (max-width: 111px) 100vw, 111px\" \/><\/p>\n<p><span id=\"ctl00_cphContentLeft_ViewPage1_lblContentPage\"><span style=\"color: #008000;font-size: 18pt\"><u><b><big>FICHES NUM\u00c9RIS\u00c9ES:<\/big><\/b><\/u><b><big> <\/big><\/b><\/span><b><big><br \/>\n<\/big><\/b><\/span><\/p>\n<ul style=\"list-style-type: disc\">\n<li>\u00a0<span id=\"ctl00_cphContentLeft_ViewPage1_lblContentPage\" style=\"font-family: georgia, palatino, serif;font-size: 12pt\"><b><big><strong><big><big>POURQUOI les fiches num\u00e9ris\u00e9es de PSE &#8211; MODE D&#8217;EMPLOI:<\/big><\/big><\/strong><\/big><\/b><a href=\"https:\/\/ent2d.ac-bordeaux.fr\/disciplines\/sbssa\/wp-content\/uploads\/sites\/38\/2018\/01\/consignes-pour-les-fiches-pse-numerisees-1.pdf\" target=\"_blank\" rel=\"noopener noreferrer\"><b><big><strong><big><big> <img loading=\"lazy\" decoding=\"async\" src=\"https:\/\/ent2d.ac-bordeaux.fr\/disciplines\/sbssa\/wp-content\/uploads\/sites\/38\/2018\/09\/PDF.jpg\" alt=\"\" width=\"30\" height=\"30\" \/><\/big><\/big><\/strong><\/big><\/b><\/a><\/span><\/li>\n<li><span id=\"ctl00_cphContentLeft_ViewPage1_lblContentPage\" style=\"font-size: 12pt;font-family: georgia, palatino, serif\"><b><big><\/big><\/b><big>C<\/big><big>AP S1 Rythmes biologiques: <a href=\"https:\/\/ent2d.ac-bordeaux.fr\/disciplines\/sbssa\/wp-content\/uploads\/sites\/38\/2018\/01\/cap-S1-Rythmes-biologiques.pdf\" target=\"_blank\" rel=\"noopener noreferrer\"><img loading=\"lazy\" decoding=\"async\" src=\"https:\/\/ent2d.ac-bordeaux.fr\/disciplines\/sbssa\/wp-content\/uploads\/sites\/38\/2018\/09\/PDF.jpg\" alt=\"\" width=\"30\" height=\"30\" \/><\/a><\/big><\/span><\/li>\n<li><span id=\"ctl00_cphContentLeft_ViewPage1_lblContentPage\" style=\"font-size: 12pt;font-family: georgia, palatino, serif\"><big><span id=\"ctl00_cphContentLeft_ViewPage1_lblContentPage\"><big> CAP S2 Le sommeil: <a href=\"https:\/\/ent2d.ac-bordeaux.fr\/disciplines\/sbssa\/wp-content\/uploads\/sites\/38\/2018\/01\/cap-S2-Le-sommeil_.pdf\" target=\"_blank\" rel=\"noopener noreferrer\"><img loading=\"lazy\" decoding=\"async\" src=\"https:\/\/ent2d.ac-bordeaux.fr\/disciplines\/sbssa\/wp-content\/uploads\/sites\/38\/2018\/09\/PDF.jpg\" alt=\"\" width=\"30\" height=\"30\" \/><\/a><\/big><\/span><br \/>\n<\/big><\/span><\/li>\n<li><span id=\"ctl00_cphContentLeft_ViewPage1_lblContentPage\" style=\"font-size: 12pt;font-family: georgia, palatino, serif\"><big> cap S3 Alimentation et activit\u00e9: <a href=\"https:\/\/ent2d.ac-bordeaux.fr\/disciplines\/sbssa\/wp-content\/uploads\/sites\/38\/2018\/01\/cap-S3-Alimentation-et-activite.pdf\" target=\"_blank\" rel=\"noopener noreferrer\"><img loading=\"lazy\" decoding=\"async\" src=\"https:\/\/ent2d.ac-bordeaux.fr\/disciplines\/sbssa\/wp-content\/uploads\/sites\/38\/2018\/09\/PDF.jpg\" alt=\"\" width=\"30\" height=\"30\" \/><\/a><br \/>\n<\/big><\/span><\/li>\n<li><span id=\"ctl00_cphContentLeft_ViewPage1_lblContentPage\" style=\"font-size: 12pt;font-family: georgia, palatino, serif\"><big>CAP S4 G\u00e9rer son activit\u00e9 physique: <a href=\"https:\/\/ent2d.ac-bordeaux.fr\/disciplines\/sbssa\/wp-content\/uploads\/sites\/38\/2018\/01\/cap-S4-Gerer-son-activite-physique.pdf\" target=\"_blank\" rel=\"noopener noreferrer\"><img loading=\"lazy\" decoding=\"async\" src=\"https:\/\/ent2d.ac-bordeaux.fr\/disciplines\/sbssa\/wp-content\/uploads\/sites\/38\/2018\/09\/PDF.jpg\" alt=\"\" width=\"30\" height=\"30\" \/><\/a><br \/>\n<\/big><\/span><\/li>\n<li><span id=\"ctl00_cphContentLeft_ViewPage1_lblContentPage\" style=\"font-size: 12pt;font-family: georgia, palatino, serif\"><big>CAP S5 Pr\u00e9venir les conduites addictives: <a href=\"https:\/\/ent2d.ac-bordeaux.fr\/disciplines\/sbssa\/wp-content\/uploads\/sites\/38\/2018\/01\/cap-S5-Prevenir-les-conduites-addictives.pdf\" target=\"_blank\" rel=\"noopener noreferrer\"><img loading=\"lazy\" decoding=\"async\" src=\"https:\/\/ent2d.ac-bordeaux.fr\/disciplines\/sbssa\/wp-content\/uploads\/sites\/38\/2018\/09\/PDF.jpg\" alt=\"\" width=\"30\" height=\"30\" \/><\/a><br \/>\n<\/big><\/span><\/li>\n<li><span id=\"ctl00_cphContentLeft_ViewPage1_lblContentPage\" style=\"font-size: 12pt;font-family: georgia, palatino, serif\"><big>CAP S6 Pr\u00e9venir les infections sexuellement transmissibles .I.ST: <a href=\"https:\/\/ent2d.ac-bordeaux.fr\/disciplines\/sbssa\/wp-content\/uploads\/sites\/38\/2018\/01\/cap-s6-Prevenir-les-infections-sexuellement-transmissibles-_I_ST.pdf\" target=\"_blank\" rel=\"noopener noreferrer\"><img loading=\"lazy\" decoding=\"async\" src=\"https:\/\/ent2d.ac-bordeaux.fr\/disciplines\/sbssa\/wp-content\/uploads\/sites\/38\/2018\/09\/PDF.jpg\" alt=\"\" width=\"30\" height=\"30\" \/><\/a><\/big><br \/>\n<\/span><\/li>\n<li><span id=\"ctl00_cphContentLeft_ViewPage1_lblContentPage\" style=\"font-size: 12pt;font-family: georgia, palatino, serif\"><big><big>CAP S7 Pr\u00e9venir une grossesse non d\u00e9sir\u00e9e: <a href=\"https:\/\/ent2d.ac-bordeaux.fr\/disciplines\/sbssa\/wp-content\/uploads\/sites\/38\/2018\/01\/cap-S7-Prevenir-une-grossesse-non-d\u00e9siree.pdf\" target=\"_blank\" rel=\"noopener noreferrer\"><img loading=\"lazy\" decoding=\"async\" src=\"https:\/\/ent2d.ac-bordeaux.fr\/disciplines\/sbssa\/wp-content\/uploads\/sites\/38\/2018\/09\/PDF.jpg\" alt=\"\" width=\"30\" height=\"30\" \/><\/a><br \/>\n<\/big><\/big><\/span><\/li>\n<li><span id=\"ctl00_cphContentLeft_ViewPage1_lblContentPage\" style=\"font-size: 12pt;font-family: georgia, palatino, serif\"><big><big>CAP S8\u00a0 G\u00e9rer son budget: <a href=\"https:\/\/ent2d.ac-bordeaux.fr\/disciplines\/sbssa\/wp-content\/uploads\/sites\/38\/2018\/01\/cap-S8-Gerer-son-budget.pdf\" target=\"_blank\" rel=\"noopener noreferrer\"><img loading=\"lazy\" decoding=\"async\" src=\"https:\/\/ent2d.ac-bordeaux.fr\/disciplines\/sbssa\/wp-content\/uploads\/sites\/38\/2018\/09\/PDF.jpg\" alt=\"\" width=\"30\" height=\"30\" \/><\/a><br \/>\n<\/big><\/big><\/span><\/li>\n<li><span id=\"ctl00_cphContentLeft_ViewPage1_lblContentPage\" style=\"font-size: 12pt;font-family: georgia, palatino, serif\"><big><big>CAP S9\u00a0 Cr\u00e9dit et endettement: <a href=\"https:\/\/ent2d.ac-bordeaux.fr\/disciplines\/sbssa\/wp-content\/uploads\/sites\/38\/2018\/01\/cap-S9-Credit-et-endettement.pdf\" target=\"_blank\" rel=\"noopener noreferrer\"><img loading=\"lazy\" decoding=\"async\" src=\"https:\/\/ent2d.ac-bordeaux.fr\/disciplines\/sbssa\/wp-content\/uploads\/sites\/38\/2018\/09\/PDF.jpg\" alt=\"\" width=\"30\" height=\"30\" \/><\/a><br \/>\n<\/big><\/big><\/span><\/li>\n<li><span id=\"ctl00_cphContentLeft_ViewPage1_lblContentPage\" style=\"font-size: 12pt;font-family: georgia, palatino, serif\"><big><big>CAP S10\u00a0 G\u00e9rer ses achats: <a href=\"https:\/\/ent2d.ac-bordeaux.fr\/disciplines\/sbssa\/wp-content\/uploads\/sites\/38\/2018\/01\/cap-S10-Gerer-ses-achats.pdf\" target=\"_blank\" rel=\"noopener noreferrer\"><img loading=\"lazy\" decoding=\"async\" src=\"https:\/\/ent2d.ac-bordeaux.fr\/disciplines\/sbssa\/wp-content\/uploads\/sites\/38\/2018\/09\/PDF.jpg\" alt=\"\" width=\"30\" height=\"30\" \/><\/a><br \/>\n<\/big><\/big><\/span><\/li>\n<li><span id=\"ctl00_cphContentLeft_ViewPage1_lblContentPage\" style=\"font-size: 12pt;font-family: georgia, palatino, serif\"><big><big>CAP S11 protection des personnes et des biens: <a href=\"https:\/\/ent2d.ac-bordeaux.fr\/disciplines\/sbssa\/wp-content\/uploads\/sites\/38\/2018\/01\/cap-S11-protection-des-personnes-et-des-biens.pdf\" target=\"_blank\" rel=\"noopener noreferrer\"><img loading=\"lazy\" decoding=\"async\" src=\"https:\/\/ent2d.ac-bordeaux.fr\/disciplines\/sbssa\/wp-content\/uploads\/sites\/38\/2018\/09\/PDF.jpg\" alt=\"\" width=\"30\" height=\"30\" \/><\/a><\/big><br \/>\n<\/big><\/span><\/li>\n<li><span id=\"ctl00_cphContentLeft_ViewPage1_lblContentPage\" style=\"font-size: 12pt;font-family: georgia, palatino, serif\"><big>CAP S12\u00a0 Orientation et formation professionnelle: <a href=\"https:\/\/ent2d.ac-bordeaux.fr\/disciplines\/sbssa\/wp-content\/uploads\/sites\/38\/2018\/01\/cap-S12-Orientation-et-formation-professionnelle.pdf\" target=\"_blank\" rel=\"noopener noreferrer\"><img loading=\"lazy\" decoding=\"async\" src=\"https:\/\/ent2d.ac-bordeaux.fr\/disciplines\/sbssa\/wp-content\/uploads\/sites\/38\/2018\/09\/PDF.jpg\" alt=\"\" width=\"30\" height=\"30\" \/><\/a><br \/>\n<\/big><\/span><\/li>\n<li><span id=\"ctl00_cphContentLeft_ViewPage1_lblContentPage\" style=\"font-size: 12pt;font-family: georgia, palatino, serif\"><big>CAP S13\u00a0 Rechercher un emploi et valider son exp\u00e9rience\u00a0 professionnelle: <a href=\"https:\/\/ent2d.ac-bordeaux.fr\/disciplines\/sbssa\/wp-content\/uploads\/sites\/38\/2018\/01\/cap-S13-Rechercher-un-emploi-et-valider-son-experience-professionnelle.pdf\" target=\"_blank\" rel=\"noopener noreferrer\"><img loading=\"lazy\" decoding=\"async\" src=\"https:\/\/ent2d.ac-bordeaux.fr\/disciplines\/sbssa\/wp-content\/uploads\/sites\/38\/2018\/09\/PDF.jpg\" alt=\"\" width=\"30\" height=\"30\" \/><\/a><br \/>\n<\/big><\/span><\/li>\n<li><span id=\"ctl00_cphContentLeft_ViewPage1_lblContentPage\" style=\"font-size: 12pt;font-family: georgia, palatino, serif\"><big>QCM1 biorythme:\u00a0 <a href=\"https:\/\/ent2d.ac-bordeaux.fr\/disciplines\/sbssa\/wp-content\/uploads\/sites\/38\/2018\/01\/QCM1-biorythme.ppt\" target=\"_blank\" rel=\"noopener noreferrer\"><img loading=\"lazy\" decoding=\"async\" src=\"https:\/\/ent2d.ac-bordeaux.fr\/disciplines\/sbssa\/wp-content\/uploads\/sites\/38\/2018\/09\/ppt.jpg\" alt=\"\" width=\"25\" height=\"26\" \/><\/a><br \/>\n<\/big><\/span><\/li>\n<li><span id=\"ctl00_cphContentLeft_ViewPage1_lblContentPage\" style=\"font-size: 12pt;font-family: georgia, palatino, serif\"><big>QCM4 sport: <a href=\"https:\/\/ent2d.ac-bordeaux.fr\/disciplines\/sbssa\/wp-content\/uploads\/sites\/38\/2018\/01\/QCM4-sport.ppt\" target=\"_blank\" rel=\"noopener noreferrer\"><img loading=\"lazy\" decoding=\"async\" src=\"https:\/\/ent2d.ac-bordeaux.fr\/disciplines\/sbssa\/wp-content\/uploads\/sites\/38\/2018\/09\/ppt.jpg\" alt=\"\" width=\"25\" height=\"26\" \/><\/a><br \/>\n<\/big><\/span><\/li>\n<li><span id=\"ctl00_cphContentLeft_ViewPage1_lblContentPage\" style=\"font-size: 12pt;font-family: georgia, palatino, serif\"><big>QCM5 drogues: <a href=\"https:\/\/ent2d.ac-bordeaux.fr\/disciplines\/sbssa\/wp-content\/uploads\/sites\/38\/2018\/01\/QCM5-drogue.ppt\" target=\"_blank\" rel=\"noopener noreferrer\"><img loading=\"lazy\" decoding=\"async\" src=\"https:\/\/ent2d.ac-bordeaux.fr\/disciplines\/sbssa\/wp-content\/uploads\/sites\/38\/2018\/09\/ppt.jpg\" alt=\"\" width=\"25\" height=\"26\" \/><\/a><br \/>\n<\/big><\/span><\/li>\n<li><span id=\"ctl00_cphContentLeft_ViewPage1_lblContentPage\" style=\"font-size: 12pt;font-family: georgia, palatino, serif\"><big>QCM6 IST: <a href=\"https:\/\/ent2d.ac-bordeaux.fr\/disciplines\/sbssa\/wp-content\/uploads\/sites\/38\/2018\/01\/QCM6-IST.ppt\" target=\"_blank\" rel=\"noopener noreferrer\"><img loading=\"lazy\" decoding=\"async\" src=\"https:\/\/ent2d.ac-bordeaux.fr\/disciplines\/sbssa\/wp-content\/uploads\/sites\/38\/2018\/09\/ppt.jpg\" alt=\"\" width=\"25\" height=\"26\" \/><\/a><br \/>\n<\/big><\/span><\/li>\n<li><span id=\"ctl00_cphContentLeft_ViewPage1_lblContentPage\" style=\"font-size: 12pt;font-family: georgia, palatino, serif\"><big><span style=\"font-size: 12pt\">QCM7 grossesse non desir\u00e9e: <\/span><a href=\"https:\/\/ent2d.ac-bordeaux.fr\/disciplines\/sbssa\/wp-content\/uploads\/sites\/38\/2018\/01\/QCM7-grossesse-non-desiree.ppt\" target=\"_blank\" rel=\"noopener noreferrer\"><img loading=\"lazy\" decoding=\"async\" src=\"https:\/\/ent2d.ac-bordeaux.fr\/disciplines\/sbssa\/wp-content\/uploads\/sites\/38\/2018\/09\/ppt.jpg\" alt=\"\" width=\"25\" height=\"26\" \/><\/a><\/big><\/span><\/li>\n<\/ul>\n<p><span id=\"ctl00_cphContentLeft_ViewPage1_lblContentPage\"><span style=\"color: #008000;font-size: 18pt\"><u><b><big>SUJETS D&#8217;EXAMEN + CORRIG\u00c9S:<\/big><\/b><\/u><\/span><b><big> <\/big><\/b><\/span><\/p>\n<ul>\n<li>Sujet septembre 2018 \u00a0 <a href=\"https:\/\/ent2d.ac-bordeaux.fr\/disciplines\/sbssa\/wp-content\/uploads\/sites\/38\/2018\/10\/sujet-CAP-PSE.pdf\" target=\"_blank\" rel=\"noopener noreferrer\"><img loading=\"lazy\" decoding=\"async\" src=\"https:\/\/ent2d.ac-bordeaux.fr\/disciplines\/sbssa\/wp-content\/uploads\/sites\/38\/2018\/09\/PDF.jpg\" alt=\"\" width=\"25\" height=\"25\" \/><\/a>\u00a0\u00a0\u00a0\u00a0 +\u00a0\u00a0\u00a0\u00a0 corrig\u00e9 septembre\u00a0 2018\u00a0 <a href=\"https:\/\/ent2d.ac-bordeaux.fr\/disciplines\/sbssa\/wp-content\/uploads\/sites\/38\/2018\/10\/CAP_PSE_-corrige.pdf\" target=\"_blank\" rel=\"noopener noreferrer\"><img loading=\"lazy\" decoding=\"async\" src=\"https:\/\/ent2d.ac-bordeaux.fr\/disciplines\/sbssa\/wp-content\/uploads\/sites\/38\/2018\/09\/PDF.jpg\" alt=\"\" width=\"25\" height=\"25\" \/><\/a><\/li>\n<li>Sujet juin 2018 \u00a0\u00a0 <a href=\"https:\/\/ent2d.ac-bordeaux.fr\/disciplines\/sbssa\/wp-content\/uploads\/sites\/38\/2018\/08\/PSE-CAP-sujet.pdf\" target=\"_blank\" rel=\"noopener noreferrer\"><img loading=\"lazy\" decoding=\"async\" src=\"https:\/\/ent2d.ac-bordeaux.fr\/disciplines\/sbssa\/wp-content\/uploads\/sites\/38\/2018\/09\/PDF.jpg\" alt=\"\" width=\"25\" height=\"25\" \/><\/a>\u00a0\u00a0\u00a0\u00a0 +\u00a0\u00a0\u00a0\u00a0 corrig\u00e9 juin\u00a0 2018\u00a0 <a href=\"https:\/\/ent2d.ac-bordeaux.fr\/disciplines\/sbssa\/wp-content\/uploads\/sites\/38\/2018\/08\/PSE-CAP-corrig\u00e9-1.pdf\" target=\"_blank\" rel=\"noopener noreferrer\"><img loading=\"lazy\" decoding=\"async\" src=\"https:\/\/ent2d.ac-bordeaux.fr\/disciplines\/sbssa\/wp-content\/uploads\/sites\/38\/2018\/09\/PDF.jpg\" alt=\"\" width=\"25\" height=\"25\" \/><\/a><\/li>\n<li>Sujet 2017 \u00a0\u00a0 <a href=\"https:\/\/ent2d.ac-bordeaux.fr\/disciplines\/sbssa\/wp-content\/uploads\/sites\/38\/2018\/01\/17_005_sujet-CAP-PSE.pdf\" target=\"_blank\" rel=\"noopener noreferrer\"><img loading=\"lazy\" decoding=\"async\" src=\"https:\/\/ent2d.ac-bordeaux.fr\/disciplines\/sbssa\/wp-content\/uploads\/sites\/38\/2018\/09\/PDF.jpg\" alt=\"\" width=\"25\" height=\"25\" \/><\/a>\u00a0\u00a0\u00a0\u00a0 +\u00a0\u00a0\u00a0\u00a0 corrig\u00e9 2017\u00a0 <a href=\"https:\/\/ent2d.ac-bordeaux.fr\/disciplines\/sbssa\/wp-content\/uploads\/sites\/38\/2018\/01\/17_005_CAP-PSE-corrige.pdf\" target=\"_blank\" rel=\"noopener noreferrer\"><img loading=\"lazy\" decoding=\"async\" src=\"https:\/\/ent2d.ac-bordeaux.fr\/disciplines\/sbssa\/wp-content\/uploads\/sites\/38\/2018\/09\/PDF.jpg\" alt=\"\" width=\"25\" height=\"25\" \/><\/a><\/li>\n<\/ul>\n<\/td>\n<\/tr>\n<\/tbody>\n<\/table>\n","protected":false},"excerpt":{"rendered":"<p>Programme PSE\u00a0\u00a0en\u00a0\u00a0CAP:\u00a0 Bo sp\u00e9cial n\u00b05 du 11 avril 2019et \u00a0 \u00a0 CONSIGNES &amp; OUTILS POUR LES CCF: 1) Evaluation de<\/p>\n","protected":false},"author":171,"featured_media":0,"parent":0,"menu_order":0,"comment_status":"closed","ping_status":"closed","template":"","meta":{"footnotes":""},"class_list":["post-844","page","type-page","status-publish","hentry"],"_links":{"self":[{"href":"https:\/\/ent2d.ac-bordeaux.fr\/disciplines\/sbssa\/wp-json\/wp\/v2\/pages\/844","targetHints":{"allow":["GET"]}}],"collection":[{"href":"https:\/\/ent2d.ac-bordeaux.fr\/disciplines\/sbssa\/wp-json\/wp\/v2\/pages"}],"about":[{"href":"https:\/\/ent2d.ac-bordeaux.fr\/disciplines\/sbssa\/wp-json\/wp\/v2\/types\/page"}],"author":[{"embeddable":true,"href":"https:\/\/ent2d.ac-bordeaux.fr\/disciplines\/sbssa\/wp-json\/wp\/v2\/users\/171"}],"replies":[{"embeddable":true,"href":"https:\/\/ent2d.ac-bordeaux.fr\/disciplines\/sbssa\/wp-json\/wp\/v2\/comments?post=844"}],"version-history":[{"count":21,"href":"https:\/\/ent2d.ac-bordeaux.fr\/disciplines\/sbssa\/wp-json\/wp\/v2\/pages\/844\/revisions"}],"predecessor-version":[{"id":2324,"href":"https:\/\/ent2d.ac-bordeaux.fr\/disciplines\/sbssa\/wp-json\/wp\/v2\/pages\/844\/revisions\/2324"}],"wp:attachment":[{"href":"https:\/\/ent2d.ac-bordeaux.fr\/disciplines\/sbssa\/wp-json\/wp\/v2\/media?parent=844"}],"curies":[{"name":"wp","href":"https:\/\/api.w.org\/{rel}","templated":true}]}}