{"id":795,"date":"2018-01-02T17:25:58","date_gmt":"2018-01-02T16:25:58","guid":{"rendered":"https:\/\/ent2d.ac-bordeaux.fr\/disciplines\/sbssa\/?page_id=795"},"modified":"2018-12-12T17:52:07","modified_gmt":"2018-12-12T16:52:07","slug":"pse-en-bac-pro","status":"publish","type":"page","link":"https:\/\/ent2d.ac-bordeaux.fr\/disciplines\/sbssa\/pse-en-bac-pro\/","title":{"rendered":"PSE en BAC PRO"},"content":{"rendered":"<table border=\"4\" width=\"800\">\n<tbody>\n<tr>\n<td><img loading=\"lazy\" decoding=\"async\" class=\"wp-image-515 aligncenter\" src=\"https:\/\/ent2d.ac-bordeaux.fr\/disciplines\/sbssa\/wp-content\/uploads\/sites\/38\/2017\/10\/EDUCATION-NATIONALE-300x143.png\" alt=\"\" width=\"139\" height=\"66\" srcset=\"https:\/\/ent2d.ac-bordeaux.fr\/disciplines\/sbssa\/wp-content\/uploads\/sites\/38\/2017\/10\/EDUCATION-NATIONALE-300x143.png 300w, https:\/\/ent2d.ac-bordeaux.fr\/disciplines\/sbssa\/wp-content\/uploads\/sites\/38\/2017\/10\/EDUCATION-NATIONALE.png 325w\" sizes=\"auto, (max-width: 139px) 100vw, 139px\" \/><\/p>\n<p>&nbsp;<\/td>\n<\/tr>\n<tr>\n<td><img loading=\"lazy\" decoding=\"async\" class=\"wp-image-514 aligncenter\" src=\"https:\/\/ent2d.ac-bordeaux.fr\/disciplines\/sbssa\/wp-content\/uploads\/sites\/38\/2017\/10\/BO-300x109.png\" alt=\"\" width=\"108\" height=\"39\" srcset=\"https:\/\/ent2d.ac-bordeaux.fr\/disciplines\/sbssa\/wp-content\/uploads\/sites\/38\/2017\/10\/BO-300x109.png 300w, https:\/\/ent2d.ac-bordeaux.fr\/disciplines\/sbssa\/wp-content\/uploads\/sites\/38\/2017\/10\/BO.png 370w\" sizes=\"auto, (max-width: 108px) 100vw, 108px\" \/><\/p>\n<ul style=\"list-style-type: disc\">\n<li>Evaluation PSE en Bac Pro<strong>: <\/strong><strong>BO n\u00b0 30 du 23 juillet 2015 <a href=\"http:\/\/www.education.gouv.fr\/pid25535\/bulletin_officiel.html?cid_bo=91311\" target=\"_blank\" rel=\"noopener\"><img loading=\"lazy\" decoding=\"async\" class=\"alignnone wp-image-522\" src=\"https:\/\/ent2d.ac-bordeaux.fr\/disciplines\/sbssa\/wp-content\/uploads\/sites\/38\/2017\/10\/icone-actualite-2.png\" alt=\"\" width=\"36\" height=\"36\" \/><\/a><\/strong><\/li>\n<li>Gestion des b\u00e9n\u00e9fices et dispenses pour le bac pro<strong>: <\/strong><strong>BO n\u00b047 du 20 d\u00e9cembre 2012<\/strong><strong><a href=\"http:\/\/www.education.gouv.fr\/pid25535\/bulletin_officiel.html?cid_bo=66351\" target=\"_blank\" rel=\"noopener\"> <img loading=\"lazy\" decoding=\"async\" class=\"alignnone wp-image-522\" src=\"https:\/\/ent2d.ac-bordeaux.fr\/disciplines\/sbssa\/wp-content\/uploads\/sites\/38\/2017\/10\/icone-actualite-2.png\" alt=\"\" width=\"36\" height=\"36\" \/><\/a><a href=\"http:\/\/www.education.gouv.fr\/cid51641\/mene1005119a.html\"><br \/>\n<\/a><\/strong><\/li>\n<li>Programme PSE\u00a0 de Bac Pro:<strong> BO sp n\u00b02 du 19 f\u00e9vrier 2009 <a href=\"http:\/\/www.education.gouv.fr\/cid23838\/mene0829947a.html\" target=\"_blank\" rel=\"noopener\"><img loading=\"lazy\" decoding=\"async\" class=\"alignnone wp-image-522\" src=\"https:\/\/ent2d.ac-bordeaux.fr\/disciplines\/sbssa\/wp-content\/uploads\/sites\/38\/2017\/10\/icone-actualite-2.png\" alt=\"\" width=\"35\" height=\"35\" \/><\/a><\/strong><\/li>\n<li>Horaires: <strong>BO sp n\u00b0 2 du 19 f\u00e9vrier 2009\u00a0 <a href=\"http:\/\/www.education.gouv.fr\/cid23838\/mene0829947a.html\" target=\"_blank\" rel=\"noopener\"><img loading=\"lazy\" decoding=\"async\" class=\"alignnone wp-image-522\" src=\"https:\/\/ent2d.ac-bordeaux.fr\/disciplines\/sbssa\/wp-content\/uploads\/sites\/38\/2017\/10\/icone-actualite-2.png\" alt=\"\" width=\"36\" height=\"36\" \/><\/a><\/strong><\/li>\n<li>Rattachement des diff\u00e9rents bacs pros aux deux grilles:<strong> BO sp n\u00b0 2 du 19 f\u00e9vrier 2009\u00a0\u00a0 <a href=\"http:\/\/www.education.gouv.fr\/cid23838\/mene0829947a.html\" target=\"_blank\" rel=\"noopener\"><img loading=\"lazy\" decoding=\"async\" class=\"alignnone wp-image-522\" src=\"https:\/\/ent2d.ac-bordeaux.fr\/disciplines\/sbssa\/wp-content\/uploads\/sites\/38\/2017\/10\/icone-actualite-2.png\" alt=\"\" width=\"36\" height=\"36\" \/><\/a>\u00a0 <a href=\"https:\/\/ent2d.ac-bordeaux.fr\/disciplines\/sbssa\/wp-content\/uploads\/sites\/38\/2017\/12\/BO-19_02_2009-prevention_sante_environnement_44255.pdf\" target=\"_blank\" rel=\"noopener\"><span id=\"ctl00_cphContentLeft_ViewPage1_lblContentPage\"><img loading=\"lazy\" decoding=\"async\" class=\"alignnone\" src=\"https:\/\/ent2d.ac-bordeaux.fr\/disciplines\/sbssa\/wp-content\/uploads\/sites\/38\/2018\/09\/PDF.jpg\" alt=\"\" width=\"30\" height=\"30\" \/><\/span><\/a><\/strong><\/li>\n<\/ul>\n<\/td>\n<\/tr>\n<tr>\n<td><img loading=\"lazy\" decoding=\"async\" class=\"wp-image-516 aligncenter\" src=\"https:\/\/ent2d.ac-bordeaux.fr\/disciplines\/sbssa\/wp-content\/uploads\/sites\/38\/2017\/10\/RECTORAT-BORDEAUX.png\" alt=\"\" width=\"108\" height=\"58\" \/><\/p>\n<ul style=\"list-style-type: disc\">\n<li>PSE bac pro 2017 &#8211; recommandations<strong> \u00a0 \u00a0 <a href=\"https:\/\/ent2d.ac-bordeaux.fr\/disciplines\/sbssa\/wp-content\/uploads\/sites\/38\/2017\/12\/PSE-bac-pro-2017-recommandations_docx.pdf\" target=\"_blank\" rel=\"noopener\"><img loading=\"lazy\" decoding=\"async\" class=\"wp-image-1462 alignnone\" src=\"https:\/\/ent2d.ac-bordeaux.fr\/disciplines\/sbssa\/wp-content\/uploads\/sites\/38\/2018\/09\/PDF.jpg\" alt=\"\" width=\"34\" height=\"34\" srcset=\"https:\/\/ent2d.ac-bordeaux.fr\/disciplines\/sbssa\/wp-content\/uploads\/sites\/38\/2018\/09\/PDF.jpg 225w, https:\/\/ent2d.ac-bordeaux.fr\/disciplines\/sbssa\/wp-content\/uploads\/sites\/38\/2018\/09\/PDF-150x150.jpg 150w\" sizes=\"auto, (max-width: 34px) 100vw, 34px\" \/><\/a>\u00a0\u00a0 <\/strong><\/li>\n<\/ul>\n<\/td>\n<\/tr>\n<tr>\n<td><img loading=\"lazy\" decoding=\"async\" class=\"wp-image-517 aligncenter\" src=\"https:\/\/ent2d.ac-bordeaux.fr\/disciplines\/sbssa\/wp-content\/uploads\/sites\/38\/2017\/10\/RESSOURCES-300x122.png\" alt=\"\" width=\"111\" height=\"45\" srcset=\"https:\/\/ent2d.ac-bordeaux.fr\/disciplines\/sbssa\/wp-content\/uploads\/sites\/38\/2017\/10\/RESSOURCES-300x122.png 300w, https:\/\/ent2d.ac-bordeaux.fr\/disciplines\/sbssa\/wp-content\/uploads\/sites\/38\/2017\/10\/RESSOURCES.png 351w\" sizes=\"auto, (max-width: 111px) 100vw, 111px\" \/><\/p>\n<p><span id=\"ctl00_cphContentLeft_ViewPage1_lblContentPage\"><span style=\"color: #008000\"><u><b><big>FICHES NUM\u00c9RIS\u00c9ES:<\/big><\/b><\/u><b><big> <\/big><\/b><\/span><b><big><br \/>\n<\/big><\/b><\/span><\/p>\n<ul style=\"list-style-type: square\">\n<li><span id=\"ctl00_cphContentLeft_ViewPage1_lblContentPage\"><big>POURQUOI les fiches num\u00e9ris\u00e9es de PSE &#8211; MODE D&#8217;EMPLOI: <\/big><a href=\"https:\/\/ent2d.ac-bordeaux.fr\/disciplines\/sbssa\/wp-content\/uploads\/sites\/38\/2018\/01\/consignes-pour-les-fiches-pse-numerisees.pdf\" target=\"_blank\" rel=\"noopener\"><b><big><strong><img loading=\"lazy\" decoding=\"async\" src=\"https:\/\/ent2d.ac-bordeaux.fr\/disciplines\/sbssa\/wp-content\/uploads\/sites\/38\/2018\/09\/PDF.jpg\" alt=\"\" width=\"30\" height=\"30\" \/><\/strong><\/big><\/b><\/a><\/span><\/li>\n<\/ul>\n<p>&nbsp;<\/p>\n<ul style=\"list-style-type: disc\">\n<li style=\"text-align: justify\">Bac 1\u00e8re (2018): S3 premi\u00e8re Identifier des situations \u00e0 risques et la conduite \u00e0 tenir <a href=\"https:\/\/ent2d.ac-bordeaux.fr\/disciplines\/sbssa\/wp-content\/uploads\/sites\/38\/2018\/12\/S3premi\u00e8re-Identifier-des-situations-\u00e0-risques-et-la-conduite-\u00e0-tenir.pdf\" target=\"_blank\" rel=\"noopener\"><img loading=\"lazy\" decoding=\"async\" class=\"wp-image-1462\" src=\"https:\/\/ent2d.ac-bordeaux.fr\/disciplines\/sbssa\/wp-content\/uploads\/sites\/38\/2018\/09\/PDF.jpg\" alt=\"\" width=\"30\" height=\"30\" srcset=\"https:\/\/ent2d.ac-bordeaux.fr\/disciplines\/sbssa\/wp-content\/uploads\/sites\/38\/2018\/09\/PDF.jpg 225w, https:\/\/ent2d.ac-bordeaux.fr\/disciplines\/sbssa\/wp-content\/uploads\/sites\/38\/2018\/09\/PDF-150x150.jpg 150w\" sizes=\"auto, (max-width: 30px) 100vw, 30px\" \/><\/a><\/li>\n<li><span id=\"ctl00_cphContentLeft_ViewPage1_lblContentPage\">Bac 1\u00e8re (2016): Identifier des situations \u00e0 risques et la conduite \u00e0 tenir <strong><a href=\"https:\/\/ent2d.ac-bordeaux.fr\/disciplines\/sbssa\/wp-content\/uploads\/sites\/38\/2017\/12\/Identifier-des-situations-a-risques-et-la-conduite-a-tenir.pdf\" target=\"_blank\" rel=\"noopener\"><img loading=\"lazy\" decoding=\"async\" class=\"alignnone\" src=\"https:\/\/ent2d.ac-bordeaux.fr\/disciplines\/sbssa\/wp-content\/uploads\/sites\/38\/2018\/09\/PDF.jpg\" alt=\"\" width=\"25\" height=\"25\" \/><\/a><\/strong><\/span><\/li>\n<li><span id=\"ctl00_cphContentLeft_ViewPage1_lblContentPage\">Bac 1\u00e8re (2016): Le risque m\u00e9canique<a href=\"https:\/\/ent2d.ac-bordeaux.fr\/disciplines\/sbssa\/wp-content\/uploads\/sites\/38\/2017\/12\/Le-risque-mecanique.pdf\" target=\"_blank\" rel=\"noopener\"><strong> <img loading=\"lazy\" decoding=\"async\" src=\"https:\/\/ent2d.ac-bordeaux.fr\/disciplines\/sbssa\/wp-content\/uploads\/sites\/38\/2018\/09\/PDF.jpg\" alt=\"\" width=\"25\" height=\"25\" \/><\/strong><\/a><\/span><\/li>\n<li><span id=\"ctl00_cphContentLeft_ViewPage1_lblContentPage\">Bac 1\u00e8re (2016): Maitriser sa consommation d\u2019eau<a href=\"https:\/\/ent2d.ac-bordeaux.fr\/disciplines\/sbssa\/wp-content\/uploads\/sites\/38\/2017\/12\/Maitriser-sa-consommation-d-eau.pdf\" target=\"_blank\" rel=\"noopener\"><strong> <img loading=\"lazy\" decoding=\"async\" src=\"https:\/\/ent2d.ac-bordeaux.fr\/disciplines\/sbssa\/wp-content\/uploads\/sites\/38\/2018\/09\/PDF.jpg\" alt=\"\" width=\"25\" height=\"25\" \/><\/strong><\/a><\/span><\/li>\n<li><span id=\"ctl00_cphContentLeft_ViewPage1_lblContentPage\">Bac 1\u00e8re (2016): Maitriser sa consommation en \u00e9nergie<a href=\"https:\/\/ent2d.ac-bordeaux.fr\/disciplines\/sbssa\/wp-content\/uploads\/sites\/38\/2018\/01\/Maitriser-sa-consommation-en-energie.pdf\" target=\"_blank\" rel=\"noopener\"><strong> <img loading=\"lazy\" decoding=\"async\" src=\"https:\/\/ent2d.ac-bordeaux.fr\/disciplines\/sbssa\/wp-content\/uploads\/sites\/38\/2018\/09\/PDF.jpg\" alt=\"\" width=\"25\" height=\"25\" \/><\/strong><\/a><\/span><\/li>\n<li><span id=\"ctl00_cphContentLeft_ViewPage1_lblContentPage\">Bac 1\u00e8re (2016): Rep\u00e9rer les risques professionnels dans l&#8217;activit\u00e9 de travail <a href=\"https:\/\/ent2d.ac-bordeaux.fr\/disciplines\/sbssa\/wp-content\/uploads\/sites\/38\/2018\/01\/Reperer-les-risques-professionnels-dans-l-activite-de-travail.pdf\" target=\"_blank\" rel=\"noopener\"><strong><img loading=\"lazy\" decoding=\"async\" src=\"https:\/\/ent2d.ac-bordeaux.fr\/disciplines\/sbssa\/wp-content\/uploads\/sites\/38\/2018\/09\/PDF.jpg\" alt=\"\" width=\"25\" height=\"25\" \/><\/strong><\/a><\/span><\/li>\n<li><span id=\"ctl00_cphContentLeft_ViewPage1_lblContentPage\">Bac 1\u00e8re (2016): Se prot\u00e9ger du bruit<a href=\"https:\/\/ent2d.ac-bordeaux.fr\/disciplines\/sbssa\/wp-content\/uploads\/sites\/38\/2018\/01\/Se-proteger-du-bruit.pdf\" target=\"_blank\" rel=\"noopener\"><strong> <img loading=\"lazy\" decoding=\"async\" src=\"https:\/\/ent2d.ac-bordeaux.fr\/disciplines\/sbssa\/wp-content\/uploads\/sites\/38\/2018\/09\/PDF.jpg\" alt=\"\" width=\"25\" height=\"25\" \/><\/strong><\/a><\/span><\/li>\n<\/ul>\n<p>&nbsp;<\/p>\n<ul style=\"list-style-type: square\">\n<li>Bac Tle (2016):Accident du travail (AT) et maladies professionnelles (MP) <a href=\"https:\/\/ent2d.ac-bordeaux.fr\/disciplines\/sbssa\/wp-content\/uploads\/sites\/38\/2018\/01\/Accident-du-travail-AT-et-maladies-professionnelles-MP_.pdf\" target=\"_blank\" rel=\"noopener\"><img loading=\"lazy\" decoding=\"async\" src=\"https:\/\/ent2d.ac-bordeaux.fr\/disciplines\/sbssa\/wp-content\/uploads\/sites\/38\/2018\/09\/PDF.jpg\" alt=\"\" width=\"25\" height=\"25\" \/><\/a><\/li>\n<li><span id=\"ctl00_cphContentLeft_ViewPage1_lblContentPage\"><\/span>\u00a0<span id=\"ctl00_cphContentLeft_ViewPage1_lblContentPage\">Bac Tle (2016):Acteurs\u00a0 de la pr\u00e9vention en entreprise <a href=\"https:\/\/ent2d.ac-bordeaux.fr\/disciplines\/sbssa\/wp-content\/uploads\/sites\/38\/2018\/01\/Acteurs-de-la-prevention-en-entreprise.pdf\" target=\"_blank\" rel=\"noopener\"><strong><img loading=\"lazy\" decoding=\"async\" src=\"https:\/\/ent2d.ac-bordeaux.fr\/disciplines\/sbssa\/wp-content\/uploads\/sites\/38\/2018\/09\/PDF.jpg\" alt=\"\" width=\"25\" height=\"25\" \/><\/strong><\/a><\/span><\/li>\n<li><span id=\"ctl00_cphContentLeft_ViewPage1_lblContentPage\">Bac Tle (2016):Approche par l&#8217;accident <a href=\"https:\/\/ent2d.ac-bordeaux.fr\/disciplines\/sbssa\/wp-content\/uploads\/sites\/38\/2018\/01\/Approche-par-l-accident.pdf\" target=\"_blank\" rel=\"noopener\"><strong><img loading=\"lazy\" decoding=\"async\" src=\"https:\/\/ent2d.ac-bordeaux.fr\/disciplines\/sbssa\/wp-content\/uploads\/sites\/38\/2018\/09\/PDF.jpg\" alt=\"\" width=\"25\" height=\"25\" \/><\/strong><\/a><\/span><\/li>\n<li>Bac Tle (2016):Approche par le travail d\u00e9marche ergonomique <strong><img loading=\"lazy\" decoding=\"async\" src=\"https:\/\/ent2d.ac-bordeaux.fr\/disciplines\/sbssa\/wp-content\/uploads\/sites\/38\/2018\/09\/PDF.jpg\" alt=\"\" width=\"25\" height=\"25\" \/><\/strong><\/li>\n<li>Bac Tle (2016): Cadre juridique de la pr\u00e9vention en entreprise <a href=\"https:\/\/ent2d.ac-bordeaux.fr\/disciplines\/sbssa\/wp-content\/uploads\/sites\/38\/2018\/01\/Cadre-juridique-de-la-prevention-en-entreprise.pdf\" target=\"_blank\" rel=\"noopener\"><strong><img loading=\"lazy\" decoding=\"async\" src=\"https:\/\/ent2d.ac-bordeaux.fr\/disciplines\/sbssa\/wp-content\/uploads\/sites\/38\/2018\/09\/PDF.jpg\" alt=\"\" width=\"25\" height=\"25\" \/><\/strong><\/a><\/li>\n<li>Bac Tle (2016):Effets physiopathologiques de la charge mentale <a href=\"https:\/\/ent2d.ac-bordeaux.fr\/disciplines\/sbssa\/wp-content\/uploads\/sites\/38\/2018\/01\/Effets-physiopathologiques-de-la-charge-mentale.pdf\" target=\"_blank\" rel=\"noopener\"><strong><img loading=\"lazy\" decoding=\"async\" src=\"https:\/\/ent2d.ac-bordeaux.fr\/disciplines\/sbssa\/wp-content\/uploads\/sites\/38\/2018\/09\/PDF.jpg\" alt=\"\" width=\"25\" height=\"25\" \/><\/strong><\/a><\/li>\n<li>Bac Tle (2016): Organismes de la pr\u00e9vention <a href=\"https:\/\/ent2d.ac-bordeaux.fr\/disciplines\/sbssa\/wp-content\/uploads\/sites\/38\/2018\/01\/Organismes-de-la-prevention_.pdf\" target=\"_blank\" rel=\"noopener\"><strong><img loading=\"lazy\" decoding=\"async\" src=\"https:\/\/ent2d.ac-bordeaux.fr\/disciplines\/sbssa\/wp-content\/uploads\/sites\/38\/2018\/09\/PDF.jpg\" alt=\"\" width=\"25\" height=\"25\" \/><\/strong><\/a><\/li>\n<li>Bac Tle (2016):Pr\u00e9venir les risques li\u00e9s \u00e0 l&#8217;activit\u00e9 physique <a href=\"https:\/\/ent2d.ac-bordeaux.fr\/disciplines\/sbssa\/wp-content\/uploads\/sites\/38\/2018\/01\/Prevenir-les-risques-lies-a-l-activite-physique.pdf\" target=\"_blank\" rel=\"noopener\"><img loading=\"lazy\" decoding=\"async\" src=\"https:\/\/ent2d.ac-bordeaux.fr\/disciplines\/sbssa\/wp-content\/uploads\/sites\/38\/2018\/09\/PDF.jpg\" alt=\"\" width=\"25\" height=\"25\" \/><\/a><\/li>\n<\/ul>\n<p>&nbsp;<\/p>\n<ul style=\"list-style-type: circle\">\n<li>Bac 2nde S1 (2016): Concept et le syst\u00e8me de sant\u00e9\u00a0<a href=\"https:\/\/ent2d.ac-bordeaux.fr\/disciplines\/sbssa\/wp-content\/uploads\/sites\/38\/2018\/01\/Bac-2nde-Concept-et-le-systeme-de-sante.pdf\" target=\"_blank\" rel=\"noopener\"><img loading=\"lazy\" decoding=\"async\" src=\"https:\/\/ent2d.ac-bordeaux.fr\/disciplines\/sbssa\/wp-content\/uploads\/sites\/38\/2018\/09\/PDF.jpg\" alt=\"\" width=\"25\" height=\"25\" \/><\/a><\/li>\n<li><big><span style=\"font-size: 12pt\"> Bac 2nde S2 rythmes biologiques:<\/span> <a href=\"https:\/\/ent2d.ac-bordeaux.fr\/disciplines\/sbssa\/wp-content\/uploads\/sites\/38\/2018\/01\/BAC-2nde-S2-rythmes-biologiques.pdf\" target=\"_blank\" rel=\"noopener\"><img loading=\"lazy\" decoding=\"async\" src=\"https:\/\/ent2d.ac-bordeaux.fr\/disciplines\/sbssa\/wp-content\/uploads\/sites\/38\/2018\/09\/PDF.jpg\" alt=\"\" width=\"30\" height=\"30\" \/><\/a><\/big><\/li>\n<li>Bac 2nde S3(2016): Le sommeil <a href=\"https:\/\/ent2d.ac-bordeaux.fr\/di\" target=\"_blank\" rel=\"noopener\"><img loading=\"lazy\" decoding=\"async\" src=\"https:\/\/ent2d.ac-bordeaux.fr\/disciplines\/sbssa\/wp-content\/uploads\/sites\/38\/2018\/09\/PDF.jpg\" alt=\"\" width=\"25\" height=\"25\" \/><\/a><\/li>\n<li>Bac 2nde S4 (2016): L\u2019activit\u00e9 physique<a href=\"https:\/\/ent2d.ac-bordeaux.fr\/disciplines\/sbssa\/wp-content\/uploads\/sites\/38\/2018\/01\/Bac-2nde-L-activite-physique.pdf\" target=\"_blank\" rel=\"noopener\"><img loading=\"lazy\" decoding=\"async\" src=\"https:\/\/ent2d.ac-bordeaux.fr\/disciplines\/sbssa\/wp-content\/uploads\/sites\/38\/2018\/09\/PDF.jpg\" alt=\"\" width=\"25\" height=\"25\" \/><\/a><\/li>\n<li>Bac 2nde S5 (2016):Comportements \u00e0 risque et conduite addictive <a href=\"https:\/\/ent2d.ac-bordeaux.fr\/disciplines\/sbssa\/wp-content\/uploads\/sites\/38\/2018\/01\/Bac-2nde-Comportements-a-risque-et-conduite-addictive.pdf\" target=\"_blank\" rel=\"noopener\"><img loading=\"lazy\" decoding=\"async\" src=\"https:\/\/ent2d.ac-bordeaux.fr\/disciplines\/sbssa\/wp-content\/uploads\/sites\/38\/2018\/09\/PDF.jpg\" alt=\"\" width=\"25\" height=\"25\" \/><\/a><\/li>\n<li>Bac 2nde S6 Pr\u00e9venir les IST: <a href=\"https:\/\/ent2d.ac-bordeaux.fr\/disciplines\/sbssa\/wp-content\/uploads\/sites\/38\/2018\/01\/BAC-2nde-S6-Prevenir-les-IST.pdf\" target=\"_blank\" rel=\"noopener\"><img loading=\"lazy\" decoding=\"async\" src=\"https:\/\/ent2d.ac-bordeaux.fr\/disciplines\/sbssa\/wp-content\/uploads\/sites\/38\/2018\/09\/PDF.jpg\" alt=\"\" width=\"30\" height=\"30\" \/><\/a><\/li>\n<li>Bac 2nde S7 Pr\u00e9venir une grossesse non d\u00e9sir\u00e9e: <a href=\"https:\/\/ent2d.ac-bordeaux.fr\/disciplines\/sbssa\/wp-content\/uploads\/sites\/38\/2018\/01\/BAC-2nde-S7-Prevenir-une-grossesse-non-desiree_.pdf\" target=\"_blank\" rel=\"noopener\"><img loading=\"lazy\" decoding=\"async\" src=\"https:\/\/ent2d.ac-bordeaux.fr\/disciplines\/sbssa\/wp-content\/uploads\/sites\/38\/2018\/09\/PDF.jpg\" alt=\"\" width=\"30\" height=\"30\" \/><\/a><\/li>\n<li>Bac 2nde S8 (2016):La gestion d\u2019un budget <a href=\"https:\/\/ent2d.ac-bordeaux.fr\/disciplines\/sbssa\/wp-content\/uploads\/sites\/38\/2018\/01\/Bac-2nde_2016_-La-gestion-d-un-budget.pdf\" target=\"_blank\" rel=\"noopener\"><img loading=\"lazy\" decoding=\"async\" src=\"https:\/\/ent2d.ac-bordeaux.fr\/disciplines\/sbssa\/wp-content\/uploads\/sites\/38\/2018\/09\/PDF.jpg\" alt=\"\" width=\"25\" height=\"25\" \/><\/a><\/li>\n<li>Bac 2nde S9 (2016): Acheter un bien <a href=\"https:\/\/ent2d.ac-bordeaux.fr\/disciplines\/sbssa\/wp-content\/uploads\/sites\/38\/2018\/01\/Bac-2nde-Acheter-un-bien.pdf\" target=\"_blank\" rel=\"noopener\"><img loading=\"lazy\" decoding=\"async\" src=\"https:\/\/ent2d.ac-bordeaux.fr\/disciplines\/sbssa\/wp-content\/uploads\/sites\/38\/2018\/09\/PDF.jpg\" alt=\"\" width=\"25\" height=\"25\" \/><\/a><\/li>\n<li>Bac 2nde S10 Protection des personnes et des biens: <a href=\"https:\/\/ent2d.ac-bordeaux.fr\/disciplines\/sbssa\/wp-content\/uploads\/sites\/38\/2018\/01\/BAC-2nde-S10-Protection-des-personnes-et-des-biens.pdf\" target=\"_blank\" rel=\"noopener\"><img loading=\"lazy\" decoding=\"async\" src=\"https:\/\/ent2d.ac-bordeaux.fr\/disciplines\/sbssa\/wp-content\/uploads\/sites\/38\/2018\/09\/PDF.jpg\" alt=\"\" width=\"30\" height=\"30\" \/><\/a><\/li>\n<li>Bac 2nde S11\u00a0 Alimentation \u00e9quilibr\u00e9e: <a href=\"https:\/\/ent2d.ac-bordeaux.fr\/disciplines\/sbssa\/wp-content\/uploads\/sites\/38\/2018\/01\/BAC-2nde-S11-Alimentation-equilibree_.pdf\" target=\"_blank\" rel=\"noopener\"><img loading=\"lazy\" decoding=\"async\" src=\"https:\/\/ent2d.ac-bordeaux.fr\/disciplines\/sbssa\/wp-content\/uploads\/sites\/38\/2018\/09\/PDF.jpg\" alt=\"\" width=\"30\" height=\"30\" \/><\/a><\/li>\n<li>Bac 2nde S12 52016): L&#8217;\u00e9volution des comportements <a href=\"https:\/\/ent2d.ac-bordeaux.fr\/disciplines\/sbssa\/wp-content\/uploads\/sites\/38\/2018\/01\/Bac-2nde-L-evolution-des-comportements_.pdf\" target=\"_blank\" rel=\"noopener\"><img loading=\"lazy\" decoding=\"async\" src=\"https:\/\/ent2d.ac-bordeaux.fr\/disciplines\/sbssa\/wp-content\/uploads\/sites\/38\/2018\/09\/PDF.jpg\" alt=\"\" width=\"25\" height=\"25\" \/><\/a><\/li>\n<li>Bac 2nde S13 (2016):Circuits de distribution et qualit\u00e9 sanitaire dans l&#8217;alimentation <a href=\"https:\/\/ent2d.ac-bordeaux.fr\/disciplines\/sbssa\/wp-content\/uploads\/sites\/38\/2018\/01\/Bac-2nde-Circuits-de-distribution-et-qualite-sanitaire-dans-l-alimentation.pdf\" target=\"_blank\" rel=\"noopener\"><img loading=\"lazy\" decoding=\"async\" src=\"https:\/\/ent2d.ac-bordeaux.fr\/disciplines\/sbssa\/wp-content\/uploads\/sites\/38\/2018\/09\/PDF.jpg\" alt=\"\" width=\"25\" height=\"25\" \/><\/a><\/li>\n<\/ul>\n<p><span id=\"ctl00_cphContentLeft_ViewPage1_lblContentPage\"><span style=\"color: #008000\"><u><b><big>SUJETS D&#8217;EXAMEN + CORRIG\u00c9S:<\/big><\/b><\/u><\/span><b><big> <\/big><\/b><\/span><\/p>\n<ul style=\"list-style-type: square\">\n<li>Sujet septembre 2018 \u00a0 <a href=\"https:\/\/ent2d.ac-bordeaux.fr\/disciplines\/sbssa\/wp-content\/uploads\/sites\/38\/2018\/10\/PSE-BCP-Sujet-SEPTEMBRE-2018.pdf\" target=\"_blank\" rel=\"noopener\"><img loading=\"lazy\" decoding=\"async\" src=\"https:\/\/ent2d.ac-bordeaux.fr\/disciplines\/sbssa\/wp-content\/uploads\/sites\/38\/2018\/09\/PDF.jpg\" alt=\"\" width=\"25\" height=\"25\" \/><\/a>\u00a0\u00a0\u00a0\u00a0 +\u00a0\u00a0\u00a0\u00a0 corrig\u00e9 septembre 2018\u00a0 <a href=\"https:\/\/ent2d.ac-bordeaux.fr\/disciplines\/sbssa\/wp-content\/uploads\/sites\/38\/2018\/10\/PSE-BCP-Corrig\u00e9-SEPTEMBRE-2018.pdf\" target=\"_blank\" rel=\"noopener\"><img loading=\"lazy\" decoding=\"async\" src=\"https:\/\/ent2d.ac-bordeaux.fr\/disciplines\/sbssa\/wp-content\/uploads\/sites\/38\/2018\/09\/PDF.jpg\" alt=\"\" width=\"25\" height=\"25\" \/><\/a><\/li>\n<li>\u00a0Sujet juin 2018 \u00a0 <a href=\"https:\/\/ent2d.ac-bordeaux.fr\/disciplines\/sbssa\/wp-content\/uploads\/sites\/38\/2018\/08\/BCP-PSE-SUJET-JUIN-METRO-PRINCIPAL.pdf\" target=\"_blank\" rel=\"noopener\"><img loading=\"lazy\" decoding=\"async\" src=\"https:\/\/ent2d.ac-bordeaux.fr\/disciplines\/sbssa\/wp-content\/uploads\/sites\/38\/2018\/09\/PDF.jpg\" alt=\"\" width=\"25\" height=\"25\" \/><\/a>\u00a0\u00a0\u00a0\u00a0 +\u00a0\u00a0\u00a0\u00a0 corrig\u00e9 juin 2018\u00a0 <a href=\"https:\/\/ent2d.ac-bordeaux.fr\/disciplines\/sbssa\/wp-content\/uploads\/sites\/38\/2018\/08\/BCP-PSE-CORRIGE-JUIN-METRO-PRINCIPAL.pdf\" target=\"_blank\" rel=\"noopener\"><img loading=\"lazy\" decoding=\"async\" src=\"https:\/\/ent2d.ac-bordeaux.fr\/disciplines\/sbssa\/wp-content\/uploads\/sites\/38\/2018\/09\/PDF.jpg\" alt=\"\" width=\"25\" height=\"25\" \/><\/a><\/li>\n<li>\u00a0sujet 2017 \u00a0 <a href=\"https:\/\/ent2d.ac-bordeaux.fr\/disciplines\/sbssa\/wp-content\/uploads\/sites\/38\/2018\/10\/BCP-PSE-SUJET-JUIN-METRO-2017.pdf\" target=\"_blank\" rel=\"noopener\"><img loading=\"lazy\" decoding=\"async\" src=\"https:\/\/ent2d.ac-bordeaux.fr\/disciplines\/sbssa\/wp-content\/uploads\/sites\/38\/2018\/09\/PDF.jpg\" alt=\"\" width=\"25\" height=\"25\" \/><\/a>\u00a0\u00a0\u00a0\u00a0 +\u00a0\u00a0\u00a0\u00a0 corrig\u00e9 2017 <a href=\"https:\/\/ent2d.ac-bordeaux.fr\/disciplines\/sbssa\/wp-content\/uploads\/sites\/38\/2018\/10\/BCP-PSE-CORRIGE-rectif-2017.pdf\" target=\"_blank\" rel=\"noopener\"><img loading=\"lazy\" decoding=\"async\" src=\"https:\/\/ent2d.ac-bordeaux.fr\/disciplines\/sbssa\/wp-content\/uploads\/sites\/38\/2018\/09\/PDF.jpg\" alt=\"\" width=\"25\" height=\"25\" \/><\/a><\/li>\n<\/ul>\n<\/td>\n<\/tr>\n<\/tbody>\n<\/table>\n<p>&nbsp;<\/p>\n","protected":false},"excerpt":{"rendered":"<p>&nbsp; Evaluation PSE en Bac Pro: BO n\u00b0 30 du 23 juillet 2015 Gestion des b\u00e9n\u00e9fices et dispenses pour le<\/p>\n","protected":false},"author":171,"featured_media":0,"parent":0,"menu_order":0,"comment_status":"closed","ping_status":"closed","template":"","meta":{"footnotes":""},"class_list":["post-795","page","type-page","status-publish","hentry"],"_links":{"self":[{"href":"https:\/\/ent2d.ac-bordeaux.fr\/disciplines\/sbssa\/wp-json\/wp\/v2\/pages\/795","targetHints":{"allow":["GET"]}}],"collection":[{"href":"https:\/\/ent2d.ac-bordeaux.fr\/disciplines\/sbssa\/wp-json\/wp\/v2\/pages"}],"about":[{"href":"https:\/\/ent2d.ac-bordeaux.fr\/disciplines\/sbssa\/wp-json\/wp\/v2\/types\/page"}],"author":[{"embeddable":true,"href":"https:\/\/ent2d.ac-bordeaux.fr\/disciplines\/sbssa\/wp-json\/wp\/v2\/users\/171"}],"replies":[{"embeddable":true,"href":"https:\/\/ent2d.ac-bordeaux.fr\/disciplines\/sbssa\/wp-json\/wp\/v2\/comments?post=795"}],"version-history":[{"count":16,"href":"https:\/\/ent2d.ac-bordeaux.fr\/disciplines\/sbssa\/wp-json\/wp\/v2\/pages\/795\/revisions"}],"predecessor-version":[{"id":3096,"href":"https:\/\/ent2d.ac-bordeaux.fr\/disciplines\/sbssa\/wp-json\/wp\/v2\/pages\/795\/revisions\/3096"}],"wp:attachment":[{"href":"https:\/\/ent2d.ac-bordeaux.fr\/disciplines\/sbssa\/wp-json\/wp\/v2\/media?parent=795"}],"curies":[{"name":"wp","href":"https:\/\/api.w.org\/{rel}","templated":true}]}}