{"id":714,"date":"2017-12-17T17:02:04","date_gmt":"2017-12-17T16:02:04","guid":{"rendered":"https:\/\/ent2d.ac-bordeaux.fr\/disciplines\/sbssa\/?page_id=714"},"modified":"2025-08-01T10:24:45","modified_gmt":"2025-08-01T08:24:45","slug":"deas","status":"publish","type":"page","link":"https:\/\/ent2d.ac-bordeaux.fr\/disciplines\/sbssa\/deas\/","title":{"rendered":"CAP Agent Accompagnant au Grand Age"},"content":{"rendered":"<table border=\"4\" width=\"800\">\n<tbody>\n<tr style=\"height: 549px\">\n<td style=\"height: 549px\">\n<ul>\n<li><strong>Juillet 2025<\/strong> : Arr\u00eat\u00e9 du 4 juillet 2025 modifiant l&#8217;arr\u00eat\u00e9 du 6 f\u00e9vrier 2023 portant cr\u00e9ation de la sp\u00e9cialit\u00e9 \u00ab agent accompagnant au grand \u00e2ge \u00bb de certificat d&#8217;aptitude professionnelle et fixant ses modalit\u00e9s de d\u00e9livrance : Nouvelle annexe 5 li\u00e9e aux PFMP : <a href=\"https:\/\/ent2d.ac-bordeaux.fr\/disciplines\/sbssa\/wp-content\/uploads\/sites\/38\/2025\/08\/joe_20250731_0176_0002.pdf\">joe_20250731_0176_0002<\/a><\/li>\n<li>Mai 2025 : Portefeuille de comp\u00e9tences propos\u00e9 par l&#8217;acad\u00e9mie de Nantes : <a href=\"https:\/\/ent2d.ac-bordeaux.fr\/disciplines\/sbssa\/wp-content\/uploads\/sites\/38\/2025\/05\/PORTEFEUILLE-COMPETENCES_CAP-AGENT-ACCOMPAGNANT-AU-GRAND-AGE_10.24.docx\">PORTEFEUILLE COMPETENCES_CAP AGENT ACCOMPAGNANT AU GRAND AGE_10.24<\/a><\/li>\n<li><strong>f\u00e9vrier 2025 : formations ac<\/strong>ad\u00e9miques :\n<ul>\n<li>le diaporama de pr\u00e9sentation : <a href=\"https:\/\/ent2d.ac-bordeaux.fr\/disciplines\/sbssa\/wp-content\/uploads\/sites\/38\/2025\/05\/Diaporama-17-fevrier-2.pptx\">Diaporama 17 f\u00e9vrier (2)<\/a><\/li>\n<\/ul>\n<\/li>\n<li><strong>Juillet 2024 : Mise en \u0153uvre du CCF session 2025 :<\/strong>\n<ul>\n<li>Cahier des charges national pour la mise en \u0153uvre des CCF : <a href=\"https:\/\/ent2d.ac-bordeaux.fr\/disciplines\/sbssa\/wp-content\/uploads\/sites\/38\/2024\/07\/CDC.docx\">CDC<\/a><\/li>\n<li>Grilles num\u00e9riques pour la mise en \u0153uvre des CCF : <a href=\"https:\/\/ent2d.ac-bordeaux.fr\/disciplines\/sbssa\/wp-content\/uploads\/sites\/38\/2024\/07\/Grille-CAP-2AGA-CCF-19-12-23.xlsx\">Grille-CAP-2AGA-CCF-19-12-23<\/a><\/li>\n<\/ul>\n<\/li>\n<\/ul>\n<ul>\n<li>R\u00e9f\u00e9rentiel publi\u00e9 au JO du 14 mars 2023 : <a href=\"https:\/\/ent2d.ac-bordeaux.fr\/disciplines\/sbssa\/wp-content\/uploads\/sites\/38\/2023\/03\/joe_20230314_0062_0009.pdf\">joe_20230314_0062_0009<\/a><\/li>\n<li>PNF mars 2023 : pr\u00e9sentation du CAP AAGA : <a href=\"https:\/\/ent2d.ac-bordeaux.fr\/disciplines\/sbssa\/wp-content\/uploads\/sites\/38\/2023\/03\/10-03-2023-PNF-CAP-Agt-accompagnant-au-gd-a\u0302ge-Version-finale.pdf\">10 03 2023 PNF CAP Agt accompagnant au gd a\u0302ge Version finale<\/a><\/li>\n<li>Journ\u00e9e d&#8217;accompagnement des \u00e9quipes : le 23 mai 2023 support de pr\u00e9sentation : <a href=\"https:\/\/ent2d.ac-bordeaux.fr\/disciplines\/sbssa\/wp-content\/uploads\/sites\/38\/2023\/07\/Mise-en-oeuvre-du-CAP-AGAA_MCAD_mai2023.pptx\">Mise en \u0153uvre du CAP AGAA_MCAD_mai2023<\/a><\/li>\n<li>ressources PNF en lien avec le support de pr\u00e9sentation du 23 mai 2023 :\n<ul>\n<li>les enjeux de la promotion de l&#8217;autonomie : Dr Amaury Broussier : <a href=\"https:\/\/ent2d.ac-bordeaux.fr\/disciplines\/sbssa\/wp-content\/uploads\/sites\/38\/2023\/07\/Intervention-Dr-Amaury-Broussier.pdf\">Intervention Dr Amaury Broussier<\/a><\/li>\n<li>Situations de travail : Mme Ulmann : <a href=\"https:\/\/ent2d.ac-bordeaux.fr\/disciplines\/sbssa\/wp-content\/uploads\/sites\/38\/2023\/07\/Intervention-AL-ULMANN-9-mars-2023.pdf\">Intervention AL ULMANN 9 mars 2023<\/a><\/li>\n<li>L&#8217;EHPAD aujourd&#8217;hui : Mme Talbi : <a href=\"https:\/\/ent2d.ac-bordeaux.fr\/disciplines\/sbssa\/wp-content\/uploads\/sites\/38\/2023\/07\/Presentation-Madame-Talbi.pdf\">Pr\u00e9sentation Madame Talbi<\/a><\/li>\n<\/ul>\n<\/li>\n<li>Journ\u00e9e d&#8217;accompagnement des \u00e9quipes le 29 juin 2023 :\n<ul>\n<li>guide d&#8217;accompagnement p\u00e9dagogique en version word : <a href=\"https:\/\/ent2d.ac-bordeaux.fr\/disciplines\/sbssa\/wp-content\/uploads\/sites\/38\/2023\/07\/GAP-12-juin.docx\">GAP 12 juin<\/a><\/li>\n<li>guide d&#8217;accompagnement p\u00e9dagogique annot\u00e9 par IEN : <a href=\"https:\/\/ent2d.ac-bordeaux.fr\/disciplines\/sbssa\/wp-content\/uploads\/sites\/38\/2023\/07\/GAP-12-juin_modifie_IEN.docx\">GAP 12 juin_modifi\u00e9_IEN<\/a><\/li>\n<li>Organisations p\u00e9dagogiques possibles : <a href=\"https:\/\/ent2d.ac-bordeaux.fr\/disciplines\/sbssa\/wp-content\/uploads\/sites\/38\/2023\/07\/Organisations-pedagogiques-possibles_juin2023.odt\">Organisations p\u00e9dagogiques possibles_juin2023<\/a><\/li>\n<li>Support pour construire une s\u00e9quence sur la connaissance de la personne \u00e2g\u00e9e : <a href=\"https:\/\/ent2d.ac-bordeaux.fr\/disciplines\/sbssa\/wp-content\/uploads\/sites\/38\/2023\/07\/Presentation-de-la-personne-agee.odt\">Pr\u00e9sentation de la personne \u00e2g\u00e9e<\/a><\/li>\n<li>Fiche pour d\u00e9crire une situation de travail lors de la premi\u00e8re PFMP : <a href=\"https:\/\/ent2d.ac-bordeaux.fr\/disciplines\/sbssa\/wp-content\/uploads\/sites\/38\/2023\/07\/Fiche-PFMP-1-CAP-AAGA.docx\">Fiche PFMP 1 CAP AAGA<\/a><\/li>\n<li>Le livret de suivi des PFMP pr\u00e9vu par l&#8217;EREA Le Corbusier \u00e0 Pessac comme document de travail, chaque \u00e9tablissement se doit si il souhaite l&#8217;utiliser de l&#8217;adapter aux \u00e9l\u00e8ves de LP, \u00e0 son \u00e9tablissement, avec possibilit\u00e9 d&#8217;ajouter d&#8217;autres supports : <a href=\"https:\/\/ent2d.ac-bordeaux.fr\/disciplines\/sbssa\/wp-content\/uploads\/sites\/38\/2023\/07\/LIVRET-DE-SUIVI-DES-PFMP-AAGA.docx\">LIVRET DE SUIVI DES PFMP AAGA<\/a><\/li>\n<\/ul>\n<\/li>\n<\/ul>\n<\/td>\n<\/tr>\n<tr style=\"height: 103.638px\">\n<td style=\"height: 103.638px\"><\/td>\n<\/tr>\n<tr style=\"height: 57px\">\n<td style=\"height: 57px\"><\/td>\n<\/tr>\n<tr style=\"height: 45px\">\n<td style=\"height: 45px\"><\/td>\n<\/tr>\n<\/tbody>\n<\/table>\n","protected":false},"excerpt":{"rendered":"<p>Juillet 2025 : Arr\u00eat\u00e9 du 4 juillet 2025 modifiant l&#8217;arr\u00eat\u00e9 du 6 f\u00e9vrier 2023 portant cr\u00e9ation de la sp\u00e9cialit\u00e9 \u00ab<\/p>\n","protected":false},"author":171,"featured_media":0,"parent":0,"menu_order":0,"comment_status":"closed","ping_status":"closed","template":"","meta":{"footnotes":""},"class_list":["post-714","page","type-page","status-publish","hentry"],"_links":{"self":[{"href":"https:\/\/ent2d.ac-bordeaux.fr\/disciplines\/sbssa\/wp-json\/wp\/v2\/pages\/714","targetHints":{"allow":["GET"]}}],"collection":[{"href":"https:\/\/ent2d.ac-bordeaux.fr\/disciplines\/sbssa\/wp-json\/wp\/v2\/pages"}],"about":[{"href":"https:\/\/ent2d.ac-bordeaux.fr\/disciplines\/sbssa\/wp-json\/wp\/v2\/types\/page"}],"author":[{"embeddable":true,"href":"https:\/\/ent2d.ac-bordeaux.fr\/disciplines\/sbssa\/wp-json\/wp\/v2\/users\/171"}],"replies":[{"embeddable":true,"href":"https:\/\/ent2d.ac-bordeaux.fr\/disciplines\/sbssa\/wp-json\/wp\/v2\/comments?post=714"}],"version-history":[{"count":12,"href":"https:\/\/ent2d.ac-bordeaux.fr\/disciplines\/sbssa\/wp-json\/wp\/v2\/pages\/714\/revisions"}],"predecessor-version":[{"id":3300,"href":"https:\/\/ent2d.ac-bordeaux.fr\/disciplines\/sbssa\/wp-json\/wp\/v2\/pages\/714\/revisions\/3300"}],"wp:attachment":[{"href":"https:\/\/ent2d.ac-bordeaux.fr\/disciplines\/sbssa\/wp-json\/wp\/v2\/media?parent=714"}],"curies":[{"name":"wp","href":"https:\/\/api.w.org\/{rel}","templated":true}]}}