{"id":709,"date":"2017-12-17T16:37:03","date_gmt":"2017-12-17T15:37:03","guid":{"rendered":"https:\/\/ent2d.ac-bordeaux.fr\/disciplines\/sbssa\/?page_id=709"},"modified":"2025-12-20T15:14:59","modified_gmt":"2025-12-20T14:14:59","slug":"cap-aepe","status":"publish","type":"page","link":"https:\/\/ent2d.ac-bordeaux.fr\/disciplines\/sbssa\/cap-aepe\/","title":{"rendered":"CAP AEPE"},"content":{"rendered":"<table border=\"4\" width=\"800\">\n<tbody>\n<tr>\n<td>\n<ul>\n<li><strong>D\u00e9cembre 2025 :<\/strong> Arr\u00eat\u00e9 du 12 d\u00e9cembre 2025 portant cr\u00e9ation du titre professionnel d&#8217;intervenant \u00e9ducatif petite enfance :\u00a0<a href=\"https:\/\/www.legifrance.gouv.fr\/jorf\/id\/JORFTEXT000053021155\">https:\/\/www.legifrance.gouv.fr\/jorf\/id\/JORFTEXT000053021155<\/a><\/li>\n<li><strong>Novembre 2025<\/strong> : r\u00e9f\u00e9rentiel national de la qualit\u00e9 d&#8217;accueil du jeune enfant propos\u00e9 par le minist\u00e8re du travail : <a href=\"https:\/\/ent2d.ac-bordeaux.fr\/disciplines\/sbssa\/wp-content\/uploads\/sites\/38\/2025\/11\/Ministere-du-travail-Referentiel-national-qualite-accueil-jeune-enfant-2025.pdf\">Minist\u00e8re du travail Referentiel-national-qualite-accueil-jeune-enfant-2025<\/a><\/li>\n<li><strong>septembre 2025<\/strong> : formulaire de demande de d\u00e9rogation en cas de non-respect de la dur\u00e9e r\u00e9glementaire des PFMP et consignes sur la remont\u00e9e des notes pour chaque \u00e9preuve an cas de PFMP non conformes : <a href=\"https:\/\/ent2d.ac-bordeaux.fr\/disciplines\/sbssa\/wp-content\/uploads\/sites\/38\/2025\/10\/PFMP-Formulaire-de-derogation-et-note-dinfo.pdf\">PFMP &#8211; Formulaire de d\u00e9rogation et note d&#8217;info<\/a><\/li>\n<li><strong>Arr\u00eat\u00e9 du 2 mai 2<\/strong>025 modifiant l&#8217;arr\u00eat\u00e9 du 30 novembre 2020 portant cr\u00e9ation de la sp\u00e9cialit\u00e9 \u00ab accompagnant \u00e9ducatif petite enfance \u00bb de certificat d&#8217;aptitude professionnelle et fixant ses modalit\u00e9s de d\u00e9livrance :\u00a0<a href=\"https:\/\/www.legifrance.gouv.fr\/jorf\/id\/JORFTEXT000051632066\">https:\/\/www.legifrance.gouv.fr\/jorf\/id\/JORFTEXT000051632066<\/a> . Pr\u00e9cisions de l&#8217;inspection g\u00e9n\u00e9rale : L&#8217;arr\u00eat\u00e9 du 2 mai 2025 avec les annexes PFMP et d\u00e9finitions d&#8217;\u00e9preuves modifi\u00e9es pr\u00e9cise les exigences de PFMP et d&#8217;exp\u00e9rience professionnelle pour l&#8217;ensemble des candidats. <strong>La dur\u00e9e de 3 semaines aupr\u00e8s des 0\/3 ans est notamment pr\u00e9cis\u00e9e et exig\u00e9e pour se pr\u00e9senter \u00e0 l&#8217;EP1<\/strong>.L&#8217;objectif de cette modification est de garantir une \u00e9galit\u00e9 de traitement pour l&#8217;ensemble des candidats quelle que soit leur statut et l&#8217;acad\u00e9mie et de r\u00e9affirmer l&#8217;importance de l&#8217;exp\u00e9rience et des comp\u00e9tences aupr\u00e8s des 0\/3 ans. Mise en \u0153uvre \u00e0 <strong>la session 2026<\/strong>.<\/li>\n<\/ul>\n<ul>\n<li>R\u00e9f\u00e9rentiel du dipl\u00f4me \u00e0 t\u00e9l\u00e9charger\u00a0 :\u00a0 <a href=\"https:\/\/ent2d.ac-bordeaux.fr\/disciplines\/sbssa\/wp-content\/uploads\/sites\/38\/2024\/06\/Referentiel-CAP-AEPE-2020.pdf\">R\u00e9f\u00e9rentiel CAP AEPE 2020<\/a> : Arr\u00eat\u00e9 du 30 novembre 2020 portant cr\u00e9ation de la sp\u00e9cialit\u00e9 \u00abAccompagnant \u00e9ducatif petite enfance\u00bb de certificat d\u2019aptitude professionnelle et fixant ses modalit\u00e9s de d\u00e9livrance :<\/li>\n<li>\u00a0R\u00e8glement d&#8217;examen \u00e0 t\u00e9l\u00e9charger\u00a0 : <a href=\"https:\/\/ent2d.ac-bordeaux.fr\/disciplines\/sbssa\/wp-content\/uploads\/sites\/38\/2024\/06\/3.-joe_20201217_0304_0012.pdf\">3. joe_20201217_0304_0012<\/a> : Rectificatif au Journal officiel no 300 du 12 d\u00e9cembre 2020, texte no 12: r\u00e9tablir ainsi qu\u2019il suit l\u2019annexe IV c relative \u00e0 la d\u00e9finition des \u00e9preuves.<\/li>\n<li>Rep\u00e8res pour la formation : <a href=\"https:\/\/ent2d.ac-bordeaux.fr\/disciplines\/sbssa\/wp-content\/uploads\/sites\/38\/2024\/06\/Reperes_pour_la_formation_CAP_AEPE_janvier_2020.pdf\">Reperes_pour_la_formation_CAP_AEPE_janvier_2020<\/a><\/li>\n<li>Document acad\u00e9mique \u00e0 t\u00e9l\u00e9charger : <a href=\"https:\/\/ent2d.ac-bordeaux.fr\/disciplines\/sbssa\/wp-content\/uploads\/sites\/38\/2024\/06\/7.RESSOURCES-ACADEMIQUES-POUR-ENSEIGNER-CAP-AEPE-janv-2020-1.docx\">7.RESSOURCES ACADEMIQUES POUR ENSEIGNER CAP AEPE-janv 2020 (1)<\/a> : RESSOURCES ACADEMIQUES POUR ENSEIGNER EN CAP Accompagnant Educatif Petite Enfance (AEPE) :<\/li>\n<li>A consulter en compl\u00e9ment\u00a0 du document acad\u00e9mique : cadrage de la mise en \u0153uvre des CCF : document acad\u00e9mie de Besan\u00e7on f\u00e9vrier 2024 : <a href=\"https:\/\/ent2d.ac-bordeaux.fr\/disciplines\/sbssa\/wp-content\/uploads\/sites\/38\/2024\/06\/8.-Cahier-des-charges_CAP-AEPE_MAJ_fe\u0301vreir2024.-pdf.pdf\">8. Cahier-des-charges_CAP-AEPE_MAJ_fe\u0301vreir2024.-pdf<\/a><\/li>\n<li>Autres exemples supports :\n<ul>\n<li>Grilles num\u00e9riques nationales pour la mise en \u0153uvre des CCF : <a href=\"https:\/\/ent2d.ac-bordeaux.fr\/disciplines\/sbssa\/wp-content\/uploads\/sites\/38\/2024\/07\/grilles_-cap_aepe-_ccf.xlsx\">grilles_-cap_aepe-_ccf<\/a><\/li>\n<li>EP1 : <a href=\"https:\/\/ent2d.ac-bordeaux.fr\/disciplines\/sbssa\/wp-content\/uploads\/sites\/38\/2024\/06\/FICHE_2_-_Epreuve_EP1_1031981.docx\">FICHE_2_-_Epreuve_EP1_1031981<\/a><\/li>\n<li>EP3 : <a href=\"https:\/\/ent2d.ac-bordeaux.fr\/disciplines\/sbssa\/wp-content\/uploads\/sites\/38\/2024\/06\/Epreuve-EP3_projet-dacceuil_CAPAEPE_2019.docx\">Epreuve-EP3_projet d&#8217;acceuil_CAPAEPE_2019<\/a><\/li>\n<\/ul>\n<\/li>\n<li>Annale EP2 sessions 2023 :\n<ul>\n<li><a href=\"https:\/\/ent2d.ac-bordeaux.fr\/disciplines\/sbssa\/wp-content\/uploads\/sites\/38\/2024\/06\/CAP-AEPE-EP2-SUJET-1.pdf\">CAP AEPE EP2 SUJET<\/a><\/li>\n<li><a href=\"https:\/\/ent2d.ac-bordeaux.fr\/disciplines\/sbssa\/wp-content\/uploads\/sites\/38\/2024\/06\/CAP-AEPE-EP2-CORRIGE.pdf\">CAP AEPE EP2 CORRIG\u00c9<\/a><\/li>\n<\/ul>\n<\/li>\n<li>Annales EP2 session juin et septembre 2024\n<ul>\n<li><a href=\"https:\/\/ent2d.ac-bordeaux.fr\/disciplines\/sbssa\/wp-content\/uploads\/sites\/38\/2024\/09\/EP2-SUJET-SEPT-PRINCIPAL-METROPOLE.pdf\">EP2 SUJET-SEPT PRINCIPAL METROPOLE<\/a><\/li>\n<li><a href=\"https:\/\/ent2d.ac-bordeaux.fr\/disciplines\/sbssa\/wp-content\/uploads\/sites\/38\/2024\/09\/AR-EP2-CORRIGE-SEPT-PRINCIPAL-METROPOLE.pdf\">AR EP2 CORRIGE-SEPT PRINCIPAL METROPOLE<\/a><\/li>\n<li><a href=\"https:\/\/ent2d.ac-bordeaux.fr\/disciplines\/sbssa\/wp-content\/uploads\/sites\/38\/2024\/09\/SUJET-2406-CAP-AEPE-EP2-AR-22-02.pdf\">SUJET 2406-CAP AEPE EP2-AR 22-02<\/a><\/li>\n<li><a href=\"https:\/\/ent2d.ac-bordeaux.fr\/disciplines\/sbssa\/wp-content\/uploads\/sites\/38\/2024\/09\/AR-15-02-CAP_AEPE_CORRIGE-RECTIFIE.pdf\">AR 15-02 CAP_AEPE_CORRIGE RECTIFIE<\/a><\/li>\n<\/ul>\n<\/li>\n<\/ul>\n<\/td>\n<\/tr>\n<tr>\n<td><\/td>\n<\/tr>\n<tr>\n<td><\/td>\n<\/tr>\n<tr>\n<td><\/td>\n<\/tr>\n<\/tbody>\n<\/table>\n","protected":false},"excerpt":{"rendered":"<p>D\u00e9cembre 2025 : Arr\u00eat\u00e9 du 12 d\u00e9cembre 2025 portant cr\u00e9ation du titre professionnel d&#8217;intervenant \u00e9ducatif petite enfance :\u00a0https:\/\/www.legifrance.gouv.fr\/jorf\/id\/JORFTEXT000053021155 Novembre 2025<\/p>\n","protected":false},"author":171,"featured_media":0,"parent":0,"menu_order":0,"comment_status":"closed","ping_status":"closed","template":"","meta":{"footnotes":""},"class_list":["post-709","page","type-page","status-publish","hentry"],"_links":{"self":[{"href":"https:\/\/ent2d.ac-bordeaux.fr\/disciplines\/sbssa\/wp-json\/wp\/v2\/pages\/709","targetHints":{"allow":["GET"]}}],"collection":[{"href":"https:\/\/ent2d.ac-bordeaux.fr\/disciplines\/sbssa\/wp-json\/wp\/v2\/pages"}],"about":[{"href":"https:\/\/ent2d.ac-bordeaux.fr\/disciplines\/sbssa\/wp-json\/wp\/v2\/types\/page"}],"author":[{"embeddable":true,"href":"https:\/\/ent2d.ac-bordeaux.fr\/disciplines\/sbssa\/wp-json\/wp\/v2\/users\/171"}],"replies":[{"embeddable":true,"href":"https:\/\/ent2d.ac-bordeaux.fr\/disciplines\/sbssa\/wp-json\/wp\/v2\/comments?post=709"}],"version-history":[{"count":11,"href":"https:\/\/ent2d.ac-bordeaux.fr\/disciplines\/sbssa\/wp-json\/wp\/v2\/pages\/709\/revisions"}],"predecessor-version":[{"id":3359,"href":"https:\/\/ent2d.ac-bordeaux.fr\/disciplines\/sbssa\/wp-json\/wp\/v2\/pages\/709\/revisions\/3359"}],"wp:attachment":[{"href":"https:\/\/ent2d.ac-bordeaux.fr\/disciplines\/sbssa\/wp-json\/wp\/v2\/media?parent=709"}],"curies":[{"name":"wp","href":"https:\/\/api.w.org\/{rel}","templated":true}]}}