{"id":705,"date":"2017-12-17T16:25:57","date_gmt":"2017-12-17T15:25:57","guid":{"rendered":"https:\/\/ent2d.ac-bordeaux.fr\/disciplines\/sbssa\/?page_id=705"},"modified":"2025-08-01T13:56:09","modified_gmt":"2025-08-01T11:56:09","slug":"mcad","status":"publish","type":"page","link":"https:\/\/ent2d.ac-bordeaux.fr\/disciplines\/sbssa\/mcad\/","title":{"rendered":"Mention Compl\u00e9mentaire Aide \u00e0 Domicile"},"content":{"rendered":"<ul>\n<li>Arr\u00eat\u00e9 du 4 juillet 2025 modifiant des intitul\u00e9s d&#8217;arr\u00eat\u00e9s pour remplacer la r\u00e9f\u00e9rence de la mention compl\u00e9mentaire par la r\u00e9f\u00e9rence du certificat de sp\u00e9cialisation : <a href=\"https:\/\/ent2d.ac-bordeaux.fr\/disciplines\/sbssa\/wp-content\/uploads\/sites\/38\/2025\/08\/joe_20250724_0170_0004.pdf\">joe_20250724_0170_0004<\/a><\/li>\n<li>F\u00e9vrier 2024 : Mise en oeuvre des CCF : grilles num\u00e9riques nationales \u00a0<a href=\"https:\/\/ent2d.ac-bordeaux.fr\/disciplines\/sbssa\/wp-content\/uploads\/sites\/38\/2024\/02\/Grilles-MCAD-vf-au-230224.xlsx\">Grilles MCAD vf au 230224<\/a><\/li>\n<li>Arr\u00eat\u00e9 du 10 f\u00e9vrier 2023 portant cr\u00e9ation de la mention compl\u00e9mentaire \u00ab Aide \u00e0 domicile \u00bb et fixant ses modalit\u00e9s de d\u00e9livrance<br \/>JORF n\u00b00059 du 10 mars 2023. Le nouveau r\u00e9f\u00e9rentiel est t\u00e9l\u00e9chargeable ici : <a href=\"https:\/\/ent2d.ac-bordeaux.fr\/disciplines\/sbssa\/wp-content\/uploads\/sites\/38\/2023\/03\/joe_20230310_0059_0013.pdf\">joe_20230310_0059_0013<\/a><\/li>\n<li>PNF mars 2023 : pr\u00e9sentation de la nouvelle MCAD : <a href=\"https:\/\/ent2d.ac-bordeaux.fr\/disciplines\/sbssa\/wp-content\/uploads\/sites\/38\/2023\/03\/Reingenierie-de-la-Mention-Complementaire-commentaires-FM-AA.pdf\">R\u00e9ing\u00e9nierie de la Mention Compl\u00e9mentaire commentaires FM-AA<\/a><\/li>\n<li>Journ\u00e9e d&#8217;accompagnement des \u00e9quipes du 23 mai 2023 :\n<ul>\n<li>Mise en \u0153uvre de l&#8217;exp\u00e9rimentation : MCAD et projet personnalis\u00e9 : <a href=\"https:\/\/ent2d.ac-bordeaux.fr\/disciplines\/sbssa\/wp-content\/uploads\/sites\/38\/2023\/07\/DIAPO-MCAD-et-projet-personnalise.odp\">DIAPO MCAD et projet personnalis\u00e9<\/a><\/li>\n<\/ul>\n<p>Journ\u00e9e d&#8217;accompagnement des \u00e9quipes du 29 juin 2023 :<\/p>\n<ul>\n<li>Guide d&#8217;accompagnement p\u00e9dagogique annot\u00e9 par l&#8217;IEN : <a href=\"https:\/\/ent2d.ac-bordeaux.fr\/disciplines\/sbssa\/wp-content\/uploads\/sites\/38\/2023\/07\/GAP-12-juin_modifie_IEN.docx\">GAP 12 juin_modifi\u00e9_IEN<\/a><\/li>\n<\/ul>\n<p>Septembre 2023 : proposition d&#8217;un livret de suivi des PFMP : <a href=\"https:\/\/ent2d.ac-bordeaux.fr\/disciplines\/sbssa\/wp-content\/uploads\/sites\/38\/2023\/09\/livret_de_suivi_des_pfmp_MCAD-renovee-VGA.docx\">livret_de_suivi_des_pfmp_MCAD r\u00e9nov\u00e9e VGA<\/a><\/p>\n<\/li>\n<\/ul>\n\n\n<p><\/p>\n","protected":false},"excerpt":{"rendered":"<p>Arr\u00eat\u00e9 du 4 juillet 2025 modifiant des intitul\u00e9s d&#8217;arr\u00eat\u00e9s pour remplacer la r\u00e9f\u00e9rence de la mention compl\u00e9mentaire par la r\u00e9f\u00e9rence<\/p>\n","protected":false},"author":171,"featured_media":0,"parent":0,"menu_order":0,"comment_status":"closed","ping_status":"closed","template":"","meta":{"footnotes":""},"class_list":["post-705","page","type-page","status-publish","hentry"],"_links":{"self":[{"href":"https:\/\/ent2d.ac-bordeaux.fr\/disciplines\/sbssa\/wp-json\/wp\/v2\/pages\/705","targetHints":{"allow":["GET"]}}],"collection":[{"href":"https:\/\/ent2d.ac-bordeaux.fr\/disciplines\/sbssa\/wp-json\/wp\/v2\/pages"}],"about":[{"href":"https:\/\/ent2d.ac-bordeaux.fr\/disciplines\/sbssa\/wp-json\/wp\/v2\/types\/page"}],"author":[{"embeddable":true,"href":"https:\/\/ent2d.ac-bordeaux.fr\/disciplines\/sbssa\/wp-json\/wp\/v2\/users\/171"}],"replies":[{"embeddable":true,"href":"https:\/\/ent2d.ac-bordeaux.fr\/disciplines\/sbssa\/wp-json\/wp\/v2\/comments?post=705"}],"version-history":[{"count":13,"href":"https:\/\/ent2d.ac-bordeaux.fr\/disciplines\/sbssa\/wp-json\/wp\/v2\/pages\/705\/revisions"}],"predecessor-version":[{"id":3305,"href":"https:\/\/ent2d.ac-bordeaux.fr\/disciplines\/sbssa\/wp-json\/wp\/v2\/pages\/705\/revisions\/3305"}],"wp:attachment":[{"href":"https:\/\/ent2d.ac-bordeaux.fr\/disciplines\/sbssa\/wp-json\/wp\/v2\/media?parent=705"}],"curies":[{"name":"wp","href":"https:\/\/api.w.org\/{rel}","templated":true}]}}