{"id":698,"date":"2017-11-27T17:54:15","date_gmt":"2017-11-27T16:54:15","guid":{"rendered":"https:\/\/ent2d.ac-bordeaux.fr\/disciplines\/sbssa\/?page_id=698"},"modified":"2025-12-15T09:14:15","modified_gmt":"2025-12-15T08:14:15","slug":"spvl","status":"publish","type":"page","link":"https:\/\/ent2d.ac-bordeaux.fr\/disciplines\/sbssa\/spvl\/","title":{"rendered":"Bac Pro animation enfants et personnes \u00e2g\u00e9es"},"content":{"rendered":"<p>&nbsp;<\/p>\n<p><strong>D\u00e9cembre 2025 :<\/strong> actualisation des grilles d&#8217;\u00e9valuation sp\u00e9cifiques \u00e0 l&#8217;acad\u00e9mie de Bordeaux suite aux travaux du groupe acad\u00e9mique :<\/p>\n<p>Pour rappel mise\u00a0en \u0153uvre du CCF en Bac Pro AEPA :\u00a0 nouvelle organisation de la mise \u0153uvre des CCF et nouveaux outils d&#8217;\u00e9valuation exclusivement mis en \u0153uvre sur l&#8217;acad\u00e9mie de Bordeaux \u00e0 l&#8217;initiative de l&#8217;IEN SBSSA, merci \u00e0 l&#8217;\u00e9norme travail r\u00e9alis\u00e9 par les \u00e9quipes p\u00e9dagogiques sous le pilotage de Nathalie Daniel professeure ressource.<\/p>\n<p>Le constat des difficult\u00e9s de compr\u00e9hension des outils d&#8217;\u00e9valuation par l&#8217;ensemble des acteurs : \u00e9l\u00e8ves, professionnels, enseignants, la complexit\u00e9 de la mise en oeuvre des CCF, le grand nombre de formations sur l&#8217;acad\u00e9mie de Bordeaux ; ont conduit \u00e0 la mise en \u0153uvre des CCF selon les modalit\u00e9s suivantes :<\/p>\n<p>Il a \u00e9t\u00e9 act\u00e9 que les \u00e9valuations en PFMP se feront \u00e0 partir de documents papiers, sign\u00e9s par l&#8217;ensemble des \u00e9valuateurs sans le calcul de la note. Cette derni\u00e8re sera \u00e9tablie avec la grille num\u00e9rique et pourra \u00eatre transmise au professionnel si ce dernier en fait la demande.<\/p>\n<p><strong>PFMP en fin d&#8217;ann\u00e9e de premi\u00e8re : \u00e9valuation de E31 ou E32 :<\/strong><\/p>\n<p>E31 : <a href=\"https:\/\/ent2d.ac-bordeaux.fr\/disciplines\/sbssa\/wp-content\/uploads\/sites\/38\/2025\/12\/E31-1ere-Ac-Bdx-Eleves-amp-tuteurs-2025.pdf\">E31 1\u00e8re &#8211; Ac Bdx &#8211; El\u00e8ves &amp; tuteurs 2025<\/a><\/p>\n<p>E32 : <a href=\"https:\/\/ent2d.ac-bordeaux.fr\/disciplines\/sbssa\/wp-content\/uploads\/sites\/38\/2025\/12\/E32-1ere-Ac-Bdx-Eleves-amp-tuteurs-2025.pdf\">E32 1\u00e8re &#8211; Ac Bdx &#8211; El\u00e8ves &amp; tuteurs 2025<\/a><\/p>\n<p><strong>PFMP de terminale :\u00a0 \u00e9valuation \u00e0 la fois de la partie\u00a0 E2 et E31 ou E32 selon le choix de l&#8217;\u00e9l\u00e8ve et sur la m\u00eame PFMP :<\/strong><\/p>\n<p>E2_E31 : <a href=\"https:\/\/ent2d.ac-bordeaux.fr\/disciplines\/sbssa\/wp-content\/uploads\/sites\/38\/2025\/12\/E31-E2-PFMP-Tale-Ac-Bdx-Eleves-amp-tuteurs-2025.pdf\">E31-E2 PFMP Tale &#8211; Ac Bdx &#8211; El\u00e8ves &amp; tuteurs 2025<\/a><\/p>\n<p>E2_E32 : <a href=\"https:\/\/ent2d.ac-bordeaux.fr\/disciplines\/sbssa\/wp-content\/uploads\/sites\/38\/2025\/12\/E32-E2-PFMP-Tale-Ac-Bdx-Eleves-amp-tuteurs-2025.pdf\">E32-E2 PFMP Tale &#8211; Ac Bdx &#8211; El\u00e8ves &amp; tuteurs 2025<\/a><\/p>\n<p>\u00c9valuation du dossier E2 : <a href=\"https:\/\/ent2d.ac-bordeaux.fr\/disciplines\/sbssa\/wp-content\/uploads\/sites\/38\/2025\/12\/E2-Dossier-Tale-Ac-Bdx-Eleves-amp-professionnels-2025.pdf\">E2 Dossier Tale &#8211; Ac Bdx &#8211; El\u00e8ves &amp; professionnels 2025<\/a><\/p>\n<p>Evaluation de l&#8217;oral E2 : <a href=\"https:\/\/ent2d.ac-bordeaux.fr\/disciplines\/sbssa\/wp-content\/uploads\/sites\/38\/2025\/12\/E2-Oral-Tale-Ac-Bdx-Eleves-amp-professionnels-2025.pdf\">E2 Oral Tale &#8211; Ac Bdx &#8211; El\u00e8ves &amp; professionnels 2025<\/a><\/p>\n<p><strong>Septembre 2025 :<\/strong><\/p>\n<p>Objectifs de stage, annexes p\u00e9dagogiques : animation personnes \u00e2g\u00e9es : des documents pour aider \u00e0 la mise en \u0153uvre des PFMP : <a href=\"https:\/\/ent2d.ac-bordeaux.fr\/disciplines\/sbssa\/wp-content\/uploads\/sites\/38\/2025\/09\/Objectifs-de-stages-et-documents-PFMP-PA-2025-2026.pdf\">Objectifs de stages et documents PFMP PA &#8211; 2025-2026<\/a><\/p>\n<p>objectifs de stage, annexes p\u00e9dagogiques : animation enfant : des documents pour aider \u00e0 la mise en oeuvre des PFMP : <a href=\"https:\/\/ent2d.ac-bordeaux.fr\/disciplines\/sbssa\/wp-content\/uploads\/sites\/38\/2025\/09\/Objectifs-de-stages-et-documents-PFMP-En-2025-2026.pdf\">Objectifs de stages et documents PFMP En &#8211; 2025-2026<\/a><\/p>\n<p>Mener un diagnostic pour recueillir les envies et les attentes d&#8217;enfants : <a href=\"https:\/\/ent2d.ac-bordeaux.fr\/disciplines\/sbssa\/wp-content\/uploads\/sites\/38\/2025\/09\/Diagnostic-Enfants-a-imprimer-sur-papier-blanc.pdf\">Diagnostic Enfants \u00e0 imprimer sur papier blanc<\/a><\/p>\n<p>Mener un diagnostic pour recueillir les envies et les attentes des personnes \u00e2g\u00e9es : <a href=\"https:\/\/ent2d.ac-bordeaux.fr\/disciplines\/sbssa\/wp-content\/uploads\/sites\/38\/2025\/09\/Diagnostic-complet-PA-BKT-a-imprimer-sur-papier-blanc.pdf\">Diagnostic complet PA &#8211; BKT \u00e0 imprimer sur papier blanc<\/a>\u00a0 r\u00e9sultats possibles du diagnostic : <a href=\"https:\/\/ent2d.ac-bordeaux.fr\/disciplines\/sbssa\/wp-content\/uploads\/sites\/38\/2025\/09\/Diagnostic-resultat-PA-BKT-a-imprimer-sur-papier-en-couleur.pdf\">Diagnostic r\u00e9sultat PA &#8211; BKT \u00e0 imprimer sur papier en couleur<\/a><\/p>\n<p>&nbsp;<\/p>\n<p><strong>Novembre 2024 : Actualisation des ressources pour enseigner propos\u00e9es par Nathalie Daniel professeure ressource acad\u00e9mique :<\/strong><\/p>\n<p>Analyse r\u00e9flexive suite \u00e0 la mise en \u0153uvre d&#8217;une activit\u00e9 d&#8217;animation par l&#8217;\u00e9l\u00e8ve : <a href=\"https:\/\/ent2d.ac-bordeaux.fr\/disciplines\/sbssa\/wp-content\/uploads\/sites\/38\/2024\/10\/Analyse-reflexive.docx\">Analyse r\u00e9flexive<\/a><\/p>\n<p>Fiche de pr\u00e9paration d&#8217;une animation aupr\u00e8s de l&#8217;enfant : <a href=\"https:\/\/ent2d.ac-bordeaux.fr\/disciplines\/sbssa\/wp-content\/uploads\/sites\/38\/2024\/10\/Fiche-Preparation-activites-Enfant-2024.docx\">Fiche Pr\u00e9paration activit\u00e9s Enfant 2024<\/a><\/p>\n<p>Fiche de pr\u00e9paration d&#8217;une animation aupr\u00e8s des personnes \u00e2g\u00e9es : <a href=\"https:\/\/ent2d.ac-bordeaux.fr\/disciplines\/sbssa\/wp-content\/uploads\/sites\/38\/2024\/10\/Fiche-Preparation-activites-PA-2024.docx\">Fiche Pr\u00e9paration activit\u00e9s PA 2024<\/a><\/p>\n<p><strong>Diff\u00e9rents dossiers de fiches de p\u00e9dagogie active :\u00a0<\/strong><\/p>\n<p>M\u00e9thodes et outils d&#8217;animation participative scicabulle : <a href=\"https:\/\/ent2d.ac-bordeaux.fr\/disciplines\/sbssa\/wp-content\/uploads\/sites\/38\/2024\/10\/boite_a_bulles_-_animation_participative_insa_2019.pdf\">boite_a_bulles_-_animation_participative_insa_2019<\/a><\/p>\n<p>Boite \u00e0 outils \u00e0 l&#8217;usage des formateur-rices avides d&#8217;\u00e9ducation active\u00a0 Cema : <a href=\"https:\/\/ent2d.ac-bordeaux.fr\/disciplines\/sbssa\/wp-content\/uploads\/sites\/38\/2024\/10\/boite-outil-participative-cema-1.pdf\">boite-outil-participative-cema (1)<\/a><\/p>\n<p>Ressources propos\u00e9es par Nathalie Daniel : p\u00e9dagogie participative : des outils pour la mise en oeuvre de r\u00e9unions participatives : <a href=\"https:\/\/ent2d.ac-bordeaux.fr\/disciplines\/sbssa\/wp-content\/uploads\/sites\/38\/2024\/10\/Des-outils-pour-la-gestion-de-reunion-participative-19012023.pdf\">Des outils pour la gestion de r\u00e9union participative 19012023<\/a><\/p>\n<p><strong>Septembre 2024 : lettre de rentr\u00e9e Bac Pro AEPA : <a href=\"https:\/\/ent2d.ac-bordeaux.fr\/disciplines\/sbssa\/wp-content\/uploads\/sites\/38\/2024\/09\/bac_pro_AEPA_rentree_2024.docx\">bac_pro_AEPA_rentr\u00e9e_2024<\/a>; UF2S et Bac Pro AEPA : contraintes de formation : <a href=\"https:\/\/ent2d.ac-bordeaux.fr\/disciplines\/sbssa\/wp-content\/uploads\/sites\/38\/2024\/09\/Note_UF2S_BacproAEPA_sept_2024.pdf\">Note_UF2S_BacproAEPA_sept_2024<\/a><\/strong><\/p>\n\n\n<ul class=\"wp-block-list\">\n<li><\/li>\n<\/ul>\n\n\n\n<p><\/p>\n\n\n\n<h2 class=\"wp-block-heading\"><strong>Ressources nationales<\/strong> : <a href=\"https:\/\/www.pearltrees.com\/private\/id28316549?access=462c1d4e75a.1b01385.2335698802e9d332bf47c67c585b30d5\">https:\/\/www.pearltrees.com\/private\/id28316549?access=462c1d4e75a.1b01385.2335698802e9d332bf47c67c585b30d5<\/a><\/h2>\n\n\n\n<p><\/p>\n\n\n\n<p><strong>Mise en \u0153uvre des CCF :<\/strong><\/p>\n\n\n\n<p>Rappel courrier adress\u00e9 aux \u00e9tablissement le 7 juin 2022, toujours d&#8217;actualit\u00e9 : <\/p>\n\n\n\n<div data-wp-interactive=\"core\/file\" class=\"wp-block-file\"><object data-wp-bind--hidden=\"!state.hasPdfPreview\" hidden class=\"wp-block-file__embed\" data=\"https:\/\/ent2d.ac-bordeaux.fr\/disciplines\/sbssa\/wp-content\/uploads\/sites\/38\/2022\/06\/Bac_pro_animation_juin_2022.pdf\" type=\"application\/pdf\" style=\"width:100%;height:600px\" aria-label=\"Contenu embarqu\u00e9 Bac_pro_animation_juin_2022.\"><\/object><a id=\"wp-block-file--media-ca8d9f6a-f775-4f62-889c-dad08ea17440\" href=\"https:\/\/ent2d.ac-bordeaux.fr\/disciplines\/sbssa\/wp-content\/uploads\/sites\/38\/2022\/06\/Bac_pro_animation_juin_2022.pdf\">Bac_pro_animation_juin_2022<\/a><a href=\"https:\/\/ent2d.ac-bordeaux.fr\/disciplines\/sbssa\/wp-content\/uploads\/sites\/38\/2022\/06\/Bac_pro_animation_juin_2022.pdf\" class=\"wp-block-file__button wp-element-button\" download aria-describedby=\"wp-block-file--media-ca8d9f6a-f775-4f62-889c-dad08ea17440\">T\u00e9l\u00e9charger<\/a><\/div>\n\n\n\n<p><\/p>\n\n\n\n<p><strong>Ressources propos\u00e9es par Nathalie Daniel professeur ressource acad\u00e9mique,&nbsp; pour une mise a disposition des \u00e9quipes p\u00e9dagogiques :<\/strong><\/p>\n\n\n\n<p><p>\u00a0Rentr\u00e9e 2023 : convention de PFMP type et ses annexes : <a href=\"https:\/\/ent2d.ac-bordeaux.fr\/disciplines\/sbssa\/wp-content\/uploads\/sites\/38\/2023\/09\/fiche_convention-type-menj-pfmp-et-annexes_version-sept23.docx\">fiche_convention-type-menj-pfmp-et-annexes_version-sept23<\/a><\/p> <p>Janvier 2023 : support pour l&#8217;\u00e9preuve E2 : <a href=\"https:\/\/ent2d.ac-bordeaux.fr\/disciplines\/sbssa\/wp-content\/uploads\/sites\/38\/2023\/04\/Fiche-descriptive-projet-danimation-E2-16012023.docx\">Fiche descriptive projet d&#8217;animation E2 &#8211; 16012023<\/a><\/p><\/p>\n\n\n\n<p><p>Historique de l&#8217;animation populaire : <a href=\"https:\/\/ent2d.ac-bordeaux.fr\/disciplines\/sbssa\/wp-content\/uploads\/sites\/38\/2022\/04\/Histoire-de-leducation-populaire-et-de-lanimation-PROFESSIONNELLE.pdf\">Histoire de l&#8217;\u00e9ducation populaire et de l&#8217;animation PROFESSIONNELLE<\/a><\/p><\/p>\n\n\n\n<p><p>Diaporama de pr\u00e9sentation de la formation en direction des structures d&#8217;accueil pour les PFMP des \u00e9l\u00e8ves : <a href=\"https:\/\/ent2d.ac-bordeaux.fr\/disciplines\/sbssa\/wp-content\/uploads\/sites\/38\/2022\/03\/Presentation-Baccalaureat-Professionnel-Animation-aux-structures.pptx\">Pr\u00e9sentation Baccalaur\u00e9at Professionnel Animation aux structures<\/a><\/p><\/p>\n\n\n\n<p><p>Le livrets de stages de 3 ans, avec les objectifs de stages et les travaux \u00e0 effectuer pour nos \u00e9l\u00e8ves, les comp\u00e9tences, le travail \u00e0 rendre, et les comp\u00e9tences transversales\u00a0 \u00e0 \u00e9valuer : <a href=\"https:\/\/ent2d.ac-bordeaux.fr\/disciplines\/sbssa\/wp-content\/uploads\/sites\/38\/2022\/03\/Grille-de-suivi-des-activites-en-PFMP-Bac-Pro-Animation.docx\">Grille de suivi des activites en PFMP &#8211; Bac Pro Animation<\/a><\/p><\/p>\n\n\n\n<p><p>Recueil de donn\u00e9es pour les personnes \u00e2g\u00e9es : <a href=\"https:\/\/ent2d.ac-bordeaux.fr\/disciplines\/sbssa\/wp-content\/uploads\/sites\/38\/2022\/03\/RECUEIL-DE-DONNEES-DE-LA-PERSONNE.docx\">RECUEIL DE DONNEES DE LA PERSONNE<\/a><\/p><\/p>\n\n\n\n<p><p>Fiches d&#8217;activit\u00e9s et posture r\u00e9flexive a destination des \u00e9l\u00e8ves :<\/p><\/p>\n\n\n\n<p><p>Animation aupr\u00e8s d&#8217;un public de personnes \u00e2g\u00e9es : <a href=\"https:\/\/ent2d.ac-bordeaux.fr\/disciplines\/sbssa\/wp-content\/uploads\/sites\/38\/2022\/04\/Fiche-activites-PA-avec-Analyse-reflexive-1.docx\">Fiche activit\u00e9s PA avec Analyse r\u00e9flexive (1<\/a><\/p><\/p>\n\n\n\n<p><p>Animation aupr\u00e8s d&#8217;un public d&#8217;enfants : <a href=\"https:\/\/ent2d.ac-bordeaux.fr\/disciplines\/sbssa\/wp-content\/uploads\/sites\/38\/2022\/04\/Fiche-activites-Enfant-avec-Analyse-reflexive-1.docx\">Fiche activit\u00e9s Enfant avec Analyse r\u00e9flexive (1)<\/a><\/p> <\/p>\n","protected":false},"excerpt":{"rendered":"<p>&nbsp; D\u00e9cembre 2025 : actualisation des grilles d&#8217;\u00e9valuation sp\u00e9cifiques \u00e0 l&#8217;acad\u00e9mie de Bordeaux suite aux travaux du groupe acad\u00e9mique :<\/p>\n","protected":false},"author":171,"featured_media":0,"parent":0,"menu_order":0,"comment_status":"closed","ping_status":"closed","template":"","meta":{"footnotes":""},"class_list":["post-698","page","type-page","status-publish","hentry"],"_links":{"self":[{"href":"https:\/\/ent2d.ac-bordeaux.fr\/disciplines\/sbssa\/wp-json\/wp\/v2\/pages\/698","targetHints":{"allow":["GET"]}}],"collection":[{"href":"https:\/\/ent2d.ac-bordeaux.fr\/disciplines\/sbssa\/wp-json\/wp\/v2\/pages"}],"about":[{"href":"https:\/\/ent2d.ac-bordeaux.fr\/disciplines\/sbssa\/wp-json\/wp\/v2\/types\/page"}],"author":[{"embeddable":true,"href":"https:\/\/ent2d.ac-bordeaux.fr\/disciplines\/sbssa\/wp-json\/wp\/v2\/users\/171"}],"replies":[{"embeddable":true,"href":"https:\/\/ent2d.ac-bordeaux.fr\/disciplines\/sbssa\/wp-json\/wp\/v2\/comments?post=698"}],"version-history":[{"count":46,"href":"https:\/\/ent2d.ac-bordeaux.fr\/disciplines\/sbssa\/wp-json\/wp\/v2\/pages\/698\/revisions"}],"predecessor-version":[{"id":3356,"href":"https:\/\/ent2d.ac-bordeaux.fr\/disciplines\/sbssa\/wp-json\/wp\/v2\/pages\/698\/revisions\/3356"}],"wp:attachment":[{"href":"https:\/\/ent2d.ac-bordeaux.fr\/disciplines\/sbssa\/wp-json\/wp\/v2\/media?parent=698"}],"curies":[{"name":"wp","href":"https:\/\/api.w.org\/{rel}","templated":true}]}}