{"id":685,"date":"2017-11-27T17:33:19","date_gmt":"2017-11-27T16:33:19","guid":{"rendered":"https:\/\/ent2d.ac-bordeaux.fr\/disciplines\/sbssa\/?page_id=685"},"modified":"2026-01-26T08:52:30","modified_gmt":"2026-01-26T07:52:30","slug":"assp","status":"publish","type":"page","link":"https:\/\/ent2d.ac-bordeaux.fr\/disciplines\/sbssa\/assp\/","title":{"rendered":""},"content":{"rendered":"<table border=\"4\" width=\"800\">\n<tbody>\n<tr style=\"height: 306px\">\n<td style=\"height: 306px\"><img loading=\"lazy\" decoding=\"async\" class=\"wp-image-515 aligncenter\" src=\"https:\/\/ent2d.ac-bordeaux.fr\/disciplines\/sbssa\/wp-content\/uploads\/sites\/38\/2017\/10\/EDUCATION-NATIONALE-300x143.png\" alt=\"\" width=\"139\" height=\"66\" srcset=\"https:\/\/ent2d.ac-bordeaux.fr\/disciplines\/sbssa\/wp-content\/uploads\/sites\/38\/2017\/10\/EDUCATION-NATIONALE-300x143.png 300w, https:\/\/ent2d.ac-bordeaux.fr\/disciplines\/sbssa\/wp-content\/uploads\/sites\/38\/2017\/10\/EDUCATION-NATIONALE.png 325w\" sizes=\"auto, (max-width: 139px) 100vw, 139px\" \/><span style=\"font-size: 24pt\"><strong>BAC Pro ASSP 2022<\/strong><\/span><\/p>\n<ul>\n<li><strong>Janvier 2026 : <\/strong>Arr\u00eat\u00e9 du 5 d\u00e9cembre 2025 modifiant certaines modalit\u00e9s d\u2019organisation des formations d\u2019aide-soignant et d\u2019auxiliaire de pu\u00e9riculture : contenu des formations, dispenses et volume horaire de formation en fonction des diplomes d\u00e9tenus par les candidats (Bac Pro ASSP A, B, Bac Pro ASSP 2022; CAP AEPE et autres : l&#8217;arr\u00eat\u00e9 en t\u00e9l\u00e9chargement ici : <a href=\"https:\/\/ent2d.ac-bordeaux.fr\/disciplines\/sbssa\/wp-content\/uploads\/sites\/38\/2026\/01\/Arrete-du-5-dec-25-modificatif.pdf\">Arr\u00eat\u00e9 du 5 d\u00e9c 25 modificatif<\/a><\/li>\n<li><strong>D\u00e9cembre 2025 : <\/strong>Extrait d&#8217;une s\u00e9quence en lien avec le Bloc 4 : \u00e9ducation \u00e0 la sant\u00e9 : afin de mieux accompagner les \u00e9quipes dans la mise en oeuvre des enseignements du bloc 4, vous trouverez des \u00e9l\u00e9ments partag\u00e9s par Mme Daunas PLP STMS au Lyc\u00e9e Jean Cassagne \u00e0 St Pierre du Mont que je remercie. Je rappelle aussi que la seconde partie de l&#8217;ann\u00e9e de terminale est consacr\u00e9e \u00e0 la pr\u00e9paration de l&#8217;\u00e9preuve E2 au regard de la structuration du sujet, un sujet de la session 2025 ci-dessous :\n<ul>\n<li>extrait de la s\u00e9quence : <a href=\"https:\/\/ent2d.ac-bordeaux.fr\/disciplines\/sbssa\/wp-content\/uploads\/sites\/38\/2025\/12\/Deshydratation_PA.pdf\">D\u00e9shydratation_PA<\/a><\/li>\n<li>sujet session juin 2025 : <a href=\"https:\/\/ent2d.ac-bordeaux.fr\/disciplines\/sbssa\/wp-content\/uploads\/sites\/38\/2025\/12\/transfer_9937436_files_2970516e.zip\">transfer_9937436_files_2970516e<\/a><\/li>\n<\/ul>\n<\/li>\n<li><strong><strong>D\u00e9cembre 2025 <span style=\"color: #ff0000\">MISE A JOUR LE 15\/12\/2025 :<\/span> Communication du groupe de pilotage national du Bac Pro ASSP : <\/strong><\/strong>Ch\u00e8res et chers coll\u00e8gues. Suite au bilan de la premi\u00e8re session d\u2019examen du BCP ASSP, plusieurs ajustements ont \u00e9t\u00e9 r\u00e9alis\u00e9s au fichier Excel dans le cadre du CCF que nous vous transmettons :<\/li>\n<li>Onglet &#8220;synth\u00e8se&#8221;Un report des notes sur 20 points a \u00e9t\u00e9 int\u00e9gr\u00e9 pour chaque sous-\u00e9preuve, afin de limiter les erreurs de calcul et pour faciliter la saisie des notes.<br \/>\nLa pr\u00e9sentation de la sous-\u00e9preuve E33 a \u00e9t\u00e9 modifi\u00e9e pour mettre en valeur ses deux situations d&#8217;\u00e9valuation distinctes.<\/li>\n<li>Grille E32 (oral)Des ajouts et modifications ont \u00e9t\u00e9 effectu\u00e9s concernant la pr\u00e9sentation et l\u2019\u00e9valuation du raisonnement clinique.Par ailleurs, les grilles d&#8217;\u00e9valuation CCF n&#8217;ont pas \u00e9t\u00e9 modifi\u00e9es.<\/li>\n<li><strong style=\"font-family: inherit;font-size: inherit\">T\u00e9l\u00e9charger le nouveau fichier : <a href=\"https:\/\/ent2d.ac-bordeaux.fr\/disciplines\/sbssa\/wp-content\/uploads\/sites\/38\/2025\/12\/Grilles-CCF-BCP-ASSP-V-15-12-25.xlsx\">Grilles CCF BCP ASSP V 15 12 25<\/a><\/strong><\/li>\n<\/ul>\n<p>&nbsp;<\/p>\n<ul>\n<li><strong>D\u00e9cembre 2025 :<\/strong> arr\u00eat\u00e9 du 18 mars 2025 modifiant l&#8217;arr\u00eat\u00e9 du 5 juillet 2024 relatif au dipl\u00f4me d&#8217;Etat de moniteur \u00e9ducateur : seuls les titulaires du Bac Pro ASSP r\u00e9f\u00e9rentiel mis en \u0153uvre au 1er septembre 2022, premi\u00e8re session en 2025 ont par \u00e9quivalence le b\u00e9n\u00e9fice du Bloc 1 et du Bloc 3 du DEME arr\u00eat\u00e9 de cr\u00e9ation du 5 juillet 2024 : <a href=\"https:\/\/www.legifrance.gouv.fr\/jorf\/id\/JORFTEXT000051357601\">https:\/\/www.legifrance.gouv.fr\/jorf\/id\/JORFTEXT000051357601<\/a><\/li>\n<li><strong>Novembre 2025 :<\/strong> texte en lien avec le parcours personnalis\u00e9 et la nouvelle grille horaire qui en d\u00e9coule : La classe de terminale de baccalaur\u00e9at professionnel est r\u00e9organis\u00e9e \u00e0 compter de cette ann\u00e9e scolaire afin de renforcer l\u2019employabilit\u00e9 de ceux qui souhaitent s\u2019ins\u00e9rer directement apr\u00e8s le baccalaur\u00e9at, et ainsi am\u00e9liorer les taux d\u2019acc\u00e8s \u00e0 l\u2019emploi post-diplomation et de mieux pr\u00e9parer ceux qui souhaitent poursuivre leurs \u00e9tudes et am\u00e9liorer leur r\u00e9ussite. Il est ainsi cr\u00e9\u00e9 ainsi un parcours personnalis\u00e9 permettant \u00e0 chaque \u00e9l\u00e8ve, soit de se pr\u00e9parer \u00e0 l\u2019insertion professionnelle, soit de se pr\u00e9parer \u00e0 la poursuite d&#8217;\u00e9tudes, notamment dans l&#8217;enseignement sup\u00e9rieur. Ce parcours se construit tout au long de l\u2019ann\u00e9e scolaire, notamment dans le cadre du soutien au parcours, permet aux \u00e9l\u00e8ves de se pr\u00e9parer tout au long de l\u2019ann\u00e9e \u00e0 effectuer ses choix pour le post baccalaur\u00e9at et donc \u00e0 en d\u00e9duire quatre semaines de la fin d\u2019ann\u00e9e scolaire d\u00e9di\u00e9es soit \u00e0 l\u2019insertion professionnelle, soit \u00e0 la poursuite d\u2019\u00e9tudes.\u00a0 :\u00a0 \u00a0 <a href=\"https:\/\/ent2d.ac-bordeaux.fr\/disciplines\/sbssa\/wp-content\/uploads\/sites\/38\/2025\/11\/joe_20251114_0267_0006.pdf\">joe_20251114_0267_0006<\/a><\/li>\n<li><strong>D\u00e9cembre 2024 :<\/strong> diaporama transmis par le groupe de pilotage national sur la mise en \u0153uvre de la premi\u00e8re certification du Bac Pro ASSP 2025 : <a href=\"https:\/\/ent2d.ac-bordeaux.fr\/disciplines\/sbssa\/wp-content\/uploads\/sites\/38\/2024\/12\/Visio-BCP-ASSP-10_12_24.pptx\">Visio BCP ASSP 10_12_24<\/a><\/li>\n<li><strong>lettre de rentr\u00e9e 2024 Bac Pro ASSP : <a href=\"https:\/\/ent2d.ac-bordeaux.fr\/disciplines\/sbssa\/wp-content\/uploads\/sites\/38\/2024\/09\/Secteur_sanitaire-et-social_rentree_2024.docx\">Secteur_sanitaire et social_rentr\u00e9e_2024<\/a><\/strong><\/li>\n<li><strong>Rentr\u00e9e 2024 : El\u00e8ves redoublants :<\/strong> communication de l&#8217;inspection g\u00e9n\u00e9rale : le tableau des correspondances d&#8217;\u00e9preuves du BCP ASSP r\u00e9nov\u00e9 avec les deux anciens BCP ASSP options domicile et structure sont pr\u00e9sent\u00e9es dans\u00a0 l&#8217;annexe ci-dessous.\u00a0 Pour faciliter \u00e9galement la lecture du document, nous avons \u00e9galement utilis\u00e9 un code couleur.<br \/>\n<strong>Dans le cadre d\u2019une r\u00e9novation, les \u00e9l\u00e8ves redoublants doivent \u00eatre pr\u00e9par\u00e9s aux nouvelles \u00e9preuves au regard du tableau de correspondances.<\/strong><\/p>\n<ul>\n<li>Tableau de correspondances des \u00e9preuves ou \u00e9quivalences : <a href=\"https:\/\/ent2d.ac-bordeaux.fr\/disciplines\/sbssa\/wp-content\/uploads\/sites\/38\/2024\/08\/correspondances-epreuves-BCP-ASSP.docx\">correspondances epreuves BCP ASSP<\/a><\/li>\n<\/ul>\n<\/li>\n<li><strong>Rentr\u00e9e 2024 : le cahier des charges du contr\u00f4le en cours de formation du BCP ASSP r\u00e9nov\u00e9 mis \u00e0 jour<\/strong> \u00e0 la suite de la publication de l&#8217;Arr\u00eat\u00e9 du 13 juin 2024 qui modifie les dur\u00e9es de PFMP et de certaines d\u00e9finitions d&#8217;\u00e9preuves. Pour faciliter le rep\u00e9rage des ajustements, nous avons laiss\u00e9 en surlign\u00e9 \u00ab\u00a0fluo\u00a0\u00bb \u00a0jaune les informations qui ont \u00e9t\u00e9 modifi\u00e9es.\n<ul>\n<li>cahier des charges mis \u00e0 jour : <a href=\"https:\/\/ent2d.ac-bordeaux.fr\/disciplines\/sbssa\/wp-content\/uploads\/sites\/38\/2024\/08\/CDC_CCF_BAC-PRO-ASSP-V-9_07_2024.docx\">CDC_CCF_BAC PRO ASSP V 9_07_2024<\/a><\/li>\n<\/ul>\n<\/li>\n<\/ul>\n<ul>\n<li><strong>Mai 2024 : trois infographies transmises par l&#8217;inspection g\u00e9n\u00e9rale suite a des travaux men\u00e9s dans l&#8217;Acad\u00e9mie de Versailles, qui pr\u00e9sentent les trois \u00e9preuves du bac pro ASSP. L&#8217;objectif de ces infographies est de promouvoir le bac pro ASSP et de pr\u00e9senter aux professionnels les t\u00e2ches qui peuvent \u00eatre confi\u00e9es \u00e0 nos \u00e9l\u00e8ves.<br \/>\nElles ont \u00e9t\u00e9 con\u00e7ues pour \u00eatre imprim\u00e9es en format A5. Le recto de chaque infographie pr\u00e9cise les modalit\u00e9s d&#8217;\u00e9valuation et l&#8217;objectif des \u00e9preuves, le verso illustre les t\u00e2ches pouvant \u00eatre attribu\u00e9es aux \u00e9l\u00e8ves.\u00a0<\/strong><\/p>\n<ul>\n<li><strong>E31: <a href=\"https:\/\/ent2d.ac-bordeaux.fr\/disciplines\/sbssa\/wp-content\/uploads\/sites\/38\/2024\/05\/E31-BCP-ASSP.pdf\">E31 BCP ASSP<\/a><\/strong><\/li>\n<li><strong>E32 : <a href=\"https:\/\/ent2d.ac-bordeaux.fr\/disciplines\/sbssa\/wp-content\/uploads\/sites\/38\/2024\/05\/E32-BCP-ASSP.pdf\">E32 BCP ASSP<\/a><\/strong><\/li>\n<li><strong>E33 : <a href=\"https:\/\/ent2d.ac-bordeaux.fr\/disciplines\/sbssa\/wp-content\/uploads\/sites\/38\/2024\/05\/E33-BCP-ASSP.pdf\">E33 BCP ASSP<\/a><\/strong><\/li>\n<\/ul>\n<\/li>\n<\/ul>\n<ul>\n<li><strong>Bulletin officiel n\u00b0 11 du 14 mars 2024 :\u00a0Parcours de pr\u00e9paration \u00e0 l\u2019insertion professionnelle et \u00e0 la poursuite d\u2019\u00e9tudes sup\u00e9rieures en classe de terminale de baccalaur\u00e9at professionnel :<\/strong><\/li>\n<li>Parcours sch\u00e9matis\u00e9 : <a href=\"https:\/\/ent2d.ac-bordeaux.fr\/disciplines\/sbssa\/wp-content\/uploads\/sites\/38\/2024\/03\/Doc23.pdf\">Doc23<\/a><\/li>\n<li><strong>\u00a0<a href=\"https:\/\/www.education.gouv.fr\/bo\/2024\/Hebdo11\/MENE2404141N\">https:\/\/www.education.gouv.fr\/bo\/2024\/Hebdo11\/MENE2404141N<\/a><\/strong><a href=\"https:\/\/ent2d.ac-bordeaux.fr\/disciplines\/sbssa\/wp-content\/uploads\/sites\/38\/2024\/03\/Doc23.pdf\">Doc23<\/a><\/li>\n<li><strong>Poursuite d&#8217;\u00e9tudes pour les titulaires du Bac Pro ASSP 2022 :<\/strong> comp\u00e9tences et connaissances a maitriser pour aller en \u00e9cole d&#8217;aide-soignant et suivre un cursus de formation partiel : <a href=\"https:\/\/ent2d.ac-bordeaux.fr\/disciplines\/sbssa\/wp-content\/uploads\/sites\/38\/2024\/03\/Travail-Formation-ASSP-Aide-soignante_mars_2024.docx\">Travail Formation ASSP &#8211; Aide-soignante_mars_2024<\/a><\/li>\n<li><strong>Mars 2024 : r\u00e9partition possible des moyens suite a la publication de la nouvelle grille horaire en Bac Pro : <a href=\"https:\/\/ent2d.ac-bordeaux.fr\/disciplines\/sbssa\/wp-content\/uploads\/sites\/38\/2024\/03\/Bac-Pro-ASSP-Repartition-horaire-rentree-2024.pdf\">Bac Pro ASSP R\u00e9partition horaire rentr\u00e9e 2024<\/a><\/strong><\/li>\n<li><strong>Mars 2024 : R\u00e9unions acad\u00e9miques :<\/strong> propositions d&#8217;un sujet 0 \u00e9preuve E2 (\u00e0 finaliser) : <a href=\"https:\/\/ent2d.ac-bordeaux.fr\/disciplines\/sbssa\/wp-content\/uploads\/sites\/38\/2024\/03\/Sujet-E2_2024.docx\">Sujet E2_2024<\/a><\/li>\n<li><strong>Mars 2024 : R\u00e9unions acad\u00e9miques : mise en \u0153uvre du CCF en Bac Pro ASSP :<\/strong>\n<ul>\n<li><span style=\"text-decoration: underline\">Supports possibles pour accompagner les \u00e9l\u00e8ves :<\/span><\/li>\n<\/ul>\n<\/li>\n<li>E32 : activit\u00e9s \u00e0 r\u00e9aliser en PFMP : aide m\u00e9moire pour l&#8217;\u00e9l\u00e8ve et les tuteurs : <a href=\"https:\/\/ent2d.ac-bordeaux.fr\/disciplines\/sbssa\/wp-content\/uploads\/sites\/38\/2024\/03\/Fiche-objectifs-E32_V40.docx\">Fiche objectifs E32_V40<\/a><\/li>\n<li>E32 : pr\u00e9paration de l&#8217;oral pour la d\u00e9marche de soins : <a href=\"https:\/\/ent2d.ac-bordeaux.fr\/disciplines\/sbssa\/wp-content\/uploads\/sites\/38\/2024\/03\/Support-raisonnement-clinique-15-02-2024-ORTHEZ.odt\">Support-raisonnement-clinique 15-02-2024 &#8211; ORTHEZ<\/a><\/li>\n<li>E32 : questions possibles pour \u00e9valuer les savoirs associ\u00e9s suite \u00e0 la pr\u00e9sentation de la d\u00e9marche de soins : <a href=\"https:\/\/ent2d.ac-bordeaux.fr\/disciplines\/sbssa\/wp-content\/uploads\/sites\/38\/2024\/03\/Guide-question-E32-choisi-en-fonction-de-la-demarche-clinique-et-demarche-de-soins-presentee.docx\">Guide question E32 choisi en fonction de la d\u00e9marche clinique et d\u00e9marche de soins pr\u00e9sent\u00e9e<\/a><\/li>\n<li>E33 : activit\u00e9s \u00e0 r\u00e9aliser en PFMP : aide m\u00e9moire de l&#8217;\u00e9l\u00e8ve et du tuteur : <a href=\"https:\/\/ent2d.ac-bordeaux.fr\/disciplines\/sbssa\/wp-content\/uploads\/sites\/38\/2024\/03\/Travail-dequipe-sur-E33-en-Lot-et-Garonne_V40.ods\">Travail d&#8217;\u00e9quipe sur E33 en Lot-et-Garonne_V40<\/a><\/li>\n<li>E33 : support d&#8217;aide \u00e0 la r\u00e9alisation du dossier : proposition finalis\u00e9e :<a href=\"https:\/\/ent2d.ac-bordeaux.fr\/disciplines\/sbssa\/wp-content\/uploads\/sites\/38\/2024\/03\/TRAME-ELABORATION-DOSSIER-E33-version-du-15-mars-2024.pdf\">TRAME ELABORATION DOSSIER E33 &#8211; version du 15 mars 2024<\/a><\/li>\n<li>E33 : questions possibles suite \u00e0 la lecture du dossier : <a href=\"https:\/\/ent2d.ac-bordeaux.fr\/disciplines\/sbssa\/wp-content\/uploads\/sites\/38\/2024\/03\/REPERTOIRE-DE-QUESTIONS-EPREUVE-E33-bordeaux-mars-2024.docx\">REPERTOIRE DE QUESTIONS EPREUVE E33 bordeaux mars 2024<\/a><\/li>\n<li><b>F\u00e9vrier 2024 :\u00a0 nouvelle version des grilles d&#8217;\u00e9valuation sous format num\u00e9rique avec des conseils pour leur utilisation\u00a0 : <\/b><b><a href=\"https:\/\/ent2d.ac-bordeaux.fr\/disciplines\/sbssa\/wp-content\/uploads\/sites\/38\/2024\/01\/Grilles-CCF-BCP-ASSP-V-26_01_24-1.xlsx\">Grilles CCF BCP ASSP V 26_01_24 (1)<\/a> :<\/b><\/li>\n<li><b>Janvier 2024 : version finale du cahier des charges du CCF :<\/b>\n<ul>\n<li>le cahier des charges du CCF : <a href=\"https:\/\/ent2d.ac-bordeaux.fr\/disciplines\/sbssa\/wp-content\/uploads\/sites\/38\/2024\/01\/CDC_CCF_BAC-PRO-ASSP-V-20-12-2023-1.docx\">CDC_CCF_BAC PRO ASSP V 20 12 2023-1<\/a><\/li>\n<\/ul>\n<\/li>\n<\/ul>\n<ul style=\"list-style-type: disc\">\n<li>Rentr\u00e9e septembre 2023 : convention type pour les PFMP et ses annexes : <a href=\"https:\/\/ent2d.ac-bordeaux.fr\/disciplines\/sbssa\/wp-content\/uploads\/sites\/38\/2023\/09\/fiche_convention-type-menj-pfmp-et-annexes_version-sept23.docx\">fiche_convention-type-menj-pfmp-et-annexes_version-sept23<\/a><\/li>\n<li><strong>Avril 2023 accompagnement des \u00e9quipes du Bac Pro ASSP : supports de pr\u00e9sentation et productions acad\u00e9miques :<\/strong><\/li>\n<li>Le tableau des modules d&#8217;aide soignant : <a href=\"https:\/\/ent2d.ac-bordeaux.fr\/disciplines\/sbssa\/wp-content\/uploads\/sites\/38\/2023\/04\/10-Juin-2021-VF-annexe-VII-Equivalences-BAC-PRO-ASSP-vers-DEAS-2021-1.pdf\">10 Juin 2021 &#8211; VF annexe VII &#8211; Equivalences BAC PRO ASSP vers DEAS 2021 (1)<\/a><\/li>\n<li>Pr\u00e9sentation du dipl\u00f4me d&#8217;aide soignant aux tuteurs : <a href=\"https:\/\/ent2d.ac-bordeaux.fr\/disciplines\/sbssa\/wp-content\/uploads\/sites\/38\/2023\/04\/Nouveau-referentiel-aide-soignant-2021-1.pdf\">Nouveau r\u00e9f\u00e9rentiel aide-soignant 2021 (1)<\/a><\/li>\n<li>Les situations de travail : <a href=\"https:\/\/ent2d.ac-bordeaux.fr\/disciplines\/sbssa\/wp-content\/uploads\/sites\/38\/2023\/04\/Intervention-AL-ULMANN-9-mars-2023.pdf\">Intervention AL ULMANN 9 mars 2023<\/a><\/li>\n<li>L&#8217;\u00e9valuation du chef d&#8217;\u0153uvre en Bac Pro : <a href=\"https:\/\/ent2d.ac-bordeaux.fr\/disciplines\/sbssa\/wp-content\/uploads\/sites\/38\/2023\/04\/Courrier-enseignants-e\u0301valuation-DRCO-en-BAC-PRO.pdf\">Courrier enseignants e\u0301valuation DRCO en BAC PRO<\/a><\/li>\n<li>Les \u00e9preuves de certification :\n<ul style=\"list-style-type: disc\">\n<li>Calendrier possible selon les PFMP : <a href=\"https:\/\/ent2d.ac-bordeaux.fr\/disciplines\/sbssa\/wp-content\/uploads\/sites\/38\/2023\/06\/Calendrier_CCF_PFMP_BacProASSP_session2025.docx\">Calendrier_CCF_PFMP_BacProASSP_session2025<\/a><\/li>\n<li>Proposition d&#8217;une trame pour l&#8217;\u00e9preuve U31 : <a href=\"https:\/\/ent2d.ac-bordeaux.fr\/disciplines\/sbssa\/wp-content\/uploads\/sites\/38\/2023\/04\/E31-BORDEAUX-6-avril-2023.docx\">E31 BORDEAUX 6 avril 2023<\/a><\/li>\n<li>Propositions de trames pour la mise en \u0153uvre de la d\u00e9marche de soins pour l&#8217;\u00e9preuve U32 : <a href=\"https:\/\/ent2d.ac-bordeaux.fr\/disciplines\/sbssa\/wp-content\/uploads\/sites\/38\/2023\/06\/Synthese-support-raisonnement-clinique_BACPROASSP_session2025.odt\">Synth\u00e8se support raisonnement clinique_BACPROASSP_session2025<\/a><\/li>\n<li><a href=\"https:\/\/ent2d.ac-bordeaux.fr\/disciplines\/sbssa\/wp-content\/uploads\/sites\/38\/2023\/06\/RAISONNEMENT-CLINIQUE-copie.pdf\">RAISONNEMENT CLINIQUE copie<\/a><\/li>\n<\/ul>\n<\/li>\n<\/ul>\n<ul style=\"list-style-type: disc\">\n<li>Avril 2022 : recommandations pour la r\u00e9partition des moyens : <a href=\"https:\/\/ent2d.ac-bordeaux.fr\/disciplines\/sbssa\/wp-content\/uploads\/sites\/38\/2022\/04\/Lettre-2-21-22.pdf\">Lettre 2 21-22<\/a><\/li>\n<li>R\u00e9f\u00e9rentiel du nouveau Bac pro &#8220;ASSP&#8221; publi\u00e9 le 4 mars 2022 <a href=\"https:\/\/www.legifrance.gouv.fr\/jorf\/id\/JORFTEXT000045294343\">https:\/\/www.legifrance.gouv.fr\/jorf\/id\/JORFTEXT000045294343<\/a><\/li>\n<li>Pr\u00e9sentation du Bac Pro ASSP : <a href=\"https:\/\/ent2d.ac-bordeaux.fr\/disciplines\/sbssa\/wp-content\/uploads\/sites\/38\/2022\/03\/Pre\u0301sentation-BAC-PRO-ASSP-PNF-.pdf\">Pre\u0301sentation BAC PRO ASSP PNF<\/a><\/li>\n<li>Juin 2022 : Publication du guide d&#8217;accompagnement p\u00e9dagogique : <a href=\"https:\/\/ent2d.ac-bordeaux.fr\/disciplines\/sbssa\/wp-content\/uploads\/sites\/38\/2022\/06\/Guide-daccompagnement-pe\u0301dagogique-BCP-ASSP-2022.pdf\">Guide daccompagnement pe\u0301dagogique-BCP ASSP 2022<\/a><\/li>\n<li><strong>Formations acad\u00e9miques novembre 2022 :<\/strong><\/li>\n<li>Des r\u00e9ponses aux questions pos\u00e9es par les \u00e9quipes par le groupe de pilotage national :\u00a0<a href=\"https:\/\/ent2d.ac-bordeaux.fr\/disciplines\/sbssa\/wp-content\/uploads\/sites\/38\/2022\/11\/Precisions-apportees-par-le-groupe-de-pilotage-national-implique-dans-l.docx\">Pr\u00e9cisions apport\u00e9es par le groupe de pilotage national impliqu\u00e9 dans l<\/a><\/li>\n<li>Ajustement du livret de suivi des PFMP : <a href=\"https:\/\/ent2d.ac-bordeaux.fr\/disciplines\/sbssa\/wp-content\/uploads\/sites\/38\/2022\/11\/livret_de_suivi_des_pfmp_-_bac_pro_assp_bordeaux.doc\">livret_de_suivi_des_pfmp_-_bac_pro_assp_bordeaux<\/a><\/li>\n<li>Document propos\u00e9 par l&#8217;acad\u00e9mie d&#8217;Aix-Marseille : suivi de l&#8217;acquisition des comp\u00e9tences pour compl\u00e9ter le LSL en fin de premi\u00e8re et en terminale : <a href=\"https:\/\/ent2d.ac-bordeaux.fr\/disciplines\/sbssa\/wp-content\/uploads\/sites\/38\/2022\/11\/1-SYNTHESE-Indicateurs-de-reussite-BCP-ASSP-renove-2022.xlsx\">1 SYNTHESE Indicateurs de reussite BCP ASSP renove 2022<\/a><\/li>\n<li>Recommandations en mati\u00e8re de vaccinations pour les dipl\u00f4mes du secteur sanitaire et social propos\u00e9es par l&#8217;acad\u00e9mie de Grenoble : <a href=\"https:\/\/ent2d.ac-bordeaux.fr\/disciplines\/sbssa\/wp-content\/uploads\/sites\/38\/2022\/11\/Recommandations-vaccinales-2022.pdf\">Recommandations vaccinales 2022<\/a><\/li>\n<li>Proposition d&#8217;exemples d&#8217;organisations p\u00e9dagogiques<\/li>\n<li>Lyc\u00e9e d&#8217;Orthez : <a href=\"https:\/\/ent2d.ac-bordeaux.fr\/disciplines\/sbssa\/wp-content\/uploads\/sites\/38\/2022\/11\/Progression-2nde.pdf\">Progression 2nde<\/a><\/li>\n<li>Lyc\u00e9e de Bazas : <a href=\"https:\/\/ent2d.ac-bordeaux.fr\/disciplines\/sbssa\/wp-content\/uploads\/sites\/38\/2022\/11\/Progression-2ASSP-reforme-2022-Bazas.docx\">Progression 2ASSP r\u00e9forme 2022 Bazas<\/a><\/li>\n<li>Lyc\u00e9e de Bergerac : <a href=\"https:\/\/ent2d.ac-bordeaux.fr\/disciplines\/sbssa\/wp-content\/uploads\/sites\/38\/2022\/11\/PROGRESSION_seconde_bac_pro_ASSP_2022-actualise\u0301.docx\">PROGRESSION_seconde_bac_pro_ASSP_2022 actualise\u0301<\/a><\/li>\n<\/ul>\n<\/td>\n<\/tr>\n<tr style=\"height: 241.885px\">\n<td style=\"height: 241.885px\">\n<p style=\"text-align: center\"><strong>Plan national de formation mise en \u0153uvre du BAC PRO ASSP 2022 : <\/strong><\/p>\n<p>Supports de pr\u00e9sentation : contexte de la r\u00e9novation, nouvelles formations : AS et AP. Enjeux de la formation en EHPAD. Pr\u00e9sentation du r\u00e9f\u00e9rentiel de formation :<\/p>\n<p><a href=\"https:\/\/ent2d.ac-bordeaux.fr\/disciplines\/sbssa\/wp-content\/uploads\/sites\/38\/2022\/03\/PNF-Bac-pro-ASSP-29-mars-2022.pdf\">PNF Bac pro ASSP 29 mars 2022<\/a><\/p>\n<p>Supports de pr\u00e9sentation : Dossier informatis\u00e9 du patient. Situation professionnelle\/situation de travail :<\/p>\n<p><a href=\"https:\/\/ent2d.ac-bordeaux.fr\/disciplines\/sbssa\/wp-content\/uploads\/sites\/38\/2022\/04\/PDF-PNF-ASSP-J2.pdf\">PDF PNF ASSP J2<\/a><\/p>\n<p>Supports de pr\u00e9sentation des diff\u00e9rents blocs :<\/p>\n<p>Bloc 1 : <a href=\"https:\/\/ent2d.ac-bordeaux.fr\/disciplines\/sbssa\/wp-content\/uploads\/sites\/38\/2022\/04\/Presentation-BLOC-1-atelier-du-31-mars-2022.pdf\">Presentation BLOC 1 atelier du 31 mars 2022<\/a><\/p>\n<p>Bloc 2 : <a href=\"https:\/\/ent2d.ac-bordeaux.fr\/disciplines\/sbssa\/wp-content\/uploads\/sites\/38\/2022\/04\/Pre\u0301sentation-BLOC-2-31-3.pdf\">Pre\u0301sentation BLOC 2 31-3<\/a><\/p>\n<p>Bloc 3 : <a href=\"https:\/\/ent2d.ac-bordeaux.fr\/disciplines\/sbssa\/wp-content\/uploads\/sites\/38\/2022\/04\/Pre\u0301sentation-BLOC-3-VF.pdf\">Pre\u0301sentation BLOC 3 VF<\/a><\/p>\n<p>Bloc 4 : <a href=\"https:\/\/ent2d.ac-bordeaux.fr\/disciplines\/sbssa\/wp-content\/uploads\/sites\/38\/2022\/04\/Presentation-BLOC-4-Version-31-mars.pdf\">Pr\u00e9sentation BLOC 4 Version 31 mars<\/a><\/p>\n<p>PNF du 11 mai 2022 : ressources pour le raisonnement clinique et la d\u00e9marche de soins :<\/p>\n<p><a href=\"https:\/\/ent2d.ac-bordeaux.fr\/disciplines\/sbssa\/wp-content\/uploads\/sites\/38\/2022\/05\/Ressources-sur-le-raisonnement-clinique-pour-la-classe-virtuelle-n\u00b03-20220513.zip\">Ressources sur le raisonnement clinique pour la classe virtuelle n\u00b03-20220513<\/a><\/p>\n<p>PNF du 13 mai 2022 : lien entre la formation PRAP 2S et le r\u00e9f\u00e9rentiel du bac pro, nouveau module\u00a0 : Accompagner la mobilit\u00e9 de la personne aid\u00e9e en prenant soin de l\u2019autre et de soi (ALM)<\/p>\n<p><a href=\"https:\/\/ent2d.ac-bordeaux.fr\/disciplines\/sbssa\/wp-content\/uploads\/sites\/38\/2022\/05\/Presentation-PNF-ALM-13-mai-2022.pptx\">Pr\u00e9sentation PNF ALM &#8211; 13 mai 2022<\/a><\/p>\n<p>FAQ du 26 mai 2022 : les questions et les r\u00e9ponses suite au PNF :<\/p>\n<p><a href=\"https:\/\/ent2d.ac-bordeaux.fr\/disciplines\/sbssa\/wp-content\/uploads\/sites\/38\/2022\/05\/FAQ-Bac-pro-ASSP-2022.pdf\">FAQ Bac pro ASSP 2022<\/a><\/td>\n<\/tr>\n<tr style=\"height: 151px\">\n<td style=\"height: 151px\"><\/td>\n<\/tr>\n<tr style=\"height: 1128px\">\n<td style=\"height: 1128px\"><\/td>\n<\/tr>\n<tr style=\"height: 364px\">\n<td style=\"height: 364px\"><\/td>\n<\/tr>\n<tr style=\"height: 24px\">\n<td style=\"height: 24px\"><\/td>\n<\/tr>\n<\/tbody>\n<\/table>\n<p><!--more--><\/p>\n<p><!--more--><\/p>\n<p><!--more--><\/p>\n","protected":false},"excerpt":{"rendered":"<p>BAC Pro ASSP 2022 Janvier 2026 : Arr\u00eat\u00e9 du 5 d\u00e9cembre 2025 modifiant certaines modalit\u00e9s d\u2019organisation des formations d\u2019aide-soignant et<\/p>\n","protected":false},"author":171,"featured_media":0,"parent":0,"menu_order":0,"comment_status":"closed","ping_status":"closed","template":"","meta":{"footnotes":""},"class_list":["post-685","page","type-page","status-publish","hentry"],"_links":{"self":[{"href":"https:\/\/ent2d.ac-bordeaux.fr\/disciplines\/sbssa\/wp-json\/wp\/v2\/pages\/685","targetHints":{"allow":["GET"]}}],"collection":[{"href":"https:\/\/ent2d.ac-bordeaux.fr\/disciplines\/sbssa\/wp-json\/wp\/v2\/pages"}],"about":[{"href":"https:\/\/ent2d.ac-bordeaux.fr\/disciplines\/sbssa\/wp-json\/wp\/v2\/types\/page"}],"author":[{"embeddable":true,"href":"https:\/\/ent2d.ac-bordeaux.fr\/disciplines\/sbssa\/wp-json\/wp\/v2\/users\/171"}],"replies":[{"embeddable":true,"href":"https:\/\/ent2d.ac-bordeaux.fr\/disciplines\/sbssa\/wp-json\/wp\/v2\/comments?post=685"}],"version-history":[{"count":65,"href":"https:\/\/ent2d.ac-bordeaux.fr\/disciplines\/sbssa\/wp-json\/wp\/v2\/pages\/685\/revisions"}],"predecessor-version":[{"id":3366,"href":"https:\/\/ent2d.ac-bordeaux.fr\/disciplines\/sbssa\/wp-json\/wp\/v2\/pages\/685\/revisions\/3366"}],"wp:attachment":[{"href":"https:\/\/ent2d.ac-bordeaux.fr\/disciplines\/sbssa\/wp-json\/wp\/v2\/media?parent=685"}],"curies":[{"name":"wp","href":"https:\/\/api.w.org\/{rel}","templated":true}]}}