{"id":646,"date":"2017-11-22T17:20:36","date_gmt":"2017-11-22T16:20:36","guid":{"rendered":"https:\/\/ent2d.ac-bordeaux.fr\/disciplines\/sbssa\/?page_id=646"},"modified":"2017-11-22T17:20:36","modified_gmt":"2017-11-22T16:20:36","slug":"ressources-documentaires","status":"publish","type":"page","link":"https:\/\/ent2d.ac-bordeaux.fr\/disciplines\/sbssa\/ressources-documentaires\/","title":{"rendered":"RESSOURCES DOCUMENTAIRES"},"content":{"rendered":"<p>&#8211; Produits cosm\u00e9tiques: Les fiches des produits toxiques \u00e0 \u00e9viter (site Que Choisir) <a href=\"https:\/\/www.quechoisir.org\/decryptage-produits-cosmetiques-les-fiches-des-molecules-toxiques-a-eviter-n2019\/?utm_source=shorturlqcm&amp;utm_medium=shorturl&amp;utm_campaign=shorturlqcmmolecule556p45\" target=\"_blank\" rel=\"noopener\"><img loading=\"lazy\" decoding=\"async\" class=\"alignnone  wp-image-522\" src=\"https:\/\/ent2d.ac-bordeaux.fr\/disciplines\/sbssa\/wp-content\/uploads\/sites\/38\/2017\/10\/icone-actualite-2.png\" alt=\"\" width=\"36\" height=\"36\" \/><\/a><\/p>\n","protected":false},"excerpt":{"rendered":"<p>&#8211; Produits cosm\u00e9tiques: Les fiches des produits toxiques \u00e0 \u00e9viter (site Que Choisir)<\/p>\n","protected":false},"author":171,"featured_media":0,"parent":0,"menu_order":0,"comment_status":"closed","ping_status":"closed","template":"","meta":{"footnotes":""},"class_list":["post-646","page","type-page","status-publish","hentry"],"_links":{"self":[{"href":"https:\/\/ent2d.ac-bordeaux.fr\/disciplines\/sbssa\/wp-json\/wp\/v2\/pages\/646","targetHints":{"allow":["GET"]}}],"collection":[{"href":"https:\/\/ent2d.ac-bordeaux.fr\/disciplines\/sbssa\/wp-json\/wp\/v2\/pages"}],"about":[{"href":"https:\/\/ent2d.ac-bordeaux.fr\/disciplines\/sbssa\/wp-json\/wp\/v2\/types\/page"}],"author":[{"embeddable":true,"href":"https:\/\/ent2d.ac-bordeaux.fr\/disciplines\/sbssa\/wp-json\/wp\/v2\/users\/171"}],"replies":[{"embeddable":true,"href":"https:\/\/ent2d.ac-bordeaux.fr\/disciplines\/sbssa\/wp-json\/wp\/v2\/comments?post=646"}],"version-history":[{"count":1,"href":"https:\/\/ent2d.ac-bordeaux.fr\/disciplines\/sbssa\/wp-json\/wp\/v2\/pages\/646\/revisions"}],"predecessor-version":[{"id":647,"href":"https:\/\/ent2d.ac-bordeaux.fr\/disciplines\/sbssa\/wp-json\/wp\/v2\/pages\/646\/revisions\/647"}],"wp:attachment":[{"href":"https:\/\/ent2d.ac-bordeaux.fr\/disciplines\/sbssa\/wp-json\/wp\/v2\/media?parent=646"}],"curies":[{"name":"wp","href":"https:\/\/api.w.org\/{rel}","templated":true}]}}