{"id":593,"date":"2017-10-27T16:18:21","date_gmt":"2017-10-27T14:18:21","guid":{"rendered":"https:\/\/ent2d.ac-bordeaux.fr\/disciplines\/sbssa\/?page_id=593"},"modified":"2020-02-19T15:55:07","modified_gmt":"2020-02-19T14:55:07","slug":"cap-ecp","status":"publish","type":"page","link":"https:\/\/ent2d.ac-bordeaux.fr\/disciplines\/sbssa\/cap-ecp\/","title":{"rendered":"CAP ECP"},"content":{"rendered":"<table border=\"4\" width=\"800\">\n<tbody>\n<tr>\n<td><img loading=\"lazy\" decoding=\"async\" class=\"wp-image-515 aligncenter\" src=\"https:\/\/ent2d.ac-bordeaux.fr\/disciplines\/sbssa\/wp-content\/uploads\/sites\/38\/2017\/10\/EDUCATION-NATIONALE-300x143.png\" alt=\"\" width=\"139\" height=\"66\" srcset=\"https:\/\/ent2d.ac-bordeaux.fr\/disciplines\/sbssa\/wp-content\/uploads\/sites\/38\/2017\/10\/EDUCATION-NATIONALE-300x143.png 300w, https:\/\/ent2d.ac-bordeaux.fr\/disciplines\/sbssa\/wp-content\/uploads\/sites\/38\/2017\/10\/EDUCATION-NATIONALE.png 325w\" sizes=\"auto, (max-width: 139px) 100vw, 139px\" \/><\/p>\n<ul>\n<li>Nouveau r\u00e9f\u00e9rentiel CAP ECP\u00a0 2018 <a href=\"https:\/\/ent2d.ac-bordeaux.fr\/disciplines\/sbssa\/wp-content\/uploads\/sites\/38\/2018\/09\/referentiel-cap-ecp-2018.pdf\" target=\"_blank\" rel=\"noopener noreferrer\"><img loading=\"lazy\" decoding=\"async\" class=\"alignnone size-full wp-image-553\" src=\"https:\/\/ent2d.ac-bordeaux.fr\/disciplines\/sbssa\/wp-content\/uploads\/sites\/38\/2017\/10\/acroread-e1508948545962.png\" alt=\"\" width=\"35\" height=\"35\" \/><\/a><\/li>\n<\/ul>\n<\/td>\n<\/tr>\n<tr>\n<td><img loading=\"lazy\" decoding=\"async\" class=\"wp-image-514 aligncenter\" src=\"https:\/\/ent2d.ac-bordeaux.fr\/disciplines\/sbssa\/wp-content\/uploads\/sites\/38\/2017\/10\/BO-300x109.png\" alt=\"\" width=\"108\" height=\"39\" srcset=\"https:\/\/ent2d.ac-bordeaux.fr\/disciplines\/sbssa\/wp-content\/uploads\/sites\/38\/2017\/10\/BO-300x109.png 300w, https:\/\/ent2d.ac-bordeaux.fr\/disciplines\/sbssa\/wp-content\/uploads\/sites\/38\/2017\/10\/BO.png 370w\" sizes=\"auto, (max-width: 108px) 100vw, 108px\" \/><\/p>\n<ul>\n<li>Arr\u00eat\u00e9 du 31\/03\/2015 &#8211; BO du 31\/03\/2015: modification du CAP ECP <a href=\"http:\/\/www.education.gouv.fr\/pid25535\/bulletin_officiel.html?cid_bo=88458\" target=\"_blank\" rel=\"noopener noreferrer\"><img loading=\"lazy\" decoding=\"async\" class=\"alignnone wp-image-522\" src=\"https:\/\/ent2d.ac-bordeaux.fr\/disciplines\/sbssa\/wp-content\/uploads\/sites\/38\/2017\/10\/icone-actualite-2.png\" alt=\"\" width=\"35\" height=\"35\" \/><\/a><\/li>\n<li>BO n\u00b022 du 29\/05\/2008: CAP ECP &#8220;d\u00e9finition et conditions de d\u00e9livrance&#8221; <a href=\"http:\/\/www.education.gouv.fr\/bo\/2008\/22\/MENE0810296A.htm\" target=\"_blank\" rel=\"noopener noreferrer\"><img loading=\"lazy\" decoding=\"async\" class=\"alignnone wp-image-522\" src=\"https:\/\/ent2d.ac-bordeaux.fr\/disciplines\/sbssa\/wp-content\/uploads\/sites\/38\/2017\/10\/icone-actualite-2.png\" alt=\"\" width=\"36\" height=\"36\" \/><\/a><\/li>\n<\/ul>\n<\/td>\n<\/tr>\n<tr>\n<td><img loading=\"lazy\" decoding=\"async\" class=\"wp-image-516 aligncenter\" src=\"https:\/\/ent2d.ac-bordeaux.fr\/disciplines\/sbssa\/wp-content\/uploads\/sites\/38\/2017\/10\/RECTORAT-BORDEAUX.png\" alt=\"\" width=\"108\" height=\"58\" \/><\/p>\n<ul>\n<li>CAP ECP: grille CCF EP1-EP2-EP3 2020 \u00a0\u00a0 <a href=\"https:\/\/ent2d.ac-bordeaux.fr\/disciplines\/sbssa\/wp-content\/uploads\/sites\/38\/2020\/02\/Copie-de-grille-cap-ecp.xlsx\" target=\"_blank\" rel=\"noopener noreferrer\"><img loading=\"lazy\" decoding=\"async\" class=\"wp-image-1453 alignnone\" src=\"https:\/\/ent2d.ac-bordeaux.fr\/disciplines\/sbssa\/wp-content\/uploads\/sites\/38\/2018\/09\/EXCEL-2.jpg\" alt=\"\" width=\"30\" height=\"30\" \/><\/a><\/li>\n<li>CAP ECP: grille CCF EP1 2019\u00a0 <a href=\"https:\/\/ent2d.ac-bordeaux.fr\/disciplines\/sbssa\/wp-content\/uploads\/sites\/38\/2019\/11\/EP1-grille-CCF-new-CAP-JUIN-2019.pdf\" target=\"_blank\" rel=\"noopener noreferrer\"><img loading=\"lazy\" decoding=\"async\" class=\"wp-image-1462 alignnone\" src=\"https:\/\/ent2d.ac-bordeaux.fr\/disciplines\/sbssa\/wp-content\/uploads\/sites\/38\/2018\/09\/PDF.jpg\" alt=\"\" width=\"30\" height=\"30\" srcset=\"https:\/\/ent2d.ac-bordeaux.fr\/disciplines\/sbssa\/wp-content\/uploads\/sites\/38\/2018\/09\/PDF.jpg 225w, https:\/\/ent2d.ac-bordeaux.fr\/disciplines\/sbssa\/wp-content\/uploads\/sites\/38\/2018\/09\/PDF-150x150.jpg 150w\" sizes=\"auto, (max-width: 30px) 100vw, 30px\" \/><\/a><\/li>\n<li>CAP ECP: grille CCF EP2 2019\u00a0 <a href=\"https:\/\/ent2d.ac-bordeaux.fr\/disciplines\/sbssa\/wp-content\/uploads\/sites\/38\/2019\/11\/EP2-grille-CCF-new-CAP-JUIN-2019.pdf\" target=\"_blank\" rel=\"noopener noreferrer\"><img loading=\"lazy\" decoding=\"async\" class=\"wp-image-1462 alignnone\" src=\"https:\/\/ent2d.ac-bordeaux.fr\/disciplines\/sbssa\/wp-content\/uploads\/sites\/38\/2018\/09\/PDF.jpg\" alt=\"\" width=\"30\" height=\"30\" srcset=\"https:\/\/ent2d.ac-bordeaux.fr\/disciplines\/sbssa\/wp-content\/uploads\/sites\/38\/2018\/09\/PDF.jpg 225w, https:\/\/ent2d.ac-bordeaux.fr\/disciplines\/sbssa\/wp-content\/uploads\/sites\/38\/2018\/09\/PDF-150x150.jpg 150w\" sizes=\"auto, (max-width: 30px) 100vw, 30px\" \/><\/a><\/li>\n<li>CAP ECP: grille CCF EP3 2019\u00a0 <a href=\"https:\/\/ent2d.ac-bordeaux.fr\/disciplines\/sbssa\/wp-content\/uploads\/sites\/38\/2019\/11\/EP3-grille-CCF-new-CAP-JUIN-2019.pdf\" target=\"_blank\" rel=\"noopener noreferrer\"><img loading=\"lazy\" decoding=\"async\" class=\"wp-image-1462 alignnone\" src=\"https:\/\/ent2d.ac-bordeaux.fr\/disciplines\/sbssa\/wp-content\/uploads\/sites\/38\/2018\/09\/PDF.jpg\" alt=\"\" width=\"30\" height=\"30\" srcset=\"https:\/\/ent2d.ac-bordeaux.fr\/disciplines\/sbssa\/wp-content\/uploads\/sites\/38\/2018\/09\/PDF.jpg 225w, https:\/\/ent2d.ac-bordeaux.fr\/disciplines\/sbssa\/wp-content\/uploads\/sites\/38\/2018\/09\/PDF-150x150.jpg 150w\" sizes=\"auto, (max-width: 30px) 100vw, 30px\" \/><\/a><\/li>\n<li>M\u00e9mento 2019 CAP ECP\u00a0 <a href=\"https:\/\/ent2d.ac-bordeaux.fr\/disciplines\/sbssa\/wp-content\/uploads\/sites\/38\/2019\/11\/MEMENTO-CAP-ECP.pdf\" target=\"_blank\" rel=\"noopener noreferrer\"><img loading=\"lazy\" decoding=\"async\" class=\"wp-image-1462 alignnone\" src=\"https:\/\/ent2d.ac-bordeaux.fr\/disciplines\/sbssa\/wp-content\/uploads\/sites\/38\/2018\/09\/PDF.jpg\" alt=\"\" width=\"30\" height=\"30\" srcset=\"https:\/\/ent2d.ac-bordeaux.fr\/disciplines\/sbssa\/wp-content\/uploads\/sites\/38\/2018\/09\/PDF.jpg 225w, https:\/\/ent2d.ac-bordeaux.fr\/disciplines\/sbssa\/wp-content\/uploads\/sites\/38\/2018\/09\/PDF-150x150.jpg 150w\" sizes=\"auto, (max-width: 30px) 100vw, 30px\" \/><\/a><\/li>\n<li>le livret de suivi de PFMP nouveau CAP esth\u00e9tique (attention : concerne les CAP seuls &#8211; les pages 7 et 8 et les pages 9 et 10 doivent \u00eatre en vis \u00e0 vis)\u00a0\u00a0\u00a0\u00a0\u00a0\u00a0 <a href=\"https:\/\/ent2d.ac-bordeaux.fr\/disciplines\/sbssa\/wp-content\/uploads\/sites\/38\/2018\/10\/Livret-PFMP-new-CAP-ECP-REVU.pdf\" target=\"_blank\" rel=\"noopener noreferrer\"><img loading=\"lazy\" decoding=\"async\" class=\"wp-image-1462 alignnone\" src=\"https:\/\/ent2d.ac-bordeaux.fr\/disciplines\/sbssa\/wp-content\/uploads\/sites\/38\/2018\/09\/PDF.jpg\" alt=\"\" width=\"30\" height=\"30\" srcset=\"https:\/\/ent2d.ac-bordeaux.fr\/disciplines\/sbssa\/wp-content\/uploads\/sites\/38\/2018\/09\/PDF.jpg 225w, https:\/\/ent2d.ac-bordeaux.fr\/disciplines\/sbssa\/wp-content\/uploads\/sites\/38\/2018\/09\/PDF-150x150.jpg 150w\" sizes=\"auto, (max-width: 30px) 100vw, 30px\" \/><\/a>\u00a0\u00a0\u00a0\u00a0\u00a0\u00a0 <a href=\"https:\/\/ent2d.ac-bordeaux.fr\/disciplines\/sbssa\/wp-content\/uploads\/sites\/38\/2018\/10\/Livret-PFMP-new-CAP-ECP-REVU.docx\" target=\"_blank\" rel=\"noopener noreferrer\"><img loading=\"lazy\" decoding=\"async\" class=\"wp-image-1473 alignnone\" src=\"https:\/\/ent2d.ac-bordeaux.fr\/disciplines\/sbssa\/wp-content\/uploads\/sites\/38\/2018\/09\/WORD-3.jpg\" alt=\"\" width=\"29\" height=\"29\" srcset=\"https:\/\/ent2d.ac-bordeaux.fr\/disciplines\/sbssa\/wp-content\/uploads\/sites\/38\/2018\/09\/WORD-3.jpg 204w, https:\/\/ent2d.ac-bordeaux.fr\/disciplines\/sbssa\/wp-content\/uploads\/sites\/38\/2018\/09\/WORD-3-150x150.jpg 150w\" sizes=\"auto, (max-width: 29px) 100vw, 29px\" \/><\/a><\/li>\n<li>M\u00e9mento 2016 CAP ECP: <a href=\"https:\/\/ent2d.ac-bordeaux.fr\/disciplines\/sbssa\/wp-content\/uploads\/sites\/38\/2017\/10\/CAP_ECP_memento_CCF_2016.doc\" target=\"_blank\" rel=\"noopener noreferrer\"><img loading=\"lazy\" decoding=\"async\" class=\"alignnone size-full wp-image-230\" src=\"https:\/\/ent2d.ac-bordeaux.fr\/disciplines\/sbssa\/wp-content\/uploads\/sites\/38\/2017\/08\/WORD203-2-e1508947710510.jpg\" alt=\"\" width=\"25\" height=\"25\" \/><\/a><\/li>\n<\/ul>\n<\/td>\n<\/tr>\n<tr>\n<td><img loading=\"lazy\" decoding=\"async\" class=\"wp-image-517 aligncenter\" src=\"https:\/\/ent2d.ac-bordeaux.fr\/disciplines\/sbssa\/wp-content\/uploads\/sites\/38\/2017\/10\/RESSOURCES-300x122.png\" alt=\"\" width=\"111\" height=\"45\" srcset=\"https:\/\/ent2d.ac-bordeaux.fr\/disciplines\/sbssa\/wp-content\/uploads\/sites\/38\/2017\/10\/RESSOURCES-300x122.png 300w, https:\/\/ent2d.ac-bordeaux.fr\/disciplines\/sbssa\/wp-content\/uploads\/sites\/38\/2017\/10\/RESSOURCES.png 351w\" sizes=\"auto, (max-width: 111px) 100vw, 111px\" \/><\/p>\n<ul style=\"list-style-type: disc\">\n<li><span style=\"text-decoration: underline\"><strong>PAF du 14\/11\/2018<\/strong><\/span>:\u00a0\u00a0\u00a0 &#8211; journ\u00e9e formation NEW CAP ECP <a href=\"https:\/\/ent2d.ac-bordeaux.fr\/disciplines\/sbssa\/wp-content\/uploads\/sites\/38\/2018\/12\/journ\u00e9e-formation-NEW-CAP-ECP.pptx\" target=\"_blank\" rel=\"noopener noreferrer\"><img loading=\"lazy\" decoding=\"async\" class=\"wp-image-1476\" src=\"https:\/\/ent2d.ac-bordeaux.fr\/disciplines\/sbssa\/wp-content\/uploads\/sites\/38\/2018\/09\/ppt.jpg\" alt=\"\" width=\"31\" height=\"32\" srcset=\"https:\/\/ent2d.ac-bordeaux.fr\/disciplines\/sbssa\/wp-content\/uploads\/sites\/38\/2018\/09\/ppt.jpg 289w, https:\/\/ent2d.ac-bordeaux.fr\/disciplines\/sbssa\/wp-content\/uploads\/sites\/38\/2018\/09\/ppt-150x150.jpg 150w\" sizes=\"auto, (max-width: 31px) 100vw, 31px\" \/><\/a>\u00a0 &#8211; pr\u00e9sentation du nouveau\u00a0 r\u00e9f\u00e9rentiel ECP 14\/11\/2018 <a href=\"https:\/\/ent2d.ac-bordeaux.fr\/disciplines\/sbssa\/wp-content\/uploads\/sites\/38\/2018\/12\/PRESENTATION-DU-NOUVEAU-REFERENTIEL-CAP-ECP-14-NOVEMBRE-2018.pptx\" target=\"_blank\" rel=\"noopener noreferrer\"><img loading=\"lazy\" decoding=\"async\" class=\"wp-image-1476\" src=\"https:\/\/ent2d.ac-bordeaux.fr\/disciplines\/sbssa\/wp-content\/uploads\/sites\/38\/2018\/09\/ppt.jpg\" alt=\"\" width=\"32\" height=\"33\" srcset=\"https:\/\/ent2d.ac-bordeaux.fr\/disciplines\/sbssa\/wp-content\/uploads\/sites\/38\/2018\/09\/ppt.jpg 289w, https:\/\/ent2d.ac-bordeaux.fr\/disciplines\/sbssa\/wp-content\/uploads\/sites\/38\/2018\/09\/ppt-150x150.jpg 150w\" sizes=\"auto, (max-width: 32px) 100vw, 32px\" \/><\/a> &#8211; projet de\u00a0 grille horaire \u00e9l\u00e8ve en baccalaur\u00e9at professionnel <a href=\"https:\/\/ent2d.ac-bordeaux.fr\/disciplines\/sbssa\/wp-content\/uploads\/sites\/38\/2018\/12\/PROJET-grille_horaire_eleve_en_baccalaureat_professionnel_1028924-1.pdf\" target=\"_blank\" rel=\"noopener noreferrer\"><img loading=\"lazy\" decoding=\"async\" class=\"wp-image-1462 alignnone\" src=\"https:\/\/ent2d.ac-bordeaux.fr\/disciplines\/sbssa\/wp-content\/uploads\/sites\/38\/2018\/09\/PDF.jpg\" alt=\"\" width=\"31\" height=\"31\" srcset=\"https:\/\/ent2d.ac-bordeaux.fr\/disciplines\/sbssa\/wp-content\/uploads\/sites\/38\/2018\/09\/PDF.jpg 225w, https:\/\/ent2d.ac-bordeaux.fr\/disciplines\/sbssa\/wp-content\/uploads\/sites\/38\/2018\/09\/PDF-150x150.jpg 150w\" sizes=\"auto, (max-width: 31px) 100vw, 31px\" \/><\/a>\u00a0 &#8211; projet grille horaire \u00e9l\u00e8ve en CAP <a href=\"https:\/\/ent2d.ac-bordeaux.fr\/disciplines\/sbssa\/wp-content\/uploads\/sites\/38\/2018\/12\/PROJET-grille_horaire_eleve_en_CAP.pdf\" target=\"_blank\" rel=\"noopener noreferrer\"><img loading=\"lazy\" decoding=\"async\" class=\"wp-image-1462 alignnone\" src=\"https:\/\/ent2d.ac-bordeaux.fr\/disciplines\/sbssa\/wp-content\/uploads\/sites\/38\/2018\/09\/PDF.jpg\" alt=\"\" width=\"31\" height=\"31\" srcset=\"https:\/\/ent2d.ac-bordeaux.fr\/disciplines\/sbssa\/wp-content\/uploads\/sites\/38\/2018\/09\/PDF.jpg 225w, https:\/\/ent2d.ac-bordeaux.fr\/disciplines\/sbssa\/wp-content\/uploads\/sites\/38\/2018\/09\/PDF-150x150.jpg 150w\" sizes=\"auto, (max-width: 31px) 100vw, 31px\" \/><\/a><\/li>\n<li>\u00a0<strong>septembre 2018<\/strong>: sujet \u00a0 <a href=\"https:\/\/ent2d.ac-bordeaux.fr\/disciplines\/sbssa\/wp-content\/uploads\/sites\/38\/2018\/10\/CAP-esthetique-EP3-sujet-SEPTEMBRE-2018.pdf\" target=\"_blank\" rel=\"noopener noreferrer\"><img loading=\"lazy\" decoding=\"async\" class=\"wp-image-1462 alignnone\" src=\"https:\/\/ent2d.ac-bordeaux.fr\/disciplines\/sbssa\/wp-content\/uploads\/sites\/38\/2018\/09\/PDF.jpg\" alt=\"\" width=\"33\" height=\"33\" srcset=\"https:\/\/ent2d.ac-bordeaux.fr\/disciplines\/sbssa\/wp-content\/uploads\/sites\/38\/2018\/09\/PDF.jpg 225w, https:\/\/ent2d.ac-bordeaux.fr\/disciplines\/sbssa\/wp-content\/uploads\/sites\/38\/2018\/09\/PDF-150x150.jpg 150w\" sizes=\"auto, (max-width: 33px) 100vw, 33px\" \/><\/a>\u00a0\u00a0\u00a0 \u00a0 \u00a0 \u00a0 \u00a0 corrig\u00e9\u00a0\u00a0 <a href=\"https:\/\/ent2d.ac-bordeaux.fr\/disciplines\/sbssa\/wp-content\/uploads\/sites\/38\/2018\/10\/CAP-esthetique-EP3-corrige-SEPTEMBRE-2018.pdf\" target=\"_blank\" rel=\"noopener noreferrer\"><img loading=\"lazy\" decoding=\"async\" class=\"wp-image-1462 alignnone\" src=\"https:\/\/ent2d.ac-bordeaux.fr\/disciplines\/sbssa\/wp-content\/uploads\/sites\/38\/2018\/09\/PDF.jpg\" alt=\"\" width=\"34\" height=\"34\" srcset=\"https:\/\/ent2d.ac-bordeaux.fr\/disciplines\/sbssa\/wp-content\/uploads\/sites\/38\/2018\/09\/PDF.jpg 225w, https:\/\/ent2d.ac-bordeaux.fr\/disciplines\/sbssa\/wp-content\/uploads\/sites\/38\/2018\/09\/PDF-150x150.jpg 150w\" sizes=\"auto, (max-width: 34px) 100vw, 34px\" \/><\/a><\/li>\n<li><strong>Guide d accompagnement CAP<\/strong> esth\u00e9tique RENOV\u00c9 (2018) <a href=\"https:\/\/ent2d.ac-bordeaux.fr\/disciplines\/sbssa\/wp-content\/uploads\/sites\/38\/2018\/09\/Guide-d-accompagnement-CAP-ECP-R2018-.pdf\" target=\"_blank\" rel=\"noopener noreferrer\"><img loading=\"lazy\" decoding=\"async\" class=\"alignnone size-full wp-image-553\" src=\"https:\/\/ent2d.ac-bordeaux.fr\/disciplines\/sbssa\/wp-content\/uploads\/sites\/38\/2017\/10\/acroread-e1508948545962.png\" alt=\"\" width=\"35\" height=\"35\" \/><\/a><\/li>\n<li><strong>Glossaire ECP<\/strong> <a href=\"https:\/\/ent2d.ac-bordeaux.fr\/disciplines\/sbssa\/wp-content\/uploads\/sites\/38\/2018\/09\/Glossaire-ECP-Ph-Garnier-03-2017.pdf\" target=\"_blank\" rel=\"noopener noreferrer\"><img loading=\"lazy\" decoding=\"async\" class=\"alignnone size-full wp-image-553\" src=\"https:\/\/ent2d.ac-bordeaux.fr\/disciplines\/sbssa\/wp-content\/uploads\/sites\/38\/2017\/10\/acroread-e1508948545962.png\" alt=\"\" width=\"35\" height=\"35\" \/><\/a><\/li>\n<li><strong>\u00a0juin 2018<\/strong> : sujet\u00a0 <a href=\"https:\/\/ent2d.ac-bordeaux.fr\/disciplines\/sbssa\/wp-content\/uploads\/sites\/38\/2018\/08\/CAP-ECP-SUJET-EP3.pdf\" target=\"_blank\" rel=\"noopener noreferrer\"><img loading=\"lazy\" decoding=\"async\" class=\"alignnone size-full wp-image-553\" src=\"https:\/\/ent2d.ac-bordeaux.fr\/disciplines\/sbssa\/wp-content\/uploads\/sites\/38\/2017\/10\/acroread-e1508948545962.png\" alt=\"\" width=\"35\" height=\"35\" \/><\/a>\u00a0\u00a0\u00a0 \u00a0 \u00a0 \u00a0 \u00a0 corrig\u00e9\u00a0\u00a0\u00a0 <a href=\"https:\/\/ent2d.ac-bordeaux.fr\/disciplines\/sbssa\/wp-content\/uploads\/sites\/38\/2018\/08\/CAP-ECP-CORRIGE-EP3.pdf\" target=\"_blank\" rel=\"noopener noreferrer\"><img loading=\"lazy\" decoding=\"async\" class=\"alignnone size-full wp-image-553\" src=\"https:\/\/ent2d.ac-bordeaux.fr\/disciplines\/sbssa\/wp-content\/uploads\/sites\/38\/2017\/10\/acroread-e1508948545962.png\" alt=\"\" width=\"35\" height=\"35\" \/><\/a><\/li>\n<li>\u00a0 <strong>juin 2017<\/strong> : sujet\u00a0 <a href=\"https:\/\/ent2d.ac-bordeaux.fr\/disciplines\/sbssa\/wp-content\/uploads\/sites\/38\/2018\/10\/EP3-SUJET-metropole-JUIN-2017.pdf\" target=\"_blank\" rel=\"noopener noreferrer\"><img loading=\"lazy\" decoding=\"async\" class=\"wp-image-1462 alignnone\" src=\"https:\/\/ent2d.ac-bordeaux.fr\/disciplines\/sbssa\/wp-content\/uploads\/sites\/38\/2018\/09\/PDF.jpg\" alt=\"\" width=\"32\" height=\"32\" srcset=\"https:\/\/ent2d.ac-bordeaux.fr\/disciplines\/sbssa\/wp-content\/uploads\/sites\/38\/2018\/09\/PDF.jpg 225w, https:\/\/ent2d.ac-bordeaux.fr\/disciplines\/sbssa\/wp-content\/uploads\/sites\/38\/2018\/09\/PDF-150x150.jpg 150w\" sizes=\"auto, (max-width: 32px) 100vw, 32px\" \/><\/a>\u00a0\u00a0\u00a0 \u00a0 \u00a0 \u00a0 \u00a0 corrig\u00e9 \u00a0 <a href=\"https:\/\/ent2d.ac-bordeaux.fr\/disciplines\/sbssa\/wp-content\/uploads\/sites\/38\/2018\/10\/EP3-CORRIGE-m\u00e9tropole-JUIN-2017.pdf\" target=\"_blank\" rel=\"noopener noreferrer\"><img loading=\"lazy\" decoding=\"async\" class=\"wp-image-1462 alignnone\" src=\"https:\/\/ent2d.ac-bordeaux.fr\/disciplines\/sbssa\/wp-content\/uploads\/sites\/38\/2018\/09\/PDF.jpg\" alt=\"\" width=\"32\" height=\"32\" srcset=\"https:\/\/ent2d.ac-bordeaux.fr\/disciplines\/sbssa\/wp-content\/uploads\/sites\/38\/2018\/09\/PDF.jpg 225w, https:\/\/ent2d.ac-bordeaux.fr\/disciplines\/sbssa\/wp-content\/uploads\/sites\/38\/2018\/09\/PDF-150x150.jpg 150w\" sizes=\"auto, (max-width: 32px) 100vw, 32px\" \/><\/a><\/li>\n<\/ul>\n<\/td>\n<\/tr>\n<\/tbody>\n<\/table>\n","protected":false},"excerpt":{"rendered":"<p>Nouveau r\u00e9f\u00e9rentiel CAP ECP\u00a0 2018 Arr\u00eat\u00e9 du 31\/03\/2015 &#8211; BO du 31\/03\/2015: modification du CAP ECP BO n\u00b022 du 29\/05\/2008:<\/p>\n","protected":false},"author":171,"featured_media":0,"parent":0,"menu_order":0,"comment_status":"closed","ping_status":"closed","template":"","meta":{"footnotes":""},"class_list":["post-593","page","type-page","status-publish","hentry"],"_links":{"self":[{"href":"https:\/\/ent2d.ac-bordeaux.fr\/disciplines\/sbssa\/wp-json\/wp\/v2\/pages\/593","targetHints":{"allow":["GET"]}}],"collection":[{"href":"https:\/\/ent2d.ac-bordeaux.fr\/disciplines\/sbssa\/wp-json\/wp\/v2\/pages"}],"about":[{"href":"https:\/\/ent2d.ac-bordeaux.fr\/disciplines\/sbssa\/wp-json\/wp\/v2\/types\/page"}],"author":[{"embeddable":true,"href":"https:\/\/ent2d.ac-bordeaux.fr\/disciplines\/sbssa\/wp-json\/wp\/v2\/users\/171"}],"replies":[{"embeddable":true,"href":"https:\/\/ent2d.ac-bordeaux.fr\/disciplines\/sbssa\/wp-json\/wp\/v2\/comments?post=593"}],"version-history":[{"count":11,"href":"https:\/\/ent2d.ac-bordeaux.fr\/disciplines\/sbssa\/wp-json\/wp\/v2\/pages\/593\/revisions"}],"predecessor-version":[{"id":2165,"href":"https:\/\/ent2d.ac-bordeaux.fr\/disciplines\/sbssa\/wp-json\/wp\/v2\/pages\/593\/revisions\/2165"}],"wp:attachment":[{"href":"https:\/\/ent2d.ac-bordeaux.fr\/disciplines\/sbssa\/wp-json\/wp\/v2\/media?parent=593"}],"curies":[{"name":"wp","href":"https:\/\/api.w.org\/{rel}","templated":true}]}}