{"id":581,"date":"2017-10-27T16:03:15","date_gmt":"2017-10-27T14:03:15","guid":{"rendered":"https:\/\/ent2d.ac-bordeaux.fr\/disciplines\/sbssa\/?page_id=581"},"modified":"2020-12-19T23:42:28","modified_gmt":"2020-12-19T22:42:28","slug":"mc-coiffure-coupe-couleur","status":"publish","type":"page","link":"https:\/\/ent2d.ac-bordeaux.fr\/disciplines\/sbssa\/mc-coiffure-coupe-couleur\/","title":{"rendered":"MC Coiffure Coupe Couleur"},"content":{"rendered":"<table border=\"4\" width=\"800\">\n<tbody>\n<tr>\n<td><img loading=\"lazy\" decoding=\"async\" class=\"wp-image-515 aligncenter\" src=\"https:\/\/ent2d.ac-bordeaux.fr\/disciplines\/sbssa\/wp-content\/uploads\/sites\/38\/2017\/10\/EDUCATION-NATIONALE-300x143.png\" alt=\"\" width=\"139\" height=\"66\" srcset=\"https:\/\/ent2d.ac-bordeaux.fr\/disciplines\/sbssa\/wp-content\/uploads\/sites\/38\/2017\/10\/EDUCATION-NATIONALE-300x143.png 300w, https:\/\/ent2d.ac-bordeaux.fr\/disciplines\/sbssa\/wp-content\/uploads\/sites\/38\/2017\/10\/EDUCATION-NATIONALE.png 325w\" sizes=\"auto, (max-width: 139px) 100vw, 139px\" \/><\/td>\n<\/tr>\n<tr>\n<td><img loading=\"lazy\" decoding=\"async\" class=\"wp-image-514 aligncenter\" src=\"https:\/\/ent2d.ac-bordeaux.fr\/disciplines\/sbssa\/wp-content\/uploads\/sites\/38\/2017\/10\/BO-300x109.png\" alt=\"\" width=\"108\" height=\"39\" srcset=\"https:\/\/ent2d.ac-bordeaux.fr\/disciplines\/sbssa\/wp-content\/uploads\/sites\/38\/2017\/10\/BO-300x109.png 300w, https:\/\/ent2d.ac-bordeaux.fr\/disciplines\/sbssa\/wp-content\/uploads\/sites\/38\/2017\/10\/BO.png 370w\" sizes=\"auto, (max-width: 108px) 100vw, 108px\" \/><\/p>\n<ul>\n<li><strong>Arr\u00eat\u00e9 du 23 mars 2015<\/strong> portant sur la d\u00e9finition et portant les conditions de d\u00e9livrance de la Mention Compl\u00e9mentaire &#8220;Coiffure Coupe Couleur&#8221;: <a href=\"https:\/\/www.legifrance.gouv.fr\/affichTexte.do?cidTexte=JORFTEXT000030462098&amp;dateTexte=&amp;categorieLien=id\" target=\"_blank\" rel=\"noopener noreferrer\"><img loading=\"lazy\" decoding=\"async\" class=\"alignnone wp-image-522\" src=\"https:\/\/ent2d.ac-bordeaux.fr\/disciplines\/sbssa\/wp-content\/uploads\/sites\/38\/2017\/10\/icone-actualite-2.png\" alt=\"\" width=\"35\" height=\"35\" \/><\/a><\/li>\n<li>Parution du <strong>BO n\u00b018 du 30 avril 2015<\/strong> portant sur la cr\u00e9ation et la d\u00e9livrance de la Mention Compl\u00e9mentaire &#8220;Coiffure Coupe Couleur&#8221;: <a href=\"http:\/\/www.education.gouv.fr\/pid25535\/bulletin_officiel.html?cid_bo=87843\" target=\"_blank\" rel=\"noopener noreferrer\"><img loading=\"lazy\" decoding=\"async\" class=\"alignnone wp-image-522\" src=\"https:\/\/ent2d.ac-bordeaux.fr\/disciplines\/sbssa\/wp-content\/uploads\/sites\/38\/2017\/10\/icone-actualite-2.png\" alt=\"\" width=\"35\" height=\"35\" \/><\/a><\/li>\n<\/ul>\n<\/td>\n<\/tr>\n<tr>\n<td><img loading=\"lazy\" decoding=\"async\" class=\"wp-image-516 aligncenter\" src=\"https:\/\/ent2d.ac-bordeaux.fr\/disciplines\/sbssa\/wp-content\/uploads\/sites\/38\/2017\/10\/RECTORAT-BORDEAUX.png\" alt=\"\" width=\"108\" height=\"58\" \/><\/p>\n<ul style=\"list-style-type: disc\">\n<li><a href=\"https:\/\/ent2d.ac-bordeaux.fr\/disciplines\/sbssa\/wp-content\/uploads\/sites\/38\/2018\/01\/Mc_CCC_-MEMENTO-0ct-2017.pdf\">Le m\u00e9mento mention compl\u00e9mentaire actualis\u00e9 10\/2017<\/a>.<span id=\"ctl00_cphContentLeft_ViewPage1_lblContentPage\"><\/span><\/li>\n<li>Livret PFMP MC.3C:\u00a0 <a href=\"https:\/\/ent2d.ac-bordeaux.fr\/disciplines\/sbssa\/wp-content\/uploads\/sites\/38\/2017\/10\/LIVRET-PFMP_Mc3C.pdf\" target=\"_blank\" rel=\"noopener noreferrer\"><img loading=\"lazy\" decoding=\"async\" class=\"alignnone size-full wp-image-553\" src=\"https:\/\/ent2d.ac-bordeaux.fr\/disciplines\/sbssa\/wp-content\/uploads\/sites\/38\/2017\/10\/acroread-e1508948545962.png\" alt=\"\" width=\"35\" height=\"35\" \/><\/a>\u00a0\u00a0 <a href=\"https:\/\/ent2d.ac-bordeaux.fr\/disciplines\/sbssa\/wp-content\/uploads\/sites\/38\/2017\/10\/LIVRET-PFMP_Mc3C.pdf\" target=\"_blank\" rel=\"noopener noreferrer\"><img loading=\"lazy\" decoding=\"async\" class=\"alignnone size-full wp-image-230\" src=\"https:\/\/ent2d.ac-bordeaux.fr\/disciplines\/sbssa\/wp-content\/uploads\/sites\/38\/2017\/08\/WORD203-2-e1508947710510.jpg\" alt=\"\" width=\"25\" height=\"25\" \/><\/a><\/li>\n<li>MC.3C: grille E1 sans bar\u00e8me: <a href=\"https:\/\/ent2d.ac-bordeaux.fr\/disciplines\/sbssa\/wp-content\/uploads\/sites\/38\/2017\/10\/E1_grille-CCF_sans-bareme.pdf\" target=\"_blank\" rel=\"noopener noreferrer\"><img loading=\"lazy\" decoding=\"async\" class=\"alignnone size-full wp-image-553\" src=\"https:\/\/ent2d.ac-bordeaux.fr\/disciplines\/sbssa\/wp-content\/uploads\/sites\/38\/2017\/10\/acroread-e1508948545962.png\" alt=\"\" width=\"35\" height=\"35\" \/><\/a><\/li>\n<li>MC.3C: grille E1 avec bar\u00e8me: <a href=\"https:\/\/ent2d.ac-bordeaux.fr\/disciplines\/sbssa\/wp-content\/uploads\/sites\/38\/2017\/10\/E1_grille-avec-bar\u00e8me-CCF.pdf\" target=\"_blank\" rel=\"noopener noreferrer\"><img loading=\"lazy\" decoding=\"async\" class=\"alignnone size-full wp-image-553\" src=\"https:\/\/ent2d.ac-bordeaux.fr\/disciplines\/sbssa\/wp-content\/uploads\/sites\/38\/2017\/10\/acroread-e1508948545962.png\" alt=\"\" width=\"35\" height=\"35\" \/><\/a><\/li>\n<li>MC.3C: grille E2 sans bar\u00e8me: <a href=\"https:\/\/ent2d.ac-bordeaux.fr\/disciplines\/sbssa\/wp-content\/uploads\/sites\/38\/2017\/10\/E2_grille-CCF_sans-bareme.pdf\" target=\"_blank\" rel=\"noopener noreferrer\"><img loading=\"lazy\" decoding=\"async\" class=\"alignnone size-full wp-image-553\" src=\"https:\/\/ent2d.ac-bordeaux.fr\/disciplines\/sbssa\/wp-content\/uploads\/sites\/38\/2017\/10\/acroread-e1508948545962.png\" alt=\"\" width=\"35\" height=\"35\" \/><\/a><\/li>\n<li>MC.3C: grille E1 avec bar\u00e8me: <a href=\"https:\/\/ent2d.ac-bordeaux.fr\/disciplines\/sbssa\/wp-content\/uploads\/sites\/38\/2017\/10\/E2_grille-CCF_avec-bareme.pdf\" target=\"_blank\" rel=\"noopener noreferrer\"><img loading=\"lazy\" decoding=\"async\" class=\"alignnone size-full wp-image-553\" src=\"https:\/\/ent2d.ac-bordeaux.fr\/disciplines\/sbssa\/wp-content\/uploads\/sites\/38\/2017\/10\/acroread-e1508948545962.png\" alt=\"\" width=\"35\" height=\"35\" \/><\/a><\/li>\n<\/ul>\n<\/td>\n<\/tr>\n<tr>\n<td><img loading=\"lazy\" decoding=\"async\" class=\"wp-image-517 aligncenter\" src=\"https:\/\/ent2d.ac-bordeaux.fr\/disciplines\/sbssa\/wp-content\/uploads\/sites\/38\/2017\/10\/RESSOURCES-300x122.png\" alt=\"\" width=\"111\" height=\"45\" srcset=\"https:\/\/ent2d.ac-bordeaux.fr\/disciplines\/sbssa\/wp-content\/uploads\/sites\/38\/2017\/10\/RESSOURCES-300x122.png 300w, https:\/\/ent2d.ac-bordeaux.fr\/disciplines\/sbssa\/wp-content\/uploads\/sites\/38\/2017\/10\/RESSOURCES.png 351w\" sizes=\"auto, (max-width: 111px) 100vw, 111px\" \/><\/td>\n<\/tr>\n<\/tbody>\n<\/table>\n","protected":false},"excerpt":{"rendered":"<p>Arr\u00eat\u00e9 du 23 mars 2015 portant sur la d\u00e9finition et portant les conditions de d\u00e9livrance de la Mention Compl\u00e9mentaire &#8220;Coiffure<\/p>\n","protected":false},"author":171,"featured_media":0,"parent":0,"menu_order":0,"comment_status":"closed","ping_status":"closed","template":"","meta":{"footnotes":""},"class_list":["post-581","page","type-page","status-publish","hentry"],"_links":{"self":[{"href":"https:\/\/ent2d.ac-bordeaux.fr\/disciplines\/sbssa\/wp-json\/wp\/v2\/pages\/581","targetHints":{"allow":["GET"]}}],"collection":[{"href":"https:\/\/ent2d.ac-bordeaux.fr\/disciplines\/sbssa\/wp-json\/wp\/v2\/pages"}],"about":[{"href":"https:\/\/ent2d.ac-bordeaux.fr\/disciplines\/sbssa\/wp-json\/wp\/v2\/types\/page"}],"author":[{"embeddable":true,"href":"https:\/\/ent2d.ac-bordeaux.fr\/disciplines\/sbssa\/wp-json\/wp\/v2\/users\/171"}],"replies":[{"embeddable":true,"href":"https:\/\/ent2d.ac-bordeaux.fr\/disciplines\/sbssa\/wp-json\/wp\/v2\/comments?post=581"}],"version-history":[{"count":4,"href":"https:\/\/ent2d.ac-bordeaux.fr\/disciplines\/sbssa\/wp-json\/wp\/v2\/pages\/581\/revisions"}],"predecessor-version":[{"id":2271,"href":"https:\/\/ent2d.ac-bordeaux.fr\/disciplines\/sbssa\/wp-json\/wp\/v2\/pages\/581\/revisions\/2271"}],"wp:attachment":[{"href":"https:\/\/ent2d.ac-bordeaux.fr\/disciplines\/sbssa\/wp-json\/wp\/v2\/media?parent=581"}],"curies":[{"name":"wp","href":"https:\/\/api.w.org\/{rel}","templated":true}]}}