{"id":3046,"date":"2023-10-25T15:15:23","date_gmt":"2023-10-25T13:15:23","guid":{"rendered":"https:\/\/ent2d.ac-bordeaux.fr\/disciplines\/sbssa\/?page_id=3046"},"modified":"2023-10-25T15:21:17","modified_gmt":"2023-10-25T13:21:17","slug":"le-bp-preparateur-en-pharmacie","status":"publish","type":"page","link":"https:\/\/ent2d.ac-bordeaux.fr\/disciplines\/sbssa\/le-bp-preparateur-en-pharmacie\/","title":{"rendered":"Le BP pr\u00e9parateur en pharmacie"},"content":{"rendered":"\n<p>Arr\u00eat\u00e9 du 17 octobre 2022 portant abrogation de la sp\u00e9cialit\u00e9 \u00ab pr\u00e9parateur en pharmacie \u00bb de brevet professionnel : <\/p>\n\n\n\n<p>Derni\u00e8re session d&#8217;examen 2024, session compl\u00e9mentaire en 2025.<\/p>\n\n\n\n<p><a href=\"https:\/\/www.legifrance.gouv.fr\/jorf\/id\/JORFTEXT000046548314\">https:\/\/www.legifrance.gouv.fr\/jorf\/id\/JORFTEXT000046548314<\/a> <\/p>\n\n\n\n<p><\/p>\n\n\n\n<h1 class=\"wp-block-heading\">Le Bac Pro Technicien en proth\u00e8se dentaire<\/h1>\n\n\n\n<p>Acc\u00e9der au r\u00e9f\u00e9rentiel : <a href=\"https:\/\/eduscol.education.fr\/referentiels-professionnels\/bac_pro_TEPD.html\">https:\/\/eduscol.education.fr\/referentiels-professionnels\/bac_pro_TEPD.html<\/a><\/p>\n","protected":false},"excerpt":{"rendered":"<p>Arr\u00eat\u00e9 du 17 octobre 2022 portant abrogation de la sp\u00e9cialit\u00e9 \u00ab pr\u00e9parateur en pharmacie \u00bb de brevet professionnel : Derni\u00e8re<\/p>\n","protected":false},"author":1884,"featured_media":0,"parent":0,"menu_order":0,"comment_status":"closed","ping_status":"closed","template":"","meta":{"footnotes":""},"class_list":["post-3046","page","type-page","status-publish","hentry"],"_links":{"self":[{"href":"https:\/\/ent2d.ac-bordeaux.fr\/disciplines\/sbssa\/wp-json\/wp\/v2\/pages\/3046","targetHints":{"allow":["GET"]}}],"collection":[{"href":"https:\/\/ent2d.ac-bordeaux.fr\/disciplines\/sbssa\/wp-json\/wp\/v2\/pages"}],"about":[{"href":"https:\/\/ent2d.ac-bordeaux.fr\/disciplines\/sbssa\/wp-json\/wp\/v2\/types\/page"}],"author":[{"embeddable":true,"href":"https:\/\/ent2d.ac-bordeaux.fr\/disciplines\/sbssa\/wp-json\/wp\/v2\/users\/1884"}],"replies":[{"embeddable":true,"href":"https:\/\/ent2d.ac-bordeaux.fr\/disciplines\/sbssa\/wp-json\/wp\/v2\/comments?post=3046"}],"version-history":[{"count":2,"href":"https:\/\/ent2d.ac-bordeaux.fr\/disciplines\/sbssa\/wp-json\/wp\/v2\/pages\/3046\/revisions"}],"predecessor-version":[{"id":3050,"href":"https:\/\/ent2d.ac-bordeaux.fr\/disciplines\/sbssa\/wp-json\/wp\/v2\/pages\/3046\/revisions\/3050"}],"wp:attachment":[{"href":"https:\/\/ent2d.ac-bordeaux.fr\/disciplines\/sbssa\/wp-json\/wp\/v2\/media?parent=3046"}],"curies":[{"name":"wp","href":"https:\/\/api.w.org\/{rel}","templated":true}]}}