{"id":2790,"date":"2023-10-06T15:07:53","date_gmt":"2023-10-06T13:07:53","guid":{"rendered":"https:\/\/ent2d.ac-bordeaux.fr\/disciplines\/sbssa\/?page_id=2790"},"modified":"2023-10-12T22:48:59","modified_gmt":"2023-10-12T20:48:59","slug":"2790-2","status":"publish","type":"page","link":"https:\/\/ent2d.ac-bordeaux.fr\/disciplines\/sbssa\/2790-2\/","title":{"rendered":"HORTICULTURE"},"content":{"rendered":"\n<hr class=\"wp-block-separator has-alpha-channel-opacity is-style-wide\" \/>\n\n\n\n<p>Le&nbsp;CAP&nbsp;agricole est un dipl\u00f4me professionnel de niveau 3 qui se pr\u00e9pare par les trois voies de formation, scolaire, apprentissage et formation professionnelle continue, \u00e0 l&#8217;issue de la scolarit\u00e9 obligatoire.<\/p>\n\n\n\n<p>Il est d\u00e9livr\u00e9 par examen (\u00e9preuves terminales et contr\u00f4les certificatifs en cours de formation) et selon la modalit\u00e9 des unit\u00e9s capitalisables.<\/p>\n\n\n\n<div class=\"wp-block-columns is-layout-flex wp-container-core-columns-is-layout-28f84493 wp-block-columns-is-layout-flex\">\n<div class=\"wp-block-column is-layout-flow wp-block-column-is-layout-flow\">\n<div class=\"wp-block-media-text alignwide is-stacked-on-mobile is-vertically-aligned-top\" style=\"grid-template-columns:26% auto\"><figure class=\"wp-block-media-text__media\"><a href=\"https:\/\/ent2d.ac-bordeaux.fr\/disciplines\/sbssa\/2023\/10\/12\/les-ressources-du-capa-metiers-de-lagriculture\/\"><img loading=\"lazy\" decoding=\"async\" width=\"591\" height=\"822\" src=\"https:\/\/ent2d.ac-bordeaux.fr\/disciplines\/sbssa\/wp-content\/uploads\/sites\/38\/2023\/10\/Capture-decran-2023-10-08-214043.png\" alt=\"\" class=\"wp-image-2855 size-full\" srcset=\"https:\/\/ent2d.ac-bordeaux.fr\/disciplines\/sbssa\/wp-content\/uploads\/sites\/38\/2023\/10\/Capture-decran-2023-10-08-214043.png 591w, https:\/\/ent2d.ac-bordeaux.fr\/disciplines\/sbssa\/wp-content\/uploads\/sites\/38\/2023\/10\/Capture-decran-2023-10-08-214043-216x300.png 216w\" sizes=\"auto, (max-width: 591px) 100vw, 591px\" \/><\/a><\/figure><div class=\"wp-block-media-text__content\">\n<p><strong>CAPa M\u00e9tiers de l&#8217;agriculture<\/strong><\/p>\n\n\n\n<hr class=\"wp-block-separator has-alpha-channel-opacity\" \/>\n\n\n\n<p>Le certificat d&#8217;aptitude professionnelle agricole &#8220;<strong>m\u00e9tiers de l&#8217;agriculture<\/strong>&#8221; a \u00e9t\u00e9 cr\u00e9\u00e9 suite \u00e0 la r\u00e9novation des trois options du dipl\u00f4me suivantes :<\/p>\n\n\n\n<ul class=\"wp-block-list\">\n<li>productions horticoles,<\/li>\n\n\n\n<li>production agricole, utilisation des mat\u00e9riels,<\/li>\n\n\n\n<li>vigne et vin.<\/li>\n<\/ul>\n\n\n\n<p>Il est mis en \u0153uvre depuis la rentr\u00e9e scolaire 2015.<\/p>\n\n\n\n<p>Il est d\u00e9livr\u00e9 selon deux modalit\u00e9s :<\/p>\n\n\n\n<ul class=\"wp-block-list\">\n<li>par examen\/CCF<\/li>\n\n\n\n<li>par&nbsp;UC&nbsp;(unit\u00e9s capitalisables).<\/li>\n<\/ul>\n<\/div><\/div>\n<\/div>\n\n\n\n<div class=\"wp-block-column is-layout-flow wp-block-column-is-layout-flow\">\n<div class=\"wp-block-media-text alignwide is-stacked-on-mobile is-vertically-aligned-top\" style=\"grid-template-columns:26% auto\"><figure class=\"wp-block-media-text__media\"><a href=\"https:\/\/ent2d.ac-bordeaux.fr\/disciplines\/sbssa\/2023\/10\/12\/les-ressources-du-capa-jardinier-paysager\/\"><img loading=\"lazy\" decoding=\"async\" width=\"573\" height=\"813\" src=\"https:\/\/ent2d.ac-bordeaux.fr\/disciplines\/sbssa\/wp-content\/uploads\/sites\/38\/2023\/10\/Capture-decran-2023-10-12-172216.png\" alt=\"\" class=\"wp-image-2866 size-full\" srcset=\"https:\/\/ent2d.ac-bordeaux.fr\/disciplines\/sbssa\/wp-content\/uploads\/sites\/38\/2023\/10\/Capture-decran-2023-10-12-172216.png 573w, https:\/\/ent2d.ac-bordeaux.fr\/disciplines\/sbssa\/wp-content\/uploads\/sites\/38\/2023\/10\/Capture-decran-2023-10-12-172216-211x300.png 211w\" sizes=\"auto, (max-width: 573px) 100vw, 573px\" \/><\/a><\/figure><div class=\"wp-block-media-text__content\">\n<p><strong>CAPa Jardinier paysagiste<\/strong><\/p>\n\n\n\n<hr class=\"wp-block-separator has-alpha-channel-opacity\" \/>\n\n\n\n<p>Le certificat d&#8217;aptitude professionnelle agricole &#8220;<strong>jardinier paysagiste<\/strong>&#8221; a \u00e9t\u00e9 cr\u00e9\u00e9 suite \u00e0 la r\u00e9novation de l&#8217;option du dipl\u00f4me &#8220;travaux paysagers&#8221;. Il est mis en \u0153uvre depuis la rentr\u00e9e scolaire 2015.<\/p>\n\n\n\n<p>Il est d\u00e9livr\u00e9 selon deux modalit\u00e9s :<\/p>\n\n\n\n<ul class=\"wp-block-list\">\n<li>par examen\/CCF<\/li>\n\n\n\n<li>par&nbsp;UC&nbsp;(unit\u00e9s capitalisables).<\/li>\n<\/ul>\n\n\n\n<p><\/p>\n<\/div><\/div>\n<\/div>\n<\/div>\n\n\n\n<hr class=\"wp-block-separator has-alpha-channel-opacity\" \/>\n\n\n\n<div class=\"wp-block-media-text alignwide is-stacked-on-mobile is-vertically-aligned-top\" style=\"grid-template-columns:15% auto\"><figure class=\"wp-block-media-text__media\"><img loading=\"lazy\" decoding=\"async\" width=\"343\" height=\"147\" src=\"https:\/\/ent2d.ac-bordeaux.fr\/disciplines\/sbssa\/wp-content\/uploads\/sites\/38\/2023\/10\/BO-agri.jpg\" alt=\"\" class=\"wp-image-2911 size-full\" srcset=\"https:\/\/ent2d.ac-bordeaux.fr\/disciplines\/sbssa\/wp-content\/uploads\/sites\/38\/2023\/10\/BO-agri.jpg 343w, https:\/\/ent2d.ac-bordeaux.fr\/disciplines\/sbssa\/wp-content\/uploads\/sites\/38\/2023\/10\/BO-agri-300x129.jpg 300w\" sizes=\"auto, (max-width: 343px) 100vw, 343px\" \/><\/figure><div class=\"wp-block-media-text__content\">\n<ul class=\"wp-block-list\">\n<li><a href=\"https:\/\/info.agriculture.gouv.fr\/gedei\/site\/bo-agri\/instruction-2021-139\" target=\"_blank\" rel=\"noreferrer noopener\">Note de service DGER\/SDPFE\/2021-139<\/a>&nbsp;du 24 f\u00e9vrier 2021 : unit\u00e9 facultative permet aux apprenants inscris aux dipl\u00f4mes du CAPa, baccalaur\u00e9at technologique ou professionnel de valoriser leur engagement citoyen dans et hors de l&#8217;\u00e9tablissement<\/li>\n<\/ul>\n\n\n\n<ul class=\"wp-block-list\">\n<li><a href=\"https:\/\/info.agriculture.gouv.fr\/gedei\/site\/bo-agri\/instruction-2020-357\" target=\"_blank\" rel=\"noreferrer noopener\">Note de service DGER\/SDPFE\/2020-357<\/a>&nbsp;du 11 juin 2020 : Proc\u00e9dure conduisant \u00e0 la reconnaissance et \u00e0 la mise en oeuvre de formations \u00e0 orientation agriculture biologique AB et \u00e0 la reconnaissance de la mention agriculture biologique AB pour les certificats de sp\u00e9cialisation.<\/li>\n\n\n\n<li><strong>Diffusion de la maquette du livret scolaire ou de formation<\/strong>&nbsp;du certificat d&#8217;aptitude professionnelle agricole (CAP&nbsp;agricole) \u00e0 compter de la session d&#8217;examen 2021\n<ul class=\"wp-block-list\">\n<li><a href=\"https:\/\/chlorofil.fr\/fileadmin\/user_upload\/02-diplomes\/referentiels\/secondaire\/capa\/capa-livret-scolaire112019.pdf\">Livret scolaire du CAP agricole (PDF, 292 Ko) &#8211; Novembre 2019<\/a><\/li>\n<\/ul>\n<\/li>\n\n\n\n<li><a href=\"https:\/\/info.agriculture.gouv.fr\/gedei\/site\/bo-agri\/instruction-2018-168\" target=\"_blank\" rel=\"noreferrer noopener\">Note de service&nbsp;DGER\/SDPFE\/2018-168<\/a>&nbsp;du 7 mars 2018 :&nbsp;CAP&nbsp;agricole : organisation des \u00e9preuves ponctuelles terminales E4 (candidats en modalit\u00e9 HCCF) et E4.1 (candidat en modalit\u00e9&nbsp;CCF)<\/li>\n\n\n\n<li><a href=\"https:\/\/info.agriculture.gouv.fr\/gedei\/site\/bo-agri\/instruction-2016-150\" target=\"_blank\" rel=\"noreferrer noopener\">Note de service DGER\/SDPFE\/2016-150<\/a>&nbsp;du 23 f\u00e9vrier 2016 : Modalit\u00e9s de mise en oeuvre des \u00e9preuves g\u00e9n\u00e9rales E1, E2 et E3 pour tous les candidats au certificat d&#8217;aptitude professionnelle agricole (CAP&nbsp;agricole)<\/li>\n\n\n\n<li><a href=\"https:\/\/info.agriculture.gouv.fr\/gedei\/site\/bo-agri\/instruction-2016-31\" target=\"_blank\" rel=\"noreferrer noopener\">Note de service&nbsp;DGER\/SDPFE\/2016-31<\/a>&nbsp;du 16 janvier 2016&nbsp; Instructions g\u00e9n\u00e9rales relatives \u00e0 l\u2019organisation des examens de l\u2019enseignement agricoles conduisant \u00e0 des dipl\u00f4mes d\u00e9livr\u00e9s par&nbsp;<strong>unit\u00e9s capitalisables<\/strong>&nbsp;(UC)<\/li>\n\n\n\n<li><a href=\"https:\/\/info.agriculture.gouv.fr\/gedei\/site\/bo-agri\/instruction-2015-623\" target=\"_blank\" rel=\"noreferrer noopener\">Note de service DGER\/SDPFE\/2015-623<\/a>&nbsp;du 27 juillet 2015 : module d&#8217;initiative professionnelle (MIP) pour les sp\u00e9cialit\u00e9s du certificat d&#8217;aptitude professionnelle agricole r\u00e9nov\u00e9\n<ul class=\"wp-block-list\">\n<li><a href=\"https:\/\/chlorofil.fr\/fileadmin\/user_upload\/02-diplomes\/referentiels\/secondaire\/capa\/capa-ns-mip-annexe3-validation.doc\">Notification de validation d\u2019un module d\u2019initiative professionnelle (MIP)<\/a>&nbsp;(DOC, 74&nbsp;Ko)<\/li>\n\n\n\n<li><a href=\"https:\/\/chlorofil.fr\/fileadmin\/user_upload\/02-diplomes\/referentiels\/secondaire\/capa\/capa-ns-mip-annexe3-formulaire.doc\">Demande de validation d\u2019un module d\u2019initiative professionnelle (MIP)<\/a>&nbsp;(DOC, 75&nbsp;Ko)<\/li>\n<\/ul>\n<\/li>\n<\/ul>\n<\/div><\/div>\n\n\n\n<div class=\"wp-block-media-text alignwide is-stacked-on-mobile is-vertically-aligned-top\" style=\"grid-template-columns:15% auto\"><figure class=\"wp-block-media-text__media\"><img loading=\"lazy\" decoding=\"async\" width=\"375\" height=\"134\" src=\"https:\/\/ent2d.ac-bordeaux.fr\/disciplines\/sbssa\/wp-content\/uploads\/sites\/38\/2023\/10\/legifrance.png\" alt=\"\" class=\"wp-image-2910 size-full\" srcset=\"https:\/\/ent2d.ac-bordeaux.fr\/disciplines\/sbssa\/wp-content\/uploads\/sites\/38\/2023\/10\/legifrance.png 375w, https:\/\/ent2d.ac-bordeaux.fr\/disciplines\/sbssa\/wp-content\/uploads\/sites\/38\/2023\/10\/legifrance-300x107.png 300w\" sizes=\"auto, (max-width: 375px) 100vw, 375px\" \/><\/figure><div class=\"wp-block-media-text__content\">\n<ul class=\"wp-block-list\">\n<li><a href=\"https:\/\/www.legifrance.gouv.fr\/jorf\/id\/JORFTEXT000042243688\" target=\"_blank\" rel=\"noreferrer noopener\">D\u00e9cret n\u00b0 2020-1069<\/a>&nbsp;du 17 ao\u00fbt 2020 relatif aux dur\u00e9es de formation en centre de formation d&#8217;apprentis et \u00e0 la formation professionnelle continue pour la pr\u00e9paration aux dipl\u00f4mes du certificat d&#8217;aptitude professionnelle agricole, du brevet professionnel, du brevet professionnel agricole et du certificat de sp\u00e9cialisation agricole (JO&nbsp;du 19 aout 2020)<\/li>\n<\/ul>\n\n\n\n<ul class=\"wp-block-list\">\n<li><a href=\"https:\/\/www.legifrance.gouv.fr\/eli\/arrete\/2019\/7\/16\/AGRE1920238A\/jo\/texte\" target=\"_blank\" rel=\"noreferrer noopener\">Arr\u00eat\u00e9 du 16 juillet 2019<\/a>&nbsp;modifiant l&#8217;<a href=\"https:\/\/www.legifrance.gouv.fr\/eli\/arrete\/2019\/5\/2\/AGRE1913034A\/jo\/texte\" target=\"_blank\" rel=\"noreferrer noopener\">arr\u00eat\u00e9 du 2 mai 2019<\/a>&nbsp;fixant les grilles horaires du certificat d&#8217;aptitude professionnelle agricole pour la voie scolaire des sp\u00e9cialit\u00e9s relevant du minist\u00e8re en charge de l&#8217;agriculture (JO&nbsp;du 20 juillet 2019)<\/li>\n<\/ul>\n\n\n\n<ul class=\"wp-block-list\">\n<li><a href=\"https:\/\/www.legifrance.gouv.fr\/eli\/decret\/2017\/3\/1\/2017-275\/jo\/texte\" target=\"_blank\" rel=\"noreferrer noopener\">D\u00e9cret n\u00b0 2017-275 du 1er mars 2017<\/a>&nbsp;relatif \u00e0 la&nbsp;<strong>reconnaissance de l&#8217;acquisition de blocs de comp\u00e9tences<\/strong>&nbsp;par les candidats pr\u00e9parant l&#8217;examen du certificat d&#8217;aptitude professionnelle agricole dans le cadre de la formation professionnelle continue ou de la validation des acquis de l&#8217;exp\u00e9rience (JO&nbsp;du 3 mars 2017)<\/li>\n\n\n\n<li><a href=\"https:\/\/www.legifrance.gouv.fr\/eli\/arrete\/2016\/4\/21\/AGRE1609825A\/jo\/texte\" target=\"_blank\" rel=\"noreferrer noopener\">Arr\u00eat\u00e9 du 21 avril 2016<\/a>&nbsp;relatif \u00e0 la dispense de l&#8217;\u00e9preuve obligatoire de langue vivante \u00e0 l&#8217;examen du certificat d&#8217;aptitude professionnelle agricole pour les candidats pr\u00e9sentant une d\u00e9ficience auditive, une d\u00e9ficience du langage \u00e9crit, une d\u00e9ficience du langage oral, une d\u00e9ficience de la parole, une d\u00e9ficience de l&#8217;automatisation du langage \u00e9crit, une d\u00e9ficience visuelle (JO&nbsp;du 11 mai 2016)<\/li>\n\n\n\n<li><a href=\"https:\/\/www.legifrance.gouv.fr\/eli\/arrete\/2016\/4\/21\/AGRE1609828A\/jo\/texte\" target=\"_blank\" rel=\"noreferrer noopener\">Arr\u00eat\u00e9 du 21 avril 2016<\/a>&nbsp;relatif aux modalit\u00e9s d&#8217;examen du dipl\u00f4me du certificat d&#8217;aptitude professionnelle agricole pour les candidats de la voie de la formation professionnelle continue (JO&nbsp;du 11 mai 2016)<\/li>\n\n\n\n<li><a href=\"https:\/\/www.legifrance.gouv.fr\/eli\/arrete\/2015\/12\/31\/AGRE1531604A\/jo\/texte\" target=\"_blank\" rel=\"noreferrer noopener\">Arr\u00eat\u00e9 du 31 d\u00e9cembre 2015<\/a>&nbsp;fixant les conditions dans lesquelles les candidats ajourn\u00e9s \u00e0 une des options du certificat d\u2019aptitude professionnelle agricole \u00e0 la session 2016 peuvent se pr\u00e9senter aux sessions 2017 et 2018 du certificat d\u2019aptitude professionnelle agricole, \u00e0 la sp\u00e9cialit\u00e9 correspondante cr\u00e9\u00e9e par arr\u00eat\u00e9 du 10 juin 2015 (JO&nbsp;du 14 janvier 2015)<\/li>\n\n\n\n<li><a href=\"http:\/\/www.legifrance.gouv.fr\/eli\/arrete\/2015\/12\/31\/AGRE1531605A\/jo\/texte\" target=\"_blank\" rel=\"noreferrer noopener\">Arr\u00eat\u00e9 du 31 d\u00e9cembre 2015<\/a>&nbsp;fixant les conditions dans lesquelles les candidats ayant pr\u00e9par\u00e9 le certificat d&#8217;aptitude professionnelle agricole selon la modalit\u00e9 des unit\u00e9s capitalisables peuvent b\u00e9n\u00e9ficier d&#8217;\u00e9quivalences entre les unit\u00e9s capitalisables obtenues et les unit\u00e9s capitalisables constitutives de la sp\u00e9cialit\u00e9 correspondante cr\u00e9\u00e9e par arr\u00eat\u00e9 du 10 juin 2015 (JO&nbsp;du 14 janvier 2016)<\/li>\n\n\n\n<li><a href=\"http:\/\/www.legifrance.gouv.fr\/eli\/arrete\/2015\/12\/31\/AGRE1531609A\/jo\/texte\" target=\"_blank\" rel=\"noreferrer noopener\">Arr\u00eat\u00e9 du 31 d\u00e9cembre 2015<\/a>&nbsp;relatif \u00e0 la dispense de certaines \u00e9preuves du certificat d&#8217;aptitude professionnelle agricole pour les candidats mentionn\u00e9s au troisi\u00e8me alin\u00e9a de l&#8217;article D. 811-148-2 du code rural et de la p\u00eache maritime (JO&nbsp;du 12 janvier 2016)<\/li>\n\n\n\n<li><a href=\"http:\/\/www.legifrance.gouv.fr\/eli\/arrete\/2015\/12\/31\/AGRE1531610A\/jo\/texte\" target=\"_blank\" rel=\"noreferrer noopener\">Arr\u00eat\u00e9 du 31 d\u00e9cembre 2015<\/a>&nbsp;relatif \u00e0 la dispense de certaines \u00e9preuves du certificat d&#8217;aptitude professionnelle agricole pour les candidats mentionn\u00e9s aux articles D. 811-147-2 \u00e0 D. 811-147-4 du code rural et de la p\u00eache maritime (JO&nbsp;du 12 janvier 2016)<\/li>\n\n\n\n<li><a href=\"http:\/\/www.legifrance.gouv.fr\/eli\/decret\/2015\/11\/23\/AGRE1522046D\/jo\/texte\" target=\"_blank\" rel=\"noreferrer noopener\">D\u00e9cret n\u00b0 2015-1519<\/a>&nbsp;du 23 novembre 2015 relatif \u00e0 l&#8217;acquisition progressive du certificat d&#8217;aptitude professionnelle agricole (JO&nbsp;du 25 novembre 2015)<\/li>\n\n\n\n<li><a href=\"http:\/\/legifrance.gouv.fr\/affichTexte.do?cidTexte=JORFTEXT000030617171&amp;dateTexte=&amp;categorieLien=id\" target=\"_blank\" rel=\"noreferrer noopener\">D\u00e9cret n\u00b0 2015-555 du 19 mai 2015<\/a>&nbsp;relatif au r\u00e8glement g\u00e9n\u00e9ral du&nbsp;CAP&nbsp;agricole<\/li>\n<\/ul>\n\n\n\n<hr class=\"wp-block-separator has-alpha-channel-opacity\" \/>\n\n\n\n<h4 class=\"wp-block-heading\">Am\u00e9nagements d&#8217;\u00e9preuves<\/h4>\n\n\n\n<ul class=\"wp-block-list\">\n<li><a href=\"https:\/\/info.agriculture.gouv.fr\/gedei\/site\/bo-agri\/instruction-2022-44\" target=\"_blank\" rel=\"noreferrer noopener\">Note de service DGER\/SDPFE\/2022-44 du 13 janvier 2022<\/a>&nbsp;relative aux am\u00e9nagements d&#8217;\u00e9preuves d&#8217;examens pour les candidats en situation de handicap<br>&nbsp;<\/li>\n\n\n\n<li>Infographies repr\u00e9sentant les diff\u00e9rentes \u00e9tapes de la proc\u00e9dure\n<ul class=\"wp-block-list\">\n<li><a href=\"https:\/\/chlorofil.fr\/fileadmin\/user_upload\/02-diplomes\/examens\/amenagements-epreuv\/annexe1-proced-compl.pdf\"><strong>Proc\u00e9dure compl\u00e8te<\/strong>&nbsp;de demande d&#8217;am\u00e9nagement d&#8217;\u00e9preuves pour les candidats scolaris\u00e9s ne b\u00e9n\u00e9ficiant pas de PAI, PAP, PPS valid\u00e9 par un m\u00e9decin d\u00e9sign\u00e9 par la CDAPH et pour les candidats scolaris\u00e9s \u00e0 distance ou non scolaris\u00e9s (PDF, 100 Ko)<\/a><\/li>\n\n\n\n<li><a href=\"https:\/\/chlorofil.fr\/fileadmin\/user_upload\/02-diplomes\/examens\/amenagements-epreuv\/annexe2-proced-simpl.pdf\"><strong>Proc\u00e9dure simplifi\u00e9e<\/strong>&nbsp;pour les candidats sollicitant un am\u00e9nagement d&#8217;\u00e9preuves coh\u00e9rent avec leur PAI, PAP, PPS, valid\u00e9 par un m\u00e9decin d\u00e9sign\u00e9 par la CDAPH (PDF, 50 Ko)<\/a><br>&nbsp;<\/li>\n<\/ul>\n<\/li>\n\n\n\n<li><a href=\"https:\/\/chlorofil.fr\/fileadmin\/user_upload\/02-diplomes\/examens\/amenagements-epreuv\/doss-dde-amngt-epr-proced-compl.pdf\">Dossier de demande d&#8217;am\u00e9nagement d&#8217;\u00e9preuves&nbsp;<strong>proc\u00e9dure compl\u00e8te<\/strong>&nbsp;&#8211; version du 20 sept. 2022 (PDF, 250 Ko)<\/a>&nbsp;: ce dossier est \u00e0 renseigner par le candidat (ou son repr\u00e9sentant l\u00e9gal s&#8217;il est mineur), l&#8217;\u00e9tablissement (si le candidat est scolaris\u00e9) et&nbsp;<a href=\"https:\/\/chlorofil.fr\/fileadmin\/user_upload\/02-diplomes\/examens\/amenagements-epreuv\/avis-medical.pdf\">Avis m\u00e9dical concernant un candidat en situation de handicap se pr\u00e9sentant \u00e0 un examen de l&#8217;enseignement agricole &#8211; \u00c0 remplir par le m\u00e9decin d\u00e9sign\u00e9 par la CDAPH (PDF, 94 Ko)<\/a><br>&nbsp;<\/li>\n\n\n\n<li><a href=\"https:\/\/chlorofil.fr\/fileadmin\/user_upload\/02-diplomes\/examens\/amenagements-epreuv\/doss-dde-amngt-epr-proced-simpl.pdf\">Dossier de demande d&#8217;am\u00e9nagement d&#8217;\u00e9preuves&nbsp;<strong>proc\u00e9dure simplifi\u00e9e<\/strong>&nbsp;&#8211; version du 20 sept. 2022 (PDF, 200 Ko)<\/a><br>&nbsp;<\/li>\n\n\n\n<li>Formulaire confidentiel au format&nbsp;<a href=\"https:\/\/chlorofil.fr\/fileadmin\/user_upload\/02-diplomes\/examens\/amenagements-epreuv\/formulaire_bilan_medical.doc\">DOC (55 Ko)<\/a>,&nbsp;<a href=\"https:\/\/chlorofil.fr\/fileadmin\/user_upload\/02-diplomes\/examens\/amenagements-epreuv\/formulaire_bilan_medical.odt\">ODT (22 Ko)<\/a>&nbsp;et&nbsp;<a href=\"https:\/\/chlorofil.fr\/fileadmin\/user_upload\/02-diplomes\/examens\/amenagements-epreuv\/formulaire_bilan_medical.pdf\">PDF (<\/a><a href=\"https:\/\/chlorofil.fr\/fileadmin\/user_upload\/02-diplomes\/examens\/amenagements-epreuv\/formulaire_bilan_medical.pdf\">94 Ko)<\/a>&nbsp;: il est renseign\u00e9 par le m\u00e9decin traitant ou le m\u00e9decin scolaire<br>&nbsp;<\/li>\n\n\n\n<li><a href=\"https:\/\/chlorofil.fr\/fileadmin\/user_upload\/02-diplomes\/examens\/amenagements-epreuv\/instructions_secretaire_assistant.pdf\">Document &#8220;Instructions pour les secr\u00e9taires et assistants&#8221; (PDF, 500 Ko)<\/a><\/li>\n<\/ul>\n<\/div><\/div>\n","protected":false},"excerpt":{"rendered":"<p>Le&nbsp;CAP&nbsp;agricole est un dipl\u00f4me professionnel de niveau 3 qui se pr\u00e9pare par les trois voies de formation, scolaire, apprentissage et<\/p>\n","protected":false},"author":1884,"featured_media":0,"parent":0,"menu_order":0,"comment_status":"closed","ping_status":"closed","template":"","meta":{"footnotes":""},"class_list":["post-2790","page","type-page","status-publish","hentry"],"_links":{"self":[{"href":"https:\/\/ent2d.ac-bordeaux.fr\/disciplines\/sbssa\/wp-json\/wp\/v2\/pages\/2790","targetHints":{"allow":["GET"]}}],"collection":[{"href":"https:\/\/ent2d.ac-bordeaux.fr\/disciplines\/sbssa\/wp-json\/wp\/v2\/pages"}],"about":[{"href":"https:\/\/ent2d.ac-bordeaux.fr\/disciplines\/sbssa\/wp-json\/wp\/v2\/types\/page"}],"author":[{"embeddable":true,"href":"https:\/\/ent2d.ac-bordeaux.fr\/disciplines\/sbssa\/wp-json\/wp\/v2\/users\/1884"}],"replies":[{"embeddable":true,"href":"https:\/\/ent2d.ac-bordeaux.fr\/disciplines\/sbssa\/wp-json\/wp\/v2\/comments?post=2790"}],"version-history":[{"count":16,"href":"https:\/\/ent2d.ac-bordeaux.fr\/disciplines\/sbssa\/wp-json\/wp\/v2\/pages\/2790\/revisions"}],"predecessor-version":[{"id":2932,"href":"https:\/\/ent2d.ac-bordeaux.fr\/disciplines\/sbssa\/wp-json\/wp\/v2\/pages\/2790\/revisions\/2932"}],"wp:attachment":[{"href":"https:\/\/ent2d.ac-bordeaux.fr\/disciplines\/sbssa\/wp-json\/wp\/v2\/media?parent=2790"}],"curies":[{"name":"wp","href":"https:\/\/api.w.org\/{rel}","templated":true}]}}