{"id":2805,"date":"2025-04-01T21:59:37","date_gmt":"2025-04-01T20:59:37","guid":{"rendered":"https:\/\/ent2d.ac-bordeaux.fr\/disciplines\/physique-chimie\/?page_id=2805"},"modified":"2025-10-25T13:40:23","modified_gmt":"2025-10-25T12:40:23","slug":"eleves-a-besoins-particuliers","status":"publish","type":"page","link":"https:\/\/ent2d.ac-bordeaux.fr\/disciplines\/physique-chimie\/eleves-a-besoins-particuliers\/","title":{"rendered":"El\u00e8ves \u00e0 besoins particuliers"},"content":{"rendered":"\n<div style=\"height:33px\" aria-hidden=\"true\" class=\"wp-block-spacer\"><\/div>\n\n\n\n<h2 class=\"wp-block-heading has-medium-font-size\">Cette page contient des informations officielles ainsi que des liens vers des ressources p\u00e9dagogiques, en particulier pour adapter les activit\u00e9s exp\u00e9rimentales<\/h2>\n\n\n\n<div class=\"wp-block-columns is-layout-flex wp-container-core-columns-is-layout-28f84493 wp-block-columns-is-layout-flex\">\n<div class=\"wp-block-column is-layout-flow wp-block-column-is-layout-flow\">\n<h2 class=\"wp-block-heading has-white-color has-text-color has-background has-link-color has-medium-font-size wp-elements-41a1ef0b4dc2636eb3d8658ffc4d1430\" style=\"background:linear-gradient(90deg,rgb(6,147,227) 78%,rgb(255,255,255) 100%);line-height:0.1;text-transform:uppercase\">Des ressources p\u00e9dagogiques pour les enseignants des classes ordinaires sur \u00e9duscol<\/h2>\n\n\n\n<p style=\"font-size:18px\">Trois modules sont destin\u00e9s \u00e0 tout enseignant qui scolarise un \u00e9l\u00e8ve en situation de handicap dans sa classe afin qu&rsquo;il puisse rapidement prendre connaissance des grandes caract\u00e9ristiques du trouble de l&rsquo;\u00e9l\u00e8ve, des besoins habituellement identifi\u00e9s et des adaptations p\u00e9dagogiques \u00e0 mettre en \u0153uvre:<\/p>\n\n\n\n<ul class=\"wp-block-list\">\n<li style=\"font-size:18px\">Troubles des apprentissages (TSA)<\/li>\n\n\n\n<li style=\"font-size:18px\">Troubles envahissants du d\u00e9veloppement (TED)<\/li>\n\n\n\n<li style=\"font-size:18px\">Troubles des conduites et des comportements<\/li>\n<\/ul>\n\n\n\n<p style=\"font-size:18px\"><a href=\"https:\/\/eduscol.education.fr\/1137\/ecole-inclusive\" target=\"_blank\" rel=\"noreferrer noopener\">Acc\u00e9der<\/a> aux pages ressources \u00e9duscol<br><br>Utiliser <a href=\"https:\/\/ent2d.ac-bordeaux.fr\/disciplines\/physique-chimie\/wp-content\/uploads\/sites\/82\/2024\/12\/Differencier-une-activite-pour-des-eleves-dys.docx\" target=\"_blank\" rel=\"noreferrer noopener\">l&rsquo;intelligence artificielle<\/a> pour adapter une activit\u00e9<\/p>\n<\/div>\n<\/div>\n\n\n\n<div style=\"height:42px\" aria-hidden=\"true\" class=\"wp-block-spacer\"><\/div>\n\n\n\n<div class=\"wp-block-columns is-layout-flex wp-container-core-columns-is-layout-28f84493 wp-block-columns-is-layout-flex\">\n<div class=\"wp-block-column is-layout-flow wp-block-column-is-layout-flow\">\n<h2 class=\"wp-block-heading has-white-color has-text-color has-background has-link-color has-medium-font-size wp-elements-fc8c903ab2c21b26037645ff99fd4dba\" style=\"background:linear-gradient(90deg,rgb(6,147,227) 78%,rgb(255,255,255) 100%);line-height:0.1;text-transform:uppercase\">Examens et concours<\/h2>\n\n\n\n<p style=\"font-size:18px\">Organisation des examens et des concours pour les candidats en situation de handicap<\/p>\n\n\n\n<p style=\"font-size:18px\"><a href=\"https:\/\/www.education.gouv.fr\/bo\/15\/Hebdo31\/MENE1517584C.htm?cid_bo=91832\" data-type=\"link\" data-id=\"https:\/\/www.education.gouv.fr\/bo\/15\/Hebdo31\/MENE1517584C.htm?cid_bo=91832\" target=\"_blank\" rel=\"noreferrer noopener\">Lien vers la circulaire<\/a> n\u00b02015-127 du 3 ao\u00fbt 2015 &#8211; BO n\u00b031 du 27 ao\u00fbt 2015<\/p>\n<\/div>\n<\/div>\n\n\n\n<div style=\"height:42px\" aria-hidden=\"true\" class=\"wp-block-spacer\"><\/div>\n\n\n\n<div class=\"wp-block-columns is-layout-flex wp-container-core-columns-is-layout-28f84493 wp-block-columns-is-layout-flex\">\n<div class=\"wp-block-column is-layout-flow wp-block-column-is-layout-flow\">\n<h2 class=\"wp-block-heading has-white-color has-text-color has-background has-link-color has-medium-font-size wp-elements-9d67da42a7c5a4345be4b332dc434556\" style=\"background:linear-gradient(90deg,rgb(6,147,227) 78%,rgb(255,255,255) 100%);line-height:0.1;text-transform:uppercase\">Accessibilit\u00e9 des apprentissages en classe et pratiques inclusives<\/h2>\n\n\n\n<p style=\"font-size:18px\"><a href=\"https:\/\/centre-alain-savary.ens-lyon.fr\/CAS\/thematiques\/ecole-inclusive\/accessibilite-des-apprentissages-en-classe-et-pratiques-inclusives\" target=\"_blank\" rel=\"noreferrer noopener\">Lien vers le site du centre Alain Savary<\/a><\/p>\n\n\n\n<p style=\"font-size:18px\">L&rsquo;\u00e9ducation inclusive en France est issue d&rsquo;une s\u00e9rie d&rsquo;\u00e9tapes successives&nbsp;(ressource Centre Alain Savary)<\/p>\n\n\n\n<figure class=\"wp-block-image size-full is-resized\"><img loading=\"lazy\" decoding=\"async\" width=\"768\" height=\"465\" src=\"https:\/\/ent2d.ac-bordeaux.fr\/disciplines\/physique-chimie\/wp-content\/uploads\/sites\/82\/2025\/10\/Education-Inclusive.png\" alt=\"\" class=\"wp-image-3011\" style=\"width:514px;height:auto\" srcset=\"https:\/\/ent2d.ac-bordeaux.fr\/disciplines\/physique-chimie\/wp-content\/uploads\/sites\/82\/2025\/10\/Education-Inclusive.png 768w, https:\/\/ent2d.ac-bordeaux.fr\/disciplines\/physique-chimie\/wp-content\/uploads\/sites\/82\/2025\/10\/Education-Inclusive-300x182.png 300w, https:\/\/ent2d.ac-bordeaux.fr\/disciplines\/physique-chimie\/wp-content\/uploads\/sites\/82\/2025\/10\/Education-Inclusive-150x91.png 150w\" sizes=\"auto, (max-width: 768px) 100vw, 768px\" \/><\/figure>\n<\/div>\n<\/div>\n","protected":false},"excerpt":{"rendered":"<p>Cette page contient des informations officielles ainsi que des liens vers des ressources p\u00e9dagogiques, en particulier pour adapter les activit\u00e9s<\/p>\n","protected":false},"author":940,"featured_media":0,"parent":0,"menu_order":0,"comment_status":"closed","ping_status":"closed","template":"","meta":{"footnotes":""},"class_list":["post-2805","page","type-page","status-publish","hentry"],"_links":{"self":[{"href":"https:\/\/ent2d.ac-bordeaux.fr\/disciplines\/physique-chimie\/wp-json\/wp\/v2\/pages\/2805","targetHints":{"allow":["GET"]}}],"collection":[{"href":"https:\/\/ent2d.ac-bordeaux.fr\/disciplines\/physique-chimie\/wp-json\/wp\/v2\/pages"}],"about":[{"href":"https:\/\/ent2d.ac-bordeaux.fr\/disciplines\/physique-chimie\/wp-json\/wp\/v2\/types\/page"}],"author":[{"embeddable":true,"href":"https:\/\/ent2d.ac-bordeaux.fr\/disciplines\/physique-chimie\/wp-json\/wp\/v2\/users\/940"}],"replies":[{"embeddable":true,"href":"https:\/\/ent2d.ac-bordeaux.fr\/disciplines\/physique-chimie\/wp-json\/wp\/v2\/comments?post=2805"}],"version-history":[{"count":5,"href":"https:\/\/ent2d.ac-bordeaux.fr\/disciplines\/physique-chimie\/wp-json\/wp\/v2\/pages\/2805\/revisions"}],"predecessor-version":[{"id":3013,"href":"https:\/\/ent2d.ac-bordeaux.fr\/disciplines\/physique-chimie\/wp-json\/wp\/v2\/pages\/2805\/revisions\/3013"}],"wp:attachment":[{"href":"https:\/\/ent2d.ac-bordeaux.fr\/disciplines\/physique-chimie\/wp-json\/wp\/v2\/media?parent=2805"}],"curies":[{"name":"wp","href":"https:\/\/api.w.org\/{rel}","templated":true}]}}