{"id":2787,"date":"2025-04-01T21:30:51","date_gmt":"2025-04-01T20:30:51","guid":{"rendered":"https:\/\/ent2d.ac-bordeaux.fr\/disciplines\/physique-chimie\/?page_id=2787"},"modified":"2025-04-01T21:30:51","modified_gmt":"2025-04-01T20:30:51","slug":"mini-projets-en-serie-technologique","status":"publish","type":"page","link":"https:\/\/ent2d.ac-bordeaux.fr\/disciplines\/physique-chimie\/mini-projets-en-serie-technologique\/","title":{"rendered":"Mini projets en s\u00e9rie technologique"},"content":{"rendered":"\n<p class=\"has-medium-font-size\">Exemple de mini-projets \u00e0 mener dans les fili\u00e8res technologiques : Le voilier <a href=\"https:\/\/ent2d.ac-bordeaux.fr\/disciplines\/physique-chimie\/wp-content\/uploads\/sites\/82\/2025\/04\/STI2D_1_Voilier1_MM.docx\" target=\"_blank\" rel=\"noreferrer noopener\">(\u00e9tude \u00e9nerg\u00e9tique)<\/a>, Le voilier <a href=\"https:\/\/ent2d.ac-bordeaux.fr\/disciplines\/physique-chimie\/wp-content\/uploads\/sites\/82\/2025\/04\/STI2D_2_Voilier2_MM.docx\" target=\"_blank\" rel=\"noreferrer noopener\">(principe du sonar)<\/a>, Le <a href=\"https:\/\/ent2d.ac-bordeaux.fr\/disciplines\/physique-chimie\/wp-content\/uploads\/sites\/82\/2025\/04\/STI2D_3_chauffe_eau_MM.docx\" target=\"_blank\" rel=\"noreferrer noopener\">chauffe-eau<\/a><\/p>\n","protected":false},"excerpt":{"rendered":"<p>Exemple de mini-projets \u00e0 mener dans les fili\u00e8res technologiques : Le voilier (\u00e9tude \u00e9nerg\u00e9tique), Le voilier (principe du sonar), Le<\/p>\n","protected":false},"author":940,"featured_media":0,"parent":0,"menu_order":0,"comment_status":"closed","ping_status":"closed","template":"","meta":{"footnotes":""},"class_list":["post-2787","page","type-page","status-publish","hentry"],"_links":{"self":[{"href":"https:\/\/ent2d.ac-bordeaux.fr\/disciplines\/physique-chimie\/wp-json\/wp\/v2\/pages\/2787","targetHints":{"allow":["GET"]}}],"collection":[{"href":"https:\/\/ent2d.ac-bordeaux.fr\/disciplines\/physique-chimie\/wp-json\/wp\/v2\/pages"}],"about":[{"href":"https:\/\/ent2d.ac-bordeaux.fr\/disciplines\/physique-chimie\/wp-json\/wp\/v2\/types\/page"}],"author":[{"embeddable":true,"href":"https:\/\/ent2d.ac-bordeaux.fr\/disciplines\/physique-chimie\/wp-json\/wp\/v2\/users\/940"}],"replies":[{"embeddable":true,"href":"https:\/\/ent2d.ac-bordeaux.fr\/disciplines\/physique-chimie\/wp-json\/wp\/v2\/comments?post=2787"}],"version-history":[{"count":1,"href":"https:\/\/ent2d.ac-bordeaux.fr\/disciplines\/physique-chimie\/wp-json\/wp\/v2\/pages\/2787\/revisions"}],"predecessor-version":[{"id":2788,"href":"https:\/\/ent2d.ac-bordeaux.fr\/disciplines\/physique-chimie\/wp-json\/wp\/v2\/pages\/2787\/revisions\/2788"}],"wp:attachment":[{"href":"https:\/\/ent2d.ac-bordeaux.fr\/disciplines\/physique-chimie\/wp-json\/wp\/v2\/media?parent=2787"}],"curies":[{"name":"wp","href":"https:\/\/api.w.org\/{rel}","templated":true}]}}