{"id":2772,"date":"2025-04-01T20:34:31","date_gmt":"2025-04-01T19:34:31","guid":{"rendered":"https:\/\/ent2d.ac-bordeaux.fr\/disciplines\/physique-chimie\/?page_id=2772"},"modified":"2025-04-01T21:08:59","modified_gmt":"2025-04-01T20:08:59","slug":"caffa","status":"publish","type":"page","link":"https:\/\/ent2d.ac-bordeaux.fr\/disciplines\/physique-chimie\/caffa\/","title":{"rendered":"CAFFA"},"content":{"rendered":"\n<div style=\"height:49px\" aria-hidden=\"true\" class=\"wp-block-spacer\"><\/div>\n\n\n\n<h2 class=\"wp-block-heading has-vivid-cyan-blue-color has-text-color has-link-color wp-elements-66b092ffac14dcc7c7a7678c5feab92d\" style=\"font-size:18px\"><a href=\"#PRESENTATIONCAFFA\">-Pr\u00e9sentation du CAFFA<\/a><br><a href=\"#EPREUVESCAFFA\">-Les \u00e9preuves du CAFFA<\/a><\/h2>\n\n\n\n<hr class=\"wp-block-separator has-alpha-channel-opacity\" \/>\n\n\n\n<div style=\"height:42px\" aria-hidden=\"true\" id=\"PRESENTATIONCAFFA\" class=\"wp-block-spacer\"><\/div>\n\n\n\n<div class=\"wp-block-columns is-layout-flex wp-container-core-columns-is-layout-28f84493 wp-block-columns-is-layout-flex\">\n<div class=\"wp-block-column is-layout-flow wp-block-column-is-layout-flow\">\n<h2 class=\"wp-block-heading has-white-color has-text-color has-background has-link-color has-medium-font-size wp-elements-17824b74d252efb9dd6d1d55eb58e91b\" style=\"background:linear-gradient(90deg,rgb(6,147,227) 0%,rgb(255,255,255) 87%);line-height:0.1;text-transform:uppercase\">PR\u00e9sentation du CAFFA<\/h2>\n\n\n\n<p><strong>Certificat d&rsquo;aptitude aux fonctions de formateur acad\u00e9mique (CAFFA)<\/strong><br><br><strong>Tous les <a href=\"https:\/\/eduscol.education.fr\/423\/certificat-d-aptitude-aux-fonctions-de-formateur\" target=\"_blank\" rel=\"noreferrer noopener\">textes officiels de r\u00e9f\u00e9rence<\/a><\/strong> <strong>sur la formation des personnels enseignants et d&rsquo;\u00e9ducation:<\/strong><\/p>\n\n\n\n<ul class=\"wp-block-list\">\n<li><strong>les documents explicitant les missions des formateurs du second degr\u00e9<\/strong><\/li>\n<\/ul>\n\n\n\n<ul class=\"wp-block-list\">\n<li><strong>circulaire CAFFA n\u00b02015-110 du 21 juillet 2015<\/strong><\/li>\n<\/ul>\n\n\n\n<ul class=\"wp-block-list\">\n<li><strong>r\u00e9f\u00e9rentiel de comp\u00e9tence professionnelle du formateur (annexe 1 circulaire du 21 juillet 2015)<\/strong><\/li>\n<\/ul>\n\n\n\n<p><strong><a href=\"https:\/\/www.ac-bordeaux.fr\/certificat-d-aptitude-aux-fonctions-de-formateur-academique-caffa-121621\">Modalit\u00e9s pratiques<\/a> dans l&rsquo;acad\u00e9mie de Bordeaux<\/strong><\/p>\n<\/div>\n<\/div>\n\n\n\n<div style=\"height:42px\" aria-hidden=\"true\" id=\"EPREUVESCAFFA\" class=\"wp-block-spacer\"><\/div>\n\n\n\n<div class=\"wp-block-columns is-layout-flex wp-container-core-columns-is-layout-28f84493 wp-block-columns-is-layout-flex\">\n<div class=\"wp-block-column is-layout-flow wp-block-column-is-layout-flow\">\n<h2 class=\"wp-block-heading has-white-color has-text-color has-background has-link-color has-medium-font-size wp-elements-6856f1b07b2ad4fee4f114c671680821\" style=\"background:linear-gradient(90deg,rgb(6,147,227) 0%,rgb(255,255,255) 87%);line-height:0.1;text-transform:uppercase\">LES \u00e9preuves du CAFFA<\/h2>\n\n\n\n<p><strong>Le CAFFA s&rsquo;obtient apr\u00e8s une \u00e9preuve d&rsquo;admissibilit\u00e9 et une \u00e9preuve d&rsquo;admission, elle-m\u00eame constitu\u00e9e de deux sous \u00e9preuves:<\/strong><\/p>\n\n\n\n<p style=\"text-decoration:underline\"><strong>Epreuve d&rsquo;admissibilit\u00e9:<\/strong><\/p>\n\n\n\n<p><strong>Cette \u00e9preuve consiste en un entretien avec le jury. L&rsquo;entretien s&rsquo;appuie sur un dossier fourni par le candidat lequel comprend un rapport d&rsquo;activit\u00e9 (5 pages maximum hors annexes) et les rapports d&rsquo;\u00e9valuation (administrative et p\u00e9dagogique)<\/strong><br><br><strong>L&rsquo;entretien consiste en un expos\u00e9 de 15 minutes suivi d&rsquo;un \u00e9change de 30 minutes avec le jury<\/strong><\/p>\n\n\n\n<p style=\"text-decoration:underline\"><strong>Epreuve d&rsquo;admission:<\/strong><\/p>\n\n\n\n<p><strong>Epreuve 1 (en 2 phases):<\/strong><br><br><strong>1- Pratique professionnelle de 60 \u00e0 90 min<\/strong><\/p>\n\n\n\n<ul class=\"wp-block-list\">\n<li><strong>soit une analyse de s\u00e9ance dans le cadre du tutorat<\/strong><\/li>\n<\/ul>\n\n\n\n<ul class=\"wp-block-list\">\n<li><strong>soit une animation d&rsquo;une action de formation professionnelle, p\u00e9dagogique ou \u00e9ducative \u00e0 l&rsquo;\u00e9chelle d&rsquo;un \u00e9tablissement, d&rsquo;un district ou d&rsquo;un bassin d&rsquo;\u00e9ducation et de formation<\/strong><\/li>\n<\/ul>\n\n\n\n<p><strong>2- Entretien avec le jury (30 min)<\/strong><br><strong>La s\u00e9ance pr\u00e9c\u00e9dente est suivie d&rsquo;un entretien avec le jury<\/strong><\/p>\n\n\n\n<hr class=\"wp-block-separator has-alpha-channel-opacity is-style-wide\" \/>\n\n\n\n<p><strong>Epreuve 2 : m\u00e9moire professionnel (en 2 phases):<\/strong><br><strong>Soutenance d&rsquo;un m\u00e9moire de 20 \u00e0 30 pages hors annexes s&rsquo;appuyant sur l&rsquo;exp\u00e9rience du candidat et traitant d&rsquo;une probl\u00e9matique d&rsquo;accompagnement ou de formation<\/strong><\/p>\n<\/div>\n<\/div>\n","protected":false},"excerpt":{"rendered":"<p>-Pr\u00e9sentation du CAFFA-Les \u00e9preuves du CAFFA PR\u00e9sentation du CAFFA Certificat d&rsquo;aptitude aux fonctions de formateur acad\u00e9mique (CAFFA) Tous les textes<\/p>\n","protected":false},"author":940,"featured_media":0,"parent":0,"menu_order":0,"comment_status":"closed","ping_status":"closed","template":"","meta":{"footnotes":""},"class_list":["post-2772","page","type-page","status-publish","hentry"],"_links":{"self":[{"href":"https:\/\/ent2d.ac-bordeaux.fr\/disciplines\/physique-chimie\/wp-json\/wp\/v2\/pages\/2772","targetHints":{"allow":["GET"]}}],"collection":[{"href":"https:\/\/ent2d.ac-bordeaux.fr\/disciplines\/physique-chimie\/wp-json\/wp\/v2\/pages"}],"about":[{"href":"https:\/\/ent2d.ac-bordeaux.fr\/disciplines\/physique-chimie\/wp-json\/wp\/v2\/types\/page"}],"author":[{"embeddable":true,"href":"https:\/\/ent2d.ac-bordeaux.fr\/disciplines\/physique-chimie\/wp-json\/wp\/v2\/users\/940"}],"replies":[{"embeddable":true,"href":"https:\/\/ent2d.ac-bordeaux.fr\/disciplines\/physique-chimie\/wp-json\/wp\/v2\/comments?post=2772"}],"version-history":[{"count":2,"href":"https:\/\/ent2d.ac-bordeaux.fr\/disciplines\/physique-chimie\/wp-json\/wp\/v2\/pages\/2772\/revisions"}],"predecessor-version":[{"id":2776,"href":"https:\/\/ent2d.ac-bordeaux.fr\/disciplines\/physique-chimie\/wp-json\/wp\/v2\/pages\/2772\/revisions\/2776"}],"wp:attachment":[{"href":"https:\/\/ent2d.ac-bordeaux.fr\/disciplines\/physique-chimie\/wp-json\/wp\/v2\/media?parent=2772"}],"curies":[{"name":"wp","href":"https:\/\/api.w.org\/{rel}","templated":true}]}}