{"id":2490,"date":"2024-11-15T18:11:34","date_gmt":"2024-11-15T17:11:34","guid":{"rendered":"https:\/\/ent2d.ac-bordeaux.fr\/disciplines\/physique-chimie\/?page_id=2490"},"modified":"2025-06-28T07:34:31","modified_gmt":"2025-06-28T06:34:31","slug":"line_edunum","status":"publish","type":"page","link":"https:\/\/ent2d.ac-bordeaux.fr\/disciplines\/physique-chimie\/line_edunum\/","title":{"rendered":"LINE et EduNum"},"content":{"rendered":"\n<div style=\"height:50px\" aria-hidden=\"true\" class=\"wp-block-spacer\"><\/div>\n\n\n\n<div class=\"wp-block-columns is-layout-flex wp-container-core-columns-is-layout-28f84493 wp-block-columns-is-layout-flex\">\n<div class=\"wp-block-column is-layout-flow wp-block-column-is-layout-flow\" style=\"flex-basis:33.33%\">\n<h2 class=\"wp-block-heading\" style=\"font-size:20px\">&#8211; <a href=\"https:\/\/ent2d.ac-bordeaux.fr\/disciplines\/physique-chimie\/wp-content\/uploads\/sites\/82\/2025\/06\/PHYSIQUE-CHIMIE_LETTRE_IAN1.pdf\" target=\"_blank\" rel=\"noreferrer noopener\">LINE<\/a><\/h2>\n<\/div>\n\n\n\n<div class=\"wp-block-column is-layout-flow wp-block-column-is-layout-flow\" style=\"flex-basis:66.66%\">\n<p>Lettre d&rsquo;Information du Num\u00e9rique Educatif dans laquelle sont propos\u00e9es des ressources sp\u00e9cifiques \u00e0 notre discipline ainsi qu\u2019une attention particuli\u00e8re \u00e0 l\u2019usage de l\u2019IA au sein de son enseignement.<br>Une publication de&nbsp;<strong>S\u00e9bastien LOCHET, Interlocuteur Acad\u00e9mique du Num\u00e9rique de l\u2019Acad\u00e9mie de Bordeaux.<br><a href=\"mailto:sebastien.lochet@ac-bordeaux.fr\">sebastien.lochet@ac-bordeaux.fr<\/a><\/strong><\/p>\n<\/div>\n<\/div>\n\n\n\n<div style=\"height:50px\" aria-hidden=\"true\" class=\"wp-block-spacer\"><\/div>\n\n\n\n<div class=\"wp-block-columns is-layout-flex wp-container-core-columns-is-layout-28f84493 wp-block-columns-is-layout-flex\">\n<div class=\"wp-block-column is-layout-flow wp-block-column-is-layout-flow\" style=\"flex-basis:33.33%\">\n<h2 class=\"wp-block-heading\" style=\"font-size:20px\">&#8211; <a href=\"https:\/\/ent2d.ac-bordeaux.fr\/disciplines\/physique-chimie\/wp-content\/uploads\/sites\/82\/2025\/06\/lettre_edunum_pc37.pdf\" target=\"_blank\" rel=\"noreferrer noopener\">EduNum<\/a><\/h2>\n<\/div>\n\n\n\n<div class=\"wp-block-column is-layout-flow wp-block-column-is-layout-flow\" style=\"flex-basis:66.66%\">\n<p>Lettre destin\u00e9e aux enseignantes et aux enseignants de physique\/chimie du second degr\u00e9 et qui propose des ressources centr\u00e9es sur la question de la m\u00e9morisation : en quoi le num\u00e9rique peut-il favoriser la m\u00e9morisation active des \u00e9l\u00e8ves, dans le cadre de la discipline ? <br>Une publication de <strong>la Direction du Num\u00e9rique pour l\u2019\u00e9ducation Bureau de l\u2019accompagnement des usages et de l\u2019exp\u00e9rience utilisateur DNE &#8211; TN3<\/strong><\/p>\n<\/div>\n<\/div>\n","protected":false},"excerpt":{"rendered":"<p>&#8211; LINE Lettre d&rsquo;Information du Num\u00e9rique Educatif dans laquelle sont propos\u00e9es des ressources sp\u00e9cifiques \u00e0 notre discipline ainsi qu\u2019une attention<\/p>\n","protected":false},"author":940,"featured_media":0,"parent":0,"menu_order":0,"comment_status":"closed","ping_status":"closed","template":"","meta":{"footnotes":""},"class_list":["post-2490","page","type-page","status-publish","hentry"],"_links":{"self":[{"href":"https:\/\/ent2d.ac-bordeaux.fr\/disciplines\/physique-chimie\/wp-json\/wp\/v2\/pages\/2490","targetHints":{"allow":["GET"]}}],"collection":[{"href":"https:\/\/ent2d.ac-bordeaux.fr\/disciplines\/physique-chimie\/wp-json\/wp\/v2\/pages"}],"about":[{"href":"https:\/\/ent2d.ac-bordeaux.fr\/disciplines\/physique-chimie\/wp-json\/wp\/v2\/types\/page"}],"author":[{"embeddable":true,"href":"https:\/\/ent2d.ac-bordeaux.fr\/disciplines\/physique-chimie\/wp-json\/wp\/v2\/users\/940"}],"replies":[{"embeddable":true,"href":"https:\/\/ent2d.ac-bordeaux.fr\/disciplines\/physique-chimie\/wp-json\/wp\/v2\/comments?post=2490"}],"version-history":[{"count":11,"href":"https:\/\/ent2d.ac-bordeaux.fr\/disciplines\/physique-chimie\/wp-json\/wp\/v2\/pages\/2490\/revisions"}],"predecessor-version":[{"id":2857,"href":"https:\/\/ent2d.ac-bordeaux.fr\/disciplines\/physique-chimie\/wp-json\/wp\/v2\/pages\/2490\/revisions\/2857"}],"wp:attachment":[{"href":"https:\/\/ent2d.ac-bordeaux.fr\/disciplines\/physique-chimie\/wp-json\/wp\/v2\/media?parent=2490"}],"curies":[{"name":"wp","href":"https:\/\/api.w.org\/{rel}","templated":true}]}}