{"id":2488,"date":"2024-11-15T18:10:36","date_gmt":"2024-11-15T17:10:36","guid":{"rendered":"https:\/\/ent2d.ac-bordeaux.fr\/disciplines\/physique-chimie\/?page_id=2488"},"modified":"2026-04-06T18:40:21","modified_gmt":"2026-04-06T17:40:21","slug":"webinaires","status":"publish","type":"page","link":"https:\/\/ent2d.ac-bordeaux.fr\/disciplines\/physique-chimie\/webinaires\/","title":{"rendered":"Webinaires"},"content":{"rendered":"\n\n\n\n\n<div style=\"height:21px\" aria-hidden=\"true\" id=\"Indiv\" class=\"wp-block-spacer\"><\/div>\n\n\n\n<div class=\"wp-block-columns is-layout-flex wp-container-core-columns-is-layout-28f84493 wp-block-columns-is-layout-flex\">\n<div class=\"wp-block-column is-layout-flow wp-block-column-is-layout-flow\">\n<h2 class=\"wp-block-heading has-white-color has-text-color has-background has-link-color has-medium-font-size wp-elements-10e90519181022622f2fd2192b9850a8\" style=\"background:linear-gradient(90deg,rgb(6,147,227) 0%,rgb(255,255,255) 87%);line-height:0.1;text-transform:uppercase\"><em><strong>Ils se sont d\u00e9j\u00e0 d\u00e9roul\u00e9s<\/strong><\/em><\/h2>\n<\/div>\n<\/div>\n\n\n\n<p style=\"font-size:18px\"><strong>W\u00e9binaires 2025-2026 <\/strong><\/p>\n\n\n\n<p style=\"font-size:15px\">&#8211; Les fiches activit\u00e9-m\u00e9tier<br>&#8211; <a href=\"https:\/\/podeduc.apps.education.fr\/video\/139595-webinaire-didactique-de-la-liaison-chimique-lewis\/\" target=\"_blank\" rel=\"noreferrer noopener\">Didactique de la liaison chimique\u00a0; LEWIS <strong>(ACCESSIBLE EN REPLAY)<\/strong><\/a><br>&#8211; <a href=\"https:\/\/podeduc.apps.education.fr\/video\/139598-webinaire-les-competences-a-et-pour-enseigner\/\" target=\"_blank\" rel=\"noreferrer noopener\">Les comp\u00e9tences \u00e0 et pour enseigner <strong>(ACCESSIBLE EN REPLAY)<\/strong><\/a><br>&#8211; Les outils de lyc\u00e9e connect\u00e9<br>&#8211; Utiliser Capytale<br>&#8211; D\u00e9buter avec l\u2019IA en physique-chimie<br>&#8211; IA et conception universelle des apprentissages<br><br><\/p>\n\n\n\n<p style=\"font-size:18px\"><strong>W\u00e9binaires 2024-2025 <\/strong><\/p>\n\n\n\n<p style=\"font-size:15px\">&#8211; Les fiches activit\u00e9-m\u00e9tier<br>&#8211; L\u2019articulation connaissances-comp\u00e9tences\u00a0; la progressivit\u00e9 des comp\u00e9tences en PC<br>&#8211; Les micro-d\u00e9bats<br>&#8211; Quizz wizzard en physique-chimie<br>&#8211; QCM cam<br>&#8211; <a href=\"https:\/\/podeduc.apps.education.fr\/video\/139598-webinaire-les-competences-a-et-pour-enseigner\/\" target=\"_blank\" rel=\"noreferrer noopener\">Evaluer les comp\u00e9tences des \u00e9l\u00e8ves en enseignement scientifique  <strong>(ACCESSIBLE EN REPLAY)<\/strong><\/a><br><br><\/p>\n\n\n\n<div style=\"height:21px\" aria-hidden=\"true\" id=\"Indiv\" class=\"wp-block-spacer\"><\/div>\n\n\n\n<div class=\"wp-block-columns is-layout-flex wp-container-core-columns-is-layout-28f84493 wp-block-columns-is-layout-flex\">\n<div class=\"wp-block-column is-layout-flow wp-block-column-is-layout-flow\">\n<h2 class=\"wp-block-heading has-white-color has-text-color has-background has-link-color has-medium-font-size wp-elements-d3e4bc1122450659726ff3637ce57cf3\" style=\"background:linear-gradient(90deg,rgb(6,147,227) 0%,rgb(255,255,255) 87%);line-height:0.1;text-transform:uppercase\"><em><strong>LES W\u00e9binaires en replay<\/strong><\/em><\/h2>\n<\/div>\n<\/div>\n\n\n\n<div class=\"wp-block-columns is-layout-flex wp-container-core-columns-is-layout-28f84493 wp-block-columns-is-layout-flex\">\n<div class=\"wp-block-column is-layout-flow wp-block-column-is-layout-flow\"><iframe loading=\"lazy\" src=\"https:\/\/podeduc.apps.education.fr\/video\/139595-webinaire-didactique-de-la-liaison-chimique-lewis\/?is_iframe=true\" title=\"\" width=\"100%\" height=\"220\" scrolling=\"yes\" frameborder=\"0\" marginheight=\"0\" allowFullScreen=\"true\"><a href=\"https:\/\/podeduc.apps.education.fr\/video\/139595-webinaire-didactique-de-la-liaison-chimique-lewis\/?is_iframe=true\" target=\"_blank\">https:\/\/podeduc.apps.education.fr\/video\/139595-webinaire-didactique-de-la-liaison-chimique-lewis\/?is_iframe=true<\/a><\/iframe>\n<\/div>\n\n\n\n<div class=\"wp-block-column is-layout-flow wp-block-column-is-layout-flow\"><iframe loading=\"lazy\" src=\"https:\/\/podeduc.apps.education.fr\/video\/139598-webinaire-les-competences-a-et-pour-enseigner\/?is_iframe=true\" title=\"\" width=\"100%\" height=\"220\" scrolling=\"yes\" frameborder=\"0\" marginheight=\"0\" allowFullScreen=\"true\"><a href=\"https:\/\/podeduc.apps.education.fr\/video\/139598-webinaire-les-competences-a-et-pour-enseigner\/?is_iframe=true\" target=\"_blank\">https:\/\/podeduc.apps.education.fr\/video\/139598-webinaire-les-competences-a-et-pour-enseigner\/?is_iframe=true<\/a><\/iframe>\n<\/div>\n\n\n\n<div class=\"wp-block-column is-layout-flow wp-block-column-is-layout-flow\"><\/div>\n<\/div>\n\n\n\n<div style=\"height:21px\" aria-hidden=\"true\" id=\"Indiv\" class=\"wp-block-spacer\"><\/div>\n","protected":false},"excerpt":{"rendered":"<p>Il est encore temps de vous inscrire Webinaire \u00ab\u00a0Fiches activit\u00e9s m\u00e9tiers\u00a0\u00bb Date du webinaire: 06\/11\/2025Horaire: 18h00 \u00e0 19h00Date limite de<\/p>\n","protected":false},"author":940,"featured_media":0,"parent":0,"menu_order":0,"comment_status":"closed","ping_status":"closed","template":"","meta":{"footnotes":""},"class_list":["post-2488","page","type-page","status-publish","hentry"],"_links":{"self":[{"href":"https:\/\/ent2d.ac-bordeaux.fr\/disciplines\/physique-chimie\/wp-json\/wp\/v2\/pages\/2488","targetHints":{"allow":["GET"]}}],"collection":[{"href":"https:\/\/ent2d.ac-bordeaux.fr\/disciplines\/physique-chimie\/wp-json\/wp\/v2\/pages"}],"about":[{"href":"https:\/\/ent2d.ac-bordeaux.fr\/disciplines\/physique-chimie\/wp-json\/wp\/v2\/types\/page"}],"author":[{"embeddable":true,"href":"https:\/\/ent2d.ac-bordeaux.fr\/disciplines\/physique-chimie\/wp-json\/wp\/v2\/users\/940"}],"replies":[{"embeddable":true,"href":"https:\/\/ent2d.ac-bordeaux.fr\/disciplines\/physique-chimie\/wp-json\/wp\/v2\/comments?post=2488"}],"version-history":[{"count":19,"href":"https:\/\/ent2d.ac-bordeaux.fr\/disciplines\/physique-chimie\/wp-json\/wp\/v2\/pages\/2488\/revisions"}],"predecessor-version":[{"id":3141,"href":"https:\/\/ent2d.ac-bordeaux.fr\/disciplines\/physique-chimie\/wp-json\/wp\/v2\/pages\/2488\/revisions\/3141"}],"wp:attachment":[{"href":"https:\/\/ent2d.ac-bordeaux.fr\/disciplines\/physique-chimie\/wp-json\/wp\/v2\/media?parent=2488"}],"curies":[{"name":"wp","href":"https:\/\/api.w.org\/{rel}","templated":true}]}}