{"id":2374,"date":"2024-09-11T17:53:24","date_gmt":"2024-09-11T16:53:24","guid":{"rendered":"https:\/\/ent2d.ac-bordeaux.fr\/disciplines\/physique-chimie\/?page_id=2374"},"modified":"2025-09-03T17:40:00","modified_gmt":"2025-09-03T16:40:00","slug":"lettres-de-rentree","status":"publish","type":"page","link":"https:\/\/ent2d.ac-bordeaux.fr\/disciplines\/physique-chimie\/lettres-de-rentree\/","title":{"rendered":"Lettres de rentr\u00e9e"},"content":{"rendered":"\n<h2 class=\"wp-block-heading has-medium-font-size\">Consultez les lettres de rentr\u00e9e 2025-2026 des IA-IPR de physique chimie.<br><\/h2>\n\n\n\n<div class=\"wp-block-columns is-layout-flex wp-container-core-columns-is-layout-28f84493 wp-block-columns-is-layout-flex\">\n<div class=\"wp-block-column is-layout-flow wp-block-column-is-layout-flow\">\n<h2 class=\"wp-block-heading has-text-align-center has-vivid-cyan-blue-color has-text-color has-link-color wp-elements-ea268ffb7e7b379342dcd9b8a7a1df6c\" style=\"font-size:25px\"><strong>Coll\u00e8ge<\/strong><\/h2>\n\n\n\n<h2 class=\"wp-block-heading has-text-align-center has-medium-font-size\"><a href=\"https:\/\/ent2d.ac-bordeaux.fr\/disciplines\/physique-chimie\/wp-content\/uploads\/sites\/82\/2025\/09\/Lettre-Physique-Chimie-Colleges-25-26.pdf\" target=\"_blank\" rel=\"noreferrer noopener\">Lettre de rentr\u00e9e<\/a><\/h2>\n\n\n\n<p>Pr\u00e9cision : Enqu\u00eate de rentr\u00e9e <br>&#8211; Nous demandons \u00e0 chaque enseignant de coll\u00e8ge de remplir, en ce d\u00e9but d&rsquo;ann\u00e9e, l\u2019enqu\u00eate en ligne accessible \u00e0 l\u2019adresse <a href=\"https:\/\/questionnaire.apps.education.fr\/visualizer\/zYvW2WFmD2qoMdqNN\" target=\"_blank\" rel=\"noreferrer noopener\">https:\/\/questionnaire.apps.education.fr\/visualizer\/zYvW2WFmD2qoMdqNN<\/a><\/p>\n\n\n\n<div class=\"wp-block-columns is-layout-flex wp-container-core-columns-is-layout-28f84493 wp-block-columns-is-layout-flex\">\n<div class=\"wp-block-column is-layout-flow wp-block-column-is-layout-flow\" style=\"flex-basis:66.66%\">\n<p>Il est \u00e9galement possible de remplir l\u2019enqu\u00eate avec un smartphone en scannant le Qr code<\/p>\n<\/div>\n\n\n\n<div class=\"wp-block-column is-layout-flow wp-block-column-is-layout-flow\" style=\"flex-basis:33.33%\">\n<figure class=\"wp-block-image size-full is-resized\"><img loading=\"lazy\" decoding=\"async\" width=\"300\" height=\"300\" src=\"https:\/\/ent2d.ac-bordeaux.fr\/disciplines\/physique-chimie\/wp-content\/uploads\/sites\/82\/2025\/09\/Enquete-College-25.png\" alt=\"\" class=\"wp-image-2923\" style=\"width:112px;height:auto\" srcset=\"https:\/\/ent2d.ac-bordeaux.fr\/disciplines\/physique-chimie\/wp-content\/uploads\/sites\/82\/2025\/09\/Enquete-College-25.png 300w, https:\/\/ent2d.ac-bordeaux.fr\/disciplines\/physique-chimie\/wp-content\/uploads\/sites\/82\/2025\/09\/Enquete-College-25-150x150.png 150w\" sizes=\"auto, (max-width: 300px) 100vw, 300px\" \/><\/figure>\n<\/div>\n<\/div>\n<\/div>\n\n\n\n<div class=\"wp-block-column is-layout-flow wp-block-column-is-layout-flow\">\n<h2 class=\"wp-block-heading has-text-align-center has-vivid-cyan-blue-color has-text-color has-link-color wp-elements-01f14d7bb8b5f63a8394e72dd2c64a84\" style=\"font-size:25px\"><strong>Lyc\u00e9e<\/strong><\/h2>\n\n\n\n<h2 class=\"wp-block-heading has-text-align-center has-medium-font-size\"><a href=\"https:\/\/ent2d.ac-bordeaux.fr\/disciplines\/physique-chimie\/wp-content\/uploads\/sites\/82\/2025\/09\/Lettre-Physique-Chimie-Lycees-25-26.pdf\" target=\"_blank\" rel=\"noreferrer noopener\">Lettre de rentr\u00e9e<\/a><\/h2>\n\n\n\n<p>Pr\u00e9cisions : <br>-Pour les coordonnateurs disciplinaires, merci de remplir le <a href=\"https:\/\/ent2d.ac-bordeaux.fr\/disciplines\/physique-chimie\/wp-content\/uploads\/sites\/82\/2025\/09\/Enquete-niveaux-enseignes-LYCEE-2025-2026.xls\" target=\"_blank\" rel=\"noreferrer noopener\">fichier enqu\u00eate<\/a> apr\u00e8s l\u2019avoir renomm\u00e9 sous la forme :<br><em>num\u00e9ro d\u00e9partement-VILLE-NOM ETABLISSEMENT (ex : 33-LANGON-JEAN MOULIN).<\/em><br>(merci de laisser le format tableur et de ne pas enlever ni fusionner de cellule).<br><strong>Ce fichier est \u00e0 d\u00e9poser avant le 30 septembre 2025 dans un r\u00e9pertoire en ligne en suivant le lien ci-dessous :<br><a href=\"https:\/\/nuage01.apps.education.fr\/index.php\/s\/w7MfiSRe4bZfCKP\" target=\"_blank\" rel=\"noreferrer noopener\">https:\/\/nuage01.apps.education.fr\/index.php\/s\/w7MfiSRe4bZfCKP<\/a><\/strong><br><br>-Pour la voie STL, l\u2019<a href=\"https:\/\/ent2d.ac-bordeaux.fr\/disciplines\/physique-chimie\/wp-content\/uploads\/sites\/82\/2025\/09\/Enquete-STL-2025-2026.xls\" target=\"_blank\" rel=\"noreferrer noopener\">enqu\u00eate compl\u00e9mentaire<\/a>  est aussi \u00e0 renvoyer <strong>uniquement par les \u00e9tablissements concern\u00e9s<\/strong> \u00e0 l\u2019adresse <strong><a href=\"mailto:Christophe.Berthier-Belleard@ac-bordeaux.fr\">Christophe.Berthier-Belleard@ac-bordeaux.fr<\/a> avant le 30<br>septembre 202<\/strong>5<\/p>\n\n\n\n<div class=\"wp-block-columns is-layout-flex wp-container-core-columns-is-layout-28f84493 wp-block-columns-is-layout-flex\">\n<div class=\"wp-block-column is-layout-flow wp-block-column-is-layout-flow\">\n<figure class=\"wp-block-image aligncenter size-full is-resized\"><a href=\"https:\/\/ent2d.ac-bordeaux.fr\/disciplines\/physique-chimie\/wp-content\/uploads\/sites\/82\/2025\/09\/Enquete-niveaux-enseignes-LYCEE-2025-2026.xls\" target=\"_blank\" rel=\"noreferrer noopener\"><img loading=\"lazy\" decoding=\"async\" width=\"800\" height=\"983\" src=\"https:\/\/ent2d.ac-bordeaux.fr\/disciplines\/physique-chimie\/wp-content\/uploads\/sites\/82\/2024\/05\/PDF_Icone.png\" alt=\"\" class=\"wp-image-2167\" style=\"width:51px;height:auto\" srcset=\"https:\/\/ent2d.ac-bordeaux.fr\/disciplines\/physique-chimie\/wp-content\/uploads\/sites\/82\/2024\/05\/PDF_Icone.png 800w, https:\/\/ent2d.ac-bordeaux.fr\/disciplines\/physique-chimie\/wp-content\/uploads\/sites\/82\/2024\/05\/PDF_Icone-244x300.png 244w, https:\/\/ent2d.ac-bordeaux.fr\/disciplines\/physique-chimie\/wp-content\/uploads\/sites\/82\/2024\/05\/PDF_Icone-122x150.png 122w, https:\/\/ent2d.ac-bordeaux.fr\/disciplines\/physique-chimie\/wp-content\/uploads\/sites\/82\/2024\/05\/PDF_Icone-768x944.png 768w\" sizes=\"auto, (max-width: 800px) 100vw, 800px\" \/><\/a><figcaption class=\"wp-element-caption\">Fichier enqu\u00eate<\/figcaption><\/figure>\n<\/div>\n\n\n\n<div class=\"wp-block-column is-layout-flow wp-block-column-is-layout-flow\">\n<figure class=\"wp-block-image aligncenter size-full is-resized\"><a href=\"https:\/\/ent2d.ac-bordeaux.fr\/disciplines\/physique-chimie\/wp-content\/uploads\/sites\/82\/2025\/09\/Enquete-STL-2025-2026.xls\" target=\"_blank\" rel=\"noreferrer noopener\"><img loading=\"lazy\" decoding=\"async\" width=\"800\" height=\"983\" src=\"https:\/\/ent2d.ac-bordeaux.fr\/disciplines\/physique-chimie\/wp-content\/uploads\/sites\/82\/2024\/05\/PDF_Icone.png\" alt=\"\" class=\"wp-image-2167\" style=\"width:51px;height:auto\" srcset=\"https:\/\/ent2d.ac-bordeaux.fr\/disciplines\/physique-chimie\/wp-content\/uploads\/sites\/82\/2024\/05\/PDF_Icone.png 800w, https:\/\/ent2d.ac-bordeaux.fr\/disciplines\/physique-chimie\/wp-content\/uploads\/sites\/82\/2024\/05\/PDF_Icone-244x300.png 244w, https:\/\/ent2d.ac-bordeaux.fr\/disciplines\/physique-chimie\/wp-content\/uploads\/sites\/82\/2024\/05\/PDF_Icone-122x150.png 122w, https:\/\/ent2d.ac-bordeaux.fr\/disciplines\/physique-chimie\/wp-content\/uploads\/sites\/82\/2024\/05\/PDF_Icone-768x944.png 768w\" sizes=\"auto, (max-width: 800px) 100vw, 800px\" \/><\/a><figcaption class=\"wp-element-caption\">Fichier enqu\u00eate STL<\/figcaption><\/figure>\n<\/div>\n<\/div>\n<\/div>\n<\/div>\n","protected":false},"excerpt":{"rendered":"<p>Consultez les lettres de rentr\u00e9e 2025-2026 des IA-IPR de physique chimie. Coll\u00e8ge Lettre de rentr\u00e9e Pr\u00e9cision : Enqu\u00eate de rentr\u00e9e<\/p>\n","protected":false},"author":940,"featured_media":0,"parent":0,"menu_order":0,"comment_status":"closed","ping_status":"closed","template":"","meta":{"footnotes":""},"class_list":["post-2374","page","type-page","status-publish","hentry"],"_links":{"self":[{"href":"https:\/\/ent2d.ac-bordeaux.fr\/disciplines\/physique-chimie\/wp-json\/wp\/v2\/pages\/2374","targetHints":{"allow":["GET"]}}],"collection":[{"href":"https:\/\/ent2d.ac-bordeaux.fr\/disciplines\/physique-chimie\/wp-json\/wp\/v2\/pages"}],"about":[{"href":"https:\/\/ent2d.ac-bordeaux.fr\/disciplines\/physique-chimie\/wp-json\/wp\/v2\/types\/page"}],"author":[{"embeddable":true,"href":"https:\/\/ent2d.ac-bordeaux.fr\/disciplines\/physique-chimie\/wp-json\/wp\/v2\/users\/940"}],"replies":[{"embeddable":true,"href":"https:\/\/ent2d.ac-bordeaux.fr\/disciplines\/physique-chimie\/wp-json\/wp\/v2\/comments?post=2374"}],"version-history":[{"count":7,"href":"https:\/\/ent2d.ac-bordeaux.fr\/disciplines\/physique-chimie\/wp-json\/wp\/v2\/pages\/2374\/revisions"}],"predecessor-version":[{"id":2928,"href":"https:\/\/ent2d.ac-bordeaux.fr\/disciplines\/physique-chimie\/wp-json\/wp\/v2\/pages\/2374\/revisions\/2928"}],"wp:attachment":[{"href":"https:\/\/ent2d.ac-bordeaux.fr\/disciplines\/physique-chimie\/wp-json\/wp\/v2\/media?parent=2374"}],"curies":[{"name":"wp","href":"https:\/\/api.w.org\/{rel}","templated":true}]}}