{"id":2240,"date":"2024-07-23T22:42:09","date_gmt":"2024-07-23T21:42:09","guid":{"rendered":"https:\/\/ent2d.ac-bordeaux.fr\/disciplines\/physique-chimie\/?page_id=2240"},"modified":"2024-09-08T12:03:37","modified_gmt":"2024-09-08T11:03:37","slug":"enseignants-stagiaires","status":"publish","type":"page","link":"https:\/\/ent2d.ac-bordeaux.fr\/disciplines\/physique-chimie\/enseignants-stagiaires\/","title":{"rendered":"Enseignants stagiaires"},"content":{"rendered":"\n<div style=\"height:62px\" aria-hidden=\"true\" class=\"wp-block-spacer\"><\/div>\n\n\n\n<h2 class=\"wp-block-heading has-medium-font-size\">Dans le cadre de la formation des enseignants stagiaires, ci-dessous deux documents disponibles:<\/h2>\n\n\n\n<div class=\"wp-block-columns is-layout-flex wp-container-core-columns-is-layout-28f84493 wp-block-columns-is-layout-flex\">\n<div class=\"wp-block-column is-layout-flow wp-block-column-is-layout-flow\" style=\"flex-basis:2%\"><\/div>\n\n\n\n<div class=\"wp-block-column is-layout-flow wp-block-column-is-layout-flow\" style=\"flex-basis:66.66%\">\n<h4 class=\"wp-block-heading\" style=\"font-size:20px\">-Explication des conditions, de l&rsquo;accompagnement et de l&rsquo;\u00e9valuation du stage : <a href=\"https:\/\/ent2d.ac-bordeaux.fr\/disciplines\/physique-chimie\/wp-content\/uploads\/sites\/82\/2024\/09\/Le-MEMO-du-tuteur-2024-2025.pdf\" target=\"_blank\" rel=\"noreferrer noopener\">Le m\u00e9mo du tuteur<\/a><\/h4>\n<\/div>\n<\/div>\n\n\n\n<div class=\"wp-block-columns is-layout-flex wp-container-core-columns-is-layout-28f84493 wp-block-columns-is-layout-flex\">\n<div class=\"wp-block-column is-layout-flow wp-block-column-is-layout-flow\" style=\"flex-basis:2%\"><\/div>\n\n\n\n<div class=\"wp-block-column is-layout-flow wp-block-column-is-layout-flow\" style=\"flex-basis:66.66%\">\n<h2 class=\"wp-block-heading has-medium-font-size\">-Aide \u00e0 l&rsquo;analyse et la r\u00e9flexion des pratiques enseignantes : <a href=\"https:\/\/neo.ens-lyon.fr\/neo\/formation\" data-type=\"link\" data-id=\"https:\/\/neo.ens-lyon.fr\/neo\/formation\" target=\"_blank\" rel=\"noreferrer noopener\">outils d&rsquo;analyse et sc\u00e9narios d&rsquo;utilisation sur le site N\u00e9opass@ction<\/a><\/h2>\n<\/div>\n<\/div>\n\n\n\n<div style=\"height:37px\" aria-hidden=\"true\" class=\"wp-block-spacer\"><\/div>\n\n\n\n<h2 class=\"wp-block-heading has-medium-font-size\">Le tableau ci-dessous pr\u00e9sente les conditions de pr\u00e9sence dans les classes des stagiaires laur\u00e9ats du concours et les modalit\u00e9s de leur formation :<\/h2>\n\n\n\n<div class=\"wp-block-columns has-background is-layout-flex wp-container-core-columns-is-layout-28f84493 wp-block-columns-is-layout-flex\" style=\"background-color:#d8dadc3b\">\n<div class=\"wp-block-column is-layout-flow wp-block-column-is-layout-flow\">\n<p style=\"font-size:18px\">Laur\u00e9ats de concours externes titulaires d\u2019un Master 2 MEEF. <br>Laur\u00e9ats de concours internes justifiant de 3 ann\u00e9es d\u2019exp\u00e9riences \u00e0 la publication des r\u00e9sultats.<\/p>\n<\/div>\n\n\n\n<div class=\"wp-block-column is-layout-flow wp-block-column-is-layout-flow\" style=\"padding-top:0;padding-bottom:0\">\n<p style=\"font-size:18px\"><em>Stagiaires \u00e0 temps plein.<br>Formation de 72 h (12 jours) assur\u00e9e par l\u2019INSPE et l\u2019EAFC r\u00e9partie sur l\u2019ann\u00e9e.<br>Pr\u00e9sence d\u2019un tuteur de terrain.<\/em><\/p>\n<\/div>\n<\/div>\n\n\n\n<div style=\"height:10px\" aria-hidden=\"true\" class=\"wp-block-spacer\"><\/div>\n\n\n\n<div class=\"wp-block-columns has-background is-layout-flex wp-container-core-columns-is-layout-28f84493 wp-block-columns-is-layout-flex\" style=\"background-color:#d8dadc3b\">\n<div class=\"wp-block-column is-layout-flow wp-block-column-is-layout-flow\">\n<p style=\"font-size:18px\">Laur\u00e9ats de concours externes et titulaires d\u2019un Master 2 autre que MEEF.<\/p>\n<\/div>\n\n\n\n<div class=\"wp-block-column is-layout-flow wp-block-column-is-layout-flow\" style=\"padding-top:0;padding-bottom:0\">\n<p style=\"font-size:18px\"><em>Stagiaires \u00e0 mi-temps en \u00e9tablissement et \u00e0 mi-temps en formation mise en \u0153uvre par l\u2019INSPE.<br>Pr\u00e9sence d\u2019un tuteur de terrain.<\/em><\/p>\n<\/div>\n<\/div>\n\n\n\n<div style=\"height:97px\" aria-hidden=\"true\" class=\"wp-block-spacer\"><\/div>\n\n\n\n<h2 class=\"wp-block-heading has-medium-font-size\">Le tableau ci-dessous pr\u00e9sente les conditions de pr\u00e9sence dans les classes des \u00e9tudiants en Master MEEF :<\/h2>\n\n\n\n<div class=\"wp-block-columns has-background is-layout-flex wp-container-core-columns-is-layout-28f84493 wp-block-columns-is-layout-flex\" style=\"background-color:#d8dadc3b\">\n<div class=\"wp-block-column is-layout-flow wp-block-column-is-layout-flow\">\n<p style=\"font-size:18px\">Stage d\u2019observation et de pratique accompagn\u00e9e (SOPA) des \u00e9tudiants en Master 1 MEEF.<\/p>\n<\/div>\n\n\n\n<div class=\"wp-block-column is-layout-flow wp-block-column-is-layout-flow\" style=\"padding-top:0;padding-bottom:0\">\n<p style=\"font-size:18px\"><em>Observation et intervention dans les classes d\u2019un enseignant tuteur durant quatre sessions:<\/em> <\/p>\n\n\n\n<ul class=\"wp-block-list\">\n<li style=\"font-size:18px\"><em>deux fois deux semaines dans sa discipline (en novembre et en mars)<\/em><\/li>\n<\/ul>\n\n\n\n<ul class=\"wp-block-list\">\n<li style=\"font-size:18px\"><em>deux fois une semaine (stages transversaux en janvier et mai) dans quatre \u00e9tablissements diff\u00e9rents.<\/em><\/li>\n<\/ul>\n<\/div>\n<\/div>\n\n\n\n<div style=\"height:10px\" aria-hidden=\"true\" class=\"wp-block-spacer\"><\/div>\n\n\n\n<div class=\"wp-block-columns has-background is-layout-flex wp-container-core-columns-is-layout-28f84493 wp-block-columns-is-layout-flex\" style=\"background-color:#d8dadc3b\">\n<div class=\"wp-block-column is-layout-flow wp-block-column-is-layout-flow\">\n<p style=\"font-size:18px\">Stage de pratique accompagn\u00e9e (SPA) des \u00e9tudiants en Master 2 MEEF.<\/p>\n<\/div>\n\n\n\n<div class=\"wp-block-column is-layout-flow wp-block-column-is-layout-flow\" style=\"padding-top:0;padding-bottom:0\">\n<p style=\"font-size:18px\"><em>Observation et intervention en classe deux jours par semaine (lundi et mardi) de la fin du mois de septembre \u00e0 la fin de l&rsquo;ann\u00e9e dans les classes d\u2019un enseignant tuteur.<\/em><\/p>\n<\/div>\n<\/div>\n\n\n\n<div style=\"height:10px\" aria-hidden=\"true\" class=\"wp-block-spacer\"><\/div>\n\n\n\n<div class=\"wp-block-columns has-background is-layout-flex wp-container-core-columns-is-layout-28f84493 wp-block-columns-is-layout-flex\" style=\"background-color:#d8dadc3b\">\n<div class=\"wp-block-column is-layout-flow wp-block-column-is-layout-flow\">\n<p style=\"font-size:18px\">Stage de contrat alternant. Enseignant contractuel alternant. Demande formul\u00e9e par l\u2019\u00e9tudiant en Master 2 MEEF (cela ne concerne que peu d\u2019\u00e9tudiants).<\/p>\n<\/div>\n\n\n\n<div class=\"wp-block-column is-layout-flow wp-block-column-is-layout-flow\" style=\"padding-top:0;padding-bottom:0\">\n<p style=\"font-size:18px\"><em>Stage en responsabilit\u00e9 \u00e0 hauteur d\u2019un tiers-temps (service de 6h devant \u00e9l\u00e8ve) en \u00e9tablissement. L\u2019\u00e9tudiant assure les enseignements en pleine responsabilit\u00e9 dans ses propres classes. Son affectation n\u00e9cessite une validation de l\u2019inspection.<\/em><br>L\u2019\u00e9tudiant professeur contractuel alternant b\u00e9n\u00e9ficie d\u2019un double tutorat assur\u00e9 par un tuteur de terrain (g\u00e9n\u00e9ralement de son \u00e9tablissement d\u2019affectation) et par un tuteur INSPE.<\/p>\n<\/div>\n<\/div>\n","protected":false},"excerpt":{"rendered":"<p>Dans le cadre de la formation des enseignants stagiaires, ci-dessous deux documents disponibles: -Explication des conditions, de l&rsquo;accompagnement et de<\/p>\n","protected":false},"author":940,"featured_media":0,"parent":0,"menu_order":0,"comment_status":"closed","ping_status":"closed","template":"","meta":{"footnotes":""},"class_list":["post-2240","page","type-page","status-publish","hentry"],"_links":{"self":[{"href":"https:\/\/ent2d.ac-bordeaux.fr\/disciplines\/physique-chimie\/wp-json\/wp\/v2\/pages\/2240","targetHints":{"allow":["GET"]}}],"collection":[{"href":"https:\/\/ent2d.ac-bordeaux.fr\/disciplines\/physique-chimie\/wp-json\/wp\/v2\/pages"}],"about":[{"href":"https:\/\/ent2d.ac-bordeaux.fr\/disciplines\/physique-chimie\/wp-json\/wp\/v2\/types\/page"}],"author":[{"embeddable":true,"href":"https:\/\/ent2d.ac-bordeaux.fr\/disciplines\/physique-chimie\/wp-json\/wp\/v2\/users\/940"}],"replies":[{"embeddable":true,"href":"https:\/\/ent2d.ac-bordeaux.fr\/disciplines\/physique-chimie\/wp-json\/wp\/v2\/comments?post=2240"}],"version-history":[{"count":35,"href":"https:\/\/ent2d.ac-bordeaux.fr\/disciplines\/physique-chimie\/wp-json\/wp\/v2\/pages\/2240\/revisions"}],"predecessor-version":[{"id":2372,"href":"https:\/\/ent2d.ac-bordeaux.fr\/disciplines\/physique-chimie\/wp-json\/wp\/v2\/pages\/2240\/revisions\/2372"}],"wp:attachment":[{"href":"https:\/\/ent2d.ac-bordeaux.fr\/disciplines\/physique-chimie\/wp-json\/wp\/v2\/media?parent=2240"}],"curies":[{"name":"wp","href":"https:\/\/api.w.org\/{rel}","templated":true}]}}