{"id":2160,"date":"2024-05-14T20:32:34","date_gmt":"2024-05-14T19:32:34","guid":{"rendered":"https:\/\/ent2d.ac-bordeaux.fr\/disciplines\/sciences-physiques-bas\/?page_id=2160"},"modified":"2024-08-29T11:38:43","modified_gmt":"2024-08-29T10:38:43","slug":"cartes-memoire","status":"publish","type":"page","link":"https:\/\/ent2d.ac-bordeaux.fr\/disciplines\/physique-chimie\/cartes-memoire\/","title":{"rendered":"Cartes m\u00e9moire"},"content":{"rendered":"\n<p>Les sciences cognitives nous apprennent qu\u2019il n\u2019existe pas d\u2019apprentissage sans m\u00e9morisation. Les cartes m\u00e9moire (ou flash cards) non seulement favorisent la m\u00e9morisation mais \u00e9galement la compr\u00e9hension des notions, concepts et mod\u00e8les.&nbsp;<\/p>\n\n\n\n<p>Les ressources ici propos\u00e9es sont des exemples de cartes m\u00e9moire class\u00e9es par th\u00e8mes et sous-th\u00e8mes des programmes de coll\u00e8ge&nbsp;du cycle 3 au cycle 4. Certaines permettent d\u2019aller au-del\u00e0 des programmes et participent \u00e0 \u00e9veiller une certaine curiosit\u00e9 scientifique (cartes <em>Pour aller plus loin<\/em>).<\/p>\n\n\n\n<p>Les \u00e9l\u00e8ves peuvent les utiliser suivant diff\u00e9rentes modalit\u00e9s&nbsp;: individuellement, en bin\u00f4mes ou par groupes, dans le cadre de jeux, d\u2019interrogations, \u00e0 la maison, etc. En cas d\u2019\u00e9chec \u00e0 une question, ils sont encourag\u00e9s \u00e0 revoir le cours ou \u00e0 interroger leurs professeurs pour plus d\u2019explication.<\/p>\n\n\n\n<p>Ces cartes m\u00e9moire ont \u00e9t\u00e9 con\u00e7ues par des enseignants formateurs de l\u2019acad\u00e9mie de Bordeaux sous l\u2019impulsion de Philippe CORFMAT&nbsp;: C\u00e9line PESSOLES, St\u00e9phanie VALLAIN, Fran\u00e7ois CHAMPIGNEUL<\/p>\n\n\n\n<div class=\"wp-block-columns is-layout-flex wp-container-core-columns-is-layout-28f84493 wp-block-columns-is-layout-flex\">\n<div class=\"wp-block-column is-layout-flow wp-block-column-is-layout-flow\" style=\"flex-basis:66.66%\">\n<p class=\"has-text-align-right\" style=\"font-size:18px\"><strong><a href=\"https:\/\/ent2d.ac-bordeaux.fr\/disciplines\/sciences-physiques-bas\/wp-content\/uploads\/sites\/82\/2024\/05\/Presentation.pdf\" data-type=\"link\" data-id=\"https:\/\/ent2d.ac-bordeaux.fr\/disciplines\/sciences-physiques\/wp-content\/uploads\/sites\/7\/2024\/04\/Presentation.pdf\" target=\"_blank\" rel=\"noreferrer noopener\">Pr\u00e9sentation plus d\u00e9taill\u00e9e de ces ressources<\/a><\/strong><\/p>\n<\/div>\n\n\n\n<div class=\"wp-block-column is-layout-flow wp-block-column-is-layout-flow\" style=\"flex-basis:33.33%\">\n<figure class=\"wp-block-image size-full is-resized\"><a href=\"https:\/\/ent2d.ac-bordeaux.fr\/disciplines\/sciences-physiques-bas\/wp-content\/uploads\/sites\/82\/2024\/05\/Presentation.pdf\" target=\"_blank\" rel=\"noreferrer noopener\"><img loading=\"lazy\" decoding=\"async\" width=\"800\" height=\"983\" src=\"https:\/\/ent2d.ac-bordeaux.fr\/disciplines\/sciences-physiques-bas\/wp-content\/uploads\/sites\/82\/2024\/05\/PDF_Icone.png\" alt=\"\" class=\"wp-image-2167\" style=\"width:37px;height:auto\" srcset=\"https:\/\/ent2d.ac-bordeaux.fr\/disciplines\/physique-chimie\/wp-content\/uploads\/sites\/82\/2024\/05\/PDF_Icone.png 800w, https:\/\/ent2d.ac-bordeaux.fr\/disciplines\/physique-chimie\/wp-content\/uploads\/sites\/82\/2024\/05\/PDF_Icone-244x300.png 244w, https:\/\/ent2d.ac-bordeaux.fr\/disciplines\/physique-chimie\/wp-content\/uploads\/sites\/82\/2024\/05\/PDF_Icone-122x150.png 122w, https:\/\/ent2d.ac-bordeaux.fr\/disciplines\/physique-chimie\/wp-content\/uploads\/sites\/82\/2024\/05\/PDF_Icone-768x944.png 768w\" sizes=\"auto, (max-width: 800px) 100vw, 800px\" \/><\/a><\/figure>\n<\/div>\n<\/div>\n\n\n\n<div style=\"height:35px\" aria-hidden=\"true\" class=\"wp-block-spacer\"><\/div>\n\n\n\n<div class=\"wp-block-columns is-layout-flex wp-container-core-columns-is-layout-28f84493 wp-block-columns-is-layout-flex\">\n<div class=\"wp-block-column is-layout-flow wp-block-column-is-layout-flow\" style=\"flex-basis:66.66%\">\n<h2 class=\"wp-block-heading\" style=\"font-size:28px\"><strong>THEMES DU PROGRAMME DE COLLEGE<\/strong><\/h2>\n<\/div>\n\n\n\n<div class=\"wp-block-column is-layout-flow wp-block-column-is-layout-flow\" style=\"flex-basis:33.33%\">\n<h2 class=\"wp-block-heading\" style=\"font-size:27px\"><strong>CARTES MEMOIRE<\/strong><\/h2>\n<\/div>\n<\/div>\n\n\n\n<hr class=\"wp-block-separator has-alpha-channel-opacity is-style-wide\" style=\"margin-top:var(--wp--preset--spacing--40);margin-bottom:var(--wp--preset--spacing--40)\" \/>\n\n\n\n<h3 class=\"wp-block-heading has-vivid-cyan-blue-color has-text-color has-link-color wp-elements-b64bff79fa3a5efcfe2c6059d2859d27\" style=\"font-size:20px\"><strong>Organisation et transformations de la mati\u00e8re<\/strong><\/h3>\n\n\n\n<div class=\"wp-block-columns is-layout-flex wp-container-core-columns-is-layout-28f84493 wp-block-columns-is-layout-flex\">\n<div class=\"wp-block-column is-layout-flow wp-block-column-is-layout-flow\" style=\"flex-basis:66.66%\">\n<h4 class=\"wp-block-heading\" style=\"font-size:18px\"><strong>D\u00e9crire la constitution et les \u00e9tats de la mati\u00e8re<\/strong><\/h4>\n<\/div>\n\n\n\n<div class=\"wp-block-column is-layout-flow wp-block-column-is-layout-flow\" style=\"flex-basis:33.33%\">\n<div class=\"wp-block-columns is-layout-flex wp-container-core-columns-is-layout-28f84493 wp-block-columns-is-layout-flex\">\n<div class=\"wp-block-column is-layout-flow wp-block-column-is-layout-flow\">\n<figure class=\"wp-block-image size-large is-resized\"><a href=\"https:\/\/ent2d.ac-bordeaux.fr\/disciplines\/sciences-physiques-bas\/wp-content\/uploads\/sites\/82\/2024\/05\/Cartes-memoire-Cycle-4-Constitution-et-etats-de-la-matiere.docx\" target=\"_blank\" rel=\"noreferrer noopener\"><img decoding=\"async\" src=\"https:\/\/ent2d.ac-bordeaux.fr\/disciplines\/sciences-physiques-bas\/wp-content\/uploads\/sites\/82\/2024\/05\/doc_Icone.png\" alt=\"\" style=\"width:34px;height:auto\" \/><\/a><\/figure>\n<\/div>\n\n\n\n<div class=\"wp-block-column is-layout-flow wp-block-column-is-layout-flow\">\n<figure class=\"wp-block-image size-full is-resized\"><a href=\"https:\/\/ent2d.ac-bordeaux.fr\/disciplines\/sciences-physiques-bas\/wp-content\/uploads\/sites\/82\/2024\/05\/Cartes-memoire-Cycle-4-Constitution-et-etats-de-la-matiere.pdf\" target=\"_blank\" rel=\"noreferrer noopener\"><img loading=\"lazy\" decoding=\"async\" width=\"800\" height=\"983\" src=\"https:\/\/ent2d.ac-bordeaux.fr\/disciplines\/sciences-physiques-bas\/wp-content\/uploads\/sites\/82\/2024\/05\/PDF_Icone.png\" alt=\"\" class=\"wp-image-2167\" style=\"width:28px;height:auto\" srcset=\"https:\/\/ent2d.ac-bordeaux.fr\/disciplines\/physique-chimie\/wp-content\/uploads\/sites\/82\/2024\/05\/PDF_Icone.png 800w, https:\/\/ent2d.ac-bordeaux.fr\/disciplines\/physique-chimie\/wp-content\/uploads\/sites\/82\/2024\/05\/PDF_Icone-244x300.png 244w, https:\/\/ent2d.ac-bordeaux.fr\/disciplines\/physique-chimie\/wp-content\/uploads\/sites\/82\/2024\/05\/PDF_Icone-122x150.png 122w, https:\/\/ent2d.ac-bordeaux.fr\/disciplines\/physique-chimie\/wp-content\/uploads\/sites\/82\/2024\/05\/PDF_Icone-768x944.png 768w\" sizes=\"auto, (max-width: 800px) 100vw, 800px\" \/><\/a><\/figure>\n<\/div>\n<\/div>\n<\/div>\n<\/div>\n\n\n\n<div class=\"wp-block-columns is-layout-flex wp-container-core-columns-is-layout-28f84493 wp-block-columns-is-layout-flex\">\n<div class=\"wp-block-column is-layout-flow wp-block-column-is-layout-flow\" style=\"flex-basis:66.66%\">\n<h4 class=\"wp-block-heading\" style=\"font-size:18px\"><strong>D\u00e9crire et expliquer des transformations chimiques<\/strong><\/h4>\n<\/div>\n\n\n\n<div class=\"wp-block-column is-layout-flow wp-block-column-is-layout-flow\" style=\"flex-basis:33.33%\">\n<div class=\"wp-block-columns is-layout-flex wp-container-core-columns-is-layout-28f84493 wp-block-columns-is-layout-flex\">\n<div class=\"wp-block-column is-layout-flow wp-block-column-is-layout-flow\">\n<figure class=\"wp-block-image size-large is-resized\"><a href=\"https:\/\/ent2d.ac-bordeaux.fr\/disciplines\/sciences-physiques-bas\/wp-content\/uploads\/sites\/82\/2024\/05\/Cartes-memoire-Cycle-4-Transformations-chimiques.docx\" target=\"_blank\" rel=\"noreferrer noopener\"><img decoding=\"async\" src=\"https:\/\/ent2d.ac-bordeaux.fr\/disciplines\/sciences-physiques-bas\/wp-content\/uploads\/sites\/82\/2024\/05\/doc_Icone.png\" alt=\"\" style=\"width:34px;height:auto\" \/><\/a><\/figure>\n<\/div>\n\n\n\n<div class=\"wp-block-column is-layout-flow wp-block-column-is-layout-flow\">\n<figure class=\"wp-block-image size-large is-resized\"><a href=\"https:\/\/ent2d.ac-bordeaux.fr\/disciplines\/sciences-physiques-bas\/wp-content\/uploads\/sites\/82\/2024\/05\/Cartes-memoire-Cycle-4-Transformations-chimiques.pdf\" target=\"_blank\" rel=\"noreferrer noopener\"><img decoding=\"async\" src=\"https:\/\/ent2d.ac-bordeaux.fr\/disciplines\/sciences-physiques-bas\/wp-content\/uploads\/sites\/82\/2024\/05\/PDF_Icone.png\" alt=\"\" style=\"width:28px;height:auto\" \/><\/a><\/figure>\n<\/div>\n<\/div>\n<\/div>\n<\/div>\n\n\n\n<div class=\"wp-block-columns is-layout-flex wp-container-core-columns-is-layout-28f84493 wp-block-columns-is-layout-flex\">\n<div class=\"wp-block-column is-layout-flow wp-block-column-is-layout-flow\" style=\"flex-basis:66.66%\">\n<h4 class=\"wp-block-heading\" style=\"font-size:18px\"><strong>D\u00e9crire l&rsquo;organisation de la mati\u00e8re dans l&rsquo;Univers<\/strong><\/h4>\n<\/div>\n\n\n\n<div class=\"wp-block-column is-layout-flow wp-block-column-is-layout-flow\" style=\"flex-basis:33.33%\">\n<div class=\"wp-block-columns is-layout-flex wp-container-core-columns-is-layout-28f84493 wp-block-columns-is-layout-flex\">\n<div class=\"wp-block-column is-layout-flow wp-block-column-is-layout-flow\">\n<figure class=\"wp-block-image size-large is-resized\"><a href=\"https:\/\/ent2d.ac-bordeaux.fr\/disciplines\/sciences-physiques-bas\/wp-content\/uploads\/sites\/82\/2024\/05\/Cartes-memoire-Cycle-4-Organisation-de-la-matiere.docx\" target=\"_blank\" rel=\"noreferrer noopener\"><img decoding=\"async\" src=\"https:\/\/ent2d.ac-bordeaux.fr\/disciplines\/sciences-physiques-bas\/wp-content\/uploads\/sites\/82\/2024\/05\/doc_Icone.png\" alt=\"\" style=\"width:34px;height:auto\" \/><\/a><\/figure>\n<\/div>\n\n\n\n<div class=\"wp-block-column is-layout-flow wp-block-column-is-layout-flow\">\n<figure class=\"wp-block-image size-large is-resized\"><a href=\"https:\/\/ent2d.ac-bordeaux.fr\/disciplines\/sciences-physiques-bas\/wp-content\/uploads\/sites\/82\/2024\/05\/Cartes-memoire-Cycle-4-Organisation-de-la-matiere.pdf\" target=\"_blank\" rel=\"noreferrer noopener\"><img decoding=\"async\" src=\"https:\/\/ent2d.ac-bordeaux.fr\/disciplines\/sciences-physiques-bas\/wp-content\/uploads\/sites\/82\/2024\/05\/PDF_Icone.png\" alt=\"\" style=\"width:28px;height:auto\" \/><\/a><\/figure>\n<\/div>\n<\/div>\n<\/div>\n<\/div>\n\n\n\n<hr class=\"wp-block-separator has-alpha-channel-opacity is-style-wide\" style=\"margin-top:var(--wp--preset--spacing--40);margin-bottom:var(--wp--preset--spacing--40)\" \/>\n\n\n\n<h3 class=\"wp-block-heading has-vivid-cyan-blue-color has-text-color has-link-color wp-elements-2a020a63cff4ac74cca60990e0c00bb6\" style=\"font-size:20px\"><strong>Mouvement et interactions<\/strong><\/h3>\n\n\n\n<div class=\"wp-block-columns is-layout-flex wp-container-core-columns-is-layout-28f84493 wp-block-columns-is-layout-flex\">\n<div class=\"wp-block-column is-layout-flow wp-block-column-is-layout-flow\" style=\"flex-basis:66.66%\">\n<h4 class=\"wp-block-heading\" style=\"font-size:18px\"><strong>Caract\u00e9riser un mouvement<\/strong><br><br><strong>Mod\u00e9liser une action exerc\u00e9e sur un objet par une force caract\u00e9ris\u00e9e par une direction, un sens et une valeur<\/strong><\/h4>\n<\/div>\n\n\n\n<div class=\"wp-block-column is-layout-flow wp-block-column-is-layout-flow\" style=\"flex-basis:33.33%\">\n<div class=\"wp-block-columns is-layout-flex wp-container-core-columns-is-layout-28f84493 wp-block-columns-is-layout-flex\">\n<div class=\"wp-block-column is-layout-flow wp-block-column-is-layout-flow\">\n<figure class=\"wp-block-image size-large is-resized\"><a href=\"https:\/\/ent2d.ac-bordeaux.fr\/disciplines\/sciences-physiques-bas\/wp-content\/uploads\/sites\/82\/2024\/05\/Cartes-memoire-Cycle-4-Mouvements-et-interactions.docx\" target=\"_blank\" rel=\"noreferrer noopener\"><img decoding=\"async\" src=\"https:\/\/ent2d.ac-bordeaux.fr\/disciplines\/sciences-physiques-bas\/wp-content\/uploads\/sites\/82\/2024\/05\/doc_Icone.png\" alt=\"\" style=\"width:34px;height:auto\" \/><\/a><\/figure>\n<\/div>\n\n\n\n<div class=\"wp-block-column is-layout-flow wp-block-column-is-layout-flow\">\n<figure class=\"wp-block-image size-large is-resized\"><a href=\"https:\/\/ent2d.ac-bordeaux.fr\/disciplines\/sciences-physiques-bas\/wp-content\/uploads\/sites\/82\/2024\/05\/Cartes-memoire-Cycle-4-Mouvements-et-interactions.pdf\" target=\"_blank\" rel=\"noreferrer noopener\"><img decoding=\"async\" src=\"https:\/\/ent2d.ac-bordeaux.fr\/disciplines\/sciences-physiques-bas\/wp-content\/uploads\/sites\/82\/2024\/05\/PDF_Icone.png\" alt=\"\" style=\"width:28px;height:auto\" \/><\/a><\/figure>\n<\/div>\n<\/div>\n<\/div>\n<\/div>\n\n\n\n<hr class=\"wp-block-separator has-alpha-channel-opacity is-style-wide\" style=\"margin-top:var(--wp--preset--spacing--40);margin-bottom:var(--wp--preset--spacing--40)\" \/>\n\n\n\n<h3 class=\"wp-block-heading has-vivid-cyan-blue-color has-text-color has-link-color wp-elements-9b710e1b7a4c5501980bd551a55f8dae\" style=\"font-size:20px\"><strong>L&rsquo;\u00e9nergie, ses transferts et ses conversions<\/strong><\/h3>\n\n\n\n<div class=\"wp-block-columns is-layout-flex wp-container-core-columns-is-layout-28f84493 wp-block-columns-is-layout-flex\">\n<div class=\"wp-block-column is-layout-flow wp-block-column-is-layout-flow\" style=\"flex-basis:66.66%\">\n<h4 class=\"wp-block-heading\" style=\"font-size:18px\"><strong>Identifier les sources, les transferts, les conversions et les formes d&rsquo;\u00e9nergie. <\/strong><br><strong>Utiliser la conservation de l&rsquo;\u00e9nergie<\/strong><\/h4>\n<\/div>\n\n\n\n<div class=\"wp-block-column is-layout-flow wp-block-column-is-layout-flow\" style=\"flex-basis:33.33%\">\n<div class=\"wp-block-columns is-layout-flex wp-container-core-columns-is-layout-28f84493 wp-block-columns-is-layout-flex\">\n<div class=\"wp-block-column is-layout-flow wp-block-column-is-layout-flow\">\n<figure class=\"wp-block-image size-large is-resized\"><a href=\"https:\/\/ent2d.ac-bordeaux.fr\/disciplines\/sciences-physiques-bas\/wp-content\/uploads\/sites\/82\/2024\/05\/Cartes-memoire-Cycle-4-Energie.docx\" target=\"_blank\" rel=\"noreferrer noopener\"><img decoding=\"async\" src=\"https:\/\/ent2d.ac-bordeaux.fr\/disciplines\/sciences-physiques-bas\/wp-content\/uploads\/sites\/82\/2024\/05\/doc_Icone.png\" alt=\"\" style=\"width:34px;height:auto\" \/><\/a><\/figure>\n<\/div>\n\n\n\n<div class=\"wp-block-column is-layout-flow wp-block-column-is-layout-flow\">\n<figure class=\"wp-block-image size-large is-resized\"><a href=\"https:\/\/ent2d.ac-bordeaux.fr\/disciplines\/sciences-physiques-bas\/wp-content\/uploads\/sites\/82\/2024\/05\/Cartes-memoire-Cycle-4-Energie.pdf\" target=\"_blank\" rel=\"noreferrer noopener\"><img decoding=\"async\" src=\"https:\/\/ent2d.ac-bordeaux.fr\/disciplines\/sciences-physiques-bas\/wp-content\/uploads\/sites\/82\/2024\/05\/PDF_Icone.png\" alt=\"\" style=\"width:28px;height:auto\" \/><\/a><\/figure>\n<\/div>\n<\/div>\n<\/div>\n<\/div>\n\n\n\n<div class=\"wp-block-columns is-layout-flex wp-container-core-columns-is-layout-28f84493 wp-block-columns-is-layout-flex\">\n<div class=\"wp-block-column is-layout-flow wp-block-column-is-layout-flow\" style=\"flex-basis:66.66%\">\n<h4 class=\"wp-block-heading\" style=\"font-size:18px\"><strong>R\u00e9aliser des circuits \u00e9lectriques simples et exploiter les lois de l&rsquo;\u00e9lectricit\u00e9<\/strong><\/h4>\n<\/div>\n\n\n\n<div class=\"wp-block-column is-layout-flow wp-block-column-is-layout-flow\" style=\"flex-basis:33.33%\">\n<div class=\"wp-block-columns is-layout-flex wp-container-core-columns-is-layout-28f84493 wp-block-columns-is-layout-flex\">\n<div class=\"wp-block-column is-layout-flow wp-block-column-is-layout-flow\">\n<figure class=\"wp-block-image size-large is-resized\"><a href=\"https:\/\/ent2d.ac-bordeaux.fr\/disciplines\/sciences-physiques-bas\/wp-content\/uploads\/sites\/82\/2024\/05\/Cartes-memoire-Cycle-4-Circuits-electriques.docx\" target=\"_blank\" rel=\"noreferrer noopener\"><img decoding=\"async\" src=\"https:\/\/ent2d.ac-bordeaux.fr\/disciplines\/sciences-physiques-bas\/wp-content\/uploads\/sites\/82\/2024\/05\/doc_Icone.png\" alt=\"\" style=\"width:34px;height:auto\" \/><\/a><\/figure>\n<\/div>\n\n\n\n<div class=\"wp-block-column is-layout-flow wp-block-column-is-layout-flow\">\n<figure class=\"wp-block-image size-large is-resized\"><a href=\"https:\/\/ent2d.ac-bordeaux.fr\/disciplines\/sciences-physiques-bas\/wp-content\/uploads\/sites\/82\/2024\/05\/Cartes-memoire-Cycle-4-Circuits-electriques.pdf\" target=\"_blank\" rel=\"noreferrer noopener\"><img decoding=\"async\" src=\"https:\/\/ent2d.ac-bordeaux.fr\/disciplines\/sciences-physiques-bas\/wp-content\/uploads\/sites\/82\/2024\/05\/PDF_Icone.png\" alt=\"\" style=\"width:28px;height:auto\" \/><\/a><\/figure>\n<\/div>\n<\/div>\n<\/div>\n<\/div>\n\n\n\n<hr class=\"wp-block-separator has-alpha-channel-opacity is-style-wide\" style=\"margin-top:var(--wp--preset--spacing--40);margin-bottom:var(--wp--preset--spacing--40)\" \/>\n\n\n\n<h3 class=\"wp-block-heading has-vivid-cyan-blue-color has-text-color has-link-color wp-elements-367039985fe187cf1a93d4689242df73\" style=\"font-size:20px\"><strong>Des signaux pour observer et communiquer<\/strong><\/h3>\n\n\n\n<div class=\"wp-block-columns is-layout-flex wp-container-core-columns-is-layout-28f84493 wp-block-columns-is-layout-flex\">\n<div class=\"wp-block-column is-layout-flow wp-block-column-is-layout-flow\" style=\"flex-basis:66.66%\">\n<h4 class=\"wp-block-heading\" style=\"font-size:18px\"><strong>Signaux lumineux (cycle 3 et 4)<\/strong><\/h4>\n<\/div>\n\n\n\n<div class=\"wp-block-column is-layout-flow wp-block-column-is-layout-flow\" style=\"flex-basis:33.33%\">\n<div class=\"wp-block-columns is-layout-flex wp-container-core-columns-is-layout-28f84493 wp-block-columns-is-layout-flex\">\n<div class=\"wp-block-column is-layout-flow wp-block-column-is-layout-flow\">\n<figure class=\"wp-block-image size-large is-resized\"><a href=\"https:\/\/ent2d.ac-bordeaux.fr\/disciplines\/sciences-physiques-bas\/wp-content\/uploads\/sites\/82\/2024\/05\/Cartes-memoire-Cycle-3-et-4-Signaux-lumineux.docx\" target=\"_blank\" rel=\"noreferrer noopener\"><img decoding=\"async\" src=\"https:\/\/ent2d.ac-bordeaux.fr\/disciplines\/sciences-physiques-bas\/wp-content\/uploads\/sites\/82\/2024\/05\/doc_Icone.png\" alt=\"\" style=\"width:34px;height:auto\" \/><\/a><\/figure>\n<\/div>\n\n\n\n<div class=\"wp-block-column is-layout-flow wp-block-column-is-layout-flow\">\n<figure class=\"wp-block-image size-large is-resized\"><a href=\"https:\/\/ent2d.ac-bordeaux.fr\/disciplines\/sciences-physiques-bas\/wp-content\/uploads\/sites\/82\/2024\/05\/Cartes-memoire-Cycle-3-et-4-Signaux-lumineux.pdf\" target=\"_blank\" rel=\"noreferrer noopener\"><img decoding=\"async\" src=\"https:\/\/ent2d.ac-bordeaux.fr\/disciplines\/sciences-physiques-bas\/wp-content\/uploads\/sites\/82\/2024\/05\/PDF_Icone.png\" alt=\"\" style=\"width:28px;height:auto\" \/><\/a><\/figure>\n<\/div>\n<\/div>\n<\/div>\n<\/div>\n\n\n\n<div class=\"wp-block-columns is-layout-flex wp-container-core-columns-is-layout-28f84493 wp-block-columns-is-layout-flex\">\n<div class=\"wp-block-column is-layout-flow wp-block-column-is-layout-flow\" style=\"flex-basis:66.66%\">\n<h4 class=\"wp-block-heading\" style=\"font-size:18px\"><strong>Signaux sonores<\/strong><\/h4>\n<\/div>\n\n\n\n<div class=\"wp-block-column is-layout-flow wp-block-column-is-layout-flow\" style=\"flex-basis:33.33%\">\n<div class=\"wp-block-columns is-layout-flex wp-container-core-columns-is-layout-28f84493 wp-block-columns-is-layout-flex\">\n<div class=\"wp-block-column is-layout-flow wp-block-column-is-layout-flow\">\n<figure class=\"wp-block-image size-large is-resized\"><a href=\"https:\/\/ent2d.ac-bordeaux.fr\/disciplines\/sciences-physiques-bas\/wp-content\/uploads\/sites\/82\/2024\/05\/Cartes-memoire-Cycle-4-Signaux-sonores.docx\" target=\"_blank\" rel=\"noreferrer noopener\"><img decoding=\"async\" src=\"https:\/\/ent2d.ac-bordeaux.fr\/disciplines\/sciences-physiques-bas\/wp-content\/uploads\/sites\/82\/2024\/05\/doc_Icone.png\" alt=\"\" style=\"width:34px;height:auto\" \/><\/a><\/figure>\n<\/div>\n\n\n\n<div class=\"wp-block-column is-layout-flow wp-block-column-is-layout-flow\">\n<figure class=\"wp-block-image size-large is-resized\"><a href=\"https:\/\/ent2d.ac-bordeaux.fr\/disciplines\/sciences-physiques-bas\/wp-content\/uploads\/sites\/82\/2024\/05\/Cartes-memoire-Cycle-4-Signaux-sonores.pdf\" target=\"_blank\" rel=\"noreferrer noopener\"><img decoding=\"async\" src=\"https:\/\/ent2d.ac-bordeaux.fr\/disciplines\/sciences-physiques-bas\/wp-content\/uploads\/sites\/82\/2024\/05\/PDF_Icone.png\" alt=\"\" style=\"width:28px;height:auto\" \/><\/a><\/figure>\n<\/div>\n<\/div>\n<\/div>\n<\/div>\n\n\n\n<hr class=\"wp-block-separator has-alpha-channel-opacity is-style-wide\" style=\"margin-top:var(--wp--preset--spacing--40);margin-bottom:var(--wp--preset--spacing--40)\" \/>\n\n\n\n<div class=\"wp-block-columns is-layout-flex wp-container-core-columns-is-layout-28f84493 wp-block-columns-is-layout-flex\">\n<div class=\"wp-block-column is-layout-flow wp-block-column-is-layout-flow\" style=\"flex-basis:66.66%\">\n<h3 class=\"wp-block-heading has-vivid-cyan-blue-color has-text-color has-link-color wp-elements-840adea1c2cfcc1c4d11f5cd07b0c297\" style=\"font-size:20px\"><strong>Comp\u00e9tences math\u00e9matiques<\/strong><\/h3>\n<\/div>\n\n\n\n<div class=\"wp-block-column is-layout-flow wp-block-column-is-layout-flow\" style=\"flex-basis:33.33%\">\n<div class=\"wp-block-columns is-layout-flex wp-container-core-columns-is-layout-28f84493 wp-block-columns-is-layout-flex\">\n<div class=\"wp-block-column is-layout-flow wp-block-column-is-layout-flow\">\n<figure class=\"wp-block-image size-large is-resized\"><a href=\"https:\/\/ent2d.ac-bordeaux.fr\/disciplines\/sciences-physiques-bas\/wp-content\/uploads\/sites\/82\/2024\/05\/Cartes-memoire-College-Competences-mathematiques.docx\" target=\"_blank\" rel=\"noreferrer noopener\"><img decoding=\"async\" src=\"https:\/\/ent2d.ac-bordeaux.fr\/disciplines\/sciences-physiques-bas\/wp-content\/uploads\/sites\/82\/2024\/05\/doc_Icone.png\" alt=\"\" style=\"width:34px;height:auto\" \/><\/a><\/figure>\n<\/div>\n\n\n\n<div class=\"wp-block-column is-layout-flow wp-block-column-is-layout-flow\">\n<figure class=\"wp-block-image size-large is-resized\"><a href=\"https:\/\/ent2d.ac-bordeaux.fr\/disciplines\/sciences-physiques\/wp-content\/uploads\/sites\/7\/2024\/04\/Cartes-memoire-College-Competences-mathematiques.pdf\" target=\"_blank\" rel=\"noreferrer noopener\"><img decoding=\"async\" src=\"https:\/\/ent2d.ac-bordeaux.fr\/disciplines\/sciences-physiques-bas\/wp-content\/uploads\/sites\/82\/2024\/05\/PDF_Icone.png\" alt=\"\" style=\"width:28px;height:auto\" \/><\/a><\/figure>\n<\/div>\n<\/div>\n<\/div>\n<\/div>\n\n\n\n<hr class=\"wp-block-separator has-alpha-channel-opacity is-style-wide\" style=\"margin-top:var(--wp--preset--spacing--40);margin-bottom:var(--wp--preset--spacing--40)\" \/>\n\n\n\n<div class=\"wp-block-columns is-layout-flex wp-container-core-columns-is-layout-28f84493 wp-block-columns-is-layout-flex\">\n<div class=\"wp-block-column is-layout-flow wp-block-column-is-layout-flow\" style=\"flex-basis:66.66%\">\n<h3 class=\"wp-block-heading has-vivid-cyan-blue-color has-text-color has-link-color wp-elements-f99f337c36d9f1671c33d079bf6de53b\" style=\"font-size:20px\"><strong>Activit\u00e9s exp\u00e9rimentales<\/strong><\/h3>\n<\/div>\n\n\n\n<div class=\"wp-block-column is-layout-flow wp-block-column-is-layout-flow\" style=\"flex-basis:33.33%\">\n<div class=\"wp-block-columns is-layout-flex wp-container-core-columns-is-layout-28f84493 wp-block-columns-is-layout-flex\">\n<div class=\"wp-block-column is-layout-flow wp-block-column-is-layout-flow\">\n<figure class=\"wp-block-image size-large is-resized\"><a href=\"https:\/\/ent2d.ac-bordeaux.fr\/disciplines\/sciences-physiques-bas\/wp-content\/uploads\/sites\/82\/2024\/05\/Cartes-memoire-Cycle-4-Activites-experimentales.docx\" target=\"_blank\" rel=\"noreferrer noopener\"><img decoding=\"async\" src=\"https:\/\/ent2d.ac-bordeaux.fr\/disciplines\/sciences-physiques-bas\/wp-content\/uploads\/sites\/82\/2024\/05\/doc_Icone.png\" alt=\"\" style=\"width:34px;height:auto\" \/><\/a><\/figure>\n<\/div>\n\n\n\n<div class=\"wp-block-column is-layout-flow wp-block-column-is-layout-flow\">\n<figure class=\"wp-block-image size-large is-resized\"><a href=\"https:\/\/ent2d.ac-bordeaux.fr\/disciplines\/physique-chimie\/wp-content\/uploads\/sites\/82\/2024\/08\/Cartes-memoire-Cycle-4-Activites-experimentales.pdf\" target=\"_blank\" rel=\"noreferrer noopener\"><img decoding=\"async\" src=\"https:\/\/ent2d.ac-bordeaux.fr\/disciplines\/sciences-physiques-bas\/wp-content\/uploads\/sites\/82\/2024\/05\/PDF_Icone.png\" alt=\"\" style=\"width:28px;height:auto\" \/><\/a><\/figure>\n<\/div>\n<\/div>\n<\/div>\n<\/div>\n","protected":false},"excerpt":{"rendered":"<p>Les sciences cognitives nous apprennent qu\u2019il n\u2019existe pas d\u2019apprentissage sans m\u00e9morisation. Les cartes m\u00e9moire (ou flash cards) non seulement favorisent<\/p>\n","protected":false},"author":940,"featured_media":0,"parent":0,"menu_order":0,"comment_status":"closed","ping_status":"closed","template":"","meta":{"footnotes":""},"class_list":["post-2160","page","type-page","status-publish","hentry"],"_links":{"self":[{"href":"https:\/\/ent2d.ac-bordeaux.fr\/disciplines\/physique-chimie\/wp-json\/wp\/v2\/pages\/2160","targetHints":{"allow":["GET"]}}],"collection":[{"href":"https:\/\/ent2d.ac-bordeaux.fr\/disciplines\/physique-chimie\/wp-json\/wp\/v2\/pages"}],"about":[{"href":"https:\/\/ent2d.ac-bordeaux.fr\/disciplines\/physique-chimie\/wp-json\/wp\/v2\/types\/page"}],"author":[{"embeddable":true,"href":"https:\/\/ent2d.ac-bordeaux.fr\/disciplines\/physique-chimie\/wp-json\/wp\/v2\/users\/940"}],"replies":[{"embeddable":true,"href":"https:\/\/ent2d.ac-bordeaux.fr\/disciplines\/physique-chimie\/wp-json\/wp\/v2\/comments?post=2160"}],"version-history":[{"count":5,"href":"https:\/\/ent2d.ac-bordeaux.fr\/disciplines\/physique-chimie\/wp-json\/wp\/v2\/pages\/2160\/revisions"}],"predecessor-version":[{"id":2289,"href":"https:\/\/ent2d.ac-bordeaux.fr\/disciplines\/physique-chimie\/wp-json\/wp\/v2\/pages\/2160\/revisions\/2289"}],"wp:attachment":[{"href":"https:\/\/ent2d.ac-bordeaux.fr\/disciplines\/physique-chimie\/wp-json\/wp\/v2\/media?parent=2160"}],"curies":[{"name":"wp","href":"https:\/\/api.w.org\/{rel}","templated":true}]}}