{"id":2152,"date":"2024-05-14T19:51:27","date_gmt":"2024-05-14T18:51:27","guid":{"rendered":"https:\/\/ent2d.ac-bordeaux.fr\/disciplines\/sciences-physiques-bas\/?page_id=2152"},"modified":"2026-04-07T00:38:16","modified_gmt":"2026-04-06T23:38:16","slug":"orientation-3","status":"publish","type":"page","link":"https:\/\/ent2d.ac-bordeaux.fr\/disciplines\/physique-chimie\/orientation-3\/","title":{"rendered":"Orientation"},"content":{"rendered":"\n<p style=\"font-size:15px\">Au cours de sa scolarit\u00e9, l\u2019\u00e9l\u00e8ve est amen\u00e9 \u00e0 plusieurs reprises \u00e0 faire des choix de parcours les plus adapt\u00e9s \u00e0 son profil et ses affinit\u00e9s&nbsp;: en fin de troisi\u00e8me entre le lyc\u00e9e g\u00e9n\u00e9ral et technologique et le lyc\u00e9e professionnel, en fin de seconde entre les fili\u00e8res g\u00e9n\u00e9rale ou technologique et au sein de la fili\u00e8re g\u00e9n\u00e9rale par le choix des enseignements de sp\u00e9cialit\u00e9.<\/p>\n\n\n\n<p style=\"font-size:15px\">Aussi, le r\u00f4le de l\u2019enseignant peut s\u2019av\u00e9rer essentiel pour accompagner les choix d\u2019orientation en tant que professeur principal, mais \u00e9galement en tant que membre de l\u2019\u00e9quipe p\u00e9dagogique.<\/p>\n\n\n\n<p style=\"font-size:15px\">Afin d\u2019accompagner le choix des \u00e9l\u00e8ves, le professeur peut, au sein m\u00eame de son enseignement, contribuer \u00e0 la d\u00e9couverte des m\u00e9tiers et des formations associ\u00e9es, aider l\u2019\u00e9l\u00e8ve \u00e0 mieux se conna\u00eetre, lutter contre les d\u00e9terminismes sociaux ou genr\u00e9s\u2026<\/p>\n\n\n\n<p style=\"font-size:15px\">Par le biais d\u2019activit\u00e9s int\u00e9grant des situations professionnelles et des informations m\u00e9tiers, les \u00e9l\u00e8ves peuvent acqu\u00e9rir des comp\u00e9tences \u00e0 s\u2019orienter qui faciliteront les choix de parcours et de formation.<\/p>\n\n\n\n<p style=\"font-size:15px\">Les activit\u00e9s et documents suivants visent pr\u00e9cis\u00e9ment \u00e0 \u00e9clairer cette d\u00e9marche&nbsp;en coll\u00e8ge ou en lyc\u00e9e&nbsp;:<\/p>\n\n\n\n<p style=\"font-size:15px\">&#8211; fiches activit\u00e9s m\u00e9tiers.<\/p>\n\n\n\n<p style=\"font-size:15px\">&#8211; livret de <a href=\"https:\/\/avenirs.onisep.fr\/referentiel-des-competences-a-s-orienter-au-lycee\">comp\u00e9tences \u00e0 s\u2019orienter en lyc\u00e9e<\/a>.<\/p>\n\n\n\n<div style=\"height:10px\" aria-hidden=\"true\" class=\"wp-block-spacer\"><\/div>\n\n\n\n<h3 class=\"wp-block-heading has-vivid-cyan-blue-color has-text-color has-link-color wp-elements-5dcff1b7488f8e22f71d07d39d50b667\" style=\"font-size:20px\"><strong>Fiches Activit\u00e9s M\u00e9tiers<\/strong><\/h3>\n\n\n\n<div class=\"wp-block-columns has-background is-layout-flex wp-container-core-columns-is-layout-28f84493 wp-block-columns-is-layout-flex\" style=\"background-color:#d8dadc3b\">\n<div class=\"wp-block-column is-layout-flow wp-block-column-is-layout-flow\" style=\"flex-basis:20%\">\n<p><br><br><br><br><br><br><\/p>\n\n\n\n<h2 class=\"wp-block-heading has-text-align-center\" style=\"font-size:18px\">Acad\u00e9mie de Bordeaux<br><br><br><br><br><br><br><br><\/h2>\n<\/div>\n\n\n\n<div class=\"wp-block-column is-layout-flow wp-block-column-is-layout-flow\" style=\"flex-basis:80%\">\n<p style=\"font-size:18px\"><strong>FAM &#8211; Premi\u00e8re ST2S &#8211; Audiogramme &#8211; Audioproth\u00e9siste (<u><a href=\"https:\/\/ent2d.ac-bordeaux.fr\/disciplines\/physique-chimie\/wp-content\/uploads\/sites\/82\/2025\/07\/FAM-Premiere-ST2S-Audiogramme_Audioprotesiste.pdf\" target=\"_blank\" rel=\"noreferrer noopener\">PDF<\/a><\/u> &#8211;&nbsp;<u><a href=\"https:\/\/ent2d.ac-bordeaux.fr\/disciplines\/physique-chimie\/wp-content\/uploads\/sites\/82\/2025\/07\/FAM-Premiere-ST2S-Audiogramme_Audioprotesiste.docx\" target=\"_blank\" rel=\"noreferrer noopener\">Docx<\/a><\/u>)<\/strong><\/p>\n\n\n\n<p style=\"font-size:18px\"><strong>FAM &#8211; Premi\u00e8re ST2S &#8211; Pr\u00e9parer des solutions &#8211; Chef(fe) d&rsquo;\u00e9quipe en propret\u00e9 (<u><a href=\"https:\/\/ent2d.ac-bordeaux.fr\/disciplines\/physique-chimie\/wp-content\/uploads\/sites\/82\/2024\/09\/FAM-Premiere-ST2S-Preparer-des-solutions-Cheffe-dequipe-en-proprete.pdf\" target=\"_blank\" rel=\"noreferrer noopener\">PDF<\/a><\/u> &#8211;&nbsp;<u><a href=\"https:\/\/ent2d.ac-bordeaux.fr\/disciplines\/physique-chimie\/wp-content\/uploads\/sites\/82\/2024\/09\/FAM-Premiere-ST2S-Preparer-des-solutions-Cheffe-dequipe-en-proprete.pdf\" target=\"_blank\" rel=\"noreferrer noopener\">Docx<\/a><\/u>)<\/strong><\/p>\n\n\n\n<p style=\"font-size:18px\"><strong>FAM &#8211; Premi\u00e8re ST2S &#8211; Variation de la pression &#8211; Infirmier(\u00e8re) (<u><a href=\"https:\/\/ent2d.ac-bordeaux.fr\/disciplines\/physique-chimie\/wp-content\/uploads\/sites\/82\/2024\/09\/FAM-Premiere-ST2S-Variation-de-la-pression-Infirmierere.pdf\" target=\"_blank\" rel=\"noreferrer noopener\">PDF<\/a><\/u> &#8211;&nbsp;<u><a href=\"https:\/\/ent2d.ac-bordeaux.fr\/disciplines\/physique-chimie\/wp-content\/uploads\/sites\/82\/2024\/09\/FAM-Premiere-ST2S-Variation-de-la-pression-Infirmierere.docx\" target=\"_blank\" rel=\"noreferrer noopener\">Docx<\/a><\/u>)<\/strong><\/p>\n\n\n\n<p style=\"font-size:18px\"><strong>FAM &#8211; Premi\u00e8re ST2S &#8211; D\u00e9pense \u00e9nerg\u00e9tique journali\u00e8re &#8211; Di\u00e9t\u00e9ticien(ne) (<u><a href=\"https:\/\/ent2d.ac-bordeaux.fr\/disciplines\/physique-chimie\/wp-content\/uploads\/sites\/82\/2024\/09\/FAM-Premiere-ST2S-Depense-energetique-journaliere-Dieteticienne.pdf\" target=\"_blank\" rel=\"noreferrer noopener\">PDF<\/a><\/u> &#8211;&nbsp;<u><a href=\"https:\/\/ent2d.ac-bordeaux.fr\/disciplines\/physique-chimie\/wp-content\/uploads\/sites\/82\/2024\/09\/FAM-Premiere-ST2S-Depense-energetique-journaliere-Dieteticienne.docx\" target=\"_blank\" rel=\"noreferrer noopener\">Docx<\/a><\/u>)<\/strong><\/p>\n\n\n\n<p style=\"font-size:18px\"><strong>FAM &#8211; Premi\u00e8re ST2S &#8211; Distances s\u00e9curit\u00e9 &#8211; Inspectrice du permis de conduire  (<u><a href=\"https:\/\/ent2d.ac-bordeaux.fr\/disciplines\/physique-chimie\/wp-content\/uploads\/sites\/82\/2025\/07\/FAM-Premiere-ST2S-Distances-securite-Inspectrice-du-permis-de-conduire.pdf\" target=\"_blank\" rel=\"noreferrer noopener\">PDF<\/a><\/u> &#8211;&nbsp;<u><a href=\"https:\/\/ent2d.ac-bordeaux.fr\/disciplines\/physique-chimie\/wp-content\/uploads\/sites\/82\/2025\/07\/FAM-Premiere-ST2S-Distances-securite-Inspectrice-du-permis-de-conduire.docx\" target=\"_blank\" rel=\"noreferrer noopener\">Docx<\/a><\/u>)<\/strong><\/p>\n\n\n\n<p style=\"font-size:18px\"><strong>FAM &#8211; Premi\u00e8re &#8211; Spectroscopie IR &#8211; Technicien(ne) traitement des d\u00e9chets (<u><a href=\"https:\/\/ent2d.ac-bordeaux.fr\/disciplines\/physique-chimie\/wp-content\/uploads\/sites\/82\/2024\/09\/FAM-Premiere-Spectroscopie-IR-Technicienne-traitement-des-dechets.pdf\" target=\"_blank\" rel=\"noreferrer noopener\">PDF<\/a><\/u> &#8211;&nbsp;<u><a href=\"https:\/\/ent2d.ac-bordeaux.fr\/disciplines\/physique-chimie\/wp-content\/uploads\/sites\/82\/2024\/09\/FAM-Premiere-Spectroscopie-IR-Technicienne-traitement-des-dechets.docx\" target=\"_blank\" rel=\"noreferrer noopener\">Docx<\/a><\/u>)<\/strong><\/p>\n\n\n\n<p style=\"font-size:18px\"><strong>FAM &#8211; Premi\u00e8re &#8211; Loi statique des fluides &#8211; Ing\u00e9nieur(e) hydraulicien(ne) (<u><a href=\"https:\/\/ent2d.ac-bordeaux.fr\/disciplines\/physique-chimie\/wp-content\/uploads\/sites\/82\/2024\/09\/FAM-Premiere-Loi-statique-des-fluides-Ingenieure-hydraulicienne.pdf\" data-type=\"link\" data-id=\"https:\/\/ent2d.ac-bordeaux.fr\/disciplines\/physique-chimie\/wp-content\/uploads\/sites\/82\/2024\/09\/FAM-Premiere-Loi-statique-des-fluides-Ingenieure-hydraulicienne.pdf\" target=\"_blank\" rel=\"noreferrer noopener\">PDF<\/a><\/u><\/strong> <strong>&#8211;&nbsp;<u><a href=\"https:\/\/ent2d.ac-bordeaux.fr\/disciplines\/physique-chimie\/wp-content\/uploads\/sites\/82\/2024\/09\/FAM-Premiere-Loi-statique-des-fluides-Ingenieure-hydraulicienne.docx\" data-type=\"link\" data-id=\"https:\/\/ent2d.ac-bordeaux.fr\/disciplines\/physique-chimie\/wp-content\/uploads\/sites\/82\/2024\/09\/FAM-Premiere-Loi-statique-des-fluides-Ingenieure-hydraulicienne.docx\" target=\"_blank\" rel=\"noreferrer noopener\">Docx<\/a><\/u>)<\/strong><\/p>\n\n\n\n<p style=\"font-size:18px\"><strong>FAM &#8211; Premi\u00e8re &#8211; Synth\u00e8se organique &#8211; Ing\u00e9nieur(e) chimiste (<a href=\"https:\/\/ent2d.ac-bordeaux.fr\/disciplines\/physique-chimie\/wp-content\/uploads\/sites\/82\/2024\/09\/FAM-premiere-Synthese-organique-Ingenieure-chimiste.pdf\" target=\"_blank\" rel=\"noreferrer noopener\">PDF<\/a>&nbsp;&#8211;&nbsp;<a href=\"https:\/\/ent2d.ac-bordeaux.fr\/disciplines\/physique-chimie\/wp-content\/uploads\/sites\/82\/2024\/09\/FAM-premiere-Synthese-organique-Ingenieure-chimiste.docx\" target=\"_blank\" rel=\"noreferrer noopener\">Docx<\/a>)<\/strong><\/p>\n\n\n\n<p style=\"font-size:18px\"><strong>FAM &#8211; Premi\u00e8re &#8211; Mesure de distance &#8211; G\u00e9om\u00e8tre (<a href=\"https:\/\/ent2d.ac-bordeaux.fr\/disciplines\/physique-chimie\/wp-content\/uploads\/sites\/82\/2024\/09\/FAM-Premiere-Mesure-de-distance-Geometre.pdf\" target=\"_blank\" rel=\"noreferrer noopener\">PDF<\/a>&nbsp;&#8211;&nbsp;<a href=\"https:\/\/ent2d.ac-bordeaux.fr\/disciplines\/physique-chimie\/wp-content\/uploads\/sites\/82\/2024\/09\/FAM-Premiere-Mesure-de-distance-Geometre.docx\" target=\"_blank\" rel=\"noreferrer noopener\">Docx<\/a>)<\/strong><br><em>(fiche accompagn\u00e9e de deux <a href=\"https:\/\/ent2d.ac-bordeaux.fr\/disciplines\/physique-chimie\/wp-content\/uploads\/sites\/82\/2024\/09\/Programme.zip\" data-type=\"link\" data-id=\"https:\/\/ent2d.ac-bordeaux.fr\/disciplines\/physique-chimie\/wp-content\/uploads\/sites\/82\/2024\/09\/Programme.zip\" target=\"_blank\" rel=\"noreferrer noopener\">programmes en python et arduino<\/a>)<\/em><\/p>\n\n\n\n<p style=\"font-size:18px\"><strong>FAM &#8211; Terminale &#8211; Interf\u00e9rences &#8211; Ing\u00e9nieur(e) a\u00e9ronautique (<a href=\"https:\/\/ent2d.ac-bordeaux.fr\/disciplines\/physique-chimie\/wp-content\/uploads\/sites\/82\/2025\/07\/FAM-Terminale-Interferences-Ingenieur-aeronautique.pdf\" target=\"_blank\" rel=\"noreferrer noopener\">PDF<\/a>&nbsp;&#8211;&nbsp;<a href=\"https:\/\/ent2d.ac-bordeaux.fr\/disciplines\/physique-chimie\/wp-content\/uploads\/sites\/82\/2025\/07\/FAM-Terminale-Interferences-Ingenieur-aeronautique.docx\" target=\"_blank\" rel=\"noreferrer noopener\">Docx<\/a>)<\/strong><\/p>\n\n\n\n<p><\/p>\n<\/div>\n<\/div>\n\n\n\n<div style=\"height:10px\" aria-hidden=\"true\" class=\"wp-block-spacer\"><\/div>\n\n\n\n<div class=\"wp-block-columns has-background is-layout-flex wp-container-core-columns-is-layout-28f84493 wp-block-columns-is-layout-flex\" style=\"background-color:#d8dadc3b\">\n<div class=\"wp-block-column is-layout-flow wp-block-column-is-layout-flow\" style=\"flex-basis:20%\">\n<h2 class=\"wp-block-heading has-text-align-center\" style=\"font-size:18px\"><br><br><br><br>Acad\u00e9mie de Toulouse<br><a href=\"https:\/\/pedagogie.ac-toulouse.fr\/physique-chimie\/mobiliser-p1-p5\/pratiques-pedagogiques\/competences-sorienter\/fiches-activites-metiers\" data-type=\"link\" data-id=\"https:\/\/pedagogie.ac-toulouse.fr\/physique-chimie\/mobiliser-p1-p5\/pratiques-pedagogiques\/competences-sorienter\/fiches-activites-metiers\" target=\"_blank\" rel=\"noreferrer noopener\">Lien<\/a><br><br><\/h2>\n<\/div>\n\n\n\n<div class=\"wp-block-column is-layout-flow wp-block-column-is-layout-flow\" style=\"flex-basis:80%\">\n<p style=\"font-size:18px\"><strong>FAM &#8211; Seconde &#8211; Synth\u00e8se chimique \u2013 Technicien(ne) de &nbsp;formulation<\/strong><\/p>\n\n\n\n<p style=\"font-size:18px\"><strong>FAM &#8211; Seconde &#8211; Echolocation \u2013 Charg\u00e9(e) d&rsquo;\u00e9tudes naturalistes<\/strong><\/p>\n\n\n\n<p style=\"font-size:18px\"><strong>FAM &#8211;&nbsp;Seconde &#8211; R\u00e9fraction \u2013 Ing\u00e9nieur(e) de la police scientifique<\/strong><\/p>\n\n\n\n<p style=\"font-size:18px\"><strong>FAM &#8211; Premi\u00e8re &#8211; Dosage &#8211; Responsable de labo<\/strong><\/p>\n\n\n\n<p><\/p>\n<\/div>\n<\/div>\n\n\n\n<hr class=\"wp-block-separator has-alpha-channel-opacity is-style-wide\" style=\"margin-top:var(--wp--preset--spacing--40);margin-bottom:var(--wp--preset--spacing--40)\" \/>\n\n\n\n<h2 class=\"wp-block-heading has-white-color has-text-color has-background has-link-color has-medium-font-size wp-elements-2171acbbb030bb7fad59ae949200d645\" style=\"background:linear-gradient(90deg,rgb(6,147,227) 0%,rgb(255,255,255) 87%);line-height:0.1;text-transform:uppercase\"><em><strong>G\u00e9n\u00e9rer des fiches activite-m\u00e9tier avec l&rsquo;ia<\/strong><\/em><\/h2>\n\n\n\n<div class=\"wp-block-columns is-layout-flex wp-container-core-columns-is-layout-28f84493 wp-block-columns-is-layout-flex\">\n<div class=\"wp-block-column is-layout-flow wp-block-column-is-layout-flow\">\n<p style=\"font-size:15px\"><strong>&#8211; La d\u00e9marche:<\/strong><br>* Fournir l&rsquo;activit\u00e9 (cours ou TP) \u00e0 l&rsquo;IA<br>* <a href=\"https:\/\/ent2d.ac-bordeaux.fr\/disciplines\/physique-chimie\/wp-content\/uploads\/sites\/82\/2026\/04\/prompt-methode-prof.docx\" target=\"_blank\" rel=\"noreferrer noopener\">Fournir le prompt<\/a><br><br><a href=\"https:\/\/podeduc.apps.education.fr\/video\/139636-comment-creer-un-exercice-interactif-avec-lia-a-partir-dune-animation\/\" target=\"_blank\" rel=\"noreferrer noopener\"> <\/a><\/p>\n<\/div>\n\n\n\n<div class=\"wp-block-column is-layout-flow wp-block-column-is-layout-flow\">\n<p style=\"font-size:15px\">&#8211;<strong>Exemples:<\/strong><br>* <a href=\"https:\/\/ent2d.ac-bordeaux.fr\/disciplines\/physique-chimie\/wp-content\/uploads\/sites\/82\/2026\/04\/Chapitre-15-cours-La-radioactivite-finale.pdf\" target=\"_blank\" rel=\"noreferrer noopener\">Chapitre 15 &#8211; Cours &#8211; La radioactivit\u00e9<\/a><br>* <a href=\"https:\/\/ent2d.ac-bordeaux.fr\/disciplines\/physique-chimie\/wp-content\/uploads\/sites\/82\/2026\/04\/reponse-radiactivite.docx\" target=\"_blank\" rel=\"noreferrer noopener\">La r\u00e9ponse de l&rsquo;IA<\/a><br>* <a href=\"https:\/\/ent2d.ac-bordeaux.fr\/disciplines\/physique-chimie\/wp-content\/uploads\/sites\/82\/2026\/04\/fiche-metier-technicien-radioprotection.docx\" target=\"_blank\" rel=\"noreferrer noopener\">Apr\u00e8s mise en forme<\/a><\/p>\n<\/div>\n<\/div>\n\n\n\n<div style=\"height:21px\" aria-hidden=\"true\" class=\"wp-block-spacer\"><\/div>\n\n\n\n<div class=\"wp-block-columns is-layout-flex wp-container-core-columns-is-layout-28f84493 wp-block-columns-is-layout-flex\">\n<div class=\"wp-block-column is-layout-flow wp-block-column-is-layout-flow\">\n<p style=\"font-size:15px\">&#8211; <a href=\"https:\/\/podeduc.apps.education.fr\/video\/139637-comment-creer-des-fiches-activite-metier-avec-lia\/\" target=\"_blank\" rel=\"noreferrer noopener\">Comment cr\u00e9er des fiches activit\u00e9-m\u00e9tier avec l&rsquo;IA<\/a><\/p>\n<\/div>\n\n\n\n<div class=\"wp-block-column is-layout-flow wp-block-column-is-layout-flow\">\n<p style=\"font-size:15px\"><\/p>\n<\/div>\n<\/div>\n\n\n\n<div style=\"height:21px\" aria-hidden=\"true\" class=\"wp-block-spacer\"><\/div>\n\n\n\n<div class=\"wp-block-columns is-layout-flex wp-container-core-columns-is-layout-28f84493 wp-block-columns-is-layout-flex\">\n<div class=\"wp-block-column is-layout-flow wp-block-column-is-layout-flow\"><iframe loading=\"lazy\" src=\"https:\/\/podeduc.apps.education.fr\/video\/139637-comment-creer-des-fiches-activite-metier-avec-lia\/?is_iframe=true\" title=\"\" width=\"100%\" height=\"220\" scrolling=\"yes\" frameborder=\"0\" marginheight=\"0\" allowFullScreen=\"true\"><a href=\"https:\/\/podeduc.apps.education.fr\/video\/139637-comment-creer-des-fiches-activite-metier-avec-lia\/?is_iframe=true\" target=\"_blank\">https:\/\/podeduc.apps.education.fr\/video\/139637-comment-creer-des-fiches-activite-metier-avec-lia\/?is_iframe=true<\/a><\/iframe>\n<\/div>\n\n\n\n<div class=\"wp-block-column is-layout-flow wp-block-column-is-layout-flow\"><\/div>\n\n\n\n<div class=\"wp-block-column is-layout-flow wp-block-column-is-layout-flow\"><\/div>\n<\/div>\n","protected":false},"excerpt":{"rendered":"<p>Au cours de sa scolarit\u00e9, l\u2019\u00e9l\u00e8ve est amen\u00e9 \u00e0 plusieurs reprises \u00e0 faire des choix de parcours les plus adapt\u00e9s<\/p>\n","protected":false},"author":940,"featured_media":0,"parent":0,"menu_order":0,"comment_status":"closed","ping_status":"closed","template":"","meta":{"footnotes":"[]"},"class_list":["post-2152","page","type-page","status-publish","hentry"],"_links":{"self":[{"href":"https:\/\/ent2d.ac-bordeaux.fr\/disciplines\/physique-chimie\/wp-json\/wp\/v2\/pages\/2152","targetHints":{"allow":["GET"]}}],"collection":[{"href":"https:\/\/ent2d.ac-bordeaux.fr\/disciplines\/physique-chimie\/wp-json\/wp\/v2\/pages"}],"about":[{"href":"https:\/\/ent2d.ac-bordeaux.fr\/disciplines\/physique-chimie\/wp-json\/wp\/v2\/types\/page"}],"author":[{"embeddable":true,"href":"https:\/\/ent2d.ac-bordeaux.fr\/disciplines\/physique-chimie\/wp-json\/wp\/v2\/users\/940"}],"replies":[{"embeddable":true,"href":"https:\/\/ent2d.ac-bordeaux.fr\/disciplines\/physique-chimie\/wp-json\/wp\/v2\/comments?post=2152"}],"version-history":[{"count":8,"href":"https:\/\/ent2d.ac-bordeaux.fr\/disciplines\/physique-chimie\/wp-json\/wp\/v2\/pages\/2152\/revisions"}],"predecessor-version":[{"id":3229,"href":"https:\/\/ent2d.ac-bordeaux.fr\/disciplines\/physique-chimie\/wp-json\/wp\/v2\/pages\/2152\/revisions\/3229"}],"wp:attachment":[{"href":"https:\/\/ent2d.ac-bordeaux.fr\/disciplines\/physique-chimie\/wp-json\/wp\/v2\/media?parent=2152"}],"curies":[{"name":"wp","href":"https:\/\/api.w.org\/{rel}","templated":true}]}}