{"id":2111,"date":"2024-04-22T18:18:11","date_gmt":"2024-04-22T17:18:11","guid":{"rendered":"https:\/\/ent2d.ac-bordeaux.fr\/disciplines\/sciences-physiques-bas\/?page_id=2111"},"modified":"2026-04-06T12:41:40","modified_gmt":"2026-04-06T11:41:40","slug":"projets","status":"publish","type":"page","link":"https:\/\/ent2d.ac-bordeaux.fr\/disciplines\/physique-chimie\/projets\/","title":{"rendered":"Projets"},"content":{"rendered":"\n<div style=\"height:51px\" aria-hidden=\"true\" class=\"wp-block-spacer\"><\/div>\n\n\n\n<div class=\"wp-block-columns is-layout-flex wp-container-core-columns-is-layout-28f84493 wp-block-columns-is-layout-flex\">\n<div class=\"wp-block-column is-layout-flow wp-block-column-is-layout-flow\" style=\"flex-basis:33.33%\">\n<figure class=\"wp-block-image size-full\"><a href=\"https:\/\/www.youtube.com\/@Julien_Bobroff\/shorts\" target=\"_blank\" rel=\"noreferrer noopener\"><img loading=\"lazy\" decoding=\"async\" width=\"517\" height=\"160\" src=\"https:\/\/ent2d.ac-bordeaux.fr\/disciplines\/physique-chimie\/wp-content\/uploads\/sites\/82\/2025\/11\/channels4_banner-e1762413736561.jpg\" alt=\"\" class=\"wp-image-3064\" srcset=\"https:\/\/ent2d.ac-bordeaux.fr\/disciplines\/physique-chimie\/wp-content\/uploads\/sites\/82\/2025\/11\/channels4_banner-e1762413736561.jpg 517w, https:\/\/ent2d.ac-bordeaux.fr\/disciplines\/physique-chimie\/wp-content\/uploads\/sites\/82\/2025\/11\/channels4_banner-e1762413736561-300x93.jpg 300w, https:\/\/ent2d.ac-bordeaux.fr\/disciplines\/physique-chimie\/wp-content\/uploads\/sites\/82\/2025\/11\/channels4_banner-e1762413736561-150x46.jpg 150w\" sizes=\"auto, (max-width: 517px) 100vw, 517px\" \/><\/a><\/figure>\n<\/div>\n\n\n\n<div class=\"wp-block-column is-layout-flow wp-block-column-is-layout-flow\" style=\"flex-basis:66.66%\">\n<h2 class=\"wp-block-heading has-text-align-left has-medium-font-size\">Physicien, professeur \u00e0 l&rsquo;Universit\u00e9 Paris-Saclay, Julien Bobroff anime une \u00e9quipe de recherche, \u00ab\u00a0La Physique Autrement\u00a0\u00bb, o\u00f9 ils d\u00e9veloppent de nouvelles fa\u00e7ons de vulgariser et d&rsquo;enseigner les sciences. <br>D\u00e9couvrez sa cha\u00eene <a href=\"https:\/\/www.youtube.com\/@Julien_Bobroff\/shorts\" target=\"_blank\" rel=\"noreferrer noopener\">Youtube<\/a>, et ses multiples vid\u00e9os courtes.<br>Focus sur sa vid\u00e9o <a href=\"https:\/\/www.youtube.com\/shorts\/OdQmNPfvOJQ\" target=\"_blank\" rel=\"noreferrer noopener\">Fabriquer de l&rsquo;eau (vid\u00e9o n\u00b0474)<\/a> (coll\u00e8ge) pour d\u00e9couvrir comment Lavoisier a \u00e9tabli sa loi sur la conservation des masses<br> \u00ab\u00a0Rien ne se perd, rien ne se cr\u00e9e, tout se transforme\u00a0\u00bb<br><\/h2>\n<\/div>\n<\/div>\n\n\n\n<hr class=\"wp-block-separator aligncenter has-alpha-channel-opacity is-style-wide\" \/>\n\n\n\n<div style=\"height:51px\" aria-hidden=\"true\" class=\"wp-block-spacer\"><\/div>\n\n\n\n<div class=\"wp-block-columns is-layout-flex wp-container-core-columns-is-layout-28f84493 wp-block-columns-is-layout-flex\">\n<div class=\"wp-block-column is-layout-flow wp-block-column-is-layout-flow\" style=\"flex-basis:33.33%\">\n<figure class=\"wp-block-image size-full\"><a href=\"https:\/\/www.youtube.com\/@FabrizioBucella\" target=\"_blank\" rel=\"noreferrer noopener\"><img loading=\"lazy\" decoding=\"async\" width=\"662\" height=\"202\" src=\"https:\/\/ent2d.ac-bordeaux.fr\/disciplines\/physique-chimie\/wp-content\/uploads\/sites\/82\/2026\/04\/Fabrizzio.gif\" alt=\"\" class=\"wp-image-3097\" \/><\/a><\/figure>\n<\/div>\n\n\n\n<div class=\"wp-block-column is-layout-flow wp-block-column-is-layout-flow\" style=\"flex-basis:66.66%\">\n<h2 class=\"wp-block-heading has-text-align-left has-medium-font-size\">Fabrizio Bucella est docteur en physique et professeur des universit\u00e9s \u00e0 l\u2019Universit\u00e9 libre de Bruxelles. Il est auteur notamment de \u00ab\u202fComment gagner \u00e0 pile ou face\u202f?\u202f\u00bb publi\u00e9 aux \u00e9ditions Allary (Paris). <br>D\u00e9couvrez sa cha\u00eene <a href=\"https:\/\/www.youtube.com\/@FabrizioBucella\" target=\"_blank\" rel=\"noreferrer noopener\">Youtube<\/a>.<br>Focus sur sa 1\u00e8re vid\u00e9o au format long <a href=\"https:\/\/youtu.be\/vU9g3HwlUYg?si=IMpADbpPeLyG7yUA\" target=\"_blank\" rel=\"noreferrer noopener\">Que faire si vous tombez dans un trou noir ?<\/a> qui parlent des trous noirs, ces objets les plus fascinants de la physique.<br><\/h2>\n<\/div>\n<\/div>\n\n\n\n<hr class=\"wp-block-separator aligncenter has-alpha-channel-opacity is-style-wide\" \/>\n","protected":false},"excerpt":{"rendered":"<p>Physicien, professeur \u00e0 l&rsquo;Universit\u00e9 Paris-Saclay, Julien Bobroff anime une \u00e9quipe de recherche, \u00ab\u00a0La Physique Autrement\u00a0\u00bb, o\u00f9 ils d\u00e9veloppent de nouvelles<\/p>\n","protected":false},"author":940,"featured_media":0,"parent":0,"menu_order":0,"comment_status":"closed","ping_status":"closed","template":"","meta":{"footnotes":""},"class_list":["post-2111","page","type-page","status-publish","hentry"],"_links":{"self":[{"href":"https:\/\/ent2d.ac-bordeaux.fr\/disciplines\/physique-chimie\/wp-json\/wp\/v2\/pages\/2111","targetHints":{"allow":["GET"]}}],"collection":[{"href":"https:\/\/ent2d.ac-bordeaux.fr\/disciplines\/physique-chimie\/wp-json\/wp\/v2\/pages"}],"about":[{"href":"https:\/\/ent2d.ac-bordeaux.fr\/disciplines\/physique-chimie\/wp-json\/wp\/v2\/types\/page"}],"author":[{"embeddable":true,"href":"https:\/\/ent2d.ac-bordeaux.fr\/disciplines\/physique-chimie\/wp-json\/wp\/v2\/users\/940"}],"replies":[{"embeddable":true,"href":"https:\/\/ent2d.ac-bordeaux.fr\/disciplines\/physique-chimie\/wp-json\/wp\/v2\/comments?post=2111"}],"version-history":[{"count":6,"href":"https:\/\/ent2d.ac-bordeaux.fr\/disciplines\/physique-chimie\/wp-json\/wp\/v2\/pages\/2111\/revisions"}],"predecessor-version":[{"id":3100,"href":"https:\/\/ent2d.ac-bordeaux.fr\/disciplines\/physique-chimie\/wp-json\/wp\/v2\/pages\/2111\/revisions\/3100"}],"wp:attachment":[{"href":"https:\/\/ent2d.ac-bordeaux.fr\/disciplines\/physique-chimie\/wp-json\/wp\/v2\/media?parent=2111"}],"curies":[{"name":"wp","href":"https:\/\/api.w.org\/{rel}","templated":true}]}}