{"id":2109,"date":"2024-04-22T18:18:01","date_gmt":"2024-04-22T17:18:01","guid":{"rendered":"https:\/\/ent2d.ac-bordeaux.fr\/disciplines\/sciences-physiques-bas\/?page_id=2109"},"modified":"2024-09-03T21:17:16","modified_gmt":"2024-09-03T20:17:16","slug":"concours","status":"publish","type":"page","link":"https:\/\/ent2d.ac-bordeaux.fr\/disciplines\/physique-chimie\/concours\/","title":{"rendered":"Concours"},"content":{"rendered":"\n<div style=\"height:51px\" aria-hidden=\"true\" class=\"wp-block-spacer\"><\/div>\n\n\n\n<div class=\"wp-block-columns is-layout-flex wp-container-core-columns-is-layout-28f84493 wp-block-columns-is-layout-flex\">\n<div class=\"wp-block-column is-layout-flow wp-block-column-is-layout-flow\" style=\"flex-basis:33.33%\">\n<figure class=\"wp-block-image size-full\"><a href=\"https:\/\/blogacabdx.ac-bordeaux.fr\/cgenial\/\" target=\"_blank\" rel=\"noreferrer noopener\"><img loading=\"lazy\" decoding=\"async\" width=\"261\" height=\"156\" src=\"https:\/\/ent2d.ac-bordeaux.fr\/disciplines\/physique-chimie\/wp-content\/uploads\/sites\/82\/2024\/09\/C-Genial-1.png\" alt=\"\" class=\"wp-image-2299\" srcset=\"https:\/\/ent2d.ac-bordeaux.fr\/disciplines\/physique-chimie\/wp-content\/uploads\/sites\/82\/2024\/09\/C-Genial-1.png 261w, https:\/\/ent2d.ac-bordeaux.fr\/disciplines\/physique-chimie\/wp-content\/uploads\/sites\/82\/2024\/09\/C-Genial-1-150x90.png 150w\" sizes=\"auto, (max-width: 261px) 100vw, 261px\" \/><\/a><\/figure>\n<\/div>\n\n\n\n<div class=\"wp-block-column is-layout-flow wp-block-column-is-layout-flow\" style=\"flex-basis:66.66%\">\n<h2 class=\"wp-block-heading has-text-align-left has-medium-font-size\">Le <a href=\"https:\/\/blogacabdx.ac-bordeaux.fr\/cgenial\/\" target=\"_blank\" rel=\"noreferrer noopener\">concours CG\u00e9nial<\/a> a pour objectif de renforcer l&rsquo;int\u00e9r\u00eat des \u00e9l\u00e8ves pour les sciences et technologies. Il r\u00e9compense et valorise les projets interdisciplinaires innovants comportant notamment des r\u00e9alisations authentiques et un partenariat scientifique.<br><\/h2>\n<\/div>\n<\/div>\n\n\n\n<hr class=\"wp-block-separator aligncenter has-alpha-channel-opacity is-style-wide\" \/>\n\n\n\n<div class=\"wp-block-columns is-layout-flex wp-container-core-columns-is-layout-28f84493 wp-block-columns-is-layout-flex\">\n<div class=\"wp-block-column is-layout-flow wp-block-column-is-layout-flow\" style=\"flex-basis:33.33%\">\n<figure class=\"wp-block-image size-full\"><img loading=\"lazy\" decoding=\"async\" width=\"586\" height=\"156\" src=\"https:\/\/ent2d.ac-bordeaux.fr\/disciplines\/physique-chimie\/wp-content\/uploads\/sites\/82\/2024\/09\/Olympiades.png\" alt=\"\" class=\"wp-image-2295\" srcset=\"https:\/\/ent2d.ac-bordeaux.fr\/disciplines\/physique-chimie\/wp-content\/uploads\/sites\/82\/2024\/09\/Olympiades.png 586w, https:\/\/ent2d.ac-bordeaux.fr\/disciplines\/physique-chimie\/wp-content\/uploads\/sites\/82\/2024\/09\/Olympiades-300x80.png 300w, https:\/\/ent2d.ac-bordeaux.fr\/disciplines\/physique-chimie\/wp-content\/uploads\/sites\/82\/2024\/09\/Olympiades-150x40.png 150w\" sizes=\"auto, (max-width: 586px) 100vw, 586px\" \/><\/figure>\n<\/div>\n\n\n\n<div class=\"wp-block-column is-layout-flow wp-block-column-is-layout-flow\" style=\"flex-basis:66.66%\">\n<h2 class=\"wp-block-heading has-medium-font-size\">Ce <a href=\"https:\/\/www.olymphys.fr\/\" target=\"_blank\" rel=\"noreferrer noopener\">concours scientifique<\/a> s\u2019adresse \u00e0 des \u00e9quipes de deux \u00e0 six lyc\u00e9ens de seconde, premi\u00e8re ou terminale, encadr\u00e9es par un ou deux professeur(s), souvent en liaison avec un laboratoire ou une entreprise. Les \u00e9l\u00e8ves vivent une aventure passionnante autour d\u2019un projet exp\u00e9rimental, sur un sujet librement choisi et dans lequel ils peuvent exprimer leur cr\u00e9ativit\u00e9 et leur initiative.<\/h2>\n<\/div>\n<\/div>\n\n\n\n<hr class=\"wp-block-separator aligncenter has-alpha-channel-opacity is-style-wide\" \/>\n\n\n\n<div class=\"wp-block-columns is-layout-flex wp-container-core-columns-is-layout-28f84493 wp-block-columns-is-layout-flex\">\n<div class=\"wp-block-column is-layout-flow wp-block-column-is-layout-flow\" style=\"flex-basis:33.33%\">\n<figure class=\"wp-block-image size-full\"><a href=\"https:\/\/www.sciencesalecole.org\/ipho-presentation\/\" target=\"_blank\" rel=\"noreferrer noopener\"><img decoding=\"async\" src=\"https:\/\/ent2d.ac-bordeaux.fr\/disciplines\/physique-chimie\/wp-content\/uploads\/sites\/82\/2024\/09\/IPHO.png\" alt=\"\" class=\"wp-image-2298\" \/><\/a><\/figure>\n<\/div>\n\n\n\n<div class=\"wp-block-column is-layout-flow wp-block-column-is-layout-flow\" style=\"flex-basis:66.66%\">\n<h2 class=\"wp-block-heading has-medium-font-size\"><a href=\"https:\/\/www.sciencesalecole.org\/ipho-presentation\/\" target=\"_blank\" rel=\"noreferrer noopener\">La comp\u00e9tition<\/a> comporte une \u00e9preuve th\u00e9orique et une \u00e9preuve exp\u00e9rimentale abordant la physique classique et contemporaine&nbsp; formant un tout ambitieux et motivant. La pr\u00e9paration des \u00e9l\u00e8ves au test de pr\u00e9s\u00e9lection se d\u00e9roule d\u2019octobre \u00e0 mars, dans les centres de pr\u00e9paration r\u00e9partis sur toute la France, \u00e0 raison de 2 heures de physique suppl\u00e9mentaire par semaine en moyenne.<\/h2>\n<\/div>\n<\/div>\n\n\n\n<hr class=\"wp-block-separator aligncenter has-alpha-channel-opacity is-style-wide\" \/>\n\n\n\n<div class=\"wp-block-columns is-layout-flex wp-container-core-columns-is-layout-28f84493 wp-block-columns-is-layout-flex\">\n<div class=\"wp-block-column is-layout-flow wp-block-column-is-layout-flow\" style=\"flex-basis:33.33%\">\n<figure class=\"wp-block-image size-full\"><a href=\"https:\/\/www.olympiades-chimie.fr\/\" target=\"_blank\" rel=\"noreferrer noopener\"><img loading=\"lazy\" decoding=\"async\" width=\"331\" height=\"156\" src=\"https:\/\/ent2d.ac-bordeaux.fr\/disciplines\/physique-chimie\/wp-content\/uploads\/sites\/82\/2024\/09\/Olympiades2025.png\" alt=\"\" class=\"wp-image-2303\" srcset=\"https:\/\/ent2d.ac-bordeaux.fr\/disciplines\/physique-chimie\/wp-content\/uploads\/sites\/82\/2024\/09\/Olympiades2025.png 331w, https:\/\/ent2d.ac-bordeaux.fr\/disciplines\/physique-chimie\/wp-content\/uploads\/sites\/82\/2024\/09\/Olympiades2025-300x141.png 300w, https:\/\/ent2d.ac-bordeaux.fr\/disciplines\/physique-chimie\/wp-content\/uploads\/sites\/82\/2024\/09\/Olympiades2025-150x71.png 150w\" sizes=\"auto, (max-width: 331px) 100vw, 331px\" \/><\/a><\/figure>\n<\/div>\n\n\n\n<div class=\"wp-block-column is-layout-flow wp-block-column-is-layout-flow\" style=\"flex-basis:66.66%\">\n<h2 class=\"wp-block-heading has-medium-font-size\">La participation au <a href=\"https:\/\/www.olympiades-chimie.fr\/\" target=\"_blank\" rel=\"noreferrer noopener\">concours national de la chimie<\/a> passe par deux \u00e9tapes, dont la pr\u00e9paration acad\u00e9mique qui permet de d\u00e9couvrir un secteur et d&rsquo;approfondir ses connaissances en chimie.<br><br><\/h2>\n<\/div>\n<\/div>\n\n\n\n<hr class=\"wp-block-separator aligncenter has-alpha-channel-opacity is-style-wide\" \/>\n\n\n\n<div class=\"wp-block-columns is-layout-flex wp-container-core-columns-is-layout-28f84493 wp-block-columns-is-layout-flex\">\n<div class=\"wp-block-column is-layout-flow wp-block-column-is-layout-flow\" style=\"flex-basis:33.33%\">\n<figure class=\"wp-block-image size-full\"><a href=\"https:\/\/www.lesmetiersdelachimie.com\/le-prix-pierre-potier-des-lyceens\/\" target=\"_blank\" rel=\"noreferrer noopener\"><img loading=\"lazy\" decoding=\"async\" width=\"219\" height=\"156\" src=\"https:\/\/ent2d.ac-bordeaux.fr\/disciplines\/physique-chimie\/wp-content\/uploads\/sites\/82\/2024\/09\/prix_pierre_potier.png\" alt=\"\" class=\"wp-image-2305\" srcset=\"https:\/\/ent2d.ac-bordeaux.fr\/disciplines\/physique-chimie\/wp-content\/uploads\/sites\/82\/2024\/09\/prix_pierre_potier.png 219w, https:\/\/ent2d.ac-bordeaux.fr\/disciplines\/physique-chimie\/wp-content\/uploads\/sites\/82\/2024\/09\/prix_pierre_potier-150x107.png 150w\" sizes=\"auto, (max-width: 219px) 100vw, 219px\" \/><\/a><\/figure>\n<\/div>\n\n\n\n<div class=\"wp-block-column is-layout-flow wp-block-column-is-layout-flow\" style=\"flex-basis:66.66%\">\n<h2 class=\"wp-block-heading has-medium-font-size\">Les classes inscrites au <a href=\"https:\/\/www.lesmetiersdelachimie.com\/le-prix-pierre-potier-des-lyceens\/\" target=\"_blank\" rel=\"noreferrer noopener\">prix Pierre Potier<\/a> pourront d\u00e9couvrir des innovations de la Chimie en faveur de l&rsquo;environnement, recevoir un professionnel du m\u00e9tier lors d&rsquo;une s\u00e9ance sp\u00e9ciale et \u00e9lire l&rsquo;entreprise qui m\u00e9rite d&rsquo;\u00eatre r\u00e9compens\u00e9e pour son&nbsp;projet.<br><\/h2>\n<\/div>\n<\/div>\n\n\n\n<hr class=\"wp-block-separator aligncenter has-alpha-channel-opacity is-style-wide\" \/>\n\n\n\n<div class=\"wp-block-columns is-layout-flex wp-container-core-columns-is-layout-28f84493 wp-block-columns-is-layout-flex\">\n<div class=\"wp-block-column is-layout-flow wp-block-column-is-layout-flow\" style=\"flex-basis:33.33%\">\n<figure class=\"wp-block-image size-full\"><a href=\"https:\/\/www.ac-bordeaux.fr\/education-artistique-et-culturelle-eac-122338\" target=\"_blank\" rel=\"noreferrer noopener\"><img loading=\"lazy\" decoding=\"async\" width=\"570\" height=\"156\" src=\"https:\/\/ent2d.ac-bordeaux.fr\/disciplines\/physique-chimie\/wp-content\/uploads\/sites\/82\/2024\/09\/EAC.png\" alt=\"\" class=\"wp-image-2307\" srcset=\"https:\/\/ent2d.ac-bordeaux.fr\/disciplines\/physique-chimie\/wp-content\/uploads\/sites\/82\/2024\/09\/EAC.png 570w, https:\/\/ent2d.ac-bordeaux.fr\/disciplines\/physique-chimie\/wp-content\/uploads\/sites\/82\/2024\/09\/EAC-300x82.png 300w, https:\/\/ent2d.ac-bordeaux.fr\/disciplines\/physique-chimie\/wp-content\/uploads\/sites\/82\/2024\/09\/EAC-150x41.png 150w\" sizes=\"auto, (max-width: 570px) 100vw, 570px\" \/><\/a><\/figure>\n<\/div>\n\n\n\n<div class=\"wp-block-column is-layout-flow wp-block-column-is-layout-flow\" style=\"flex-basis:66.66%\">\n<h2 class=\"wp-block-heading has-medium-font-size\"><a href=\"https:\/\/airtable.com\/appq0kV84OaKnNWXE\/shrrzs2clXiULw7jc\/tblgPwhQyb7NMDyyT\" target=\"_blank\" rel=\"noreferrer noopener\">Liste des dispositifs EAC 2024-2025<\/a> en culture scientifique, technique et industrielle construits avec des partenaires culturels, institutionnels et territoriaux.<strong>&nbsp;<\/strong><br><br><\/h2>\n<\/div>\n<\/div>\n","protected":false},"excerpt":{"rendered":"<p>Le concours CG\u00e9nial a pour objectif de renforcer l&rsquo;int\u00e9r\u00eat des \u00e9l\u00e8ves pour les sciences et technologies. Il r\u00e9compense et valorise<\/p>\n","protected":false},"author":940,"featured_media":0,"parent":0,"menu_order":0,"comment_status":"closed","ping_status":"closed","template":"","meta":{"footnotes":""},"class_list":["post-2109","page","type-page","status-publish","hentry"],"_links":{"self":[{"href":"https:\/\/ent2d.ac-bordeaux.fr\/disciplines\/physique-chimie\/wp-json\/wp\/v2\/pages\/2109","targetHints":{"allow":["GET"]}}],"collection":[{"href":"https:\/\/ent2d.ac-bordeaux.fr\/disciplines\/physique-chimie\/wp-json\/wp\/v2\/pages"}],"about":[{"href":"https:\/\/ent2d.ac-bordeaux.fr\/disciplines\/physique-chimie\/wp-json\/wp\/v2\/types\/page"}],"author":[{"embeddable":true,"href":"https:\/\/ent2d.ac-bordeaux.fr\/disciplines\/physique-chimie\/wp-json\/wp\/v2\/users\/940"}],"replies":[{"embeddable":true,"href":"https:\/\/ent2d.ac-bordeaux.fr\/disciplines\/physique-chimie\/wp-json\/wp\/v2\/comments?post=2109"}],"version-history":[{"count":9,"href":"https:\/\/ent2d.ac-bordeaux.fr\/disciplines\/physique-chimie\/wp-json\/wp\/v2\/pages\/2109\/revisions"}],"predecessor-version":[{"id":2311,"href":"https:\/\/ent2d.ac-bordeaux.fr\/disciplines\/physique-chimie\/wp-json\/wp\/v2\/pages\/2109\/revisions\/2311"}],"wp:attachment":[{"href":"https:\/\/ent2d.ac-bordeaux.fr\/disciplines\/physique-chimie\/wp-json\/wp\/v2\/media?parent=2109"}],"curies":[{"name":"wp","href":"https:\/\/api.w.org\/{rel}","templated":true}]}}