{"id":2107,"date":"2024-04-22T18:17:52","date_gmt":"2024-04-22T17:17:52","guid":{"rendered":"https:\/\/ent2d.ac-bordeaux.fr\/disciplines\/sciences-physiques-bas\/?page_id=2107"},"modified":"2024-07-23T22:36:26","modified_gmt":"2024-07-23T21:36:26","slug":"securite","status":"publish","type":"page","link":"https:\/\/ent2d.ac-bordeaux.fr\/disciplines\/physique-chimie\/securite\/","title":{"rendered":"S\u00e9curit\u00e9"},"content":{"rendered":"\n<h2 class=\"wp-block-heading has-medium-font-size\">&#8211; <a href=\"https:\/\/ent2d.ac-bordeaux.fr\/disciplines\/physique-chimie\/wp-content\/uploads\/sites\/82\/2024\/07\/securite_labo_19_20.pdf\" data-type=\"link\" data-id=\"https:\/\/ent2d.ac-bordeaux.fr\/disciplines\/physique-chimie\/wp-content\/uploads\/sites\/82\/2024\/07\/securite_labo_19_20.pdf\" target=\"_blank\" rel=\"noreferrer noopener\">Circulaire de rentr\u00e9e 2019<\/a> sur la s\u00e9curit\u00e9 dans les laboratoires<\/h2>\n\n\n\n<h2 class=\"wp-block-heading has-medium-font-size\">&#8211; Risques et s\u00e9curit\u00e9 en physique et chimie : un <a href=\"https:\/\/ent2d.ac-bordeaux.fr\/disciplines\/physique-chimie\/wp-content\/uploads\/sites\/82\/2024\/07\/0_-risques-et-securite-en-Physique-20-pp-def-2018-09-24.pdf\" data-type=\"link\" data-id=\"https:\/\/ent2d.ac-bordeaux.fr\/disciplines\/physique-chimie\/wp-content\/uploads\/sites\/82\/2024\/07\/0_-risques-et-securite-en-Physique-20-pp-def-2018-09-24.pdf\" target=\"_blank\" rel=\"noreferrer noopener\">guide de l&rsquo;observatoire National et de la S\u00e9curit\u00e9 et de l&rsquo;Accessibilit\u00e9<\/a> des \u00e9tablissements d&rsquo;enseignement<\/h2>\n\n\n\n<h2 class=\"wp-block-heading has-medium-font-size\">&#8211; Un <a href=\"https:\/\/ent2d.ac-bordeaux.fr\/disciplines\/physique-chimie\/wp-content\/uploads\/sites\/82\/2024\/07\/Agents-chimiques-CMR.pdf\" data-type=\"link\" data-id=\"https:\/\/ent2d.ac-bordeaux.fr\/disciplines\/physique-chimie\/wp-content\/uploads\/sites\/82\/2024\/07\/Agents-chimiques-CMR.pdf\">guide exhaustif sur les agents chimiques CMR<\/a><\/h2>\n\n\n\n<h2 class=\"wp-block-heading has-medium-font-size\">&#8211; <a href=\"https:\/\/ent2d.ac-bordeaux.fr\/disciplines\/physique-chimie\/wp-content\/uploads\/sites\/82\/2024\/07\/tableau-substances-CMR-ATP11-2016.xlsx\" data-type=\"link\" data-id=\"https:\/\/ent2d.ac-bordeaux.fr\/disciplines\/physique-chimie\/wp-content\/uploads\/sites\/82\/2024\/07\/tableau-substances-CMR-ATP11-2016.xlsx\" target=\"_blank\" rel=\"noreferrer noopener\">Tableau des substances CMR<\/a> (novembre 2016)<\/h2>\n\n\n\n<h2 class=\"wp-block-heading has-medium-font-size\">&#8211; <a href=\"https:\/\/ent2d.ac-bordeaux.fr\/disciplines\/physique-chimie\/wp-content\/uploads\/sites\/82\/2024\/07\/NOTE-RISQUE-CHIMIQUE.pdf\" data-type=\"link\" data-id=\"https:\/\/ent2d.ac-bordeaux.fr\/disciplines\/physique-chimie\/wp-content\/uploads\/sites\/82\/2024\/07\/NOTE-RISQUE-CHIMIQUE.pdf\" target=\"_blank\" rel=\"noreferrer noopener\">Mise en place des mesures de pr\u00e9vention vis \u00e0 vis du risque chimique dans les laboratoires des \u00e9tablissements scolaires<\/a> (courrier recteur du 22 novembre 2016)<\/h2>\n\n\n\n<h2 class=\"wp-block-heading has-medium-font-size\">&#8211; <a href=\"https:\/\/ent2d.ac-bordeaux.fr\/disciplines\/physique-chimie\/wp-content\/uploads\/sites\/82\/2024\/07\/Securite_en_travaux_pratiques_de_chimie-academie_Nancy-Metz.pdf\" data-type=\"link\" data-id=\"https:\/\/ent2d.ac-bordeaux.fr\/disciplines\/physique-chimie\/wp-content\/uploads\/sites\/82\/2024\/07\/Securite_en_travaux_pratiques_de_chimie-academie_Nancy-Metz.pdf\" target=\"_blank\" rel=\"noreferrer noopener\">S\u00e9curit\u00e9 en travaux pratiques de chimie<\/a><\/h2>\n\n\n\n<h2 class=\"wp-block-heading has-medium-font-size\">&#8211; <a href=\"https:\/\/ent2d.ac-bordeaux.fr\/disciplines\/physique-chimie\/wp-content\/uploads\/sites\/82\/2024\/07\/Les-produits-chimiques-Guide-stockage.pdf\" data-type=\"link\" data-id=\"https:\/\/ent2d.ac-bordeaux.fr\/disciplines\/physique-chimie\/wp-content\/uploads\/sites\/82\/2024\/07\/Les-produits-chimiques-Guide-stockage.pdf\" target=\"_blank\" rel=\"noreferrer noopener\">Les produits chimiques &#8211; Guide de stockage<\/a><\/h2>\n\n\n\n<h2 class=\"wp-block-heading has-medium-font-size\">&#8211; <a href=\"https:\/\/ent2d.ac-bordeaux.fr\/disciplines\/physique-chimie\/wp-content\/uploads\/sites\/82\/2024\/07\/Rapport-ONS-2012-conference-de-presse.pdf\" data-type=\"link\" data-id=\"https:\/\/ent2d.ac-bordeaux.fr\/disciplines\/physique-chimie\/wp-content\/uploads\/sites\/82\/2024\/07\/Rapport-ONS-2012-conference-de-presse.pdf\" target=\"_blank\" rel=\"noreferrer noopener\">Observatoire national de la s\u00e9curit\u00e9 : Rapport 2012<\/a><\/h2>\n\n\n\n<h2 class=\"wp-block-heading has-medium-font-size\">&#8211; <a href=\"https:\/\/ent2d.ac-bordeaux.fr\/disciplines\/physique-chimie\/wp-content\/uploads\/sites\/82\/2024\/07\/Toxicite_de_la_phenolphtaleine_et_du_chromate_de_potassium.pdf\" data-type=\"link\" data-id=\"https:\/\/ent2d.ac-bordeaux.fr\/disciplines\/physique-chimie\/wp-content\/uploads\/sites\/82\/2024\/07\/Toxicite_de_la_phenolphtaleine_et_du_chromate_de_potassium.pdf\" target=\"_blank\" rel=\"noreferrer noopener\">Toxicit\u00e9 de la ph\u00e9nolphtal\u00e9ine et du chromate de potassium<\/a><\/h2>\n\n\n\n<h2 class=\"wp-block-heading has-medium-font-size\">&#8211; <a href=\"https:\/\/ent2d.ac-bordeaux.fr\/disciplines\/physique-chimie\/wp-content\/uploads\/sites\/82\/2024\/07\/Toxicite_de_quelques_reactifs_utilises_en_chimie.pdf\" data-type=\"link\" data-id=\"https:\/\/ent2d.ac-bordeaux.fr\/disciplines\/physique-chimie\/wp-content\/uploads\/sites\/82\/2024\/07\/Toxicite_de_quelques_reactifs_utilises_en_chimie.pdf\" target=\"_blank\" rel=\"noreferrer noopener\">Toxicit\u00e9 de quelques r\u00e9actifs utilis\u00e9s en chimie<\/a><\/h2>\n","protected":false},"excerpt":{"rendered":"<p>&#8211; Circulaire de rentr\u00e9e 2019 sur la s\u00e9curit\u00e9 dans les laboratoires &#8211; Risques et s\u00e9curit\u00e9 en physique et chimie :<\/p>\n","protected":false},"author":940,"featured_media":0,"parent":0,"menu_order":0,"comment_status":"closed","ping_status":"closed","template":"","meta":{"footnotes":""},"class_list":["post-2107","page","type-page","status-publish","hentry"],"_links":{"self":[{"href":"https:\/\/ent2d.ac-bordeaux.fr\/disciplines\/physique-chimie\/wp-json\/wp\/v2\/pages\/2107","targetHints":{"allow":["GET"]}}],"collection":[{"href":"https:\/\/ent2d.ac-bordeaux.fr\/disciplines\/physique-chimie\/wp-json\/wp\/v2\/pages"}],"about":[{"href":"https:\/\/ent2d.ac-bordeaux.fr\/disciplines\/physique-chimie\/wp-json\/wp\/v2\/types\/page"}],"author":[{"embeddable":true,"href":"https:\/\/ent2d.ac-bordeaux.fr\/disciplines\/physique-chimie\/wp-json\/wp\/v2\/users\/940"}],"replies":[{"embeddable":true,"href":"https:\/\/ent2d.ac-bordeaux.fr\/disciplines\/physique-chimie\/wp-json\/wp\/v2\/comments?post=2107"}],"version-history":[{"count":2,"href":"https:\/\/ent2d.ac-bordeaux.fr\/disciplines\/physique-chimie\/wp-json\/wp\/v2\/pages\/2107\/revisions"}],"predecessor-version":[{"id":2238,"href":"https:\/\/ent2d.ac-bordeaux.fr\/disciplines\/physique-chimie\/wp-json\/wp\/v2\/pages\/2107\/revisions\/2238"}],"wp:attachment":[{"href":"https:\/\/ent2d.ac-bordeaux.fr\/disciplines\/physique-chimie\/wp-json\/wp\/v2\/media?parent=2107"}],"curies":[{"name":"wp","href":"https:\/\/api.w.org\/{rel}","templated":true}]}}