{"id":2095,"date":"2024-04-22T18:16:33","date_gmt":"2024-04-22T17:16:33","guid":{"rendered":"https:\/\/ent2d.ac-bordeaux.fr\/disciplines\/sciences-physiques-bas\/?page_id=2095"},"modified":"2025-10-25T13:25:28","modified_gmt":"2025-10-25T12:25:28","slug":"pedagogie","status":"publish","type":"page","link":"https:\/\/ent2d.ac-bordeaux.fr\/disciplines\/physique-chimie\/pedagogie\/","title":{"rendered":"P\u00e9dagogie\/Dictatique"},"content":{"rendered":"\n<h2 class=\"wp-block-heading has-medium-font-size\">&#8211; <a href=\"https:\/\/ent2d.ac-bordeaux.fr\/disciplines\/physique-chimie\/differenciation-pedagogique\/\" data-type=\"link\" data-id=\"https:\/\/ent2d.ac-bordeaux.fr\/disciplines\/physique-chimie\/differenciation-pedagogique\/\" target=\"_blank\" rel=\"noreferrer noopener\">Diff\u00e9renciation p\u00e9dagogique<\/a><\/h2>\n\n\n\n<h2 class=\"wp-block-heading has-medium-font-size\">&#8211; <a href=\"https:\/\/ent2d.ac-bordeaux.fr\/disciplines\/physique-chimie\/planetaire-humain\/\" data-type=\"link\" data-id=\"https:\/\/ent2d.ac-bordeaux.fr\/disciplines\/physique-chimie\/differenciation-pedagogique\/\" target=\"_blank\" rel=\"noreferrer noopener\">Le plan\u00e9taire humain<\/a><\/h2>\n","protected":false},"excerpt":{"rendered":"<p>&#8211; Diff\u00e9renciation p\u00e9dagogique &#8211; Le plan\u00e9taire humain<\/p>\n","protected":false},"author":940,"featured_media":0,"parent":0,"menu_order":0,"comment_status":"closed","ping_status":"closed","template":"","meta":{"footnotes":""},"class_list":["post-2095","page","type-page","status-publish","hentry"],"_links":{"self":[{"href":"https:\/\/ent2d.ac-bordeaux.fr\/disciplines\/physique-chimie\/wp-json\/wp\/v2\/pages\/2095","targetHints":{"allow":["GET"]}}],"collection":[{"href":"https:\/\/ent2d.ac-bordeaux.fr\/disciplines\/physique-chimie\/wp-json\/wp\/v2\/pages"}],"about":[{"href":"https:\/\/ent2d.ac-bordeaux.fr\/disciplines\/physique-chimie\/wp-json\/wp\/v2\/types\/page"}],"author":[{"embeddable":true,"href":"https:\/\/ent2d.ac-bordeaux.fr\/disciplines\/physique-chimie\/wp-json\/wp\/v2\/users\/940"}],"replies":[{"embeddable":true,"href":"https:\/\/ent2d.ac-bordeaux.fr\/disciplines\/physique-chimie\/wp-json\/wp\/v2\/comments?post=2095"}],"version-history":[{"count":11,"href":"https:\/\/ent2d.ac-bordeaux.fr\/disciplines\/physique-chimie\/wp-json\/wp\/v2\/pages\/2095\/revisions"}],"predecessor-version":[{"id":3006,"href":"https:\/\/ent2d.ac-bordeaux.fr\/disciplines\/physique-chimie\/wp-json\/wp\/v2\/pages\/2095\/revisions\/3006"}],"wp:attachment":[{"href":"https:\/\/ent2d.ac-bordeaux.fr\/disciplines\/physique-chimie\/wp-json\/wp\/v2\/media?parent=2095"}],"curies":[{"name":"wp","href":"https:\/\/api.w.org\/{rel}","templated":true}]}}