{"id":2083,"date":"2024-04-22T18:15:15","date_gmt":"2024-04-22T17:15:15","guid":{"rendered":"https:\/\/ent2d.ac-bordeaux.fr\/disciplines\/sciences-physiques-bas\/?page_id=2083"},"modified":"2025-10-08T10:56:54","modified_gmt":"2025-10-08T09:56:54","slug":"examens-2","status":"publish","type":"page","link":"https:\/\/ent2d.ac-bordeaux.fr\/disciplines\/physique-chimie\/examens-2\/","title":{"rendered":"Examens"},"content":{"rendered":"\n<h2 class=\"wp-block-heading has-medium-font-size\">&#8211; <a href=\"https:\/\/www.education.gouv.fr\/reussir-au-lycee\/bac-2024-les-sujets-des-epreuves-ecrites-de-specialite-414414\" target=\"_blank\" rel=\"noreferrer noopener\">Sujets des \u00e9preuves du baccalaur\u00e9at 2025<\/a><\/h2>\n\n\n\n<hr class=\"wp-block-separator aligncenter has-text-color has-black-color has-alpha-channel-opacity has-black-background-color has-background is-style-wide\" style=\"margin-top:var(--wp--preset--spacing--40);margin-bottom:var(--wp--preset--spacing--40)\" \/>\n\n\n\n<h2 class=\"wp-block-heading has-medium-font-size\">&#8211; <a href=\"https:\/\/www.education.gouv.fr\/reussir-au-lycee\/bac-2024-les-sujets-des-epreuves-ecrites-de-specialite-414414\" target=\"_blank\" rel=\"noreferrer noopener\">Sujets des \u00e9preuves du baccalaur\u00e9at 2024<\/a><\/h2>\n","protected":false},"excerpt":{"rendered":"<p>&#8211; Sujets des \u00e9preuves du baccalaur\u00e9at 2025 &#8211; Sujets des \u00e9preuves du baccalaur\u00e9at 2024<\/p>\n","protected":false},"author":940,"featured_media":0,"parent":0,"menu_order":0,"comment_status":"closed","ping_status":"closed","template":"","meta":{"footnotes":""},"class_list":["post-2083","page","type-page","status-publish","hentry"],"_links":{"self":[{"href":"https:\/\/ent2d.ac-bordeaux.fr\/disciplines\/physique-chimie\/wp-json\/wp\/v2\/pages\/2083","targetHints":{"allow":["GET"]}}],"collection":[{"href":"https:\/\/ent2d.ac-bordeaux.fr\/disciplines\/physique-chimie\/wp-json\/wp\/v2\/pages"}],"about":[{"href":"https:\/\/ent2d.ac-bordeaux.fr\/disciplines\/physique-chimie\/wp-json\/wp\/v2\/types\/page"}],"author":[{"embeddable":true,"href":"https:\/\/ent2d.ac-bordeaux.fr\/disciplines\/physique-chimie\/wp-json\/wp\/v2\/users\/940"}],"replies":[{"embeddable":true,"href":"https:\/\/ent2d.ac-bordeaux.fr\/disciplines\/physique-chimie\/wp-json\/wp\/v2\/comments?post=2083"}],"version-history":[{"count":6,"href":"https:\/\/ent2d.ac-bordeaux.fr\/disciplines\/physique-chimie\/wp-json\/wp\/v2\/pages\/2083\/revisions"}],"predecessor-version":[{"id":2972,"href":"https:\/\/ent2d.ac-bordeaux.fr\/disciplines\/physique-chimie\/wp-json\/wp\/v2\/pages\/2083\/revisions\/2972"}],"wp:attachment":[{"href":"https:\/\/ent2d.ac-bordeaux.fr\/disciplines\/physique-chimie\/wp-json\/wp\/v2\/media?parent=2083"}],"curies":[{"name":"wp","href":"https:\/\/api.w.org\/{rel}","templated":true}]}}