{"id":2079,"date":"2024-04-22T18:14:47","date_gmt":"2024-04-22T17:14:47","guid":{"rendered":"https:\/\/ent2d.ac-bordeaux.fr\/disciplines\/sciences-physiques-bas\/?page_id=2079"},"modified":"2026-04-06T12:19:12","modified_gmt":"2026-04-06T11:19:12","slug":"programmes-2","status":"publish","type":"page","link":"https:\/\/ent2d.ac-bordeaux.fr\/disciplines\/physique-chimie\/programmes-2\/","title":{"rendered":"Programmes"},"content":{"rendered":"\n<p class=\"has-medium-font-size\">Les programmes de physique chimie pour le coll\u00e8ge sont accessibles aux adresses suivantes : <a href=\"https:\/\/eduscol.education.fr\/87\/j-enseigne-au-cycle-3#summary-item-0\" data-type=\"link\" data-id=\"https:\/\/eduscol.education.fr\/87\/j-enseigne-au-cycle-3#summary-item-0\" target=\"_blank\" rel=\"noreferrer noopener\">Cycle 3<\/a> et <a href=\"https:\/\/eduscol.education.fr\/90\/j-enseigne-au-cycle-4#summary-item-0\" data-type=\"link\" data-id=\"https:\/\/eduscol.education.fr\/90\/j-enseigne-au-cycle-4#summary-item-0\" target=\"_blank\" rel=\"noreferrer noopener\">Cycle 4<\/a><\/p>\n\n\n\n<p class=\"has-medium-font-size\">Les <a href=\"https:\/\/eduscol.education.fr\/296\/physique-chimie-cycle-4\" data-type=\"link\" data-id=\"https:\/\/eduscol.education.fr\/296\/physique-chimie-cycle-4\" target=\"_blank\" rel=\"noreferrer noopener\">ressources Eduscol<\/a> fournissent, pour chaque th\u00e8me, des pistes de constructions de progression, des rep\u00e8res et des activit\u00e9s<\/p>\n\n\n\n<p><\/p>\n\n\n\n<h2 class=\"wp-block-heading has-white-color has-text-color has-background has-link-color has-medium-font-size wp-elements-4cf89f1b6978bbd7e4326bb94cbbc170\" style=\"background:linear-gradient(90deg,rgb(6,147,227) 0%,rgb(255,255,255) 87%);line-height:0.1;text-transform:uppercase\"><em><strong><em><strong>De nouveaux programmes sont en phase de r\u00e9daction<\/strong><\/em><\/strong><\/em><\/h2>\n\n\n\n<p class=\"has-medium-font-size\"><em>Les projets de programmes de physique chimie pour le coll\u00e8ge: <\/em><a href=\"https:\/\/www.education.gouv.fr\/le-conseil-superieur-des-programmes\/projet-de-programmes-de-sciences-et-technologie-pour-le-cycle-3-469910\">Projet Cycle 3<\/a><em> et <\/em><a href=\"https:\/\/www.education.gouv.fr\/le-conseil-superieur-des-programmes\/projet-de-programmes-de-physique-chimie-pour-le-cycle-4-469937\" data-type=\"link\" data-id=\"https:\/\/eduscol.education.fr\/90\/j-enseigne-au-cycle-4#summary-item-0\" target=\"_blank\" rel=\"noreferrer noopener\">Projet Cycle 4<\/a><\/p>\n\n\n\n<p><\/p>\n","protected":false},"excerpt":{"rendered":"<p>Les programmes de physique chimie pour le coll\u00e8ge sont accessibles aux adresses suivantes : Cycle 3 et Cycle 4 Les<\/p>\n","protected":false},"author":940,"featured_media":0,"parent":0,"menu_order":0,"comment_status":"closed","ping_status":"closed","template":"","meta":{"footnotes":""},"class_list":["post-2079","page","type-page","status-publish","hentry"],"_links":{"self":[{"href":"https:\/\/ent2d.ac-bordeaux.fr\/disciplines\/physique-chimie\/wp-json\/wp\/v2\/pages\/2079","targetHints":{"allow":["GET"]}}],"collection":[{"href":"https:\/\/ent2d.ac-bordeaux.fr\/disciplines\/physique-chimie\/wp-json\/wp\/v2\/pages"}],"about":[{"href":"https:\/\/ent2d.ac-bordeaux.fr\/disciplines\/physique-chimie\/wp-json\/wp\/v2\/types\/page"}],"author":[{"embeddable":true,"href":"https:\/\/ent2d.ac-bordeaux.fr\/disciplines\/physique-chimie\/wp-json\/wp\/v2\/users\/940"}],"replies":[{"embeddable":true,"href":"https:\/\/ent2d.ac-bordeaux.fr\/disciplines\/physique-chimie\/wp-json\/wp\/v2\/comments?post=2079"}],"version-history":[{"count":12,"href":"https:\/\/ent2d.ac-bordeaux.fr\/disciplines\/physique-chimie\/wp-json\/wp\/v2\/pages\/2079\/revisions"}],"predecessor-version":[{"id":3095,"href":"https:\/\/ent2d.ac-bordeaux.fr\/disciplines\/physique-chimie\/wp-json\/wp\/v2\/pages\/2079\/revisions\/3095"}],"wp:attachment":[{"href":"https:\/\/ent2d.ac-bordeaux.fr\/disciplines\/physique-chimie\/wp-json\/wp\/v2\/media?parent=2079"}],"curies":[{"name":"wp","href":"https:\/\/api.w.org\/{rel}","templated":true}]}}